{"id":1002,"date":"2018-07-23T18:08:52","date_gmt":"2018-07-23T16:08:52","guid":{"rendered":"http:\/\/i-tread.de\/precured-retreaded-tyres\/sr78n-l3\/"},"modified":"2018-08-18T23:53:00","modified_gmt":"2018-08-18T21:53:00","slug":"sr78n-l3","status":"publish","type":"page","link":"https:\/\/www.roesler-tyres.com\/en\/precured-retreaded-tyres\/sr78n-l3\/","title":{"rendered":"SR78N L3"},"content":{"rendered":"<div class=\"container content-10 bg-verlauf\">\n<div class=\"nav-local\">\n<a href=\"\/en\/precured-retreaded-tyres\/\">\u00ab back to overview<\/a>\n  <\/div>\n<article class=\"product\">\n<header>\n<div class=\"row\">\n<div class=\"col-sm-5\">\n<h1>SR78N L3<\/h1>\n<div class=\"product-type\">\n          <span class=\"icon-type\" title=\"Geeignet f\u00fcr Kipplader\"><br \/>\n<img decoding=\"async\" src=\"\/img\/icons\/loader.png\" alt=\"Icon: Einsatzgebiet des Reifens\" \/><br \/>\n          <\/span>\n        <\/div>\n<\/p><\/div>\n<div class=\"col-sm-7\">\n<div class=\"product-props\">\n<figure>\n            <img decoding=\"async\" src=\"\/img\/icons\/tyres_icons.gif\" alt=\"Icons: Eigenschaften des Reifens\" \/><figcaption class=\"visuallyhidden\">\n<p lang=\"en\">Rubber Compounds, Long Stripe Technology, Patented Bonding Technology, The Intelligent Tread<\/p>\n<\/figcaption><\/figure>\n<\/p><\/div>\n<div class=\"product-brand\">\n          <a href=\"\/en\/precured-retreaded-tyres\/\"><img decoding=\"async\" src=\"\/img\/logos\/schelkmann.gif\" alt=\"Logo: Schelkmann\" \/><\/a>\n        <\/div>\n<\/p><\/div>\n<\/p><\/div>\n<\/header>\n<div class=\"row\">\n<div class=\"product-data col-md-7\">\n<h3>Tread description<\/h3>\n<p>\n          Tread design with exceptional protection against cut damages with excellent tread tearing resistance\n        <\/p>\n<h3>Available dimensions<\/h3>\n<table>\n<thead>\n<tr>\n<th>Dimensions<\/th>\n<th>Tread depth<br \/>(32nds)<\/th>\n<th>Rim size<\/th>\n<\/tr>\n<\/thead>\n<tbody>\n<tr>\n<td>14.00R24<\/td>\n<td>35 mm<br \/>\n\t\t\t\t(44\/32)<\/td>\n<td>8.00 TG SDC<\/td>\n<\/tr>\n<tr>\n<td>14.00R25<\/td>\n<td>35 mm<br \/>\n\t\t\t\t(44\/32)<\/td>\n<td>10.00\/1.5<br \/>\n11.25\/1.3<\/td>\n<\/tr>\n<tr>\n<td>16.00R25<\/td>\n<td>35 mm<br \/>\n\t\t\t\t(44\/32)<\/td>\n<td>11.25\/2.0<br \/>\n13.00\/2.0<\/td>\n<\/tr>\n<tr>\n<td>18.00R25<\/td>\n<td>35 mm<br \/>\n\t\t\t\t(44\/32)<\/td>\n<td>13.00\/2.5<br \/>\n15.00\/2.5<\/td>\n<\/tr>\n<tr>\n<td>15.5R25<\/td>\n<td>35 mm<br \/>\n\t\t\t\t(44\/32)<\/td>\n<td>12.00\/1.3<br \/>\n12.00\/1.3 DC<br \/>\n13.00\/1.3 DC<\/td>\n<\/tr>\n<tr>\n<td>17.5R25<\/td>\n<td>35 mm<br \/>\n\t\t\t\t(44\/32)<\/td>\n<td>13.00\/1.3 DC<br \/>\n14.00\/1.3 DC<br \/>\n14.00\/1.5<br \/>\n14.00\/1.5 DC<\/td>\n<\/tr>\n<tr>\n<td>20.5R25<\/td>\n<td>35 mm<br \/>\n\t\t\t\t(44\/32)<\/td>\n<td>17.00\/1.7<br \/>\n17.00\/2.0<\/td>\n<\/tr>\n<tr>\n<td>23.5R25<\/td>\n<td>35 mm<br \/>\n\t\t\t\t(44\/32)<\/td>\n<td>19.50\/2.5<\/td>\n<\/tr>\n<tr>\n<td>26.5R25<\/td>\n<td>35 mm<br \/>\n\t\t\t\t(44\/32)<\/td>\n<td>22.00\/3.0<br \/>\n22.00 \/3.0 IF<\/td>\n<\/tr>\n<tr>\n<td>29.5R25<\/td>\n<td>35 mm<br \/>\n\t\t\t\t(44\/32)<\/td>\n<td>25.00\/3.5<\/td>\n<\/tr>\n<tr>\n<td>25\/65R25<\/td>\n<td>35 mm<br \/>\n\t\t\t\t(44\/32)<\/td>\n<td>19.50\/2.0<br \/>\n20.00\/2.0<\/td>\n<\/tr>\n<tr>\n<td>775\/65R29<\/td>\n<td>35 mm<br \/>\n\t\t\t\t(44\/32)<\/td>\n<td>24.00\/3.5<\/td>\n<\/tr>\n<tr>\n<td>35\/65R33<\/td>\n<td>35 mm<br \/>\n\t\t\t\t(44\/32)<\/td>\n<td>22.00\/3.0<br \/>\n24.00\/3.0<\/td>\n<\/tr>\n<\/tbody>\n<\/table>\n<h3>Prices<\/h3>\n<p>\n          <a href=\"\/en\/register-here\/?r=Reifen%2FSchelkmann+Kalterneuerungen%2Fsr78n-l3\">\u00bb Sign in or Register here <\/a>\n        <\/p>\n<\/p><\/div>\n<figure class=\"product-photo col-md-4 col-md-offset-1\" data-zoom-container=\".product-data\" data-zoom-src=\"\/kalterneuerung\/reifen-mit-grossem-schutz-faktor.jpg\">\n        <img decoding=\"async\" src=\"\/kalterneuerung\/reifen-mit-grossem-schutz-faktor.jpg\" alt=\"Reifen mit extrem hohem Schutz gegen Einfahr- und Schnittverletzungen.\"><br \/>\n      <\/figure>\n<\/p><\/div>\n<\/article>\n<\/div>\n","protected":false},"excerpt":{"rendered":"<p>\u00ab back to overview SR78N L3 Rubber Compounds, Long Stripe Technology, Patented Bonding Technology, The Intelligent Tread Tread description Tread design with exceptional protection against cut damages with excellent tread tearing resistance Available dimensions Dimensions Tread depth(32nds) Rim size 14.00R24 35 mm (44\/32) 8.00 TG SDC 14.00R25 35 mm (44\/32) 10.00\/1.5 11.25\/1.3 16.00R25 35 mm <a class=\"moretag\" href=\"https:\/\/www.roesler-tyres.com\/en\/precured-retreaded-tyres\/sr78n-l3\/\">[&#8230;]<\/a><\/p>\n","protected":false},"author":1,"featured_media":0,"parent":593,"menu_order":0,"comment_status":"closed","ping_status":"closed","template":"","meta":{"footnotes":""},"yoast_head":"<!-- This site is optimized with the Yoast SEO plugin v21.0 - https:\/\/yoast.com\/wordpress\/plugins\/seo\/ -->\n<title>SR78N L3 - R\u00f6sler Tyre Innovators<\/title>\n<meta name=\"robots\" content=\"index, follow, max-snippet:-1, max-image-preview:large, max-video-preview:-1\" \/>\n<link rel=\"canonical\" href=\"https:\/\/www.roesler-tyres.com\/en\/precured-retreaded-tyres\/sr78n-l3\/\" \/>\n<script type=\"application\/ld+json\" class=\"yoast-schema-graph\">{\"@context\":\"https:\/\/schema.org\",\"@graph\":[{\"@type\":\"WebPage\",\"@id\":\"https:\/\/www.roesler-tyres.com\/en\/precured-retreaded-tyres\/sr78n-l3\/\",\"url\":\"https:\/\/www.roesler-tyres.com\/en\/precured-retreaded-tyres\/sr78n-l3\/\",\"name\":\"SR78N L3 - R\u00f6sler Tyre Innovators\",\"isPartOf\":{\"@id\":\"https:\/\/www.roesler-tyres.com\/#website\"},\"datePublished\":\"2018-07-23T16:08:52+00:00\",\"dateModified\":\"2018-08-18T21:53:00+00:00\",\"breadcrumb\":{\"@id\":\"https:\/\/www.roesler-tyres.com\/en\/precured-retreaded-tyres\/sr78n-l3\/#breadcrumb\"},\"inLanguage\":\"en-US\",\"potentialAction\":[{\"@type\":\"ReadAction\",\"target\":[\"https:\/\/www.roesler-tyres.com\/en\/precured-retreaded-tyres\/sr78n-l3\/\"]}]},{\"@type\":\"BreadcrumbList\",\"@id\":\"https:\/\/www.roesler-tyres.com\/en\/precured-retreaded-tyres\/sr78n-l3\/#breadcrumb\",\"itemListElement\":[{\"@type\":\"ListItem\",\"position\":1,\"name\":\"Home\",\"item\":\"https:\/\/www.roesler-tyres.com\/en\/\"},{\"@type\":\"ListItem\",\"position\":2,\"name\":\"Schelkmann &#8211; Precured Retreaded Tyres\",\"item\":\"https:\/\/www.roesler-tyres.com\/kalterneuerung-schelkmann-reifen\/\"},{\"@type\":\"ListItem\",\"position\":3,\"name\":\"SR78N L3\"}]},{\"@type\":\"WebSite\",\"@id\":\"https:\/\/www.roesler-tyres.com\/#website\",\"url\":\"https:\/\/www.roesler-tyres.com\/\",\"name\":\"R\u00f6sler Tyre Innovators\",\"description\":\"\u00dcber 50 J\u00e4hrige Erfahrung im EM-Reifen Markt\",\"potentialAction\":[{\"@type\":\"SearchAction\",\"target\":{\"@type\":\"EntryPoint\",\"urlTemplate\":\"https:\/\/www.roesler-tyres.com\/?s={search_term_string}\"},\"query-input\":\"required name=search_term_string\"}],\"inLanguage\":\"en-US\"}]}<\/script>\n<!-- \/ Yoast SEO plugin. -->","yoast_head_json":{"title":"SR78N L3 - R\u00f6sler Tyre Innovators","robots":{"index":"index","follow":"follow","max-snippet":"max-snippet:-1","max-image-preview":"max-image-preview:large","max-video-preview":"max-video-preview:-1"},"canonical":"https:\/\/www.roesler-tyres.com\/en\/precured-retreaded-tyres\/sr78n-l3\/","schema":{"@context":"https:\/\/schema.org","@graph":[{"@type":"WebPage","@id":"https:\/\/www.roesler-tyres.com\/en\/precured-retreaded-tyres\/sr78n-l3\/","url":"https:\/\/www.roesler-tyres.com\/en\/precured-retreaded-tyres\/sr78n-l3\/","name":"SR78N L3 - R\u00f6sler Tyre Innovators","isPartOf":{"@id":"https:\/\/www.roesler-tyres.com\/#website"},"datePublished":"2018-07-23T16:08:52+00:00","dateModified":"2018-08-18T21:53:00+00:00","breadcrumb":{"@id":"https:\/\/www.roesler-tyres.com\/en\/precured-retreaded-tyres\/sr78n-l3\/#breadcrumb"},"inLanguage":"en-US","potentialAction":[{"@type":"ReadAction","target":["https:\/\/www.roesler-tyres.com\/en\/precured-retreaded-tyres\/sr78n-l3\/"]}]},{"@type":"BreadcrumbList","@id":"https:\/\/www.roesler-tyres.com\/en\/precured-retreaded-tyres\/sr78n-l3\/#breadcrumb","itemListElement":[{"@type":"ListItem","position":1,"name":"Home","item":"https:\/\/www.roesler-tyres.com\/en\/"},{"@type":"ListItem","position":2,"name":"Schelkmann &#8211; Precured Retreaded Tyres","item":"https:\/\/www.roesler-tyres.com\/kalterneuerung-schelkmann-reifen\/"},{"@type":"ListItem","position":3,"name":"SR78N L3"}]},{"@type":"WebSite","@id":"https:\/\/www.roesler-tyres.com\/#website","url":"https:\/\/www.roesler-tyres.com\/","name":"R\u00f6sler Tyre Innovators","description":"\u00dcber 50 J\u00e4hrige Erfahrung im EM-Reifen Markt","potentialAction":[{"@type":"SearchAction","target":{"@type":"EntryPoint","urlTemplate":"https:\/\/www.roesler-tyres.com\/?s={search_term_string}"},"query-input":"required name=search_term_string"}],"inLanguage":"en-US"}]}},"_links":{"self":[{"href":"https:\/\/www.roesler-tyres.com\/en\/wp-json\/wp\/v2\/pages\/1002"}],"collection":[{"href":"https:\/\/www.roesler-tyres.com\/en\/wp-json\/wp\/v2\/pages"}],"about":[{"href":"https:\/\/www.roesler-tyres.com\/en\/wp-json\/wp\/v2\/types\/page"}],"author":[{"embeddable":true,"href":"https:\/\/www.roesler-tyres.com\/en\/wp-json\/wp\/v2\/users\/1"}],"replies":[{"embeddable":true,"href":"https:\/\/www.roesler-tyres.com\/en\/wp-json\/wp\/v2\/comments?post=1002"}],"version-history":[{"count":6,"href":"https:\/\/www.roesler-tyres.com\/en\/wp-json\/wp\/v2\/pages\/1002\/revisions"}],"predecessor-version":[{"id":1060,"href":"https:\/\/www.roesler-tyres.com\/en\/wp-json\/wp\/v2\/pages\/1002\/revisions\/1060"}],"up":[{"embeddable":true,"href":"https:\/\/www.roesler-tyres.com\/en\/wp-json\/wp\/v2\/pages\/593"}],"wp:attachment":[{"href":"https:\/\/www.roesler-tyres.com\/en\/wp-json\/wp\/v2\/media?parent=1002"}],"curies":[{"name":"wp","href":"https:\/\/api.w.org\/{rel}","templated":true}]}}