{"id":1651,"date":"2020-04-15T15:44:49","date_gmt":"2020-04-15T13:44:49","guid":{"rendered":"https:\/\/www.roesler-tyres.com\/?page_id=1651"},"modified":"2020-04-15T15:44:49","modified_gmt":"2020-04-15T13:44:49","slug":"1651-2","status":"publish","type":"page","link":"https:\/\/www.roesler-tyres.com\/en\/1651-2\/","title":{"rendered":""},"content":{"rendered":"<div class=\"container content-10 bg-verlauf\" id=\"eins\">\n<div class=\"col-sm-6\">\n<div>\n<h2>R\u00f6sler Tyre Innovators<\/h2>\n<p>          <span><br \/>\n<strong>We strive for perfection. Not only with our products but with everything we do. <\/strong><\/p>\n<p>R\u00f6sler is unique in the field of EM tyre retreading. The company has strong ideals and a clear idea of how things should be handled. More than anything R\u00f6sler represents the dream of a single man who was not satisfied by simply following other people\u2019s footsteps instead of creating something on his own. <\/p>\n<p>Founder Paul R\u00f6sler senior laid the foundation for the R\u00f6sler principles in 1960. We still follow them today. His vision was to create a retreaded tire that could be an alternative to the<br \/>\nbest brandnew tires in the world. The trust our customers put in us and our work prove how successful we have been following this vision in the past decades: The small company from Dortmund made an international breakthrough! <\/p>\n<p>Cold or hot retreading innovation, tyre fillings or full service concepts: For more than 50 years the company name has been a synonym for high-quality EM tires. OTR-tires for earthmovers, wheel loaders, dump trucks and articulated dumpers are produced and sold under the name Schelkmann retreading. The licensed and perfected procedure known as Schelkmann cold retreading innovation goes easy on the carcasses and combines them with the profile strip which are characterized by high-performance rubber compounds. <\/p>\n<p>All standard and allround Tires are produced in the R\u00f6sler Plant and sold under the name RODOS. This brand combines modern profiles with high-quality rubber compounds which makes the tires perfect for the use in road construction, path construction and landscaping work. From individual single solutions to complete solutions and custom-made products for EM tires: Tires for construction machinery and mining vehicles are our specialty! <\/p>\n<p>R\u00f6sler offers a lot of services around EM tires, such as assemblage, dismantling, the disposal of tires and tire filling with polyurethane. Intread RDKS Sensors for measuring the tire pressure tire temperature work efficiently and fast. Special monitors visualize the pressure and temperature data \u2013 in case of an emergency, alarm messages will be sent via email or text message. <\/p>\n<p>In Spite of optimal traction, R\u00f6sler guarantees a high running performance of your retreaded tires which corresponds to the performance of brandnew tires by known manufacturers. R\u00f6sler supports German and European tire dealers and is a member of the BRV (Federal Association for Tyre- and Vulcanization-craftmanship).<\/p>\n<p>          <\/span>\n        <\/div>\n<\/p><\/div>\n<div class=\"col-sm-6\">\n<div >\n<h3 class=\"thumbheader-black\"><a class=\"hover-effect\" href=\"\/wp-content\/uploads\/2018\/04\/paul-roesler-martin-roesler-gf-roesler-tyres.jpg\"><\/a><\/h3>\n<div class=\"thumb-img\">\n<div class=\"overflow-hidden\">\n              <img decoding=\"async\" class=\"img-responsive top24\" src=\"\/wp-content\/uploads\/2018\/04\/paul-roesler-martin-roesler-gf-roesler-tyres.jpg\" alt=\"Paul R\u00f6sler, Martin R\u00f6sler - Gesch\u00e4ftsf\u00fchrer der R\u00f6sler Tyre Innovators GmbH &#038; Co. KG, Dortmund\"> Paul R\u00f6sler, Martin R\u00f6sler<\/p>\n<\/div>\n<div style=\"width: 170px; float:left; margin-right: 50px;\"><a href=\"\/en\/otr-tyre-sensor\/\"><\/p>\n<p><img decoding=\"async\" loading=\"lazy\" src=\"https:\/\/www.roesler-tyres.com\/wp-content\/uploads\/2018\/04\/em-reifen-sensor-2019-e1576517948853.png\" alt=\"\" width=\"167\" height=\"167\" \/>Tyre Sensor<\/p>\n<p><\/a><\/div>\n<div style=\"width: 170px; float:left;\"><a href=\"\/en\/vulcanization-facilities\/\"><\/p>\n<p><img decoding=\"async\" loading=\"lazy\" src=\"\/wp-content\/uploads\/2018\/04\/vulkanisation-anlagenbau.jpg\" alt=\"\" width=\"167\" height=\"167\"  \/>Vulcanization Facilities<\/p>\n<p><\/a><\/div>\n<div style=\"width: 170px; float:left; clear: left; margin-right: 50px;\"><a href=\"\/en\/otr-tyre-fillings\/\"><\/p>\n<p><img decoding=\"async\" loading=\"lazy\" src=\"\/wp-content\/uploads\/2018\/04\/em-reifen-fuellungen.jpg\" alt=\"\" width=\"167\" height=\"167\" \/>Tyre Filling<\/p>\n<p><\/a><\/div>\n<div style=\"width: 170px; float:left;\"><a href=\"\/en\/otr-tyre-mounting-handler\/\"><\/p>\n<p><img decoding=\"async\" loading=\"lazy\" src=\"\/wp-content\/uploads\/2018\/04\/em-reifen-montage-vorrichtung.jpg\" alt=\"\" width=\"167\" height=\"167\" \/>Tyre Handler<\/p>\n<p><\/a><\/div>\n<div style=\"width: 170px; float:left; clear: left; margin-right: 50px;\"><a href=\"https:\/\/www.roesler-tyres.com\/co2_en.pdf\"><\/p>\n<p><img decoding=\"async\" loading=\"lazy\" src=\"https:\/\/www.roesler-tyres.com\/wp-content\/uploads\/2018\/04\/co2-carbon-footprint.jpg\" alt=\"Carbon Footprint\" width=\"167\" height=\"167\" \/>Carbon Footprint<\/p>\n<p><\/a><\/div>\n<div style=\"width: 170px; float:left;\"><a href=\"https:\/\/www.roesler-tyres.com\/roesler-2020_en.pdf\"><\/p>\n<p><img decoding=\"async\" loading=\"lazy\" src=\"https:\/\/www.roesler-tyres.com\/wp-content\/uploads\/2018\/04\/60-jahre-2020.png\" alt=\"\" width=\"167\" height=\"167\" \/>Quality Responsibility<\/p>\n<p><\/a><\/div>\n<\/p><\/div>\n<\/p><\/div>\n<\/p><\/div>\n<\/div>\n","protected":false},"excerpt":{"rendered":"<p>R\u00f6sler Tyre Innovators We strive for perfection. Not only with our products but with everything we do. R\u00f6sler is unique in the field of EM tyre retreading. The company has strong ideals and a clear idea of how things should be handled. More than anything R\u00f6sler represents the dream of a single man who was <a class=\"moretag\" href=\"https:\/\/www.roesler-tyres.com\/en\/1651-2\/\">[&#8230;]<\/a><\/p>\n","protected":false},"author":1,"featured_media":0,"parent":0,"menu_order":0,"comment_status":"closed","ping_status":"closed","template":"","meta":{"footnotes":""},"yoast_head":"<!-- This site is optimized with the Yoast SEO plugin v21.0 - https:\/\/yoast.com\/wordpress\/plugins\/seo\/ -->\n<title>- R\u00f6sler Tyre Innovators<\/title>\n<meta name=\"robots\" content=\"index, follow, max-snippet:-1, max-image-preview:large, max-video-preview:-1\" \/>\n<link rel=\"canonical\" href=\"https:\/\/www.roesler-tyres.com\/v5\/\" \/>\n<meta name=\"twitter:label1\" content=\"Est. reading time\" \/>\n\t<meta name=\"twitter:data1\" content=\"2 minutes\" \/>\n<script type=\"application\/ld+json\" class=\"yoast-schema-graph\">{\"@context\":\"https:\/\/schema.org\",\"@graph\":[{\"@type\":\"WebPage\",\"@id\":\"https:\/\/www.roesler-tyres.com\/v5\/\",\"url\":\"https:\/\/www.roesler-tyres.com\/v5\/\",\"name\":\"- R\u00f6sler Tyre Innovators\",\"isPartOf\":{\"@id\":\"https:\/\/www.roesler-tyres.com\/#website\"},\"datePublished\":\"2020-04-15T13:44:49+00:00\",\"dateModified\":\"2020-04-15T13:44:49+00:00\",\"inLanguage\":\"en-US\",\"potentialAction\":[{\"@type\":\"ReadAction\",\"target\":[\"https:\/\/www.roesler-tyres.com\/v5\/\"]}]},{\"@type\":\"WebSite\",\"@id\":\"https:\/\/www.roesler-tyres.com\/#website\",\"url\":\"https:\/\/www.roesler-tyres.com\/\",\"name\":\"R\u00f6sler Tyre Innovators\",\"description\":\"\u00dcber 50 J\u00e4hrige Erfahrung im EM-Reifen Markt\",\"potentialAction\":[{\"@type\":\"SearchAction\",\"target\":{\"@type\":\"EntryPoint\",\"urlTemplate\":\"https:\/\/www.roesler-tyres.com\/?s={search_term_string}\"},\"query-input\":\"required name=search_term_string\"}],\"inLanguage\":\"en-US\"}]}<\/script>\n<!-- \/ Yoast SEO plugin. -->","yoast_head_json":{"title":"- R\u00f6sler Tyre Innovators","robots":{"index":"index","follow":"follow","max-snippet":"max-snippet:-1","max-image-preview":"max-image-preview:large","max-video-preview":"max-video-preview:-1"},"canonical":"https:\/\/www.roesler-tyres.com\/v5\/","twitter_misc":{"Est. reading time":"2 minutes"},"schema":{"@context":"https:\/\/schema.org","@graph":[{"@type":"WebPage","@id":"https:\/\/www.roesler-tyres.com\/v5\/","url":"https:\/\/www.roesler-tyres.com\/v5\/","name":"- R\u00f6sler Tyre Innovators","isPartOf":{"@id":"https:\/\/www.roesler-tyres.com\/#website"},"datePublished":"2020-04-15T13:44:49+00:00","dateModified":"2020-04-15T13:44:49+00:00","inLanguage":"en-US","potentialAction":[{"@type":"ReadAction","target":["https:\/\/www.roesler-tyres.com\/v5\/"]}]},{"@type":"WebSite","@id":"https:\/\/www.roesler-tyres.com\/#website","url":"https:\/\/www.roesler-tyres.com\/","name":"R\u00f6sler Tyre Innovators","description":"\u00dcber 50 J\u00e4hrige Erfahrung im EM-Reifen Markt","potentialAction":[{"@type":"SearchAction","target":{"@type":"EntryPoint","urlTemplate":"https:\/\/www.roesler-tyres.com\/?s={search_term_string}"},"query-input":"required name=search_term_string"}],"inLanguage":"en-US"}]}},"_links":{"self":[{"href":"https:\/\/www.roesler-tyres.com\/en\/wp-json\/wp\/v2\/pages\/1651"}],"collection":[{"href":"https:\/\/www.roesler-tyres.com\/en\/wp-json\/wp\/v2\/pages"}],"about":[{"href":"https:\/\/www.roesler-tyres.com\/en\/wp-json\/wp\/v2\/types\/page"}],"author":[{"embeddable":true,"href":"https:\/\/www.roesler-tyres.com\/en\/wp-json\/wp\/v2\/users\/1"}],"replies":[{"embeddable":true,"href":"https:\/\/www.roesler-tyres.com\/en\/wp-json\/wp\/v2\/comments?post=1651"}],"version-history":[{"count":1,"href":"https:\/\/www.roesler-tyres.com\/en\/wp-json\/wp\/v2\/pages\/1651\/revisions"}],"predecessor-version":[{"id":1652,"href":"https:\/\/www.roesler-tyres.com\/en\/wp-json\/wp\/v2\/pages\/1651\/revisions\/1652"}],"wp:attachment":[{"href":"https:\/\/www.roesler-tyres.com\/en\/wp-json\/wp\/v2\/media?parent=1651"}],"curies":[{"name":"wp","href":"https:\/\/api.w.org\/{rel}","templated":true}]}}