{"id":2114,"date":"2020-04-16T13:28:17","date_gmt":"2020-04-16T11:28:17","guid":{"rendered":"https:\/\/www.roesler-tyres.com\/co2-reduktion\/"},"modified":"2020-06-11T15:48:13","modified_gmt":"2020-06-11T13:48:13","slug":"co2-reduktion","status":"publish","type":"page","link":"https:\/\/www.roesler-tyres.com\/en\/co2-reduktion\/","title":{"rendered":"CO2 Reduction"},"content":{"rendered":"<article id=\"co2-reduktion\" class=\"container\">\n<header>\n<h1 class=\"visually-hidden\">\n      R\u00f6sler about CO2<br \/>\n    <\/h1>\n<\/header>\n<section class=\"intro\">\n<h2>\n      How you can contribute to CO2 reduction with R\u00f6sler tires.<br \/>\n    <\/h2>\n<div class=\"column-wrapper\">\n<div class=\"column\">\n<p class=\"highlight\">\n          CO2 is part of the natural process.\n        <\/p>\n<p>\n          Only the increased imbalance between emissions and gas binding in recent decades causes climate change. so we have to reduce or offset our CO2 emissions.\n        <\/p>\n<p>\n          <em>1 Blue Whale binds as much CO2 as 1,000 trees.<\/em> Unfortunately, we at R\u00f6sler are not so good at breeding blue whales, but we are very good at sustainable retreading of CO2-reduced EM tyres.\n        <\/p>\n<figure class=\"quote\">\n<h3>There are many ways to save CO2:<\/h3>\n<blockquote>\n<ul>\n<li>Buy clothes secondhand\u00a0\u2013 3.5 kg CO2 per kg of fabric<\/li>\n<li>Borrow books instead of buying\u00a0\u2013 1.1 kg of CO2 per book<\/li>\n<li>Use recycled paper\u00a0\u2013 0.9 kg CO2 per 1000 pages<\/li>\n<li>Switch off air conditioning in the car\u00a0\u2013 19 kg CO2 per 100 km<\/li>\n<li>Avoid air travel\u00a0\u2013 200 to 6000 kg CO2 per flight<\/li>\n<li>Economy instead of business\u00a0\u2013 2500 kg CO2 Cologne-New York<\/li>\n<li>Train instead of flight\u00a0\u2013 250 kg CO2 Munich-Berlin<\/li>\n<li>Eat less meat\u00a0\u2013 100 kg of CO2 per year<\/li>\n<li>Lower room temperature by 1 degree\u00a0\u2013 160 kg CO2 per year<\/li>\n<li>Stream less\u00a0\u2013 14g CO2 per album<\/li>\n<li>Wash at 40 instead of 60 degrees\u00a0\u2013 1.56 kg of CO2 per wash<\/li>\n<li>Run stairs instead of driving elevator\u00a0\u2013 19 g CO2 per floor<\/li>\n<li>Drape curtains\u00a0\u2013 25 kg of CO2 per year<\/li>\n<li>Cook with lid\u00a0\u2013 94 kg CO2 per year<\/li>\n<\/ul>\n<\/blockquote><figcaption>\n            Source: FOCUS Online<br \/>\n          <\/figcaption><\/figure>\n<p>\n          Not everything will fundamentally change the world, but we have to start somewhere.\n        <\/p>\n<p class=\"highlight\">\n          R\u00d6SLER retreaded EM tyres need 80% less CO2. With every tyre, we save over 2 tons of CO2.\n        <\/p>\n<\/p><\/div>\n<aside class=\"column info info-picture\">\n<div class=\"info-box\">\n          <picture><source srcset=\"\/wp-content\/uploads\/2020\/06\/figure-co2-456.png 1x, \/wp-content\/uploads\/2020\/06\/figure-co2-912.png 2x\"><img decoding=\"async\" src=\"\/wp-content\/uploads\/2020\/06\/figure-co2-456.png\" alt=\"\" style=\"display:block;margin:0 auto;width:auto;\">\n          <\/picture>\n        <\/div>\n<\/aside><\/div>\n<\/section>\n<section class=\"visual\">\n<figure class=\"visual-bg\">\n      <img decoding=\"async\" src=\"\/wp-content\/uploads\/2020\/04\/bg-c02-reduktion-1920.jpg\"><br \/>\n    <\/figure>\n<div class=\"visual-content\">\n<p class=\"visual-text\">\n        With R\u00f6sler retreaded EM tyres you<br \/>actively reduce your CO2 emissions.\n      <\/p>\n<picture class=\"vignette\" id=\"vignette-80-percent\"><source srcset=\"\/wp-content\/uploads\/2020\/06\/icon-80-percent-co2-less-200.png 1x, \/wp-content\/uploads\/2020\/06\/icon-80-percent-co2-less-400.png 2x\"><img decoding=\"async\" src=\"\/wp-content\/uploads\/2020\/06\/icon-80-percent-co2-less-200.png\" alt=\"Icon: R\u00f6sler retreaded EM tyres need 80% less CO2\">\n      <\/picture>\n      <picture class=\"vignette\" id=\"vignette-2-tons\"><source srcset=\"\/wp-content\/uploads\/2020\/06\/icon-2-tons-co2-less-200.png 1x, \/wp-content\/uploads\/2020\/06\/icon-2-tons-co2-less-400.png 2x\"><img decoding=\"async\" src=\"\/wp-content\/uploads\/2020\/06\/icon-2-tons-co2-less-200.png\" alt=\"Icon: R\u00f6sler retreaded EM tyres save more than 2 tons of CO2 per tyre\">\n      <\/picture>\n    <\/div>\n<\/section>\n<section>\n<div class=\"column-wrapper\">\n<div class=\"column\">\n<h2>\n          R\u00f6sler retreaded tyres\u00a0\u2013 economical, sustainable and without any loss of qualitY<br \/>\n        <\/h2>\n<p>\n          Compared to new tyres, R\u00f6sler only needs a fraction of the resources and energy needed to produce tyres of equivalent quality, which in total results in up to 80% lower CO2 and other carbon emissions, which is an average of 2,200 kilos of CO2 savings per EM tyre.\n        <\/p>\n<p>\n          We strive for perfection\u00a0\u2013 from individual tyre solutions to complete production lines, we support all EM tyre customers as an innovative and reliable partner.\n        <\/p>\n<p>\n          And we are aware of our responsibility. <em>Overall, we can proudly say that with our<br \/>\ntyres, our customers save around 350 hectares of rainforest each year. a size of more than 400 football fields.<\/em>\n        <\/p>\n<ul>\n<li>T\u00dcV certified quality<\/li>\n<li>Mileage and stability like new tyres<\/li>\n<li>Significantly cheaper than new tyres at the same quality level<\/li>\n<li>Application-optimized rubber compounds and profiles<\/li>\n<li>Optional satellite-based sensor system for pressure, temperature and profile depth<\/li>\n<li>From individual tyre solutions to the complete retreading system on site<\/li>\n<li>Tyre handler for fast and safe tyre change in the field<\/li>\n<li>Tools and training<\/li>\n<li>24\/7 service hotline<\/li>\n<\/ul><\/div>\n<aside class=\"column info no-top-margin\">\n<h3 class=\"highlight\">75% Recycling<\/h3>\n<ul>\n<li>Reuse of used carcasses<\/li>\n<li>Reuse of crumb rubber for new treads<\/li>\n<\/ul>\n<h3 class=\"highlight\">Less natural resources<\/h3>\n<p>\n          With a high-quality retreading on average per tyre (reference size 27.00 R 49):\n        <\/p>\n<ul>\n<li>700 l less crude oil<\/li>\n<li>320 kg less rubber<\/li>\n<li>140 kg less steel<\/li>\n<li>50% less need for rubber<\/li>\n<li>a few hundred liters less water<\/li>\n<\/ul>\n<h3 class=\"highlight\">50% Solar Energy<\/h3>\n<p>\n          R\u00f6sler generates 50% of its electricity for production via its own PV plant.\n        <\/p>\n<div class=\"key-message\">\n<h3>R\u00f6sler retreaded EM tyres<\/h3>\n<ul>\n<li><span>need 80% less CO<sub>2<\/sub><\/span><\/li>\n<li><span>save more than 2 tons of CO<sub>2<\/sub> per tyre<\/span><\/li>\n<\/ul><\/div>\n<\/aside><\/div>\n<\/section>\n<section>\n<div class=\"column-wrapper\">\n<div class=\"column\">\n<div class=\"illustrated-block\">\n<div>\n<h2>Make a statement!<\/h2>\n<p>\n              With R\u00f6sler Retreaded Tyres your company will also help to reduce CO2 and to fight in a sustainable manner for our future \u2013 and that with reduced costs. Order our sign for free as a mark of your responsible behavior.\n            <\/p>\n<\/p><\/div>\n<picture><source srcset=\"\/wp-content\/uploads\/2020\/06\/seal-sustainable-business-186.png 1x, \/wp-content\/uploads\/2020\/06\/seal-sustainable-business-372.png 2x\"><img decoding=\"async\" src=\"\/wp-content\/uploads\/2020\/06\/seal-sustainable-business-186.png\" alt=\"Seal: Sustainable Business\">\n          <\/picture>\n        <\/div>\n<\/p><\/div>\n<aside class=\"column column-image\">\n        <picture style=\"height:100%;\"><source srcset=\"\/wp-content\/uploads\/2020\/06\/roesler-sets-the-tone-456.jpg 1x, \/wp-content\/uploads\/2020\/06\/roesler-sets-the-tone-912.jpg 2x\"><img decoding=\"async\" src=\"\/wp-content\/uploads\/2020\/06\/roesler-sets-the-tone-456.jpg\" alt=\"Bild: R\u00f6sler sets the tone\" style=\"height:100%;object-fit:contain;object-position:center left;\">\n        <\/picture>\n      <\/aside>\n<\/p><\/div>\n<\/section>\n<footer>\n<p class=\"marginal\">\n      Calculation of CO2 deructionis based on a high quality retreaded tyre, on average of the tyre size 27.00 R 49.\n    <\/p>\n<\/footer>\n<\/article>\n<style>\n\/** Colours *\/\n#co2-reduktion .visual .visual-content,\n#co2-reduktion .info ul li:before {\n  color: #fff;\n}<\/p>\n<p>#co2-reduktion ul li:before {\n  color: #f9b400;\n}<\/p>\n<p>#co2-reduktion .info {\n  background-color: #f9b400;\n}<\/p>\n<p>.alternate-bg,\n#co2-reduktion aside {\n  background-color: #e8e8e8;\n}<\/p>\n<p>#co2-reduktion section {\n  border-color: #c0c0c0;\n}<\/p>\n<p>.quote figcaption {\n  color: #808080;\n}<\/p>\n<p>#co2-reduktion {\n  color: #404040;\n}<\/p>\n<p>#co2-reduktion .info-box {\n  color: #000;\n}<\/p>\n<p>\/** Typography *\/\n#co2-reduktion,\n#co2-reduktion blockquote,\n#co2-reduktion .quote h3 {\n  font-size: 15px;\n  line-height: 1.2;\n}\n@media only screen and (min-width: 768px) {\n  #co2-reduktion,\n  #co2-reduktion blockquote,\n  #co2-reduktion .quote h3 {\n    font-size: 16px;\n  }\n}<\/p>\n<p>#co2-reduktion .marginal,\n#co2-reduktion .quote figcaption {\n  font-size: 12px;\n}<\/p>\n<p>#co2-reduktion h3 {\n  font-size: 18px;\n  font-weight: 400;\n}\n@media only screen and (min-width: 768px) {\n  #co2-reduktion h3 {\n    font-size: 20px;\n  }\n}<\/p>\n<p>#co2-reduktion h2,\n#co2-reduktion .highlight,\n#co2-reduktion .key-message *,\n#co2-reduktion .visual-text {\n  font-size: 22px;\n  line-height: 1.3;\n}\n@media only screen and (min-width: 768px) {\n  #co2-reduktion h2,\n  #co2-reduktion .visual-text {\n    font-size: 25px;\n  }\n}<\/p>\n<p>#co2-reduktion .intro h2 {\n  font-size: 25px;\n}\n@media only screen and (min-width: 768px) {\n  #co2-reduktion .intro h2 {\n    font-size: 30px;\n  }\n}<\/p>\n<p>#co2-reduktion .quote h3,\n#co2-reduktion .key-message,\n#co2-reduktion .key-message h3,\n#co2-reduktion em {\n  font-style: normal;\n  font-weight: 700;\n}<\/p>\n<p>#co2-reduktion h2,\n#co2-reduktion .highlight,\n#co2-reduktion .visual-text {\n  font-weight: 400;\n}<\/p>\n<p>#co2-reduktion h3.highlight {\n  font-weight: 300;\n}<\/p>\n<p>#co2-reduktion h3.highlight,\n#co2-reduktion .key-message h3,\n#co2-reduktion strong {\n  letter-spacing: .04em;\n  text-transform: uppercase;\n}<\/p>\n<p>#co2-reduktion figure,\n#co2-reduktion ul,\n#co2-reduktion .highlight {\n  margin: 1.6em 0;\n}\n#co2-reduktion figure:first-child,\n#co2-reduktion ul:first-child,\n#co2-reduktion .highlight:first-child,\n#co2-reduktion .info ul {\n  margin-top: 0;\n}<\/p>\n<p>#co2-reduktion h2,\n#co2-reduktion h3,\n#co2-reduktion p {\n  margin: 0 0 1.1em;\n}<\/p>\n<p>#co2-reduktion .key-message h3,\n#co2-reduktion ul li {\n  margin: 0 0 .25em;\n}<\/p>\n<p>#co2-reduktion h3.highlight {\n  margin: 3em 0 .25em;\n}\n#co2-reduktion h3.highlight:first-child {\n  margin-top: 0;\n}<\/p>\n<p>\/** Helpers *\/\n#co2-reduktion .visually-hidden { \n  position: absolute !important;\n  height: 1px; \n  width: 1px;\n  overflow: hidden;\n  clip: rect(1px 1px 1px 1px); \/* IE6, IE7 *\/\n  clip: rect(1px, 1px, 1px, 1px);\n  white-space: nowrap; \/* added line *\/\n}<\/p>\n<p>\/** Article *\/\n#co2-reduktion {\n}\n@media only screen and (min-width: 768px) {\n  #co2-reduktion {\n    padding: 0;\n  }\n}<\/p>\n<p>#co2-reduktion > footer {\n  margin: .5em 0 2em;\n}<\/p>\n<p>\/** Header *\/\n#co2-reduktion > header {\n  margin-bottom: .75rem;\n}<\/p>\n<p>\/** Sections *\/\n#co2-reduktion section {\n  border-style: solid;\n  border-width: 2px;\n  padding: 2em 2em 0;\n}<\/p>\n<p>#co2-reduktion section + section {\n  border-top-style: none;\n  border-top-width: 0;\n}<\/p>\n<p>\/** Images *\/\n#co2-reduktion picture,\n#co2-reduktion img {\n  max-width: 100%;\n  width: 100%;\n}<\/p>\n<p>#co2-reduktion figure.auto-width img {\n  width: auto;\n}<\/p>\n<p>\/** Columns *\/\n#co2-reduktion .column-wrapper {\n}\n@media only screen and (min-width: 768px) {\n  #co2-reduktion .column-wrapper {\n    align-items: stretch;\n    display: flex;\n    height: 100%;\n    justify-content: space-between;\n  }\n}<\/p>\n<p>#co2-reduktion .column {\n  margin: 4rem 0 0;\n  padding: 0 0 .5em;\n}\n@media only screen and (min-width: 768px) {\n  #co2-reduktion .column {\n    margin: 0;\n    width: 48%;\n  }\n}<\/p>\n<p>#co2-reduktion .column.column-wide {\n}\n@media only screen and (min-width: 768px) {\n  #co2-reduktion .column.column-wide {\n    width: 62%;\n  }\n}<\/p>\n<p>#co2-reduktion .column.column-wide + .column {\n}\n@media only screen and (min-width: 768px) {\n  #co2-reduktion .column.column-wide + .column {\n    width: calc(33.333% - 7px);\n  }\n}<\/p>\n<p>#co2-reduktion .column-image {\n  padding: 0 !important;\n}<\/p>\n<p>\/** Lists *\/\n#co2-reduktion ul {\n  list-style: none;\n  padding: 0;\n}<\/p>\n<p>#co2-reduktion ul li {\n  align-items: flex-start;\n  display: flex;\n}<\/p>\n<p>#co2-reduktion ul li:before {\n  content: '>';\n  margin-right: 1em;\n}<\/p>\n<p>\/** Info Box *\/\n#co2-reduktion .info-box picture {\n  display: block;\n  margin: 1.5em 0;\n}<\/p>\n<p>\/** Aside *\/\n#co2-reduktion aside.column {\n  margin: 0 -2em;\n  padding: 1.2em 2em;\n}\n@media only screen and (min-width: 768px) {\n  #co2-reduktion aside.column {\n    margin: -2em -2em 0 0;\n    padding: 1.2em 1.3em;\n  }\n}<\/p>\n<p>#co2-reduktion aside.column.info {\n}\n@media only screen and (min-width: 768px) {\n  #co2-reduktion aside.column.info {\n    margin-top: 0;\n  }\n}<\/p>\n<p>#co2-reduktion aside.column.no-top-margin {\n}\n@media only screen and (min-width: 768px) {\n  #co2-reduktion aside.column.no-top-margin {\n    margin-top: -2em;\n    padding-top: 2em;\n  }\n}<\/p>\n<p>#co2-reduktion aside.column.info-picture {\n  padding: 0;\n}<\/p>\n<p>\/** Quotations *\/\n#co2-reduktion .quote blockquote {\n  border: none;\n  margin: 0;\n  padding: 0;\n}<\/p>\n<p>#co2-reduktion .quote figcaption {\n  text-align: right;\n}<\/p>\n<p>#co2-reduktion .quote blockquote ul {\n  margin: 0;\n}<\/p>\n<p>\/** Visual Strip *\/\n#co2-reduktion .visual {\n  position: relative;\n}<\/p>\n<p>#co2-reduktion section.visual {\n  padding: 0;\n}<\/p>\n<p>#co2-reduktion .visual .visual-bg {\n  margin: 0;\n  min-height: 25rem;\n  width: 100%;\n}<\/p>\n<p>#co2-reduktion .visual .visual-bg img {\n  height: 100%;\n  object-fit: cover;\n  object-position: left;\n  position: absolute;\n}\n@media only screen and (min-width: 960px) {\n  #co2-reduktion .visual .visual-bg img {\n    position: static;\n  }\n}<\/p>\n<p>#co2-reduktion .visual .visual-content {\n  height: 100%;\n  left: 0;\n  position: absolute;\n  top: 0;\n  width: 100%;\n}<\/p>\n<p>#co2-reduktion .visual .visual-text {\n  left: 3.2rem;\n  position: absolute;\n  top: 2em;\n}\n@media only screen and (min-width: 768px) {\n  #co2-reduktion .visual .visual-text {\n    top: 50%;\n    transform: translateY(-50%);\n    width: 66%;\n  }\n}\n@media only screen and (min-width: 960px) {\n  #co2-reduktion .visual .visual-text {\n    top: 42%;\n  }\n}<\/p>\n<p>\/** Vignettes *\/\n#co2-reduktion .vignette {\n  position: absolute;\n  width: 100px;\n}\n@media only screen and (min-width: 992px) {\n  #co2-reduktion .vignette {\n    width: 200px;\n  }\n}<\/p>\n<p>#vignette-80-percent {\n  left: 2em;\n  top: 9.8em;\n}\n@media only screen and (min-width: 768px) {\n  #vignette-80-percent {\n    left: 67%;\n    top: 1em;\n  }\n}\n@media only screen and (min-width: 992px) {\n  #vignette-80-percent {\n    left: auto;\n    right: calc(5% + 200px);\n    top: 1em;\n  }\n}<\/p>\n<p>#vignette-2-tons {\n  left: calc(3em + 100px);\n  top: 9.8em;\n}\n@media only screen and (min-width: 768px) {\n  #vignette-2-tons {\n    left: auto;\n    right: 3em;\n    top: 5em;\n  }\n}\n@media only screen and (min-width: 992px) {\n  #vignette-2-tons {\n    right: 5%;\n    top: 7em;\n  }\n}<\/p>\n<p>\/** Key Message Box *\/\n#co2-reduktion .key-message {\n  background: url('\/wp-content\/uploads\/2020\/04\/bg-tyre-track-458.png') repeat-x 0 0;\n  margin: 2em -2em 0;\n  padding: 4em 2em 0;\n}\n@media only screen and (min-width: 768px) {\n  #co2-reduktion .key-message {\n    margin: 2em -1.3em 0;\n    padding: 4em 1.3em 0;\n  }\n}<\/p>\n<p>\/** Text Block with Image *\/\n#co2-reduktion .illustrated-block {\n  display: flex;\n  flex-direction: column;\n}\n@media only screen and (min-width: 480px) {\n  #co2-reduktion .illustrated-block {\n    align-items: flex-start;\n    display: flex;\n    flex-direction: row-reverse;\n  }\n}\n@media only screen and (min-width: 768px) {\n  #co2-reduktion .illustrated-block {\n    flex-direction: column;\n  }\n}\n@media only screen and (min-width: 992px) {\n  #co2-reduktion .illustrated-block {\n    align-items: flex-start;\n    display: flex;\n    flex-direction: row-reverse;\n  }\n}<\/p>\n<p>#co2-reduktion .illustrated-block picture {\n  width: auto;\n}\n@media only screen and (min-width: 480px) {\n  #co2-reduktion .illustrated-block picture {\n    flex-shrink: 0;\n    margin: -1em 1.5em 0 0;\n  }\n}\n@media only screen and (min-width: 768px) {\n  #co2-reduktion .illustrated-block picture {\n    margin: 0;\n  }\n}\n@media only screen and (min-width: 768px) {\n  #co2-reduktion .illustrated-block picture {\n    flex-shrink: 0;\n    margin: -1em 1.5em 0 0;\n  }\n}<\/p>\n<p>#co2-reduktion .illustrated-block img {\n  height: 100%;\n  object-fit: cover;\n  width: auto;\n  max-width: none;\n}\n<\/style>\n","protected":false},"excerpt":{"rendered":"<p>R\u00f6sler about CO2 How you can contribute to CO2 reduction with R\u00f6sler tires. CO2 is part of the natural process. Only the increased imbalance between emissions and gas binding in recent decades causes climate change. so we have to reduce or offset our CO2 emissions. 1 Blue Whale binds as much CO2 as 1,000 trees. <a class=\"moretag\" href=\"https:\/\/www.roesler-tyres.com\/en\/co2-reduktion\/\">[&#8230;]<\/a><\/p>\n","protected":false},"author":1,"featured_media":0,"parent":0,"menu_order":0,"comment_status":"closed","ping_status":"closed","template":"","meta":{"footnotes":""},"yoast_head":"<!-- This site is optimized with the Yoast SEO plugin v21.0 - https:\/\/yoast.com\/wordpress\/plugins\/seo\/ -->\n<title>CO2 Reduction - R\u00f6sler Tyre Innovators<\/title>\n<meta name=\"robots\" content=\"index, follow, max-snippet:-1, max-image-preview:large, max-video-preview:-1\" \/>\n<link rel=\"canonical\" href=\"https:\/\/www.roesler-tyres.com\/co2-reduktion\/\" \/>\n<meta name=\"twitter:label1\" content=\"Est. reading time\" \/>\n\t<meta name=\"twitter:data1\" content=\"3 minutes\" \/>\n<script type=\"application\/ld+json\" class=\"yoast-schema-graph\">{\"@context\":\"https:\/\/schema.org\",\"@graph\":[{\"@type\":\"WebPage\",\"@id\":\"https:\/\/www.roesler-tyres.com\/co2-reduktion\/\",\"url\":\"https:\/\/www.roesler-tyres.com\/co2-reduktion\/\",\"name\":\"CO2 Reduction - R\u00f6sler Tyre Innovators\",\"isPartOf\":{\"@id\":\"https:\/\/www.roesler-tyres.com\/#website\"},\"datePublished\":\"2020-04-16T11:28:17+00:00\",\"dateModified\":\"2020-06-11T13:48:13+00:00\",\"breadcrumb\":{\"@id\":\"https:\/\/www.roesler-tyres.com\/co2-reduktion\/#breadcrumb\"},\"inLanguage\":\"en-US\",\"potentialAction\":[{\"@type\":\"ReadAction\",\"target\":[\"https:\/\/www.roesler-tyres.com\/co2-reduktion\/\"]}]},{\"@type\":\"BreadcrumbList\",\"@id\":\"https:\/\/www.roesler-tyres.com\/co2-reduktion\/#breadcrumb\",\"itemListElement\":[{\"@type\":\"ListItem\",\"position\":1,\"name\":\"Home\",\"item\":\"https:\/\/www.roesler-tyres.com\/en\/\"},{\"@type\":\"ListItem\",\"position\":2,\"name\":\"CO2 Reduction\"}]},{\"@type\":\"WebSite\",\"@id\":\"https:\/\/www.roesler-tyres.com\/#website\",\"url\":\"https:\/\/www.roesler-tyres.com\/\",\"name\":\"R\u00f6sler Tyre Innovators\",\"description\":\"\u00dcber 50 J\u00e4hrige Erfahrung im EM-Reifen Markt\",\"potentialAction\":[{\"@type\":\"SearchAction\",\"target\":{\"@type\":\"EntryPoint\",\"urlTemplate\":\"https:\/\/www.roesler-tyres.com\/?s={search_term_string}\"},\"query-input\":\"required name=search_term_string\"}],\"inLanguage\":\"en-US\"}]}<\/script>\n<!-- \/ Yoast SEO plugin. -->","yoast_head_json":{"title":"CO2 Reduction - R\u00f6sler Tyre Innovators","robots":{"index":"index","follow":"follow","max-snippet":"max-snippet:-1","max-image-preview":"max-image-preview:large","max-video-preview":"max-video-preview:-1"},"canonical":"https:\/\/www.roesler-tyres.com\/co2-reduktion\/","twitter_misc":{"Est. reading time":"3 minutes"},"schema":{"@context":"https:\/\/schema.org","@graph":[{"@type":"WebPage","@id":"https:\/\/www.roesler-tyres.com\/co2-reduktion\/","url":"https:\/\/www.roesler-tyres.com\/co2-reduktion\/","name":"CO2 Reduction - R\u00f6sler Tyre Innovators","isPartOf":{"@id":"https:\/\/www.roesler-tyres.com\/#website"},"datePublished":"2020-04-16T11:28:17+00:00","dateModified":"2020-06-11T13:48:13+00:00","breadcrumb":{"@id":"https:\/\/www.roesler-tyres.com\/co2-reduktion\/#breadcrumb"},"inLanguage":"en-US","potentialAction":[{"@type":"ReadAction","target":["https:\/\/www.roesler-tyres.com\/co2-reduktion\/"]}]},{"@type":"BreadcrumbList","@id":"https:\/\/www.roesler-tyres.com\/co2-reduktion\/#breadcrumb","itemListElement":[{"@type":"ListItem","position":1,"name":"Home","item":"https:\/\/www.roesler-tyres.com\/en\/"},{"@type":"ListItem","position":2,"name":"CO2 Reduction"}]},{"@type":"WebSite","@id":"https:\/\/www.roesler-tyres.com\/#website","url":"https:\/\/www.roesler-tyres.com\/","name":"R\u00f6sler Tyre Innovators","description":"\u00dcber 50 J\u00e4hrige Erfahrung im EM-Reifen Markt","potentialAction":[{"@type":"SearchAction","target":{"@type":"EntryPoint","urlTemplate":"https:\/\/www.roesler-tyres.com\/?s={search_term_string}"},"query-input":"required name=search_term_string"}],"inLanguage":"en-US"}]}},"_links":{"self":[{"href":"https:\/\/www.roesler-tyres.com\/en\/wp-json\/wp\/v2\/pages\/2114"}],"collection":[{"href":"https:\/\/www.roesler-tyres.com\/en\/wp-json\/wp\/v2\/pages"}],"about":[{"href":"https:\/\/www.roesler-tyres.com\/en\/wp-json\/wp\/v2\/types\/page"}],"author":[{"embeddable":true,"href":"https:\/\/www.roesler-tyres.com\/en\/wp-json\/wp\/v2\/users\/1"}],"replies":[{"embeddable":true,"href":"https:\/\/www.roesler-tyres.com\/en\/wp-json\/wp\/v2\/comments?post=2114"}],"version-history":[{"count":14,"href":"https:\/\/www.roesler-tyres.com\/en\/wp-json\/wp\/v2\/pages\/2114\/revisions"}],"predecessor-version":[{"id":2146,"href":"https:\/\/www.roesler-tyres.com\/en\/wp-json\/wp\/v2\/pages\/2114\/revisions\/2146"}],"wp:attachment":[{"href":"https:\/\/www.roesler-tyres.com\/en\/wp-json\/wp\/v2\/media?parent=2114"}],"curies":[{"name":"wp","href":"https:\/\/api.w.org\/{rel}","templated":true}]}}