{"id":2116,"date":"2020-04-16T15:24:53","date_gmt":"2020-04-16T13:24:53","guid":{"rendered":"https:\/\/www.roesler-tyres.com\/verantwortung\/"},"modified":"2020-06-11T16:04:34","modified_gmt":"2020-06-11T14:04:34","slug":"verantwortung","status":"publish","type":"page","link":"https:\/\/www.roesler-tyres.com\/en\/verantwortung\/","title":{"rendered":"Responsibility"},"content":{"rendered":"<article id=\"verantwortung\" class=\"container\">\n<header>\n<h1 class=\"visually-hidden\">\n      R\u00f6sler about responsibility<br \/>\n    <\/h1>\n<\/header>\n<section class=\"intro\">\n<h2>\n      Our quality conviction since 60 years<br \/>\n    <\/h2>\n<ol>\n<li>\n<h3 class=\"visually-hidden\">R\u00f6sler retreaded OTR tyres need 80% less CO2 than new tyres<\/h3>\n<p>\n          <i>R\u00f6sler retreaded OTR tyres need 80% less CO2 than new tyres<\/i>\u00a0\u2013 through<br \/>\nresponsible production, diligent recycling and careful use of energy and resources\u00a0\u2013 this is quality in our opinion.\n        <\/p>\n<figure>\n          <picture><source srcset=\"\/wp-content\/uploads\/2020\/06\/icon-80-percent-co2-less-200.png 1x, \/wp-content\/uploads\/2020\/06\/icon-80-percent-co2-less-400.png 2x\"><img decoding=\"async\" src=\"\/wp-content\/uploads\/2020\/06\/icon-80-percent-co2-less-200.png\" alt=\"Icon: R\u00f6sler retreaded OTR tyres need 80% less CO2\">\n          <\/picture>\n        <\/figure>\n<\/li>\n<li>\n<h3 class=\"visually-hidden\">Highest manufacturing quality<\/h3>\n<p>\n          <i>Highest manufacturing quality<\/i>, individual application specification, 60 years of market experience, 24\/7 service, the latest tyre monitoring systems ensure maximum mileage\u00a0\u2013 this is quality in our opinion.\n        <\/p>\n<figure>\n          <picture><source srcset=\"\/wp-content\/uploads\/2020\/06\/icon-improved-mileage-200.png 1x, \/wp-content\/uploads\/2020\/06\/icon-improved-mileage-400.png 2x\"><img decoding=\"async\" src=\"\/wp-content\/uuploads\/2020\/06\/icon-improved-mileage-200.png\" alt=\"Icon: Maximum mileage by highest manufacturing quality\">\n          <\/picture>\n        <\/figure>\n<\/li>\n<li>\n<h3 class=\"visually-hidden\">Share success with our customers<\/h3>\n<p>\n          <i>Share success with our customers<\/i> by reducing prices of our entire tyre range, to save more CO2 globally with high-quality retreads\u00a0\u2013 this is quality in our opinion.\n        <\/p>\n<figure>\n          <picture><source srcset=\"\/wp-content\/uploads\/2020\/06\/icon-reduced-prices-200.png 1x, \/wp-content\/uploads\/2020\/06\/icon-reduced-prices-400.png 2x\"><img decoding=\"async\" src=\"\/wp-content\/uploads\/2020\/06\/icon-reduced-prices-200.png\" alt=\"Icon: R\u00f6sler reducing prices of their entire tyre range\">\n          <\/picture>\n        <\/figure>\n<\/li>\n<\/ol>\n<\/section>\n<section class=\"visual\">\n<figure class=\"visual-bg\">\n      <picture><source srcset=\"\/wp-content\/uploads\/2020\/04\/bg-60-jahre-roesler-960.jpg 1x, \/wp-content\/uploads\/2020\/04\/bg-60-jahre-roesler-1920.jpg 2x\"><img decoding=\"async\" src=\"\/wp-content\/uploads\/2020\/04\/bg-60-jahre-roesler-960.jpg\" alt=\"Background image: Truck in strip mine\">\n      <\/picture>\n    <\/figure>\n<div class=\"visual-content\">\n<p class=\"visual-text\">\n        As a motivation for our customers regarding the CO2 reduction we can offer price reductions on all of our Rodos and Schelkmann tyres on basis of optimized processes and the current raw material situation.\n      <\/p>\n<picture class=\"vignette\" id=\"vignette-60-years\"><source srcset=\"\/wp-content\/uploads\/2020\/04\/logo-60-jahre-roesler-377.png 1x, \/wp-content\/uploads\/2020\/04\/logo-60-jahre-roesler-754.png 2x\"><img decoding=\"async\" src=\"\/wp-content\/uploads\/2020\/04\/logo-60-jahre-roesler-377.png\" alt=\"Icon: 60 Years R\u00f6sler\">\n      <\/picture>\n    <\/div>\n<\/section>\n<section>\n<h2 class=\"visually-hidden\">\n      R\u00f6sler\u2019s quality conviction<br \/>\n    <\/h2>\n<div class=\"column-wrapper\">\n<div class=\"column\">\n<h3>Fairness<\/h3>\n<p>\n          Many of our customers have been loyal to us for decades. Just like our employees, which work with us, some even in second generation. This is how we assure our most important expertise\u00a0\u2013 our skilled employees.\n        <\/p>\n<h3>Endurance<\/h3>\n<p>\n          Despite of economic interests, we have always set value on quality and reliability of our products and services. This is what determines long-term customer loyalty and thus the success of our company.\n        <\/p>\n<h3>Pursuit<\/h3>\n<p>\n          Since the beginning, research and development based on our experience is a determinant factor of our quality. Our Schelkmann precured retreading process is based on over 150 patents.\n        <\/p>\n<h3>Motivation<\/h3>\n<p>\n          We would also like to recommend warmly to our customers the sustainability of our retreaded OTR tyres. The more retreaded tyres are used, the more we can affect the future for the coming generation.\n        <\/p>\n<\/p><\/div>\n<aside class=\"column column-image\">\n<figure>\n          <picture style=\"height:100%;\"><source srcset=\"\/wp-content\/uploads\/2020\/04\/roesler-damals-und-heute-470.jpg 1x, \/wp-content\/uploads\/2020\/04\/roesler-damals-und-heute-940.jpg 2x\"><img decoding=\"async\" src=\"\/wp-content\/uploads\/2020\/04\/roesler-damals-und-heute-470.jpg\" alt=\"Image: R\u00f6sler then and now\" style=\"height:100%;object-fit:contain;object-position:top left;\">\n          <\/picture>\n        <\/figure>\n<\/aside><\/div>\n<\/section>\n<section>\n<div class=\"column-wrapper\">\n<aside class=\"column column-image\">\n<figure>\n          <picture><source srcset=\"\/wp-content\/uploads\/2020\/04\/roesler-historie_470.jpg 1x, \/wp-content\/uploads\/2020\/04\/roesler-historie-1200.jpg 2x\"><img decoding=\"async\" src=\"\/wp-content\/uploads\/2020\/04\/roesler-historie_470.jpg\" alt=\"Photo: R\u00f6sler employees at the end of the 1960s\">\n          <\/picture><figcaption>\n            Team Photo End of 60s<br \/>\n          <\/figcaption><\/figure>\n<\/aside>\n<div class=\"column\">\n<h2>The key to our competence and quality since 60 years<\/h2>\n<p>\n          It is our employees who make us what we are. Loyalty, many years of belonging, conviction in our company and stoic will to perfection\u00a0\u2013 these are the attributes of our people and the cornerstones of our performance.\n        <\/p>\n<p>\n          We are always in close and fair dialogue with them and our entrepreneurial actions always focus on the team. And when we build retreading systems for our bigger customers, our professionals are on the spot until the on-site employees are trained to ensure our high quality standards.\n        <\/p>\n<\/p><\/div>\n<\/p><\/div>\n<\/section>\n<section class=\"alternate-bg\">\n<h2 class=\"visually-hidden\">R\u00f6sler Runderneuerungen<\/h2>\n<div class=\"column-wrapper\">\n<aside class=\"column\">\n        <picture><source srcset=\"\/wp-content\/uploads\/2020\/06\/logo-rrq-en-321.png 1x\"><img decoding=\"async\" src=\"\/wp-content\/uploads\/2020\/06\/logo-rrq-en-321.png\" alt=\"Logo: R\u00f6sler Retreadable Quality\" style=\"width:auto;\">\n        <\/picture>\n      <\/aside>\n<div class=\"column\">\n<p>\n          One result of our 60 years of work is the basis for more cost-efficient, tire management. Read our<br \/>\n          <a class=\"button\" href=\"\/en\/laufleistung\/#mileage-cost-analysis\"><br \/>\n            R\u00f6sler<br \/>\n            Mileage-Cost-Analysis<br \/>\n          <\/a>\n        <\/p>\n<p>\n          The seal stands for tyres whose casings and basic construction are good enough for a retreading on R\u00f6sler quality level. R\u00f6sler Retreaded Tyres offer almost the same mileage and safety as premium brand tyres.\n        <\/p>\n<\/p><\/div>\n<\/p><\/div>\n<\/section>\n<\/article>\n<style>\n\/** Colours *\/\n#verantwortung .visual .visual-content {\n  color: #f9b400;\n}<\/p>\n<p>#verantwortung ol li {\n  border-color: #f9b400;\n}<\/p>\n<p>.alternate-bg {\n  background-color: #f9b400;\n}<\/p>\n<p>.button {\n  background-color: #fff;\n}<\/p>\n<p>@media (hover: hover) {\n  .button:hover {\n    color: #fff;\n  }\n}<\/p>\n<p>#verantwortung {\n  color: #404040;\n}<\/p>\n<p>.button {\n  color: #000;\n}<\/p>\n<p>@media (hover: hover) {\n  .button:hover {\n    background-color: #000;\n  }\n}<\/p>\n<p>\/** Typography *\/\n#verantwortung {\n  font-size: 15px;\n  line-height: 1.2;\n}\n@media only screen and (min-width: 768px) {\n  #verantwortung {\n    font-size: 16px;\n  }\n}<\/p>\n<p>#verantwortung figcaption {\n  font-size: 12px;\n}<\/p>\n<p>#verantwortung ol li {\n  line-height: 1.5;\n}<\/p>\n<p>#verantwortung h3,\n#verantwortung ol i {\n  font-size: 18px;\n  font-weight: 400;\n}\n@media only screen and (min-width: 768px) {\n  #verantwortung h3,\n  #verantwortung ol i {\n    font-size: 20px;\n  }\n}<\/p>\n<p>#verantwortung h2 {\n  font-size: 22px;\n  font-weight: 400;\n}\n@media only screen and (min-width: 768px) {\n  #verantwortung h2 {\n    font-size: 25px;\n  }\n}<\/p>\n<p>#verantwortung .intro h2 {\n  font-size: 25px;\n}\n@media only screen and (min-width: 768px) {\n  #verantwortung .intro h2 {\n    font-size: 30px;\n  }\n}<\/p>\n<p>#verantwortung ol i {\n  font-style: normal;\n  font-weight: 700;\n}<\/p>\n<p>.button,\n#verantwortung h3,\n#verantwortung strong,\n#verantwortung .visual .visual-content {\n  letter-spacing: .04em;\n  text-transform: uppercase;\n}<\/p>\n<p>#verantwortung ol {\n  margin: 2.5em 0;\n}<\/p>\n<p>#verantwortung figure {\n  margin: 1.5em 0;\n}<\/p>\n<p>#verantwortung h2,\n#verantwortung p {\n  margin: 0 0 1em;\n}<\/p>\n<p>#verantwortung h3 {\n  margin: 0 0 .2em;\n}<\/p>\n<p>\/** Helpers *\/\n#verantwortung .visually-hidden { \n  position: absolute !important;\n  height: 1px; \n  width: 1px;\n  overflow: hidden;\n  clip: rect(1px 1px 1px 1px); \/* IE6, IE7 *\/\n  clip: rect(1px, 1px, 1px, 1px);\n  white-space: nowrap; \/* added line *\/\n}<\/p>\n<p>\/** Article *\/\n#verantwortung {\n}\n@media only screen and (min-width: 768px) {\n  #verantwortung {\n    padding: 0;\n  }\n}<\/p>\n<p>\/** Header *\/\n#verantwortung > header {\n  margin-bottom: .75rem;\n}<\/p>\n<p>\/** Sections *\/\n#verantwortung section {\n  border-style: solid;\n  border-width: 2px;\n  padding: 2em 2em 0;\n}<\/p>\n<p>#verantwortung section + section {\n  border-top-style: none;\n  border-top-width: 0;\n}<\/p>\n<p>\/** Images *\/\n#verantwortung picture,\n#verantwortung img {\n  max-width: 100%;\n  width: 100%;\n}<\/p>\n<p>#verantwortung figure.auto-width img {\n  width: auto;\n}<\/p>\n<p>\/** Visual Strip *\/\n#verantwortung .visual {\n  position: relative;\n}<\/p>\n<p>#verantwortung section.visual {\n  padding: 0;\n}<\/p>\n<p>#verantwortung .visual .visual-bg {\n  margin: 0;\n  min-height: 38rem;\n  width: 100%;\n}\n@media only screen and (min-width: 420px) {\n  #verantwortung .visual .visual-bg {\n    min-height: 30rem;\n  }\n}\n@media only screen and (min-width: 992px) {\n  #verantwortung .visual .visual-bg {\n    min-height: 0;\n  }\n}<\/p>\n<p>#verantwortung .visual .visual-bg img {\n  height: 100%;\n  object-fit: cover;\n  object-position: center;\n  position: absolute;\n}\n@media only screen and (min-width: 992px) {\n  #verantwortung .visual .visual-bg img {\n    position: static;\n  }\n}<\/p>\n<p>#verantwortung .visual .visual-content {\n  height: 100%;\n  left: 0;\n  position: absolute;\n  top: 0;\n  width: 100%;\n}<\/p>\n<p>#verantwortung .visual .visual-text {\n  bottom: 2em;\n  left: 3.2rem;\n  position: absolute;\n  width: calc(100% - 6.4rem);\n}\n@media only screen and (min-width: 768px) {\n  #verantwortung .visual .visual-text {\n    bottom: auto;\n    left: auto;\n    right: 3.2rem;\n    top: 2em;\n    width: calc(66% - 4.8rem);\n  }\n}\n@media only screen and (min-width: 1200px) {\n  #verantwortung .visual .visual-text {\n    width: calc(33% - 4.8rem);\n  }\n}<\/p>\n<p>#verantwortung .visual .visual-text {\n  margin: 0;\n}<\/p>\n<p>\/** Vignettes *\/\n#verantwortung .vignette {\n  position: absolute;\n  width: calc(100% - 4em);\n}\n@media only screen and (min-width: 480px) {\n  #verantwortung .vignette {\n    width: auto;\n  }\n}\n@media only screen and (min-width: 768px) {\n  #verantwortung .vignette {\n    width: calc(33% - 3em);\n  }\n}\n@media only screen and (min-width: 1200px) {\n  #verantwortung .vignette {\n    width: auto;\n  }\n}<\/p>\n<p>#verantwortung .vignette img {\n  width: auto;\n}<\/p>\n<p>#vignette-60-years {\n  left: 2em;\n  top: 2em;\n}<\/p>\n<p>\/** Columns *\/\n#verantwortung .column-wrapper {\n}\n@media only screen and (min-width: 768px) {\n  #verantwortung .column-wrapper {\n    align-items: stretch;\n    display: flex;\n    height: 100%;\n    justify-content: space-between;\n  }\n}<\/p>\n<p>#verantwortung .column {\n  margin: 4rem 0 0;\n  padding: 0 0 .5em;\n}\n@media only screen and (min-width: 768px) {\n  #verantwortung .column {\n    margin: 0;\n    width: 48%;\n  }\n}<\/p>\n<p>#verantwortung .column.column-wide {\n}\n@media only screen and (min-width: 768px) {\n  #verantwortung .column.column-wide {\n    width: 62%;\n  }\n}<\/p>\n<p>#verantwortung .column.column-wide + .column {\n}\n@media only screen and (min-width: 768px) {\n  #verantwortung .column.column-wide + .column {\n    width: calc(33.333% - 7px);\n  }\n}<\/p>\n<p>#verantwortung .column-image {\n  padding: 0 !important;\n}\n@media only screen and (min-width: 768px) {\n  #verantwortung .column-image:first-child {\n    margin-left: -2em;\n  }<\/p>\n<p>  #verantwortung .column-image:last-child {\n    margin-right: -2em;\n  }\n}<\/p>\n<p>#verantwortung .column-image figure {\n  margin: 0;\n}<\/p>\n<p>#verantwortung .column-image figcaption {\n  margin: .4em 3.2rem 3.2rem;\n}<\/p>\n<p>\/** Lists *\/\n#verantwortung ol {\n  list-style: none;\n  padding: 0;\n}\n@media only screen and (min-width: 768px) {\n  #verantwortung ol {\n    display: flex;\n    margin-left: -1em;\n    margin-right: -1em;\n  }\n}<\/p>\n<p>#verantwortung ol li {\n  align-items: center;\n  display: flex;\n  flex-direction: column;\n  justify-content: space-between;\n  padding: 1.5em 0;\n}\n#verantwortung ol li + li {\n  border-top-style: solid;\n  border-top-width: 2px;\n}\n@media only screen and (min-width: 768px) {\n  #verantwortung ol li {\n    padding: 1em;\n    width: 33.33%;\n  }<\/p>\n<p>  #verantwortung ol li + li {\n    border-top-style: none;\n    border-top-width: 0;\n    border-left-style: solid;\n    border-left-width: 2px;\n  }\n}<\/p>\n<p>#verantwortung ol figure {\n  margin: 0;\n  width: auto;\n}<\/p>\n<p>#verantwortung ol img {\n  margin: 0;\n  max-width: 100px;\n}\n@media only screen and (min-width: 768px) {\n  #verantwortung ol img {\n    max-width: none;\n  }\n}<\/p>\n<p>\/** Button *\/\n.button {\n  display: block;\n  margin: 1em auto;\n  padding: .4em 1em;\n  text-align: center;\n  transition: all 200ms ease-out;\n  width: 70%;\n}\n<\/style>\n","protected":false},"excerpt":{"rendered":"<p>R\u00f6sler about responsibility Our quality conviction since 60 years R\u00f6sler retreaded OTR tyres need 80% less CO2 than new tyres R\u00f6sler retreaded OTR tyres need 80% less CO2 than new tyres\u00a0\u2013 through responsible production, diligent recycling and careful use of energy and resources\u00a0\u2013 this is quality in our opinion. Highest manufacturing quality Highest manufacturing quality, <a class=\"moretag\" href=\"https:\/\/www.roesler-tyres.com\/en\/verantwortung\/\">[&#8230;]<\/a><\/p>\n","protected":false},"author":1,"featured_media":0,"parent":0,"menu_order":0,"comment_status":"closed","ping_status":"closed","template":"","meta":{"footnotes":""},"yoast_head":"<!-- This site is optimized with the Yoast SEO plugin v21.0 - https:\/\/yoast.com\/wordpress\/plugins\/seo\/ -->\n<title>Responsibility - R\u00f6sler Tyre Innovators<\/title>\n<meta name=\"robots\" content=\"index, follow, max-snippet:-1, max-image-preview:large, max-video-preview:-1\" \/>\n<link rel=\"canonical\" href=\"https:\/\/www.roesler-tyres.com\/verantwortung\/\" \/>\n<meta name=\"twitter:label1\" content=\"Est. reading time\" \/>\n\t<meta name=\"twitter:data1\" content=\"2 minutes\" \/>\n<script type=\"application\/ld+json\" class=\"yoast-schema-graph\">{\"@context\":\"https:\/\/schema.org\",\"@graph\":[{\"@type\":\"WebPage\",\"@id\":\"https:\/\/www.roesler-tyres.com\/verantwortung\/\",\"url\":\"https:\/\/www.roesler-tyres.com\/verantwortung\/\",\"name\":\"Responsibility - R\u00f6sler Tyre Innovators\",\"isPartOf\":{\"@id\":\"https:\/\/www.roesler-tyres.com\/#website\"},\"datePublished\":\"2020-04-16T13:24:53+00:00\",\"dateModified\":\"2020-06-11T14:04:34+00:00\",\"breadcrumb\":{\"@id\":\"https:\/\/www.roesler-tyres.com\/verantwortung\/#breadcrumb\"},\"inLanguage\":\"en-US\",\"potentialAction\":[{\"@type\":\"ReadAction\",\"target\":[\"https:\/\/www.roesler-tyres.com\/verantwortung\/\"]}]},{\"@type\":\"BreadcrumbList\",\"@id\":\"https:\/\/www.roesler-tyres.com\/verantwortung\/#breadcrumb\",\"itemListElement\":[{\"@type\":\"ListItem\",\"position\":1,\"name\":\"Home\",\"item\":\"https:\/\/www.roesler-tyres.com\/en\/\"},{\"@type\":\"ListItem\",\"position\":2,\"name\":\"Responsibility\"}]},{\"@type\":\"WebSite\",\"@id\":\"https:\/\/www.roesler-tyres.com\/#website\",\"url\":\"https:\/\/www.roesler-tyres.com\/\",\"name\":\"R\u00f6sler Tyre Innovators\",\"description\":\"\u00dcber 50 J\u00e4hrige Erfahrung im EM-Reifen Markt\",\"potentialAction\":[{\"@type\":\"SearchAction\",\"target\":{\"@type\":\"EntryPoint\",\"urlTemplate\":\"https:\/\/www.roesler-tyres.com\/?s={search_term_string}\"},\"query-input\":\"required name=search_term_string\"}],\"inLanguage\":\"en-US\"}]}<\/script>\n<!-- \/ Yoast SEO plugin. -->","yoast_head_json":{"title":"Responsibility - R\u00f6sler Tyre Innovators","robots":{"index":"index","follow":"follow","max-snippet":"max-snippet:-1","max-image-preview":"max-image-preview:large","max-video-preview":"max-video-preview:-1"},"canonical":"https:\/\/www.roesler-tyres.com\/verantwortung\/","twitter_misc":{"Est. reading time":"2 minutes"},"schema":{"@context":"https:\/\/schema.org","@graph":[{"@type":"WebPage","@id":"https:\/\/www.roesler-tyres.com\/verantwortung\/","url":"https:\/\/www.roesler-tyres.com\/verantwortung\/","name":"Responsibility - R\u00f6sler Tyre Innovators","isPartOf":{"@id":"https:\/\/www.roesler-tyres.com\/#website"},"datePublished":"2020-04-16T13:24:53+00:00","dateModified":"2020-06-11T14:04:34+00:00","breadcrumb":{"@id":"https:\/\/www.roesler-tyres.com\/verantwortung\/#breadcrumb"},"inLanguage":"en-US","potentialAction":[{"@type":"ReadAction","target":["https:\/\/www.roesler-tyres.com\/verantwortung\/"]}]},{"@type":"BreadcrumbList","@id":"https:\/\/www.roesler-tyres.com\/verantwortung\/#breadcrumb","itemListElement":[{"@type":"ListItem","position":1,"name":"Home","item":"https:\/\/www.roesler-tyres.com\/en\/"},{"@type":"ListItem","position":2,"name":"Responsibility"}]},{"@type":"WebSite","@id":"https:\/\/www.roesler-tyres.com\/#website","url":"https:\/\/www.roesler-tyres.com\/","name":"R\u00f6sler Tyre Innovators","description":"\u00dcber 50 J\u00e4hrige Erfahrung im EM-Reifen Markt","potentialAction":[{"@type":"SearchAction","target":{"@type":"EntryPoint","urlTemplate":"https:\/\/www.roesler-tyres.com\/?s={search_term_string}"},"query-input":"required name=search_term_string"}],"inLanguage":"en-US"}]}},"_links":{"self":[{"href":"https:\/\/www.roesler-tyres.com\/en\/wp-json\/wp\/v2\/pages\/2116"}],"collection":[{"href":"https:\/\/www.roesler-tyres.com\/en\/wp-json\/wp\/v2\/pages"}],"about":[{"href":"https:\/\/www.roesler-tyres.com\/en\/wp-json\/wp\/v2\/types\/page"}],"author":[{"embeddable":true,"href":"https:\/\/www.roesler-tyres.com\/en\/wp-json\/wp\/v2\/users\/1"}],"replies":[{"embeddable":true,"href":"https:\/\/www.roesler-tyres.com\/en\/wp-json\/wp\/v2\/comments?post=2116"}],"version-history":[{"count":5,"href":"https:\/\/www.roesler-tyres.com\/en\/wp-json\/wp\/v2\/pages\/2116\/revisions"}],"predecessor-version":[{"id":2154,"href":"https:\/\/www.roesler-tyres.com\/en\/wp-json\/wp\/v2\/pages\/2116\/revisions\/2154"}],"wp:attachment":[{"href":"https:\/\/www.roesler-tyres.com\/en\/wp-json\/wp\/v2\/media?parent=2116"}],"curies":[{"name":"wp","href":"https:\/\/api.w.org\/{rel}","templated":true}]}}