{"id":2183,"date":"2020-04-01T17:51:45","date_gmt":"2020-04-01T15:51:45","guid":{"rendered":"https:\/\/www.roesler-tyres.com\/baumaschinenreifen\/"},"modified":"2020-08-14T12:32:22","modified_gmt":"2020-08-14T10:32:22","slug":"otr-tires","status":"publish","type":"page","link":"https:\/\/www.roesler-tyres.com\/en\/otr-tires\/","title":{"rendered":"OTR Tires"},"content":{"rendered":"<div class=\"container content-10 bg-verlauf\" id=\"eins\">\n<div class=\"col-sm-6\">\n<div>\n<h2 style=\"text-transform: uppercase\"><a href=\"https:\/\/www.roesler-tyres.com\/en\/precured-retreaded-tyres\/\"><img decoding=\"async\" loading=\"lazy\" src=\"https:\/\/www.roesler-tyres.com\/wp-content\/uploads\/2020\/04\/schelkmann.png\" alt=\"\" width=\"58\" height=\"46\" class=\"alignnone size-full wp-image-1624\" \/>Schelkmann<\/a><\/h2>\n<p style=\"font-size: 20px; text-transform: uppercase\"><a href=\"https:\/\/www.roesler-tyres.com\/en\/precured-retreaded-tyres\/\">Precured retreaded Tyres<\/a><\/p>\n<p><a href=\"https:\/\/www.roesler-tyres.com\/en\/precured-retreaded-tyres\/\">The Schelkmann cold retreading technique combines the vulcanization of the casing under low temperatures of 95\u00b0 C with highly efficient and high quality production with high pressure of more than 50 kg \/cm2 and short vulcanization time to an excellent performance-product. The patented and licensed technique of retreading, known as cold retreading is noted on national and international sector as a premium procedure for retreading Earth-Moving-Tyres. Earth Moving and Mining tyres for wheel loaders and mining vehicles, scrapers and dumpers are produced in our manufacturing plant in Dortmund by educated and skilled vulcanizers due to ISO 9000\/14000.<\/a>\n        <\/p>\n<\/p><\/div>\n<\/p><\/div>\n<div class=\"col-sm-6\">\n<div class=\"thumbs thumb-style thumb-inside\">\n<div class=\"thumb-img\">\n<div class=\"overflow-hidden\">\n              <a href=\"https:\/\/www.roesler-tyres.com\/en\/precured-retreaded-tyres\/\"><img decoding=\"async\" loading=\"lazy\" src=\"https:\/\/www.roesler-tyres.com\/wp-content\/uploads\/2020\/04\/Schelkmann-Baumaschinenreifen-1.png\" alt=\"\" width=\"520\" height=\"300\" class=\"alignnone size-full wp-image-1643\" \/><\/a>\n            <\/div>\n<\/p><\/div>\n<\/p><\/div>\n<\/p><\/div>\n<\/div>\n<div class=\"container content-10 bg-verlauf\" id=\"zwei\">\n<div class=\"col-sm-6\">\n<div>\n<h2 style=\"text-transform: uppercase\"><a href=\"https:\/\/www.roesler-tyres.com\/en\/moldcured-retreaded-tyres\/\"><img decoding=\"async\" loading=\"lazy\" src=\"https:\/\/www.roesler-tyres.com\/wp-content\/uploads\/2020\/04\/rodos.gif\" alt=\"\" width=\"58\" height=\"46\" class=\"alignnone size-full wp-image-1621\" \/>RODOS<\/a><\/h2>\n<p style=\"font-size: 20px; text-transform: uppercase\"><a href=\"https:\/\/www.roesler-tyres.com\/en\/moldcured-retreaded-tyres\/\">Moldcured Retreaded Tyres<\/a><\/p>\n<p><a href=\"https:\/\/www.roesler-tyres.com\/en\/moldcured-retreaded-tyres\/\">Rodos stands for \u201cR\u00f6sler Dortmund special tyres\u201d, vulcanized high-quality tyres in the sector of Earth Moving. Well sorted casings are retreaded to EM tyres, having the same mileage in their second life as high-quality new tyres. The tread patterns correspond to the current treads of the tyre industry. For our retreading companies and to ensure the expected durability of the Rodos tyres we use rubber compound made of synthetic and natural rubber in compliance of approved and new developed recipes.<br \/>\nRodos tyres are retreaded in moulds in a hot retreating procedure below 150\u00b0 C with a pressure of approximately 15 kg\/cm2.<\/a><\/p>\n<\/p><\/div>\n<\/p><\/div>\n<div class=\"col-sm-6\">\n<div class=\"thumbs thumb-style thumb-inside\">\n<div class=\"thumb-img\">\n<div class=\"overflow-hidden\">\n             <a href=\"https:\/\/www.roesler-tyres.com\/en\/moldcured-retreaded-tyres\/\"><img decoding=\"async\" loading=\"lazy\" src=\"https:\/\/www.roesler-tyres.com\/wp-content\/uploads\/2020\/04\/Rodos-Baumaschinenreifen.png\" alt=\"\" width=\"520\" height=\"300\" class=\"alignnone size-full wp-image-1645\" \/><\/a>\n            <\/div>\n<\/p><\/div>\n<\/p><\/div>\n<\/p><\/div>\n<\/div>\n<div class=\"container content-10 bg-verlauf\" id=\"vier\">\n<div class=\"col-sm-6\">\n<div>\n<h2 style=\"text-transform: uppercase\"><a href=\"https:\/\/www.roesler-tyres.com\/en\/new-otr-tyres\/\"><img decoding=\"async\" loading=\"lazy\" src=\"https:\/\/www.roesler-tyres.com\/wp-content\/uploads\/2020\/04\/roesler-baumaschinenreifen.png\" alt=\"\" width=\"58\" height=\"46\" class=\"alignnone size-full wp-image-1626\" \/>New Tires<\/a><\/h2>\n<p style=\"font-size: 20px; text-transform: uppercase\">\n<p>\n<a href=\"https:\/\/www.roesler-tyres.com\/en\/new-otr-tyres\/\">With over 50 years of experience in the OTR tyre industry, R\u00f6sler is a trusted supplier to tyre dealers, mining operations and construction companies worldwide. We maintain strategic partnerships with first- and second-tier manufacturers and are able to provide extensive stock and rapid delivery across the world.<br \/>\n<\/p>\n<p>Feel free to contact us anytime with any inquiry: <\/a><\/p>\n<p><strong>Tel.: +49 (0)231 917078-79<br \/>\n<a href=\"mailto:inquiry@roesler-tyres.com\">inquiry@roesler-tyres.com<\/a><\/strong><\/p>\n<\/p><\/div>\n<\/p><\/div>\n<div class=\"col-sm-6\">\n<div class=\"thumbs thumb-style thumb-inside\">\n<div class=\"thumb-img\">\n<div class=\"overflow-hidden\">\n              <a href=\"https:\/\/www.roesler-tyres.com\/en\/new-otr-tyres\/\"><img decoding=\"async\" src=\"https:\/\/www.roesler-tyres.com\/wp-content\/uploads\/2018\/05\/otr-reifen.jpg\" \/><\/a>\n            <\/div>\n<\/p><\/div>\n<\/p><\/div>\n<\/p><\/div>\n<\/div>\n","protected":false},"excerpt":{"rendered":"<p>Schelkmann Precured retreaded Tyres The Schelkmann cold retreading technique combines the vulcanization of the casing under low temperatures of 95\u00b0 C with highly efficient and high quality production with high pressure of more than 50 kg \/cm2 and short vulcanization time to an excellent performance-product. The patented and licensed technique of retreading, known as cold <a class=\"moretag\" href=\"https:\/\/www.roesler-tyres.com\/en\/otr-tires\/\">[&#8230;]<\/a><\/p>\n","protected":false},"author":1,"featured_media":0,"parent":0,"menu_order":0,"comment_status":"closed","ping_status":"closed","template":"","meta":{"footnotes":""},"yoast_head":"<!-- This site is optimized with the Yoast SEO plugin v21.0 - https:\/\/yoast.com\/wordpress\/plugins\/seo\/ -->\n<title>OTR Tires - R\u00f6sler Tyre Innovators<\/title>\n<meta name=\"robots\" content=\"index, follow, max-snippet:-1, max-image-preview:large, max-video-preview:-1\" \/>\n<link rel=\"canonical\" href=\"https:\/\/www.roesler-tyres.com\/en\/otr-tires\/\" \/>\n<meta name=\"twitter:label1\" content=\"Est. reading time\" \/>\n\t<meta name=\"twitter:data1\" content=\"1 minute\" \/>\n<script type=\"application\/ld+json\" class=\"yoast-schema-graph\">{\"@context\":\"https:\/\/schema.org\",\"@graph\":[{\"@type\":\"WebPage\",\"@id\":\"https:\/\/www.roesler-tyres.com\/en\/otr-tires\/\",\"url\":\"https:\/\/www.roesler-tyres.com\/en\/otr-tires\/\",\"name\":\"OTR Tires - R\u00f6sler Tyre Innovators\",\"isPartOf\":{\"@id\":\"https:\/\/www.roesler-tyres.com\/#website\"},\"datePublished\":\"2020-04-01T15:51:45+00:00\",\"dateModified\":\"2020-08-14T10:32:22+00:00\",\"breadcrumb\":{\"@id\":\"https:\/\/www.roesler-tyres.com\/en\/otr-tires\/#breadcrumb\"},\"inLanguage\":\"en-US\",\"potentialAction\":[{\"@type\":\"ReadAction\",\"target\":[\"https:\/\/www.roesler-tyres.com\/en\/otr-tires\/\"]}]},{\"@type\":\"BreadcrumbList\",\"@id\":\"https:\/\/www.roesler-tyres.com\/en\/otr-tires\/#breadcrumb\",\"itemListElement\":[{\"@type\":\"ListItem\",\"position\":1,\"name\":\"Home\",\"item\":\"https:\/\/www.roesler-tyres.com\/en\/\"},{\"@type\":\"ListItem\",\"position\":2,\"name\":\"OTR Tires\"}]},{\"@type\":\"WebSite\",\"@id\":\"https:\/\/www.roesler-tyres.com\/#website\",\"url\":\"https:\/\/www.roesler-tyres.com\/\",\"name\":\"R\u00f6sler Tyre Innovators\",\"description\":\"\u00dcber 50 J\u00e4hrige Erfahrung im EM-Reifen Markt\",\"potentialAction\":[{\"@type\":\"SearchAction\",\"target\":{\"@type\":\"EntryPoint\",\"urlTemplate\":\"https:\/\/www.roesler-tyres.com\/?s={search_term_string}\"},\"query-input\":\"required name=search_term_string\"}],\"inLanguage\":\"en-US\"}]}<\/script>\n<!-- \/ Yoast SEO plugin. -->","yoast_head_json":{"title":"OTR Tires - R\u00f6sler Tyre Innovators","robots":{"index":"index","follow":"follow","max-snippet":"max-snippet:-1","max-image-preview":"max-image-preview:large","max-video-preview":"max-video-preview:-1"},"canonical":"https:\/\/www.roesler-tyres.com\/en\/otr-tires\/","twitter_misc":{"Est. reading time":"1 minute"},"schema":{"@context":"https:\/\/schema.org","@graph":[{"@type":"WebPage","@id":"https:\/\/www.roesler-tyres.com\/en\/otr-tires\/","url":"https:\/\/www.roesler-tyres.com\/en\/otr-tires\/","name":"OTR Tires - R\u00f6sler Tyre Innovators","isPartOf":{"@id":"https:\/\/www.roesler-tyres.com\/#website"},"datePublished":"2020-04-01T15:51:45+00:00","dateModified":"2020-08-14T10:32:22+00:00","breadcrumb":{"@id":"https:\/\/www.roesler-tyres.com\/en\/otr-tires\/#breadcrumb"},"inLanguage":"en-US","potentialAction":[{"@type":"ReadAction","target":["https:\/\/www.roesler-tyres.com\/en\/otr-tires\/"]}]},{"@type":"BreadcrumbList","@id":"https:\/\/www.roesler-tyres.com\/en\/otr-tires\/#breadcrumb","itemListElement":[{"@type":"ListItem","position":1,"name":"Home","item":"https:\/\/www.roesler-tyres.com\/en\/"},{"@type":"ListItem","position":2,"name":"OTR Tires"}]},{"@type":"WebSite","@id":"https:\/\/www.roesler-tyres.com\/#website","url":"https:\/\/www.roesler-tyres.com\/","name":"R\u00f6sler Tyre Innovators","description":"\u00dcber 50 J\u00e4hrige Erfahrung im EM-Reifen Markt","potentialAction":[{"@type":"SearchAction","target":{"@type":"EntryPoint","urlTemplate":"https:\/\/www.roesler-tyres.com\/?s={search_term_string}"},"query-input":"required name=search_term_string"}],"inLanguage":"en-US"}]}},"_links":{"self":[{"href":"https:\/\/www.roesler-tyres.com\/en\/wp-json\/wp\/v2\/pages\/2183"}],"collection":[{"href":"https:\/\/www.roesler-tyres.com\/en\/wp-json\/wp\/v2\/pages"}],"about":[{"href":"https:\/\/www.roesler-tyres.com\/en\/wp-json\/wp\/v2\/types\/page"}],"author":[{"embeddable":true,"href":"https:\/\/www.roesler-tyres.com\/en\/wp-json\/wp\/v2\/users\/1"}],"replies":[{"embeddable":true,"href":"https:\/\/www.roesler-tyres.com\/en\/wp-json\/wp\/v2\/comments?post=2183"}],"version-history":[{"count":11,"href":"https:\/\/www.roesler-tyres.com\/en\/wp-json\/wp\/v2\/pages\/2183\/revisions"}],"predecessor-version":[{"id":2204,"href":"https:\/\/www.roesler-tyres.com\/en\/wp-json\/wp\/v2\/pages\/2183\/revisions\/2204"}],"wp:attachment":[{"href":"https:\/\/www.roesler-tyres.com\/en\/wp-json\/wp\/v2\/media?parent=2183"}],"curies":[{"name":"wp","href":"https:\/\/api.w.org\/{rel}","templated":true}]}}