{"id":590,"date":"2018-05-18T11:31:50","date_gmt":"2018-05-18T09:31:50","guid":{"rendered":"http:\/\/i-tread.de\/otr-neureifen\/"},"modified":"2020-07-07T17:13:08","modified_gmt":"2020-07-07T15:13:08","slug":"new-otr-tyres","status":"publish","type":"page","link":"https:\/\/www.roesler-tyres.com\/en\/new-otr-tyres\/","title":{"rendered":"otr-neureifen"},"content":{"rendered":"<div class=\"container content-10 bg-verlauf\" id=\"eins\">\n<div class=\"col-sm-6\">\n<div>\n<h2>New Tyres<\/h2>\n<p>With over 50 years of experience in the OTR tyre industry, R\u00f6sler is a trusted supplier to tyre dealers, mining operations and construction companies worldwide. We maintain strategic partnerships with first- and second-tier manufacturers and are able to provide extensive stock and rapid delivery across the world.<\/p>\n<p>Feel free to contact us anytime with any inquiry: <\/p>\n<p><strong>Tel.: +49 (0)231 917078-79<br \/>\n<a href=\"mailto:inquiry@roesler-tyres.com\">inquiry@roesler-tyres.com<\/a><\/strong><\/p>\n<p>          <span><\/p>\n<p>          <\/span>\n        <\/div>\n<\/p><\/div>\n<div class=\"col-sm-6\">\n<div class=\"thumbs thumb-style thumb-inside\">\n<div class=\"thumb-img\">\n<div class=\"overflow-hidden\">\n<p>\n<img decoding=\"async\" loading=\"lazy\" src=\"http:\/\/i-tread.de\/wp-content\/uploads\/2018\/05\/otr-reifen.jpg\" alt=\"\" width=\"538\" height=\"305\" class=\"alignnone size-full wp-image-233\" srcset=\"https:\/\/www.roesler-tyres.com\/wp-content\/uploads\/2018\/05\/otr-reifen.jpg 538w, https:\/\/www.roesler-tyres.com\/wp-content\/uploads\/2018\/05\/otr-reifen-300x170.jpg 300w\" sizes=\"(max-width: 538px) 100vw, 538px\" \/><\/p><\/div>\n<\/p><\/div>\n<\/p><\/div>\n<\/p><\/div>\n<\/p><\/div>\n","protected":false},"excerpt":{"rendered":"<p>New Tyres With over 50 years of experience in the OTR tyre industry, R\u00f6sler is a trusted supplier to tyre dealers, mining operations and construction companies worldwide. We maintain strategic partnerships with first- and second-tier manufacturers and are able to provide extensive stock and rapid delivery across the world. Feel free to contact us anytime <a class=\"moretag\" href=\"https:\/\/www.roesler-tyres.com\/en\/new-otr-tyres\/\">[&#8230;]<\/a><\/p>\n","protected":false},"author":1,"featured_media":0,"parent":0,"menu_order":0,"comment_status":"closed","ping_status":"closed","template":"","meta":{"footnotes":""},"yoast_head":"<!-- This site is optimized with the Yoast SEO plugin v21.0 - https:\/\/yoast.com\/wordpress\/plugins\/seo\/ -->\n<title>New OTR Tyres<\/title>\n<meta name=\"description\" content=\"With +50 years of experience in the OTR tyre industry, R\u00f6sler is a trusted supplier to tyre dealers, mining operations and construction companies worldwide.\" \/>\n<meta name=\"robots\" content=\"index, follow, max-snippet:-1, max-image-preview:large, max-video-preview:-1\" \/>\n<link rel=\"canonical\" href=\"https:\/\/www.roesler-tyres.com\/otr-neureifen\/\" \/>\n<script type=\"application\/ld+json\" class=\"yoast-schema-graph\">{\"@context\":\"https:\/\/schema.org\",\"@graph\":[{\"@type\":\"WebPage\",\"@id\":\"https:\/\/www.roesler-tyres.com\/otr-neureifen\/\",\"url\":\"https:\/\/www.roesler-tyres.com\/otr-neureifen\/\",\"name\":\"New OTR Tyres\",\"isPartOf\":{\"@id\":\"https:\/\/www.roesler-tyres.com\/#website\"},\"datePublished\":\"2018-05-18T09:31:50+00:00\",\"dateModified\":\"2020-07-07T15:13:08+00:00\",\"description\":\"With +50 years of experience in the OTR tyre industry, R\u00f6sler is a trusted supplier to tyre dealers, mining operations and construction companies worldwide.\",\"breadcrumb\":{\"@id\":\"https:\/\/www.roesler-tyres.com\/otr-neureifen\/#breadcrumb\"},\"inLanguage\":\"en-US\",\"potentialAction\":[{\"@type\":\"ReadAction\",\"target\":[\"https:\/\/www.roesler-tyres.com\/otr-neureifen\/\"]}]},{\"@type\":\"BreadcrumbList\",\"@id\":\"https:\/\/www.roesler-tyres.com\/otr-neureifen\/#breadcrumb\",\"itemListElement\":[{\"@type\":\"ListItem\",\"position\":1,\"name\":\"Home\",\"item\":\"https:\/\/www.roesler-tyres.com\/en\/\"},{\"@type\":\"ListItem\",\"position\":2,\"name\":\"otr-neureifen\"}]},{\"@type\":\"WebSite\",\"@id\":\"https:\/\/www.roesler-tyres.com\/#website\",\"url\":\"https:\/\/www.roesler-tyres.com\/\",\"name\":\"R\u00f6sler Tyre Innovators\",\"description\":\"\u00dcber 50 J\u00e4hrige Erfahrung im EM-Reifen Markt\",\"potentialAction\":[{\"@type\":\"SearchAction\",\"target\":{\"@type\":\"EntryPoint\",\"urlTemplate\":\"https:\/\/www.roesler-tyres.com\/?s={search_term_string}\"},\"query-input\":\"required name=search_term_string\"}],\"inLanguage\":\"en-US\"}]}<\/script>\n<!-- \/ Yoast SEO plugin. -->","yoast_head_json":{"title":"New OTR Tyres","description":"With +50 years of experience in the OTR tyre industry, R\u00f6sler is a trusted supplier to tyre dealers, mining operations and construction companies worldwide.","robots":{"index":"index","follow":"follow","max-snippet":"max-snippet:-1","max-image-preview":"max-image-preview:large","max-video-preview":"max-video-preview:-1"},"canonical":"https:\/\/www.roesler-tyres.com\/otr-neureifen\/","schema":{"@context":"https:\/\/schema.org","@graph":[{"@type":"WebPage","@id":"https:\/\/www.roesler-tyres.com\/otr-neureifen\/","url":"https:\/\/www.roesler-tyres.com\/otr-neureifen\/","name":"New OTR Tyres","isPartOf":{"@id":"https:\/\/www.roesler-tyres.com\/#website"},"datePublished":"2018-05-18T09:31:50+00:00","dateModified":"2020-07-07T15:13:08+00:00","description":"With +50 years of experience in the OTR tyre industry, R\u00f6sler is a trusted supplier to tyre dealers, mining operations and construction companies worldwide.","breadcrumb":{"@id":"https:\/\/www.roesler-tyres.com\/otr-neureifen\/#breadcrumb"},"inLanguage":"en-US","potentialAction":[{"@type":"ReadAction","target":["https:\/\/www.roesler-tyres.com\/otr-neureifen\/"]}]},{"@type":"BreadcrumbList","@id":"https:\/\/www.roesler-tyres.com\/otr-neureifen\/#breadcrumb","itemListElement":[{"@type":"ListItem","position":1,"name":"Home","item":"https:\/\/www.roesler-tyres.com\/en\/"},{"@type":"ListItem","position":2,"name":"otr-neureifen"}]},{"@type":"WebSite","@id":"https:\/\/www.roesler-tyres.com\/#website","url":"https:\/\/www.roesler-tyres.com\/","name":"R\u00f6sler Tyre Innovators","description":"\u00dcber 50 J\u00e4hrige Erfahrung im EM-Reifen Markt","potentialAction":[{"@type":"SearchAction","target":{"@type":"EntryPoint","urlTemplate":"https:\/\/www.roesler-tyres.com\/?s={search_term_string}"},"query-input":"required name=search_term_string"}],"inLanguage":"en-US"}]}},"_links":{"self":[{"href":"https:\/\/www.roesler-tyres.com\/en\/wp-json\/wp\/v2\/pages\/590"}],"collection":[{"href":"https:\/\/www.roesler-tyres.com\/en\/wp-json\/wp\/v2\/pages"}],"about":[{"href":"https:\/\/www.roesler-tyres.com\/en\/wp-json\/wp\/v2\/types\/page"}],"author":[{"embeddable":true,"href":"https:\/\/www.roesler-tyres.com\/en\/wp-json\/wp\/v2\/users\/1"}],"replies":[{"embeddable":true,"href":"https:\/\/www.roesler-tyres.com\/en\/wp-json\/wp\/v2\/comments?post=590"}],"version-history":[{"count":5,"href":"https:\/\/www.roesler-tyres.com\/en\/wp-json\/wp\/v2\/pages\/590\/revisions"}],"predecessor-version":[{"id":1159,"href":"https:\/\/www.roesler-tyres.com\/en\/wp-json\/wp\/v2\/pages\/590\/revisions\/1159"}],"wp:attachment":[{"href":"https:\/\/www.roesler-tyres.com\/en\/wp-json\/wp\/v2\/media?parent=590"}],"curies":[{"name":"wp","href":"https:\/\/api.w.org\/{rel}","templated":true}]}}