{"id":593,"date":"2018-05-18T11:13:48","date_gmt":"2018-05-18T09:13:48","guid":{"rendered":"http:\/\/i-tread.de\/kalterneuerung-schelkmann-reifen\/"},"modified":"2018-08-18T23:32:23","modified_gmt":"2018-08-18T21:32:23","slug":"precured-retreaded-tyres","status":"publish","type":"page","link":"https:\/\/www.roesler-tyres.com\/en\/precured-retreaded-tyres\/","title":{"rendered":"Schelkmann &#8211; Precured Retreaded Tyres"},"content":{"rendered":"<div class=\"container content-10 bg-verlauf\">\n<div class=\"col-sm-6\">\n<div>\n<h2>Precured Retreaded Tyres<\/h2>\n<p><!--###EN \u00dcbersetzung### Das <strong>Schelkmann Kalterneuerungsverfahren<\/strong> kombiniert die Vulkanisation der Karkasse unter niedrigen Temperaturen von 95\u00b0 C mit der hocheffizienten und hochqualitativen Herstellung der Profilstreifen unter hohem Druck von mehr als 50 kg \/cm2 und kurzer Vulkanisationszeit zu einem hervorragenden Performance-Produkt.\nDas patentierte und lizensierte Verfahren der Runderneuerung ist unter dem Begriff Kalterneuerung im nationalen und internationalen Markt als hochwertiges EM-Reifen Runderneuerungsverfahren bekannt.\nSchelkmann Reifen liefern in Bergwerken, Tagebaubetrieben, Natursteinbetrieben, Kohleminen, Eisenerzminen, Schlacke-Aufbereitungsbetrieben, Recyclingbetrieben, Steinbr\u00fcchen sowie Kies- und Sandgruben beste Ergebnisse und Laufleistungen.\nEM und Minen Reifen (Earth Mover und Mining Tyres) f\u00fcr Radlader und Minenfahrzeuge, Scraper und Muldenkipper werden im Dortmunder industriellen Handwerksbetrieb von geschulten und gut ausgebildeten Vulkaniseuren unter Einhaltung der ISO 9000\/14000 hergestellt.--><\/p>\n<p>&nbsp;<\/p>\n<\/div>\n<\/div>\n<div class=\"col-sm-6\">\n<div class=\"thumbs thumb-style thumb-inside\">\n<div class=\"thumb-img\">\n<div class=\"overflow-hidden\">\n<p><img decoding=\"async\" loading=\"lazy\" src=\"\/wp-content\/uploads\/2018\/05\/schelkmann-giant-tyres-halle.jpg\" alt=\"\" width=\"538\" height=\"305\" class=\"alignnone size-full wp-image-240\" srcset=\"https:\/\/www.roesler-tyres.com\/wp-content\/uploads\/2018\/05\/schelkmann-giant-tyres-halle.jpg 538w, https:\/\/www.roesler-tyres.com\/wp-content\/uploads\/2018\/05\/schelkmann-giant-tyres-halle-300x170.jpg 300w\" sizes=\"(max-width: 538px) 100vw, 538px\" \/><\/p>\n<\/div>\n<\/div>\n<\/div>\n<\/div>\n<\/div>\n<div class=\"container content-10 bg-verlauf\">\n<ul class=\"gallery\">\n<li class=\"gallery-item\">\n<a href=\"\/en\/precured-retreaded-tyres\/sr55d-e4\/\"><br \/>\n  <img decoding=\"async\" src=\"\/kalterneuerung\/5.jpg\" alt=\"SR55D E4\" \/><br \/>\n  <span class=\"caption\">SR55D E4<\/span><br \/>\n<\/a>\n<\/li>\n<li class=\"gallery-item\">\n<a href=\"\/en\/precured-retreaded-tyres\/sr60n-e3\"><br \/>\n  <img decoding=\"async\" src=\"\/kalterneuerung\/50.jpg\" alt=\"SR60N E3\" \/><br \/>\n  <span class=\"caption\">SR60N E3<\/span><br \/>\n<\/a>\n<\/li>\n<li class=\"gallery-item\">\n<a href=\"\/en\/precured-retreaded-tyres\/sr60n-l4\"><br \/>\n  <img decoding=\"async\" src=\"\/kalterneuerung\/47.jpg\" alt=\"SR60N L4\" \/><br \/>\n  <span class=\"caption\">SR60N L4<\/span><br \/>\n<\/a>\n<\/li>\n<li class=\"gallery-item\">\n<a href=\"\/en\/precured-retreaded-tyres\/sr60d-e4\"><br \/>\n  <img decoding=\"async\" src=\"\/kalterneuerung\/8.jpg\" alt=\"SR60D E4\" \/><br \/>\n  <span class=\"caption\">SR60D E4<\/span><br \/>\n<\/a>\n<\/li>\n<li class=\"gallery-item\">\n<a style=\"margin-right: 0;\" href=\"\/en\/precured-retreaded-tyres\/sr60d-l5\"><br \/>\n  <img decoding=\"async\" src=\"\/kalterneuerung\/11.jpg\" alt=\"SR60D L5\" \/><br \/>\n  <span class=\"caption\">SR60D L5<\/span><br \/>\n<\/a>\n<\/li>\n<li class=\"gallery-item\">\n<a href=\"\/en\/precured-retreaded-tyres\/sr62d-e4\"><br \/>\n  <img decoding=\"async\" src=\"\/kalterneuerung\/17.jpg\" alt=\"SR62D E4\" \/><br \/>\n  <span class=\"caption\">SR62D E4<\/span><br \/>\n<\/a>\n<\/li>\n<li class=\"gallery-item\">\n<a href=\"\/en\/precured-retreaded-tyres\/sr63n-e3\"><br \/>\n  <img decoding=\"async\" src=\"\/kalterneuerung\/53.jpg\" alt=\"SR63N E3\" \/><br \/>\n  <span class=\"caption\">SR63N E3<\/span><br \/>\n<\/a>\n<\/li>\n<li class=\"gallery-item\">\n<a href=\"\/en\/precured-retreaded-tyres\/sr63d-e4\"><br \/>\n  <img decoding=\"async\" src=\"\/kalterneuerung\/20.jpg\" alt=\"SR63D E4\" \/><br \/>\n  <span class=\"caption\">SR63D E4<\/span><br \/>\n<\/a>\n<\/li>\n<li class=\"gallery-item\">\n<a href=\"\/en\/precured-retreaded-tyres\/sr64n-e3\"><br \/>\n  <img decoding=\"async\" src=\"\/kalterneuerung\/56.jpg\" alt=\"SR64N E3\" \/><br \/>\n  <span class=\"caption\">SR64N E3<\/span><br \/>\n<\/a>\n<\/li>\n<li class=\"gallery-item\">\n<a style=\"margin-right: 0;\" href=\"\/en\/precured-retreaded-tyres\/sr66d-e4\"><br \/>\n  <img decoding=\"async\" src=\"\/kalterneuerung\/92.jpg\" alt=\"SR66D E4\" \/><br \/>\n  <span class=\"caption\">SR66D E4<\/span><br \/>\n<\/a>\n<\/li>\n<li class=\"gallery-item\">\n<a href=\"\/en\/precured-retreaded-tyres\/sr74n-l3\"><br \/>\n  <img decoding=\"async\" src=\"\/kalterneuerung\/44.jpg\" alt=\"SR74N L3\" \/><br \/>\n  <span class=\"caption\">SR74N L3<\/span><br \/>\n<\/a>\n<\/li>\n<li class=\"gallery-item\">\n<a href=\"\/en\/precured-retreaded-tyres\/sr75d-l4\"><br \/>\n  <img decoding=\"async\" src=\"\/kalterneuerung\/65.jpg\" alt=\"SR75D L4\" \/><br \/>\n  <span class=\"caption\">SR75D L4<\/span><br \/>\n<\/a>\n<\/li>\n<li class=\"gallery-item\">\n<a href=\"\/en\/precured-retreaded-tyres\/sr80d-l4\"><br \/>\n  <img decoding=\"async\" src=\"\/kalterneuerung\/41.jpg\" alt=\"SR80D L4\" \/><br \/>\n  <span class=\"caption\">SR80D L4<\/span><br \/>\n<\/a>\n<\/li>\n<li class=\"gallery-item\">\n<a href=\"\/en\/precured-retreaded-tyres\/sr83d-l4\"><br \/>\n  <img decoding=\"async\" src=\"\/kalterneuerung\/59.jpg\" alt=\"SR83D L4\" \/><br \/>\n  <span class=\"caption\">SR83D L4<\/span><br \/>\n<\/a>\n<\/li>\n<li class=\"gallery-item\">\n<a style=\"margin-right: 0;\" href=\"\/en\/precured-retreaded-tyres\/sr81sd-l5\"><br \/>\n  <img decoding=\"async\" src=\"\/kalterneuerung\/95.jpg\" alt=\"SR81SD L5\" \/><br \/>\n  <span class=\"caption\">SR81SD L5<\/span><br \/>\n<\/a>\n<\/li>\n<li class=\"gallery-item\">\n<a href=\"\/en\/precured-retreaded-tyres\/sr82sd-l5\"><br \/>\n  <img decoding=\"async\" src=\"\/kalterneuerung\/29.jpg\" alt=\"SR82SD L5\" \/><br \/>\n  <span class=\"caption\">SR82SD L5<\/span><br \/>\n<\/a>\n<\/li>\n<li class=\"gallery-item\">\n<a href=\"\/en\/precured-retreaded-tyres\/sr83sd-l5\"><br \/>\n  <img decoding=\"async\" src=\"\/kalterneuerung\/62.jpg\" alt=\"SR83SD L5\" \/><br \/>\n  <span class=\"caption\">SR83SD L5<\/span><br \/>\n<\/a>\n<\/li>\n<li class=\"gallery-item\">\n<a href=\"\/en\/precured-retreaded-tyres\/winter-l3-e3\"><br \/>\n<img decoding=\"async\" src=\"\/kalterneuerung\/38.jpg\" alt=\"Winter L3-E3\" \/><br \/>\n<span class=\"caption\">Winter L3\/E3<\/span><br \/>\n<\/a>\n<\/li>\n<li class=\"gallery-item\">\n<a href=\"\/en\/precured-retreaded-tyres\/sr78n-l3\"><br \/>\n  <img decoding=\"async\" src=\"\/kalterneuerung\/26.jpg\" alt=\"SR78N L3\" \/><br \/>\n  <span class=\"caption\">SR78N L3<\/span><br \/>\n<\/a>\n<\/li>\n<li class=\"gallery-item\">\n<a style=\"margin-right: 0;\" href=\"\/en\/precured-retreaded-tyres\/sr79k-l4\"><br \/>\n  <img decoding=\"async\" src=\"\/kalterneuerung\/23.jpg\" alt=\"SR79K L4\" \/><br \/>\n  <span class=\"caption\">SR79K L4<\/span><br \/>\n<\/a>\n<\/li>\n<\/ul>\n<\/div>\n","protected":false},"excerpt":{"rendered":"<p>Precured Retreaded Tyres &nbsp; SR55D E4 SR60N E3 SR60N L4 SR60D E4 SR60D L5 SR62D E4 SR63N E3 SR63D E4 SR64N E3 SR66D E4 SR74N L3 SR75D L4 SR80D L4 SR83D L4 SR81SD L5 SR82SD L5 SR83SD L5 Winter L3\/E3 SR78N L3 SR79K L4<\/p>\n","protected":false},"author":1,"featured_media":0,"parent":0,"menu_order":0,"comment_status":"closed","ping_status":"closed","template":"","meta":{"footnotes":""},"yoast_head":"<!-- This site is optimized with the Yoast SEO plugin v21.0 - https:\/\/yoast.com\/wordpress\/plugins\/seo\/ -->\n<title>Precured Retreaded Tyres - Schelkmann OTR Tyres<\/title>\n<meta name=\"robots\" content=\"index, follow, max-snippet:-1, max-image-preview:large, max-video-preview:-1\" \/>\n<link rel=\"canonical\" href=\"https:\/\/www.roesler-tyres.com\/kalterneuerung-schelkmann-reifen\/\" \/>\n<script type=\"application\/ld+json\" class=\"yoast-schema-graph\">{\"@context\":\"https:\/\/schema.org\",\"@graph\":[{\"@type\":\"WebPage\",\"@id\":\"https:\/\/www.roesler-tyres.com\/kalterneuerung-schelkmann-reifen\/\",\"url\":\"https:\/\/www.roesler-tyres.com\/kalterneuerung-schelkmann-reifen\/\",\"name\":\"Precured Retreaded Tyres - Schelkmann OTR Tyres\",\"isPartOf\":{\"@id\":\"https:\/\/www.roesler-tyres.com\/#website\"},\"datePublished\":\"2018-05-18T09:13:48+00:00\",\"dateModified\":\"2018-08-18T21:32:23+00:00\",\"breadcrumb\":{\"@id\":\"https:\/\/www.roesler-tyres.com\/kalterneuerung-schelkmann-reifen\/#breadcrumb\"},\"inLanguage\":\"en-US\",\"potentialAction\":[{\"@type\":\"ReadAction\",\"target\":[\"https:\/\/www.roesler-tyres.com\/kalterneuerung-schelkmann-reifen\/\"]}]},{\"@type\":\"BreadcrumbList\",\"@id\":\"https:\/\/www.roesler-tyres.com\/kalterneuerung-schelkmann-reifen\/#breadcrumb\",\"itemListElement\":[{\"@type\":\"ListItem\",\"position\":1,\"name\":\"Home\",\"item\":\"https:\/\/www.roesler-tyres.com\/en\/\"},{\"@type\":\"ListItem\",\"position\":2,\"name\":\"Schelkmann &#8211; Precured Retreaded Tyres\"}]},{\"@type\":\"WebSite\",\"@id\":\"https:\/\/www.roesler-tyres.com\/#website\",\"url\":\"https:\/\/www.roesler-tyres.com\/\",\"name\":\"R\u00f6sler Tyre Innovators\",\"description\":\"\u00dcber 50 J\u00e4hrige Erfahrung im EM-Reifen Markt\",\"potentialAction\":[{\"@type\":\"SearchAction\",\"target\":{\"@type\":\"EntryPoint\",\"urlTemplate\":\"https:\/\/www.roesler-tyres.com\/?s={search_term_string}\"},\"query-input\":\"required name=search_term_string\"}],\"inLanguage\":\"en-US\"}]}<\/script>\n<!-- \/ Yoast SEO plugin. -->","yoast_head_json":{"title":"Precured Retreaded Tyres - Schelkmann OTR Tyres","robots":{"index":"index","follow":"follow","max-snippet":"max-snippet:-1","max-image-preview":"max-image-preview:large","max-video-preview":"max-video-preview:-1"},"canonical":"https:\/\/www.roesler-tyres.com\/kalterneuerung-schelkmann-reifen\/","schema":{"@context":"https:\/\/schema.org","@graph":[{"@type":"WebPage","@id":"https:\/\/www.roesler-tyres.com\/kalterneuerung-schelkmann-reifen\/","url":"https:\/\/www.roesler-tyres.com\/kalterneuerung-schelkmann-reifen\/","name":"Precured Retreaded Tyres - Schelkmann OTR Tyres","isPartOf":{"@id":"https:\/\/www.roesler-tyres.com\/#website"},"datePublished":"2018-05-18T09:13:48+00:00","dateModified":"2018-08-18T21:32:23+00:00","breadcrumb":{"@id":"https:\/\/www.roesler-tyres.com\/kalterneuerung-schelkmann-reifen\/#breadcrumb"},"inLanguage":"en-US","potentialAction":[{"@type":"ReadAction","target":["https:\/\/www.roesler-tyres.com\/kalterneuerung-schelkmann-reifen\/"]}]},{"@type":"BreadcrumbList","@id":"https:\/\/www.roesler-tyres.com\/kalterneuerung-schelkmann-reifen\/#breadcrumb","itemListElement":[{"@type":"ListItem","position":1,"name":"Home","item":"https:\/\/www.roesler-tyres.com\/en\/"},{"@type":"ListItem","position":2,"name":"Schelkmann &#8211; Precured Retreaded Tyres"}]},{"@type":"WebSite","@id":"https:\/\/www.roesler-tyres.com\/#website","url":"https:\/\/www.roesler-tyres.com\/","name":"R\u00f6sler Tyre Innovators","description":"\u00dcber 50 J\u00e4hrige Erfahrung im EM-Reifen Markt","potentialAction":[{"@type":"SearchAction","target":{"@type":"EntryPoint","urlTemplate":"https:\/\/www.roesler-tyres.com\/?s={search_term_string}"},"query-input":"required name=search_term_string"}],"inLanguage":"en-US"}]}},"_links":{"self":[{"href":"https:\/\/www.roesler-tyres.com\/en\/wp-json\/wp\/v2\/pages\/593"}],"collection":[{"href":"https:\/\/www.roesler-tyres.com\/en\/wp-json\/wp\/v2\/pages"}],"about":[{"href":"https:\/\/www.roesler-tyres.com\/en\/wp-json\/wp\/v2\/types\/page"}],"author":[{"embeddable":true,"href":"https:\/\/www.roesler-tyres.com\/en\/wp-json\/wp\/v2\/users\/1"}],"replies":[{"embeddable":true,"href":"https:\/\/www.roesler-tyres.com\/en\/wp-json\/wp\/v2\/comments?post=593"}],"version-history":[{"count":4,"href":"https:\/\/www.roesler-tyres.com\/en\/wp-json\/wp\/v2\/pages\/593\/revisions"}],"predecessor-version":[{"id":1054,"href":"https:\/\/www.roesler-tyres.com\/en\/wp-json\/wp\/v2\/pages\/593\/revisions\/1054"}],"wp:attachment":[{"href":"https:\/\/www.roesler-tyres.com\/en\/wp-json\/wp\/v2\/media?parent=593"}],"curies":[{"name":"wp","href":"https:\/\/api.w.org\/{rel}","templated":true}]}}