{"id":596,"date":"2018-05-18T11:31:26","date_gmt":"2018-05-18T09:31:26","guid":{"rendered":"http:\/\/i-tread.de\/vollformerneuerung-rodos-reifen\/"},"modified":"2018-08-18T21:24:06","modified_gmt":"2018-08-18T19:24:06","slug":"moldcured-retreaded-tyres","status":"publish","type":"page","link":"https:\/\/www.roesler-tyres.com\/en\/moldcured-retreaded-tyres\/","title":{"rendered":"Moldcured Retreaded Tyres"},"content":{"rendered":"<div class=\"container content-10 bg-verlauf\">\n<div class=\"col-sm-6\">\n<div>\n<h2>Moldcured Retreaded Tyres<\/h2>\n<p>          <span><\/p>\n<p>\n<!--###EN Version### Unter dem Namen<strong> Rodos, das f\u00fcr \u201eR\u00f6sler Dortmund Spezialreifen\u201c<\/strong> steht werden hochwertige Reifen im Bereich der EM (Earth-Mover, Erdbewegungsmaschinen) Reifen vulkanisiert. Aus besten Karkassen werden wieder neue EM Reifen hergestellt, die im zweitem Leben die gleiche Laufleistung erreichen wie die besten Neureifen. Die Reifenprofile entsprechen den aktuellen Profilen der Neureifenindustrie und die Gummimischungen aus Synthese- und Naturkautschuk werden f\u00fcr unsere Runderneuerungsbetriebe unter Einhaltung der bew\u00e4hrten und neu entwickelten Rezepte produziert um den RODOS Reifen die erwartete Langlebigkeit zu garantieren.\nRodos Reifen werden im Hei\u00dferneuerungsverfahren unter 150\u00b0 C mit ca. 15 kg\/cm2 Druck in Radialformen geheizt oder laut Fachjargon vulkanisiert.\n-->\n<\/p>\n<p>          <\/span>\n        <\/div>\n<\/p><\/div>\n<div class=\"col-sm-6\">\n<div class=\"thumbs thumb-style thumb-inside\">\n<div class=\"thumb-img\">\n<div class=\"overflow-hidden\">\n<p><img decoding=\"async\" loading=\"lazy\" src=\"http:\/\/i-tread.de\/wp-content\/uploads\/2018\/05\/retreaded-otr-tyres.jpg\" alt=\"\" width=\"538\" height=\"305\" class=\"alignnone size-full wp-image-892\" srcset=\"https:\/\/www.roesler-tyres.com\/wp-content\/uploads\/2018\/05\/retreaded-otr-tyres.jpg 538w, https:\/\/www.roesler-tyres.com\/wp-content\/uploads\/2018\/05\/retreaded-otr-tyres-300x170.jpg 300w\" sizes=\"(max-width: 538px) 100vw, 538px\" \/><\/p><\/div>\n<\/p><\/div>\n<\/p><\/div>\n<\/p><\/div>\n<\/p><\/div>\n<div class=\"container content-10 bg-verlauf\">\n<ul class=\"gallery\">\n<li class=\"gallery-item\">\n  <a href=\"\/en\/moldcured-retreaded-tyres\/crane-1-170f\/\"><br \/>\n          <img decoding=\"async\" src=\"\/spezialreifen\/71.jpg\" alt=\"Crane 1 170F\"><br \/>\n          <span class=\"caption\">Crane 1 170F<\/span><br \/>\n  <\/a>\n<\/li>\n<li class=\"gallery-item\">\n  <a href=\"\/en\/moldcured-retreaded-tyres\/crane-2-177e\"><br \/>\n          <img decoding=\"async\" src=\"\/spezialreifen\/74.jpg\" alt=\"Crane 2 177E\"><br \/>\n          <span class=\"caption\">Crane 2 177E<\/span><br \/>\n  <\/a>\n<\/li>\n<li class=\"gallery-item\">\n  <a href=\"\/en\/moldcured-retreaded-tyres\/carrier-200-a5\"><br \/>\n          <img decoding=\"async\" src=\"\/spezialreifen\/77.jpg\" alt=\"Carrier 200 A5\"><br \/>\n          <span class=\"caption\">Carrier 200 A5<\/span><br \/>\n  <\/a>\n<\/li>\n<li class=\"gallery-item\">\n  <a href=\"\/en\/moldcured-retreaded-tyres\/dumptruck-e3\"><br \/>\n          <img decoding=\"async\" src=\"\/spezialreifen\/80.jpg\" alt=\"Dumptruck E3\"><br \/>\n          <span class=\"caption\">Dumptruck E3<\/span><br \/>\n  <\/a>\n<\/li>\n<li class=\"gallery-item\">\n  <a href=\"\/en\/moldcured-retreaded-tyres\/load-and-carry-l3\"><br \/>\n          <img decoding=\"async\" src=\"\/spezialreifen\/83.jpg\" alt=\"Load and Carry L3\"><br \/>\n          <span class=\"caption\">Load &amp; Carry L3<\/span><br \/>\n  <\/a>\n<\/li>\n<li class=\"gallery-item\">\n  <a href=\"\/en\/moldcured-retreaded-tyres\/load-and-carry-2-l3\"><br \/>\n          <img decoding=\"async\" src=\"\/spezialreifen\/86.jpg\" alt=\"Load and Carry 2 L3\"><br \/>\n          <span class=\"caption\">Load &amp; Carry 2 L3<\/span><br \/>\n  <\/a>\n<\/li>\n<li class=\"gallery-item\">\n  <a href=\"\/en\/moldcured-retreaded-tyres\/dumper-e3\"><br \/>\n          <img decoding=\"async\" src=\"\/spezialreifen\/89.jpg\" alt=\"Dumper E3\"><br \/>\n          <span class=\"caption\">Dumper E3<\/span><br \/>\n  <\/a>\n<\/li>\n<li class=\"gallery-item\">\n  <a href=\"\/en\/moldcured-retreaded-tyres\/winter-l2-g2\"><br \/>\n          <img decoding=\"async\" src=\"\/spezialreifen\/68.jpg\" alt=\"Winter L2\/G2\"><br \/>\n          <span class=\"caption\">Winter L2\/G2<\/span><br \/>\n  <\/a>\n<\/li>\n<\/ul>\n<\/div>\n","protected":false},"excerpt":{"rendered":"<p>Moldcured Retreaded Tyres Crane 1 170F Crane 2 177E Carrier 200 A5 Dumptruck E3 Load &amp; Carry L3 Load &amp; Carry 2 L3 Dumper E3 Winter L2\/G2<\/p>\n","protected":false},"author":1,"featured_media":0,"parent":0,"menu_order":0,"comment_status":"closed","ping_status":"closed","template":"","meta":{"footnotes":""},"yoast_head":"<!-- This site is optimized with the Yoast SEO plugin v21.0 - https:\/\/yoast.com\/wordpress\/plugins\/seo\/ -->\n<title>Moldcured Retreaded Tyres - R\u00f6sler Tyre Innovators<\/title>\n<meta name=\"robots\" content=\"index, follow, max-snippet:-1, max-image-preview:large, max-video-preview:-1\" \/>\n<link rel=\"canonical\" href=\"https:\/\/www.roesler-tyres.com\/en\/moldcured-retreaded-tyres\/\" \/>\n<script type=\"application\/ld+json\" class=\"yoast-schema-graph\">{\"@context\":\"https:\/\/schema.org\",\"@graph\":[{\"@type\":\"WebPage\",\"@id\":\"https:\/\/www.roesler-tyres.com\/en\/moldcured-retreaded-tyres\/\",\"url\":\"https:\/\/www.roesler-tyres.com\/en\/moldcured-retreaded-tyres\/\",\"name\":\"Moldcured Retreaded Tyres - R\u00f6sler Tyre Innovators\",\"isPartOf\":{\"@id\":\"https:\/\/www.roesler-tyres.com\/#website\"},\"datePublished\":\"2018-05-18T09:31:26+00:00\",\"dateModified\":\"2018-08-18T19:24:06+00:00\",\"breadcrumb\":{\"@id\":\"https:\/\/www.roesler-tyres.com\/en\/moldcured-retreaded-tyres\/#breadcrumb\"},\"inLanguage\":\"en-US\",\"potentialAction\":[{\"@type\":\"ReadAction\",\"target\":[\"https:\/\/www.roesler-tyres.com\/en\/moldcured-retreaded-tyres\/\"]}]},{\"@type\":\"BreadcrumbList\",\"@id\":\"https:\/\/www.roesler-tyres.com\/en\/moldcured-retreaded-tyres\/#breadcrumb\",\"itemListElement\":[{\"@type\":\"ListItem\",\"position\":1,\"name\":\"Home\",\"item\":\"https:\/\/www.roesler-tyres.com\/en\/\"},{\"@type\":\"ListItem\",\"position\":2,\"name\":\"Moldcured Retreaded Tyres\"}]},{\"@type\":\"WebSite\",\"@id\":\"https:\/\/www.roesler-tyres.com\/#website\",\"url\":\"https:\/\/www.roesler-tyres.com\/\",\"name\":\"R\u00f6sler Tyre Innovators\",\"description\":\"\u00dcber 50 J\u00e4hrige Erfahrung im EM-Reifen Markt\",\"potentialAction\":[{\"@type\":\"SearchAction\",\"target\":{\"@type\":\"EntryPoint\",\"urlTemplate\":\"https:\/\/www.roesler-tyres.com\/?s={search_term_string}\"},\"query-input\":\"required name=search_term_string\"}],\"inLanguage\":\"en-US\"}]}<\/script>\n<!-- \/ Yoast SEO plugin. -->","yoast_head_json":{"title":"Moldcured Retreaded Tyres - R\u00f6sler Tyre Innovators","robots":{"index":"index","follow":"follow","max-snippet":"max-snippet:-1","max-image-preview":"max-image-preview:large","max-video-preview":"max-video-preview:-1"},"canonical":"https:\/\/www.roesler-tyres.com\/en\/moldcured-retreaded-tyres\/","schema":{"@context":"https:\/\/schema.org","@graph":[{"@type":"WebPage","@id":"https:\/\/www.roesler-tyres.com\/en\/moldcured-retreaded-tyres\/","url":"https:\/\/www.roesler-tyres.com\/en\/moldcured-retreaded-tyres\/","name":"Moldcured Retreaded Tyres - R\u00f6sler Tyre Innovators","isPartOf":{"@id":"https:\/\/www.roesler-tyres.com\/#website"},"datePublished":"2018-05-18T09:31:26+00:00","dateModified":"2018-08-18T19:24:06+00:00","breadcrumb":{"@id":"https:\/\/www.roesler-tyres.com\/en\/moldcured-retreaded-tyres\/#breadcrumb"},"inLanguage":"en-US","potentialAction":[{"@type":"ReadAction","target":["https:\/\/www.roesler-tyres.com\/en\/moldcured-retreaded-tyres\/"]}]},{"@type":"BreadcrumbList","@id":"https:\/\/www.roesler-tyres.com\/en\/moldcured-retreaded-tyres\/#breadcrumb","itemListElement":[{"@type":"ListItem","position":1,"name":"Home","item":"https:\/\/www.roesler-tyres.com\/en\/"},{"@type":"ListItem","position":2,"name":"Moldcured Retreaded Tyres"}]},{"@type":"WebSite","@id":"https:\/\/www.roesler-tyres.com\/#website","url":"https:\/\/www.roesler-tyres.com\/","name":"R\u00f6sler Tyre Innovators","description":"\u00dcber 50 J\u00e4hrige Erfahrung im EM-Reifen Markt","potentialAction":[{"@type":"SearchAction","target":{"@type":"EntryPoint","urlTemplate":"https:\/\/www.roesler-tyres.com\/?s={search_term_string}"},"query-input":"required name=search_term_string"}],"inLanguage":"en-US"}]}},"_links":{"self":[{"href":"https:\/\/www.roesler-tyres.com\/en\/wp-json\/wp\/v2\/pages\/596"}],"collection":[{"href":"https:\/\/www.roesler-tyres.com\/en\/wp-json\/wp\/v2\/pages"}],"about":[{"href":"https:\/\/www.roesler-tyres.com\/en\/wp-json\/wp\/v2\/types\/page"}],"author":[{"embeddable":true,"href":"https:\/\/www.roesler-tyres.com\/en\/wp-json\/wp\/v2\/users\/1"}],"replies":[{"embeddable":true,"href":"https:\/\/www.roesler-tyres.com\/en\/wp-json\/wp\/v2\/comments?post=596"}],"version-history":[{"count":3,"href":"https:\/\/www.roesler-tyres.com\/en\/wp-json\/wp\/v2\/pages\/596\/revisions"}],"predecessor-version":[{"id":894,"href":"https:\/\/www.roesler-tyres.com\/en\/wp-json\/wp\/v2\/pages\/596\/revisions\/894"}],"wp:attachment":[{"href":"https:\/\/www.roesler-tyres.com\/en\/wp-json\/wp\/v2\/media?parent=596"}],"curies":[{"name":"wp","href":"https:\/\/api.w.org\/{rel}","templated":true}]}}