{"id":69,"date":"2018-04-03T19:50:46","date_gmt":"2018-04-03T17:50:46","guid":{"rendered":"http:\/\/i-tread.de\/beispiel-seite\/"},"modified":"2021-08-23T19:34:26","modified_gmt":"2021-08-23T17:34:26","slug":"beispiel-seite","status":"publish","type":"page","link":"https:\/\/www.roesler-tyres.com\/en\/","title":{"rendered":"R\u00f6sler Tyre Innovators"},"content":{"rendered":"<div class=\"container content-10 bg-verlauf\" id=\"eins\">\n  <!-- start: TEASER BLOCK --><\/p>\n<div class=\"roesler-teaser-block col-sm-12\">\n<p><!-- teaser TYRES--><\/p>\n<div class=\"roesler-teaser\">\n<div class=\"roesler-teaser-img\">\n        <a href=\"https:\/\/www.roesler-tyres.com\/en\/otr-tires\/\"><img decoding=\"async\" src=\"https:\/\/www.roesler-tyres.com\/wp-content\/uploads\/2018\/07\/RTI-Press_2.jpg\" alt=\"OTR Tires\"><\/a>\n      <\/div>\n<div class=\"roesler-teaser-content\">\n<a href=\"https:\/\/www.roesler-tyres.com\/en\/otr-tires\/\"><\/p>\n<h3>Tires<\/h3>\n<p>Moldcured retreaded OTR Tires with new tyre quality, precured OTR Tires for highest quality standards.\n<\/p>\n<p><\/a>\n      <\/div>\n<\/p><\/div>\n<p>    <!-- teaser CO2-->    <\/p>\n<div class=\"roesler-teaser\">\n<div class=\"roesler-teaser-img\">\n<a href=\"https:\/\/www.roesler-tyres.com\/en\/co2-reduktion\/\" rel=\"noopener\" target=\"_blank\"><img decoding=\"async\" src=\"https:\/\/www.roesler-tyres.com\/wp-content\/uploads\/2020\/03\/co2-reduktion-2020.jpg\" alt=\"co2 Reduktion\"><\/a>\n      <\/div>\n<div class=\"roesler-teaser-content\">\n<a href=\"https:\/\/www.roesler-tyres.com\/en\/co2-reduktion\/\" rel=\"noopener\" target=\"_blank\"><\/p>\n<h3>CO2-Reduction<\/h3>\n<p>R\u00f6sler retreaded EM tyres need 80% <nobr>less CO2<\/nobr>.  With every tyre, we save over 2 tons of CO2.<\/p>\n<p><\/a>\n<\/div>\n<\/p><\/div>\n<p>    <!-- teaser 60 JAHRE--><\/p>\n<div class=\"roesler-teaser\">\n<div class=\"roesler-teaser-img\">\n<a href=\"https:\/\/www.roesler-tyres.com\/en\/verantwortung\/\" rel=\"noopener\" target=\"_blank\"><img decoding=\"async\" loading=\"lazy\" src=\"https:\/\/www.roesler-tyres.com\/wp-content\/uploads\/2018\/04\/60-jahre-roesler-tyres.png\" alt=\"\" width=\"400\" height=\"250\" class=\"alignnone size-full wp-image-1667\" srcset=\"https:\/\/www.roesler-tyres.com\/wp-content\/uploads\/2018\/04\/60-jahre-roesler-tyres.png 400w, https:\/\/www.roesler-tyres.com\/wp-content\/uploads\/2018\/04\/60-jahre-roesler-tyres-300x188.png 300w\" sizes=\"(max-width: 400px) 100vw, 400px\" \/><\/a>\n      <\/div>\n<div class=\"roesler-teaser-content\">\n        <a href=\"https:\/\/www.roesler-tyres.com\/en\/verantwortung\/\" rel=\"noopener\" target=\"_blank\"><\/p>\n<h3>quality conviction<\/h3>\n<p>our quality conviction since 60 years<\/p>\n<p><\/a>\n      <\/div>\n<\/p><\/div>\n<p><!-- teaser RRQ--><\/p>\n<div class=\"roesler-teaser\">\n<div class=\"roesler-teaser-img\">\n        <a href=\"https:\/\/www.roesler-tyres.com\/en\/laufleistung\/\" rel=\"noopener\" target=\"_blank\"><img decoding=\"async\" loading=\"lazy\" src=\"https:\/\/www.roesler-tyres.com\/wp-content\/uploads\/2020\/03\/reifen-qualit\u00e4t.jpg\" alt=\"\" width=\"400\" height=\"250\" class=\"alignnone size-full wp-image-1595\" srcset=\"https:\/\/www.roesler-tyres.com\/wp-content\/uploads\/2020\/03\/reifen-qualit\u00e4t.jpg 400w, https:\/\/www.roesler-tyres.com\/wp-content\/uploads\/2020\/03\/reifen-qualit\u00e4t-300x188.jpg 300w\" sizes=\"(max-width: 400px) 100vw, 400px\" \/><\/a>\n      <\/div>\n<div class=\"roesler-teaser-content\">\n        <a href=\"https:\/\/www.roesler-tyres.com\/en\/laufleistung\/\" rel=\"noopener\" target=\"_blank\"><\/p>\n<h3>Mileage<\/h3>\n<p>In order to save expenses, we have created a quality analysis for cost-efficient imported tyres.<\/p>\n<p><\/a>\n      <\/div>\n<\/p><\/div>\n<p>    <!-- teaser PU Filling--><\/p>\n<div class=\"roesler-teaser\">\n<div class=\"roesler-teaser-img\">\n        <a href=\"https:\/\/www.roesler-tyres.com\/en\/otr-tyre-fillings\/\"><img decoding=\"async\" src=\"https:\/\/www.roesler-tyres.com\/wp-content\/uploads\/2020\/03\/Reifenf\u00fcllungen-01.jpg\" alt=\"Reifenf\u00fcllungen f\u00fcr Baumaschinen-Reifen\"><\/a>\n      <\/div>\n<div class=\"roesler-teaser-content\">\n        <a href=\"https:\/\/www.roesler-tyres.com\/en\/otr-tyre-fillings\/\"><\/p>\n<h3>PU Filling<\/h3>\n<p>Our latest filling materials offer ultimate tyre flat protection and maximum productivity of your fleet, also in connection with our Schelkmann retreads.<\/p>\n<p><\/a>\n      <\/div>\n<\/p><\/div>\n<p>  <!-- teaser EM-REIFEN-MONTAGEVORRICHTUNG--><\/p>\n<div class=\"roesler-teaser\">\n<div class=\"roesler-teaser-img\">\n        <a href=\"https:\/\/www.roesler-tyres.com\/en\/otr-tyre-mounting-handler\/\"><img decoding=\"async\" src=\"https:\/\/www.roesler-tyres.com\/wp-content\/uploads\/2020\/03\/reifen-montagevorrichtung.jpg\" alt=\"reifen-montagevorrichtung\"><\/a>\n      <\/div>\n<div class=\"roesler-teaser-content\">\n        <a href=\"https:\/\/www.roesler-tyres.com\/en\/otr-tyre-mounting-handler\/\"><\/p>\n<h3>Tyre-Handler<\/h3>\n<p>The tool we have developed for a safe and gentle tyre change, reduces downtimes and damages.<\/p>\n<p><\/a>\n      <\/div>\n<\/p><\/div>\n<p> <!-- teaser Vulkanisationsanlagen--><\/p>\n<div class=\"roesler-teaser\">\n<div class=\"roesler-teaser-img\">\n        <a href=\"https:\/\/www.roesler-tyres.com\/en\/vulcanization-facilities\/\"><img decoding=\"async\" loading=\"lazy\" src=\"https:\/\/www.roesler-tyres.com\/wp-content\/uploads\/2020\/03\/Anlagenbau-01.jpg\" alt=\"\" width=\"400\" height=\"250\" class=\"alignnone size-full wp-image-1545\" srcset=\"https:\/\/www.roesler-tyres.com\/wp-content\/uploads\/2020\/03\/Anlagenbau-01.jpg 400w, https:\/\/www.roesler-tyres.com\/wp-content\/uploads\/2020\/03\/Anlagenbau-01-300x188.jpg 300w\" sizes=\"(max-width: 400px) 100vw, 400px\" \/><\/a><\/p>\n<p><a href=\"https:\/\/www.roesler-tyres.com\/en\/vulcanization-facilities\/\"><img decoding=\"async\" loading=\"lazy\" src=\"https:\/\/www.roesler-tyres.com\/wp-content\/uploads\/2020\/03\/vulkanisation-anlagenbau-20.jpg\" alt=\"\" width=\"400\" height=\"250\" class=\"alignnone size-full wp-image-1546\" srcset=\"https:\/\/www.roesler-tyres.com\/wp-content\/uploads\/2020\/03\/vulkanisation-anlagenbau-20.jpg 400w, https:\/\/www.roesler-tyres.com\/wp-content\/uploads\/2020\/03\/vulkanisation-anlagenbau-20-300x188.jpg 300w\" sizes=\"(max-width: 400px) 100vw, 400px\" \/><\/a>\n      <\/div>\n<div class=\"roesler-teaser-content\">\n        <a href=\"https:\/\/www.roesler-tyres.com\/en\/vulcanization-facilities\/\"><\/p>\n<h3>Plant<\/h3>\n<p>We offer our expertise and know-how including OTR retreading plants as a whole to customers.<\/p>\n<p><\/a>\n      <\/div>\n<\/p><\/div>\n<p>   <!-- teaser Reifensensor--><\/p>\n<div class=\"roesler-teaser\">\n<div class=\"roesler-teaser-img\">\n        <a href=\"https:\/\/www.roesler-tyres.com\/en\/otr-tyre-sensor\/\"><img decoding=\"async\" src=\"https:\/\/www.roesler-tyres.com\/wp-content\/uploads\/2020\/03\/reifensensor-01.jpg\" alt=\"Reifensensor\"><\/a>\n      <\/div>\n<div class=\"roesler-teaser-content\">\n        <a href=\"https:\/\/www.roesler-tyres.com\/en\/otr-tyre-sensor\/\"><\/p>\n<h3>INTREAD SENSOR<\/h3>\n<p>A real time monitoring of tyres protects against failures in operation. Driver and fleet management retain control at all times.<\/p>\n<p><\/a>\n      <\/div>\n<\/p><\/div>\n<\/div>\n<p>  <!-- end: TEASER BLOCK --><\/p>\n<p>  <!-- start: MAIN CONTENT --><\/p>\n<div class=\"col-sm-12\">\n<article class=\"roesler-article\">\n      <!-- left column --><\/p>\n<div class=\"col-sm-6\">\n<header class=\"roesler-article-header\">\n<h2>R\u00f6sler Tyre Innovators<\/h2>\n<p class=\"roesler-article-intro\">\n            We strive for perfection. <br \/>\nNot only with our products but with everything we do.\n          <\/p>\n<\/header>\n<figure>\n          <img decoding=\"async\" src=\"\/wp-content\/uploads\/2018\/04\/paul-roesler-martin-roesler-gf-roesler-tyres.jpg\" alt=\"Paul R\u00f6sler, Martin R\u00f6sler - Gesch\u00e4ftsf\u00fchrer der R\u00f6sler Tyre Innovators GmbH &#038; Co. KG, Dortmund\"><figcaption>\n            Paul R\u00f6sler, Martin R\u00f6sler<br \/>\n          <\/figcaption><\/figure>\n<div class=\"roesler-article\">\n<p>\n            R\u00f6sler is unique in the field of EM tyre retreading. The company has strong ideals and a clear idea of how things should be handled. More than anything R\u00f6sler represents the dream of a single man who was not satisfied by simply following other people\u2019s footsteps instead of creating something on his own.  <\/p>\n<p>Founder Paul R\u00f6sler senior laid the foundation for the R\u00f6sler principles in 1960. We still follow them today. His vision was to create a retreaded tire that could be an alternative to the best brandnew tires in the world. The trust our customers put in us and our work prove how successful we have been following this vision in the past decades: The small company from Dortmund made an international breakthrough!  <\/p>\n<p>Cold or hot retreading innovation, tyre fillings or full service concepts: For more than 60 years the company name has been a synonym for high-quality EM tires. OTR-tires for earthmovers, wheel loaders, dump trucks and articulated dumpers are produced and sold under the name Schelkmann retreading. The licensed and perfected procedure known as Schelkmann cold retreading innovation goes easy on the carcasses and combines them with the profile strip which are characterized by high-performance rubber compounds. <\/p>\n<\/p><\/div>\n<\/p><\/div>\n<p>      <!-- right column --><\/p>\n<div class=\"col-sm-6\">\n<p>All standard and allround Tires are produced in the R\u00f6sler Plant and sold under the name RODOS. This brand combines modern profiles with high-quality rubber compounds which makes the tires perfect for the use in road construction, path construction and landscaping work. From individual single solutions to complete solutions and custom-made products for EM tires: Tires for construction machinery and mining vehicles are our specialty!\n <\/p>\n<p>R\u00f6sler offers a lot of services around EM tires, such as assemblage, dismantling, the disposal of tires and tire filling with polyurethane. Intread RDKS Sensors for measuring the tire pressure tire temperature work efficiently and fast. Special monitors visualize the pressure and temperature data \u2013 in case of an emergency, alarm messages will be sent via email or text message.\n <\/p>\n<p>In Spite of optimal traction, R\u00f6sler guarantees a high running performance of your retreaded tires which corresponds to the performance of brandnew tires by known manufacturers. R\u00f6sler supports German and European tire dealers and is a member of the BRV (Federal Association for Tyre- and Vulcanization-craftmanship). <\/p>\n<figure>\n         <div id=\"kgvid_kgvid_0_wrapper\" class=\"kgvid_wrapper\">\n\t\t\t<div id=\"video_kgvid_0_div\" class=\"fitvidsignore kgvid_videodiv\" data-id=\"kgvid_0\" data-kgvid_video_vars=\"{&quot;id&quot;:&quot;kgvid_0&quot;,&quot;attachment_id&quot;:1570,&quot;player_type&quot;:&quot;Video.js v8&quot;,&quot;width&quot;:&quot;640&quot;,&quot;height&quot;:&quot;360&quot;,&quot;fullwidth&quot;:&quot;true&quot;,&quot;fixed_aspect&quot;:&quot;vertical&quot;,&quot;countable&quot;:true,&quot;count_views&quot;:&quot;start_complete&quot;,&quot;start&quot;:&quot;&quot;,&quot;autoplay&quot;:&quot;false&quot;,&quot;pauseothervideos&quot;:&quot;true&quot;,&quot;set_volume&quot;:1,&quot;muted&quot;:&quot;false&quot;,&quot;meta&quot;:true,&quot;endofvideooverlay&quot;:false,&quot;resize&quot;:&quot;true&quot;,&quot;auto_res&quot;:&quot;automatic&quot;,&quot;pixel_ratio&quot;:&quot;true&quot;,&quot;right_click&quot;:&quot;on&quot;,&quot;playback_rate&quot;:&quot;false&quot;,&quot;title&quot;:&quot;R\\u00f6sler-Tyre-Innovators&quot;,&quot;skip_buttons&quot;:[],&quot;nativecontrolsfortouch&quot;:&quot;false&quot;,&quot;locale&quot;:&quot;en&quot;,&quot;enable_resolutions_plugin&quot;:false}\" itemprop=\"video\" itemscope itemtype=\"https:\/\/schema.org\/VideoObject\"><meta itemprop=\"thumbnailUrl\" content=\"https:\/\/www.roesler-tyres.com\/wp-content\/uploads\/2020\/04\/R\u00f6sler-Tyre-Innovators_thumb1.jpg\"><meta itemprop=\"embedUrl\" content=\"https:\/\/www.roesler-tyres.com\/?attachment_id=1570&#038;videopack%5Benable%5D=true\"><meta itemprop=\"contentUrl\" content=\"https:\/\/www.roesler-tyres.com\/wp-content\/uploads\/2020\/03\/R\u00f6sler-Tyre-Innovators.mp4\"><meta itemprop=\"name\" content=\"R\u00f6sler-Tyre-Innovators\"><meta itemprop=\"description\" content=\"Video\"><meta itemprop=\"uploadDate\" content=\"2020-03-30T21:07:07+02:00\">\n\t\t\t\t<video id=\"video_kgvid_0\" playsinline controls preload=\"metadata\" poster=\"https:\/\/www.roesler-tyres.com\/wp-content\/uploads\/2020\/04\/R\u00f6sler-Tyre-Innovators_thumb1.jpg\" width=\"640\" height=\"360\" class=\"fitvidsignore video-js kg-video-js-skin\">\n\t\t\t\t\t<source src=\"https:\/\/www.roesler-tyres.com\/wp-content\/uploads\/2020\/03\/R\u00f6sler-Tyre-Innovators.mp4?id=0\" type=\"video\/mp4\" data-res=\"720p\">\n\t\t\t\t<\/video>\n\t\t\t<\/div>\n\t\t\t<div style=\"display:none\" id=\"video_kgvid_0_meta\" class=\"kgvid_video_meta kgvid_video_meta_hover \">\n\t\t\t\t<span class='kgvid_meta_icons'><\/span>\n\t\t\t\t<span id='video_kgvid_0_title' class='kgvid_title'>R\u00f6sler-Tyre-Innovators<\/span>\n<\/div>\n\t\t<\/div><br \/>\n        <\/figure>\n<p>\nWe are available 24\/7 with competent advice, with many services and trade partners and especially with 60 years of experience.   <\/p>\n<\/p><\/div>\n<\/article><\/div>\n<p>  <!-- end: MAIN CONTENT -->\n<\/div>\n<style>\n  \/* teaser block *\/\n  .roesler-teaser-block {\n    display: flex;\n    flex-wrap: wrap;\n    margin: 0 -10px 3rem;\n    width: auto;\n  }\n  .roesler-teaser {\n    background: #F9B400;\n    margin: 10px;\nwidth: 100%;\n  }\n  @media (min-width: 480px) {\n    .roesler-teaser {\n      width: calc(50% - 20px);\n    }\n  }\n  @media (min-width: 768px) {\n    .roesler-teaser {\n      width: calc(25% - 20px);\n    }\n  }\n  .roesler-teaser-img {\n    height: 0;\n    overflow: hidden;\n    padding: 0 0 62.5%; \/* this enforces the image\u2019s aspect ratio (h\/w = 250\/400 = 0,625) *\/\n    position: relative;\n    width: 100%;\n  }\n  .roesler-teaser-img img {\n    height: 100%;\n    object-fit: cover;\n    object-position: center;\n    position: absolute;\n    width: 100%;\n  }\n  .roesler-teaser-content {\n    color: #333;\n    padding: .8rem 1rem 2rem;\n  }\n  .roesler-teaser-content h2,\n  .roesler-teaser-content h3 {\n    font-size: 20px;\n    font-weight: 300;\n    letter-spacing: 0.02em;\n    margin: 0 0 .25em;\n    text-transform: uppercase;\n  }\n  .roesler-teaser-content p {\n    font-size: 12px;\n    margin: 0;\n  }\n  .roesler-article figure img {\n    display: block;\n    width: 100%;\n  }\n  \/* article *\/\n  .roesler-article h2 {\n    margin: 0 0 1.2em;\n  }\n  .roesler-article figure {\n    margin: 2rem 0;\n  }\n  .roesler-article figcaption {\n    font-weight: 300;\n    margin: .4rem 0;\n  }\n  .roesler-article-header .summary {\n    font-size: 18px;\n    font-weight: 600;\n  }\n  .roesler-article-intro {\n    font-size: 18px;\n  }\n<\/style>\n","protected":false},"excerpt":{"rendered":"<p>Tires Moldcured retreaded OTR Tires with new tyre quality, precured OTR Tires for highest quality standards. CO2-Reduction R\u00f6sler retreaded EM tyres need 80% less CO2. With every tyre, we save over 2 tons of CO2. quality conviction our quality conviction since 60 years Mileage In order to save expenses, we have created a quality analysis <a class=\"moretag\" href=\"https:\/\/www.roesler-tyres.com\/en\/\">[&#8230;]<\/a><\/p>\n","protected":false},"author":1,"featured_media":0,"parent":0,"menu_order":0,"comment_status":"closed","ping_status":"closed","template":"","meta":{"footnotes":""},"yoast_head":"<!-- This site is optimized with the Yoast SEO plugin v21.0 - https:\/\/yoast.com\/wordpress\/plugins\/seo\/ -->\n<title>EM-Tyres Retreaded OTR-Tyres :: R\u00f6sler Tyre Innovators<\/title>\n<meta name=\"robots\" content=\"index, follow, max-snippet:-1, max-image-preview:large, max-video-preview:-1\" \/>\n<link rel=\"canonical\" href=\"https:\/\/www.roesler-tyres.com\/en\/\" \/>\n<meta name=\"twitter:label1\" content=\"Est. reading time\" \/>\n\t<meta name=\"twitter:data1\" content=\"3 minutes\" \/>\n<script type=\"application\/ld+json\" class=\"yoast-schema-graph\">{\"@context\":\"https:\/\/schema.org\",\"@graph\":[{\"@type\":\"WebPage\",\"@id\":\"https:\/\/www.roesler-tyres.com\/en\/\",\"url\":\"https:\/\/www.roesler-tyres.com\/en\/\",\"name\":\"EM-Tyres Retreaded OTR-Tyres :: R\u00f6sler Tyre Innovators\",\"isPartOf\":{\"@id\":\"https:\/\/www.roesler-tyres.com\/#website\"},\"datePublished\":\"2018-04-03T17:50:46+00:00\",\"dateModified\":\"2021-08-23T17:34:26+00:00\",\"breadcrumb\":{\"@id\":\"https:\/\/www.roesler-tyres.com\/en\/#breadcrumb\"},\"inLanguage\":\"en-US\",\"potentialAction\":[{\"@type\":\"ReadAction\",\"target\":[\"https:\/\/www.roesler-tyres.com\/en\/\"]}]},{\"@type\":\"BreadcrumbList\",\"@id\":\"https:\/\/www.roesler-tyres.com\/en\/#breadcrumb\",\"itemListElement\":[{\"@type\":\"ListItem\",\"position\":1,\"name\":\"Home\",\"item\":\"https:\/\/www.roesler-tyres.com\/en\/\"},{\"@type\":\"ListItem\",\"position\":2,\"name\":\"R\u00f6sler Tyre Innovators\"}]},{\"@type\":\"WebSite\",\"@id\":\"https:\/\/www.roesler-tyres.com\/#website\",\"url\":\"https:\/\/www.roesler-tyres.com\/\",\"name\":\"R\u00f6sler Tyre Innovators\",\"description\":\"\u00dcber 50 J\u00e4hrige Erfahrung im EM-Reifen Markt\",\"potentialAction\":[{\"@type\":\"SearchAction\",\"target\":{\"@type\":\"EntryPoint\",\"urlTemplate\":\"https:\/\/www.roesler-tyres.com\/?s={search_term_string}\"},\"query-input\":\"required name=search_term_string\"}],\"inLanguage\":\"en-US\"}]}<\/script>\n<!-- \/ Yoast SEO plugin. -->","yoast_head_json":{"title":"EM-Tyres Retreaded OTR-Tyres :: R\u00f6sler Tyre Innovators","robots":{"index":"index","follow":"follow","max-snippet":"max-snippet:-1","max-image-preview":"max-image-preview:large","max-video-preview":"max-video-preview:-1"},"canonical":"https:\/\/www.roesler-tyres.com\/en\/","twitter_misc":{"Est. reading time":"3 minutes"},"schema":{"@context":"https:\/\/schema.org","@graph":[{"@type":"WebPage","@id":"https:\/\/www.roesler-tyres.com\/en\/","url":"https:\/\/www.roesler-tyres.com\/en\/","name":"EM-Tyres Retreaded OTR-Tyres :: R\u00f6sler Tyre Innovators","isPartOf":{"@id":"https:\/\/www.roesler-tyres.com\/#website"},"datePublished":"2018-04-03T17:50:46+00:00","dateModified":"2021-08-23T17:34:26+00:00","breadcrumb":{"@id":"https:\/\/www.roesler-tyres.com\/en\/#breadcrumb"},"inLanguage":"en-US","potentialAction":[{"@type":"ReadAction","target":["https:\/\/www.roesler-tyres.com\/en\/"]}]},{"@type":"BreadcrumbList","@id":"https:\/\/www.roesler-tyres.com\/en\/#breadcrumb","itemListElement":[{"@type":"ListItem","position":1,"name":"Home","item":"https:\/\/www.roesler-tyres.com\/en\/"},{"@type":"ListItem","position":2,"name":"R\u00f6sler Tyre Innovators"}]},{"@type":"WebSite","@id":"https:\/\/www.roesler-tyres.com\/#website","url":"https:\/\/www.roesler-tyres.com\/","name":"R\u00f6sler Tyre Innovators","description":"\u00dcber 50 J\u00e4hrige Erfahrung im EM-Reifen Markt","potentialAction":[{"@type":"SearchAction","target":{"@type":"EntryPoint","urlTemplate":"https:\/\/www.roesler-tyres.com\/?s={search_term_string}"},"query-input":"required name=search_term_string"}],"inLanguage":"en-US"}]}},"_links":{"self":[{"href":"https:\/\/www.roesler-tyres.com\/en\/wp-json\/wp\/v2\/pages\/69"}],"collection":[{"href":"https:\/\/www.roesler-tyres.com\/en\/wp-json\/wp\/v2\/pages"}],"about":[{"href":"https:\/\/www.roesler-tyres.com\/en\/wp-json\/wp\/v2\/types\/page"}],"author":[{"embeddable":true,"href":"https:\/\/www.roesler-tyres.com\/en\/wp-json\/wp\/v2\/users\/1"}],"replies":[{"embeddable":true,"href":"https:\/\/www.roesler-tyres.com\/en\/wp-json\/wp\/v2\/comments?post=69"}],"version-history":[{"count":16,"href":"https:\/\/www.roesler-tyres.com\/en\/wp-json\/wp\/v2\/pages\/69\/revisions"}],"predecessor-version":[{"id":2387,"href":"https:\/\/www.roesler-tyres.com\/en\/wp-json\/wp\/v2\/pages\/69\/revisions\/2387"}],"wp:attachment":[{"href":"https:\/\/www.roesler-tyres.com\/en\/wp-json\/wp\/v2\/media?parent=69"}],"curies":[{"name":"wp","href":"https:\/\/api.w.org\/{rel}","templated":true}]}}