{"id":798,"date":"2018-07-19T19:55:46","date_gmt":"2018-07-19T17:55:46","guid":{"rendered":"http:\/\/i-tread.de\/reifensensor\/"},"modified":"2019-12-11T17:24:32","modified_gmt":"2019-12-11T16:24:32","slug":"otr-tyre-sensor","status":"publish","type":"page","link":"https:\/\/www.roesler-tyres.com\/en\/otr-tyre-sensor\/","title":{"rendered":"Reifensensor"},"content":{"rendered":"<div class=\"container content-10 bg-verlauf\" id=\"eins\">\n<div class=\"col-sm-6\">\n<div>\n<h2 style=\"text-transform: uppercase\">Intread Sensor<\/h2>\n<p>         <!--\n\n<p style=\"font-size: 20px; text-transform: uppercase\">EIN V\u00d6LLIG NEUARTIGES RDKS SYSTEM, MIT NOCH NIE DAGEWESENEN M\u00d6GLICHKEITEN<\/p>\n\n--><\/p>\n<p style=\"font-size: 20px; text-transform: uppercase\">SEPARATING OURSELVES FROM THE OTHERS<\/p>\n<p>\nWe challenged ourselves for more than 3 years to engineer the best and most powerful TPMS system the world has ever seen. The result is something entirely new. Something radically different from anything before. The patents which protect it are only one proof for the incredible amount of innovation which went into the design of the all new INTREAD TPMS system.<\/p>\n<ul>\n<li>BELT &#038; AIR CHAMBER TEMPERATURE<\/li>\n<li>AIR PRESSURE<\/li>\n<li>TREAD DEPTH<\/li>\n<li>2.4 GHz TECHNOLOGY<\/li>\n<\/ul>\n<p><img decoding=\"async\" loading=\"lazy\" src=\"https:\/\/www.roesler-tyres.com\/wp-content\/uploads\/2018\/07\/reifen-sensor.png\" alt=\"\" width=\"436\" height=\"244\" class=\"alignnone size-full wp-image-293\" srcset=\"https:\/\/www.roesler-tyres.com\/wp-content\/uploads\/2018\/07\/reifen-sensor.png 436w, https:\/\/www.roesler-tyres.com\/wp-content\/uploads\/2018\/07\/reifen-sensor-300x168.png 300w\" sizes=\"(max-width: 436px) 100vw, 436px\" \/><\/p>\n<\/p><\/div>\n<\/p><\/div>\n<div class=\"col-sm-6\">\n<div class=\"thumbs thumb-style thumb-inside\">\n<div class=\"thumb-img\">\n<div class=\"overflow-hidden\">\n              <img decoding=\"async\" loading=\"lazy\" src=\"https:\/\/www.roesler-tyres.com\/wp-content\/uploads\/2018\/07\/reifensensor_querschnitt.gif\" alt=\"\" width=\"521\" height=\"694\" class=\"alignnone size-full wp-image-291\" \/>\n            <\/div>\n<\/p><\/div>\n<\/p><\/div>\n<\/p><\/div>\n<div class=\"col-sm-12\">\n<iframe loading=\"lazy\" src=\"https:\/\/www.roesler-tyres.com\/video\/intread.html\" scrolling=\"no\" style=\"border:0;\" width=\"100%\"  height=\"600\"><\/iframe>\n<\/div>\n<\/div>\n","protected":false},"excerpt":{"rendered":"<p>Intread Sensor SEPARATING OURSELVES FROM THE OTHERS We challenged ourselves for more than 3 years to engineer the best and most powerful TPMS system the world has ever seen. The result is something entirely new. Something radically different from anything before. The patents which protect it are only one proof for the incredible amount of <a class=\"moretag\" href=\"https:\/\/www.roesler-tyres.com\/en\/otr-tyre-sensor\/\">[&#8230;]<\/a><\/p>\n","protected":false},"author":1,"featured_media":0,"parent":0,"menu_order":0,"comment_status":"closed","ping_status":"closed","template":"","meta":{"footnotes":""},"yoast_head":"<!-- This site is optimized with the Yoast SEO plugin v21.0 - https:\/\/yoast.com\/wordpress\/plugins\/seo\/ -->\n<title>Reifensensor - R\u00f6sler Tyre Innovators<\/title>\n<meta name=\"robots\" content=\"index, follow, max-snippet:-1, max-image-preview:large, max-video-preview:-1\" \/>\n<link rel=\"canonical\" href=\"https:\/\/www.roesler-tyres.com\/en\/otr-tyre-sensor\/\" \/>\n<script type=\"application\/ld+json\" class=\"yoast-schema-graph\">{\"@context\":\"https:\/\/schema.org\",\"@graph\":[{\"@type\":\"WebPage\",\"@id\":\"https:\/\/www.roesler-tyres.com\/en\/otr-tyre-sensor\/\",\"url\":\"https:\/\/www.roesler-tyres.com\/en\/otr-tyre-sensor\/\",\"name\":\"Reifensensor - R\u00f6sler Tyre Innovators\",\"isPartOf\":{\"@id\":\"https:\/\/www.roesler-tyres.com\/#website\"},\"datePublished\":\"2018-07-19T17:55:46+00:00\",\"dateModified\":\"2019-12-11T16:24:32+00:00\",\"breadcrumb\":{\"@id\":\"https:\/\/www.roesler-tyres.com\/en\/otr-tyre-sensor\/#breadcrumb\"},\"inLanguage\":\"en-US\",\"potentialAction\":[{\"@type\":\"ReadAction\",\"target\":[\"https:\/\/www.roesler-tyres.com\/en\/otr-tyre-sensor\/\"]}]},{\"@type\":\"BreadcrumbList\",\"@id\":\"https:\/\/www.roesler-tyres.com\/en\/otr-tyre-sensor\/#breadcrumb\",\"itemListElement\":[{\"@type\":\"ListItem\",\"position\":1,\"name\":\"Home\",\"item\":\"https:\/\/www.roesler-tyres.com\/en\/\"},{\"@type\":\"ListItem\",\"position\":2,\"name\":\"Reifensensor\"}]},{\"@type\":\"WebSite\",\"@id\":\"https:\/\/www.roesler-tyres.com\/#website\",\"url\":\"https:\/\/www.roesler-tyres.com\/\",\"name\":\"R\u00f6sler Tyre Innovators\",\"description\":\"\u00dcber 50 J\u00e4hrige Erfahrung im EM-Reifen Markt\",\"potentialAction\":[{\"@type\":\"SearchAction\",\"target\":{\"@type\":\"EntryPoint\",\"urlTemplate\":\"https:\/\/www.roesler-tyres.com\/?s={search_term_string}\"},\"query-input\":\"required name=search_term_string\"}],\"inLanguage\":\"en-US\"}]}<\/script>\n<!-- \/ Yoast SEO plugin. -->","yoast_head_json":{"title":"Reifensensor - R\u00f6sler Tyre Innovators","robots":{"index":"index","follow":"follow","max-snippet":"max-snippet:-1","max-image-preview":"max-image-preview:large","max-video-preview":"max-video-preview:-1"},"canonical":"https:\/\/www.roesler-tyres.com\/en\/otr-tyre-sensor\/","schema":{"@context":"https:\/\/schema.org","@graph":[{"@type":"WebPage","@id":"https:\/\/www.roesler-tyres.com\/en\/otr-tyre-sensor\/","url":"https:\/\/www.roesler-tyres.com\/en\/otr-tyre-sensor\/","name":"Reifensensor - R\u00f6sler Tyre Innovators","isPartOf":{"@id":"https:\/\/www.roesler-tyres.com\/#website"},"datePublished":"2018-07-19T17:55:46+00:00","dateModified":"2019-12-11T16:24:32+00:00","breadcrumb":{"@id":"https:\/\/www.roesler-tyres.com\/en\/otr-tyre-sensor\/#breadcrumb"},"inLanguage":"en-US","potentialAction":[{"@type":"ReadAction","target":["https:\/\/www.roesler-tyres.com\/en\/otr-tyre-sensor\/"]}]},{"@type":"BreadcrumbList","@id":"https:\/\/www.roesler-tyres.com\/en\/otr-tyre-sensor\/#breadcrumb","itemListElement":[{"@type":"ListItem","position":1,"name":"Home","item":"https:\/\/www.roesler-tyres.com\/en\/"},{"@type":"ListItem","position":2,"name":"Reifensensor"}]},{"@type":"WebSite","@id":"https:\/\/www.roesler-tyres.com\/#website","url":"https:\/\/www.roesler-tyres.com\/","name":"R\u00f6sler Tyre Innovators","description":"\u00dcber 50 J\u00e4hrige Erfahrung im EM-Reifen Markt","potentialAction":[{"@type":"SearchAction","target":{"@type":"EntryPoint","urlTemplate":"https:\/\/www.roesler-tyres.com\/?s={search_term_string}"},"query-input":"required name=search_term_string"}],"inLanguage":"en-US"}]}},"_links":{"self":[{"href":"https:\/\/www.roesler-tyres.com\/en\/wp-json\/wp\/v2\/pages\/798"}],"collection":[{"href":"https:\/\/www.roesler-tyres.com\/en\/wp-json\/wp\/v2\/pages"}],"about":[{"href":"https:\/\/www.roesler-tyres.com\/en\/wp-json\/wp\/v2\/types\/page"}],"author":[{"embeddable":true,"href":"https:\/\/www.roesler-tyres.com\/en\/wp-json\/wp\/v2\/users\/1"}],"replies":[{"embeddable":true,"href":"https:\/\/www.roesler-tyres.com\/en\/wp-json\/wp\/v2\/comments?post=798"}],"version-history":[{"count":3,"href":"https:\/\/www.roesler-tyres.com\/en\/wp-json\/wp\/v2\/pages\/798\/revisions"}],"predecessor-version":[{"id":1129,"href":"https:\/\/www.roesler-tyres.com\/en\/wp-json\/wp\/v2\/pages\/798\/revisions\/1129"}],"wp:attachment":[{"href":"https:\/\/www.roesler-tyres.com\/en\/wp-json\/wp\/v2\/media?parent=798"}],"curies":[{"name":"wp","href":"https:\/\/api.w.org\/{rel}","templated":true}]}}