{"id":801,"date":"2018-07-19T15:31:32","date_gmt":"2018-07-19T13:31:32","guid":{"rendered":"http:\/\/i-tread.de\/reifenfuellungen\/"},"modified":"2018-08-19T20:21:41","modified_gmt":"2018-08-19T18:21:41","slug":"otr-tyre-fillings","status":"publish","type":"page","link":"https:\/\/www.roesler-tyres.com\/en\/otr-tyre-fillings\/","title":{"rendered":"Reifenf\u00fcllungen"},"content":{"rendered":"<p><!--\n\n\n<div class=\"container\">\n   \n\n<div class=\"appi_page_nav\">\n    \n\n<ul>\n\t\n\n<li><a href=\"#eins\">Triofill<\/a><\/li>\n\n\n\t\n\n<li><a href=\"#zwei\">Polyfill<\/a><\/li>\n\n\n        \n\n<li><a href=\"#drei\">Liquifill<\/a><\/li>\n\n\n        \n\n<li><a href=\"#vier\">Wheelseal<\/a><\/li>\n\n\n        \n\n<li><\/li>\n\n\n   <\/ul>\n\n\n   <\/div>\n\n\n<\/div>\n\n\n--><\/p>\n<div class=\"container content-10 bg-verlauf\" id=\"eins\">\n<div class=\"col-sm-6\">\n<div>\n<h2 style=\"text-transform: uppercase\">R\u00d6SLER Triofill <\/h2>\n<p style=\"font-size: 20px; text-transform: uppercase\">THE NEXT GENERATION IN TYRE FILLING<\/p>\n<p><img decoding=\"async\" loading=\"lazy\" src=\"https:\/\/www.roesler-tyres.com\/img\/3-Komponenten-Reifenf\u00fcllung-f\u00fcr-Grossreifen.png\" width=\"147\" height=\"199\" style=\"margin: 0px 10px 0px 0px\" align=\"left\" \/> <strong>R\u00d6SLER Triofill<\/strong> represents the most dynamic and environmental friendly tyre filling solution available on the market. The innovative 3-Component structure, that comprises two liquid polyurethanes and one of granulated rubber, is more greener, cleaner and cost efficient than any common tyre fill material.<br \/>\n<br \/>\nBecome a Dealer: <a href=\"mailto:roesler@roesler-tyres.com\">Click here<\/a>\n        <\/p>\n<\/p><\/div>\n<\/p><\/div>\n<div class=\"col-sm-6\">\n<div class=\"thumbs thumb-style thumb-inside\">\n<div class=\"thumb-img\">\n<div class=\"overflow-hidden\">\n              <iframe loading=\"lazy\" src=\"https:\/\/www.roesler-tyres.com\/video\/triofill.html\" scrolling=\"no\" style=\"border:0;\" width=\"540\" height=\"300\"><\/iframe>\n            <\/div>\n<\/p><\/div>\n<\/p><\/div>\n<\/p><\/div>\n<\/div>\n<div class=\"container content-10 bg-verlauf\" id=\"zwei\">\n<div class=\"col-sm-6\">\n<div>\n<h2 style=\"text-transform: uppercase\">R\u00d6SLER Polyfill<\/h2>\n<p style=\"font-size: 20px; text-transform: uppercase\">THE INDUSTRY STANDARD IN TYRE FILLING SYSTEMS<\/p>\n<p><img decoding=\"async\" loading=\"lazy\" src=\"https:\/\/www.roesler-tyres.com\/img\/Reifenf\u00fcllung-f\u00fcr-maximalen-Reifenschutz.png\" alt=\"\" width=\"147\" height=\"199\"  style=\"margin: 0px 10px 0px 0px\" align=\"left\" \/><br \/>\n<strong>R\u00d6SLER Polyfill<\/strong> is the ultimate tyre flat proofing solution. The 2 component urethane based material significantly increases the tyre life \u2013 even in the most hazardous environments.<\/p>\n<p>Become a Dealer: <a href=\"mailto:roesler@roesler-tyres.com\">Click here<\/a>\n        <\/p>\n<\/p><\/div>\n<\/p><\/div>\n<div class=\"col-sm-6\">\n<div class=\"thumbs thumb-style thumb-inside\">\n<div class=\"thumb-img\">\n<div class=\"overflow-hidden\">\n              <iframe loading=\"lazy\" src=\"https:\/\/www.roesler-tyres.com\/video\/polyfill.html\" scrolling=\"no\" style=\"border:0;\" width=\"540\" height=\"300\"><\/iframe>\n            <\/div>\n<\/p><\/div>\n<\/p><\/div>\n<\/p><\/div>\n<\/div>\n<div class=\"container content-10 bg-verlauf\" id=\"drei\">\n<div class=\"col-sm-6\">\n<div>\n<h2>R\u00d6SLER Liquifill<\/h2>\n<p style=\"font-size: 20px; text-transform: uppercase\">OUTSTANDING TYRE SEALANT PROTECTION, ON ALMOST ALL RANGES OF OFF HIGHWAY TYRES<\/p>\n<p><img decoding=\"async\" loading=\"lazy\" src=\"\/img\/leichter-reifenschutz-f\u00fcr-kleinere-sch\u00e4den.png\" alt=\"\" width=\"147\" height=\"183\"   style=\"margin: 0px 10px 0px 0px\" align=\"left\" \/> Based on a micro fibre &#038; rubber sealant suspension material, R\u00d6SLER Liquifill is specifically designed to eliminate punctures and leaking tyre valves.\n        <\/p>\n<\/p><\/div>\n<\/p><\/div>\n<div class=\"col-sm-6\">\n<div class=\"thumbs thumb-style thumb-inside\">\n<div class=\"thumb-img\">\n<div class=\"overflow-hidden\">\n              <img decoding=\"async\" loading=\"lazy\" src=\"https:\/\/www.roesler-tyres.com\/wp-content\/uploads\/2018\/07\/reifenfuellung-liquifill.jpg\" alt=\"\" width=\"300\" height=\"305\" class=\"alignnone size-full wp-image-230\" srcset=\"https:\/\/www.roesler-tyres.com\/wp-content\/uploads\/2018\/07\/reifenfuellung-liquifill.jpg 300w, https:\/\/www.roesler-tyres.com\/wp-content\/uploads\/2018\/07\/reifenfuellung-liquifill-295x300.jpg 295w\" sizes=\"(max-width: 300px) 100vw, 300px\" \/>\n            <\/div>\n<\/p><\/div>\n<\/p><\/div>\n<\/p><\/div>\n<\/div>\n<div class=\"container content-10 bg-verlauf\" id=\"vier\">\n<div class=\"col-sm-6\">\n<div>\n<h2>R\u00d6SLER Wheelseal<\/h2>\n<p style=\"font-size: 20px; text-transform: uppercase\">PURE ENERGY FOR YOUR TYRES<\/p>\n<p><img decoding=\"async\" loading=\"lazy\" src=\"https:\/\/www.roesler-tyres.com\/wp-content\/uploads\/2018\/07\/schutz-und-dichte-f\u00fcr-reifen-und-felgen.png\" alt=\"\" width=\"139\" height=\"183\"   style=\"margin: 0px 10px 0px 0px\" align=\"left\" \/> <strong>R\u00d6SLER Wheelseal<\/strong> R\u00d6SLER Wheelseal offers exceptional tyre and rim protection. Rust building is stopped and the inside air temperature is cooled down during operation.\n        <\/p>\n<\/p><\/div>\n<\/p><\/div>\n<div class=\"col-sm-6\">\n<div class=\"thumbs thumb-style thumb-inside\">\n<div class=\"thumb-img\">\n<div class=\"overflow-hidden\">\n              <img decoding=\"async\" src=\"https:\/\/www.roesler-tyres.com\/wp-content\/uploads\/2018\/05\/otr-reifen.jpg\" \/>\n            <\/div>\n<\/p><\/div>\n<\/p><\/div>\n<\/p><\/div>\n<\/div>\n","protected":false},"excerpt":{"rendered":"<p>R\u00d6SLER Triofill THE NEXT GENERATION IN TYRE FILLING R\u00d6SLER Triofill represents the most dynamic and environmental friendly tyre filling solution available on the market. The innovative 3-Component structure, that comprises two liquid polyurethanes and one of granulated rubber, is more greener, cleaner and cost efficient than any common tyre fill material. Become a Dealer: Click <a class=\"moretag\" href=\"https:\/\/www.roesler-tyres.com\/en\/otr-tyre-fillings\/\">[&#8230;]<\/a><\/p>\n","protected":false},"author":1,"featured_media":0,"parent":0,"menu_order":0,"comment_status":"closed","ping_status":"closed","template":"","meta":{"footnotes":""},"yoast_head":"<!-- This site is optimized with the Yoast SEO plugin v21.0 - https:\/\/yoast.com\/wordpress\/plugins\/seo\/ -->\n<title>Reifenf\u00fcllungen - R\u00f6sler Tyre Innovators<\/title>\n<meta name=\"robots\" content=\"index, follow, max-snippet:-1, max-image-preview:large, max-video-preview:-1\" \/>\n<link rel=\"canonical\" href=\"https:\/\/www.roesler-tyres.com\/reifenfuellungen\/\" \/>\n<meta name=\"twitter:label1\" content=\"Est. reading time\" \/>\n\t<meta name=\"twitter:data1\" content=\"1 minute\" \/>\n<script type=\"application\/ld+json\" class=\"yoast-schema-graph\">{\"@context\":\"https:\/\/schema.org\",\"@graph\":[{\"@type\":\"WebPage\",\"@id\":\"https:\/\/www.roesler-tyres.com\/reifenfuellungen\/\",\"url\":\"https:\/\/www.roesler-tyres.com\/reifenfuellungen\/\",\"name\":\"Reifenf\u00fcllungen - R\u00f6sler Tyre Innovators\",\"isPartOf\":{\"@id\":\"https:\/\/www.roesler-tyres.com\/#website\"},\"datePublished\":\"2018-07-19T13:31:32+00:00\",\"dateModified\":\"2018-08-19T18:21:41+00:00\",\"breadcrumb\":{\"@id\":\"https:\/\/www.roesler-tyres.com\/reifenfuellungen\/#breadcrumb\"},\"inLanguage\":\"en-US\",\"potentialAction\":[{\"@type\":\"ReadAction\",\"target\":[\"https:\/\/www.roesler-tyres.com\/reifenfuellungen\/\"]}]},{\"@type\":\"BreadcrumbList\",\"@id\":\"https:\/\/www.roesler-tyres.com\/reifenfuellungen\/#breadcrumb\",\"itemListElement\":[{\"@type\":\"ListItem\",\"position\":1,\"name\":\"Home\",\"item\":\"https:\/\/www.roesler-tyres.com\/en\/\"},{\"@type\":\"ListItem\",\"position\":2,\"name\":\"Reifenf\u00fcllungen\"}]},{\"@type\":\"WebSite\",\"@id\":\"https:\/\/www.roesler-tyres.com\/#website\",\"url\":\"https:\/\/www.roesler-tyres.com\/\",\"name\":\"R\u00f6sler Tyre Innovators\",\"description\":\"\u00dcber 50 J\u00e4hrige Erfahrung im EM-Reifen Markt\",\"potentialAction\":[{\"@type\":\"SearchAction\",\"target\":{\"@type\":\"EntryPoint\",\"urlTemplate\":\"https:\/\/www.roesler-tyres.com\/?s={search_term_string}\"},\"query-input\":\"required name=search_term_string\"}],\"inLanguage\":\"en-US\"}]}<\/script>\n<!-- \/ Yoast SEO plugin. -->","yoast_head_json":{"title":"Reifenf\u00fcllungen - R\u00f6sler Tyre Innovators","robots":{"index":"index","follow":"follow","max-snippet":"max-snippet:-1","max-image-preview":"max-image-preview:large","max-video-preview":"max-video-preview:-1"},"canonical":"https:\/\/www.roesler-tyres.com\/reifenfuellungen\/","twitter_misc":{"Est. reading time":"1 minute"},"schema":{"@context":"https:\/\/schema.org","@graph":[{"@type":"WebPage","@id":"https:\/\/www.roesler-tyres.com\/reifenfuellungen\/","url":"https:\/\/www.roesler-tyres.com\/reifenfuellungen\/","name":"Reifenf\u00fcllungen - R\u00f6sler Tyre Innovators","isPartOf":{"@id":"https:\/\/www.roesler-tyres.com\/#website"},"datePublished":"2018-07-19T13:31:32+00:00","dateModified":"2018-08-19T18:21:41+00:00","breadcrumb":{"@id":"https:\/\/www.roesler-tyres.com\/reifenfuellungen\/#breadcrumb"},"inLanguage":"en-US","potentialAction":[{"@type":"ReadAction","target":["https:\/\/www.roesler-tyres.com\/reifenfuellungen\/"]}]},{"@type":"BreadcrumbList","@id":"https:\/\/www.roesler-tyres.com\/reifenfuellungen\/#breadcrumb","itemListElement":[{"@type":"ListItem","position":1,"name":"Home","item":"https:\/\/www.roesler-tyres.com\/en\/"},{"@type":"ListItem","position":2,"name":"Reifenf\u00fcllungen"}]},{"@type":"WebSite","@id":"https:\/\/www.roesler-tyres.com\/#website","url":"https:\/\/www.roesler-tyres.com\/","name":"R\u00f6sler Tyre Innovators","description":"\u00dcber 50 J\u00e4hrige Erfahrung im EM-Reifen Markt","potentialAction":[{"@type":"SearchAction","target":{"@type":"EntryPoint","urlTemplate":"https:\/\/www.roesler-tyres.com\/?s={search_term_string}"},"query-input":"required name=search_term_string"}],"inLanguage":"en-US"}]}},"_links":{"self":[{"href":"https:\/\/www.roesler-tyres.com\/en\/wp-json\/wp\/v2\/pages\/801"}],"collection":[{"href":"https:\/\/www.roesler-tyres.com\/en\/wp-json\/wp\/v2\/pages"}],"about":[{"href":"https:\/\/www.roesler-tyres.com\/en\/wp-json\/wp\/v2\/types\/page"}],"author":[{"embeddable":true,"href":"https:\/\/www.roesler-tyres.com\/en\/wp-json\/wp\/v2\/users\/1"}],"replies":[{"embeddable":true,"href":"https:\/\/www.roesler-tyres.com\/en\/wp-json\/wp\/v2\/comments?post=801"}],"version-history":[{"count":8,"href":"https:\/\/www.roesler-tyres.com\/en\/wp-json\/wp\/v2\/pages\/801\/revisions"}],"predecessor-version":[{"id":1131,"href":"https:\/\/www.roesler-tyres.com\/en\/wp-json\/wp\/v2\/pages\/801\/revisions\/1131"}],"wp:attachment":[{"href":"https:\/\/www.roesler-tyres.com\/en\/wp-json\/wp\/v2\/media?parent=801"}],"curies":[{"name":"wp","href":"https:\/\/api.w.org\/{rel}","templated":true}]}}