{"id":808,"date":"2018-07-19T20:04:20","date_gmt":"2018-07-19T18:04:20","guid":{"rendered":"http:\/\/i-tread.de\/montagevorrichtungen\/"},"modified":"2018-08-20T19:09:22","modified_gmt":"2018-08-20T17:09:22","slug":"otr-tyre-mounting-handler","status":"publish","type":"page","link":"https:\/\/www.roesler-tyres.com\/en\/otr-tyre-mounting-handler\/","title":{"rendered":"OTR-Tyre Mounting Handler :: Griptec Tyre Mounting Machine"},"content":{"rendered":"<div class=\"container content-10 bg-verlauf\" id=\"eins\">\n<div class=\"col-sm-6\">\n<div>\n<h2 style=\"text-transform: uppercase\">THE ALL NEW GRIPTECH OTR MOUNTING MACHINE<\/h2>\n<p style=\"font-size: 20px; text-transform: uppercase\">SAFETY WITHOUT COMPROMISE<\/p>\n<p>\nAn incredible amount of innovation went into the design of the Griptech. We cast aside every preconception and focused from the beginning on safety. We refused to rest until it\u2018s the best OTR tyre handler it can possibly be. We have never created anything like the Griptech OTR mounting machine. No one has. And we can\u2018t wait to see how it will change the OTR tyre mounting industry.<\/p>\n<ul>\n<li>No tyre deformation<\/li>\n<li>Compact design &#8211; better visibility<\/li>\n<li>More precise handling<\/li>\n<\/ul>\n<\/p><\/div>\n<\/p><\/div>\n<div class=\"col-sm-6\">\n<div class=\"thumbs thumb-style thumb-inside\">\n<div class=\"thumb-img\">\n<div class=\"overflow-hidden\">\n              <iframe loading=\"lazy\" src=\"\/video\/handler.html\" scrolling=\"no\" style=\"border:0;\" width=\"540\" height=\"300\"><\/iframe>\n            <\/div>\n<\/p><\/div>\n<\/p><\/div>\n<\/p><\/div>\n<\/div>\n<div class=\"container content-10 bg-verlauf\" id=\"zwei\">\n<div class=\"col-sm-6\">\n<div>\n<p style=\"font-size: 20px; text-transform: uppercase\">TO US EVERY LITTLE THING MATTERS. THAT WHY OUR QUALITY IS INSTANTLY RECOGNIZED<\/p>\n<p>         <span><br \/>\nAt R\u00f6sler we continuously striving to meet our own high demands. We have very definite ideas about how we wish to develope and produce our products. Based on this approach, we set very exacting standards in terms of quality, efficiency, environmental compatibility and safety. Our Griptech is just another demonstration of our principles.<br \/>\n<img decoding=\"async\" loading=\"lazy\" src=\"http:\/\/i-tread.de\/wp-content\/uploads\/2018\/07\/tyre-handler.png\" alt=\"\" width=\"555\" height=\"463\" class=\"alignnone size-full wp-image-285\" srcset=\"https:\/\/www.roesler-tyres.com\/wp-content\/uploads\/2018\/07\/tyre-handler.png 555w, https:\/\/www.roesler-tyres.com\/wp-content\/uploads\/2018\/07\/tyre-handler-300x250.png 300w\" sizes=\"(max-width: 555px) 100vw, 555px\" \/><br \/>\n        <\/span>\n      <\/div>\n<\/p><\/div>\n<div class=\"col-sm-6\">\n<div class=\"thumbs thumb-style thumb-inside\">\n<div class=\"thumb-img\">\n<div class=\"overflow-hidden\">\n           <img decoding=\"async\" loading=\"lazy\" src=\"http:\/\/i-tread.de\/wp-content\/uploads\/2018\/07\/reifenmontagevorrichtung-spezifikationen.png\" alt=\"\" width=\"538\" height=\"305\" class=\"alignnone size-full wp-image-284\" srcset=\"https:\/\/www.roesler-tyres.com\/wp-content\/uploads\/2018\/07\/reifenmontagevorrichtung-spezifikationen.png 538w, https:\/\/www.roesler-tyres.com\/wp-content\/uploads\/2018\/07\/reifenmontagevorrichtung-spezifikationen-300x170.png 300w\" sizes=\"(max-width: 538px) 100vw, 538px\" \/>\n            <\/div>\n<\/p><\/div>\n<\/p><\/div>\n<\/p><\/div>\n<\/div>\n","protected":false},"excerpt":{"rendered":"<p>THE ALL NEW GRIPTECH OTR MOUNTING MACHINE SAFETY WITHOUT COMPROMISE An incredible amount of innovation went into the design of the Griptech. We cast aside every preconception and focused from the beginning on safety. We refused to rest until it\u2018s the best OTR tyre handler it can possibly be. We have never created anything like <a class=\"moretag\" href=\"https:\/\/www.roesler-tyres.com\/en\/otr-tyre-mounting-handler\/\">[&#8230;]<\/a><\/p>\n","protected":false},"author":1,"featured_media":0,"parent":0,"menu_order":0,"comment_status":"closed","ping_status":"closed","template":"","meta":{"footnotes":""},"yoast_head":"<!-- This site is optimized with the Yoast SEO plugin v21.0 - https:\/\/yoast.com\/wordpress\/plugins\/seo\/ -->\n<title>OTR-Tyre Mounting Handler :: Griptec Tyre Mounting Machine<\/title>\n<meta name=\"robots\" content=\"index, follow, max-snippet:-1, max-image-preview:large, max-video-preview:-1\" \/>\n<link rel=\"canonical\" href=\"https:\/\/www.roesler-tyres.com\/en\/otr-tyre-mounting-handler\/\" \/>\n<meta name=\"twitter:label1\" content=\"Est. reading time\" \/>\n\t<meta name=\"twitter:data1\" content=\"1 minute\" \/>\n<script type=\"application\/ld+json\" class=\"yoast-schema-graph\">{\"@context\":\"https:\/\/schema.org\",\"@graph\":[{\"@type\":\"WebPage\",\"@id\":\"https:\/\/www.roesler-tyres.com\/en\/otr-tyre-mounting-handler\/\",\"url\":\"https:\/\/www.roesler-tyres.com\/en\/otr-tyre-mounting-handler\/\",\"name\":\"OTR-Tyre Mounting Handler :: Griptec Tyre Mounting Machine\",\"isPartOf\":{\"@id\":\"https:\/\/www.roesler-tyres.com\/#website\"},\"datePublished\":\"2018-07-19T18:04:20+00:00\",\"dateModified\":\"2018-08-20T17:09:22+00:00\",\"breadcrumb\":{\"@id\":\"https:\/\/www.roesler-tyres.com\/en\/otr-tyre-mounting-handler\/#breadcrumb\"},\"inLanguage\":\"en-US\",\"potentialAction\":[{\"@type\":\"ReadAction\",\"target\":[\"https:\/\/www.roesler-tyres.com\/en\/otr-tyre-mounting-handler\/\"]}]},{\"@type\":\"BreadcrumbList\",\"@id\":\"https:\/\/www.roesler-tyres.com\/en\/otr-tyre-mounting-handler\/#breadcrumb\",\"itemListElement\":[{\"@type\":\"ListItem\",\"position\":1,\"name\":\"Home\",\"item\":\"https:\/\/www.roesler-tyres.com\/en\/\"},{\"@type\":\"ListItem\",\"position\":2,\"name\":\"OTR-Tyre Mounting Handler :: Griptec Tyre Mounting Machine\"}]},{\"@type\":\"WebSite\",\"@id\":\"https:\/\/www.roesler-tyres.com\/#website\",\"url\":\"https:\/\/www.roesler-tyres.com\/\",\"name\":\"R\u00f6sler Tyre Innovators\",\"description\":\"\u00dcber 50 J\u00e4hrige Erfahrung im EM-Reifen Markt\",\"potentialAction\":[{\"@type\":\"SearchAction\",\"target\":{\"@type\":\"EntryPoint\",\"urlTemplate\":\"https:\/\/www.roesler-tyres.com\/?s={search_term_string}\"},\"query-input\":\"required name=search_term_string\"}],\"inLanguage\":\"en-US\"}]}<\/script>\n<!-- \/ Yoast SEO plugin. -->","yoast_head_json":{"title":"OTR-Tyre Mounting Handler :: Griptec Tyre Mounting Machine","robots":{"index":"index","follow":"follow","max-snippet":"max-snippet:-1","max-image-preview":"max-image-preview:large","max-video-preview":"max-video-preview:-1"},"canonical":"https:\/\/www.roesler-tyres.com\/en\/otr-tyre-mounting-handler\/","twitter_misc":{"Est. reading time":"1 minute"},"schema":{"@context":"https:\/\/schema.org","@graph":[{"@type":"WebPage","@id":"https:\/\/www.roesler-tyres.com\/en\/otr-tyre-mounting-handler\/","url":"https:\/\/www.roesler-tyres.com\/en\/otr-tyre-mounting-handler\/","name":"OTR-Tyre Mounting Handler :: Griptec Tyre Mounting Machine","isPartOf":{"@id":"https:\/\/www.roesler-tyres.com\/#website"},"datePublished":"2018-07-19T18:04:20+00:00","dateModified":"2018-08-20T17:09:22+00:00","breadcrumb":{"@id":"https:\/\/www.roesler-tyres.com\/en\/otr-tyre-mounting-handler\/#breadcrumb"},"inLanguage":"en-US","potentialAction":[{"@type":"ReadAction","target":["https:\/\/www.roesler-tyres.com\/en\/otr-tyre-mounting-handler\/"]}]},{"@type":"BreadcrumbList","@id":"https:\/\/www.roesler-tyres.com\/en\/otr-tyre-mounting-handler\/#breadcrumb","itemListElement":[{"@type":"ListItem","position":1,"name":"Home","item":"https:\/\/www.roesler-tyres.com\/en\/"},{"@type":"ListItem","position":2,"name":"OTR-Tyre Mounting Handler :: Griptec Tyre Mounting Machine"}]},{"@type":"WebSite","@id":"https:\/\/www.roesler-tyres.com\/#website","url":"https:\/\/www.roesler-tyres.com\/","name":"R\u00f6sler Tyre Innovators","description":"\u00dcber 50 J\u00e4hrige Erfahrung im EM-Reifen Markt","potentialAction":[{"@type":"SearchAction","target":{"@type":"EntryPoint","urlTemplate":"https:\/\/www.roesler-tyres.com\/?s={search_term_string}"},"query-input":"required name=search_term_string"}],"inLanguage":"en-US"}]}},"_links":{"self":[{"href":"https:\/\/www.roesler-tyres.com\/en\/wp-json\/wp\/v2\/pages\/808"}],"collection":[{"href":"https:\/\/www.roesler-tyres.com\/en\/wp-json\/wp\/v2\/pages"}],"about":[{"href":"https:\/\/www.roesler-tyres.com\/en\/wp-json\/wp\/v2\/types\/page"}],"author":[{"embeddable":true,"href":"https:\/\/www.roesler-tyres.com\/en\/wp-json\/wp\/v2\/users\/1"}],"replies":[{"embeddable":true,"href":"https:\/\/www.roesler-tyres.com\/en\/wp-json\/wp\/v2\/comments?post=808"}],"version-history":[{"count":4,"href":"https:\/\/www.roesler-tyres.com\/en\/wp-json\/wp\/v2\/pages\/808\/revisions"}],"predecessor-version":[{"id":1146,"href":"https:\/\/www.roesler-tyres.com\/en\/wp-json\/wp\/v2\/pages\/808\/revisions\/1146"}],"wp:attachment":[{"href":"https:\/\/www.roesler-tyres.com\/en\/wp-json\/wp\/v2\/media?parent=808"}],"curies":[{"name":"wp","href":"https:\/\/api.w.org\/{rel}","templated":true}]}}