{"id":813,"date":"2018-07-19T19:33:26","date_gmt":"2018-07-19T17:33:26","guid":{"rendered":"http:\/\/i-tread.de\/vulkanisationsanlagen\/"},"modified":"2018-11-23T13:07:48","modified_gmt":"2018-11-23T12:07:48","slug":"vulcanization-facilities","status":"publish","type":"page","link":"https:\/\/www.roesler-tyres.com\/en\/vulcanization-facilities\/","title":{"rendered":"vulcanization-facilities"},"content":{"rendered":"<div class=\"container content-10 bg-verlauf\">\n<div class=\"row\">\n<div class=\"col-sm-6\">\n<h2>YOU KNOW TO EXPECT ENGINEERING PERFECTION FROM R\u00d6SLER<\/h2>\n<p>\nInnovative solutions and revolutionary engineering have become synonymous with the R\u00f6sler name. To us, every little thing matters. That\u2018s why our patented \u201eSchelkmann Precured Retreading System\u201c (SPR-System) combines the most modern state of the art technology with an efficient and productive method of high quality OTR retreading.\n      <\/p>\n<\/div>\n<\/div>\n<div class=\"animation-wrapper row\">\n<article class=\"animation\">\n<section class=\"poster\"><img decoding=\"async\" src=\"\/img\/retreadfacility\/animation\/retreadfacility.png\"><\/section>\n<section class=\"step\"><img decoding=\"async\" src=\"\/img\/retreadfacility\/animation\/retreadfacility-preparation.png\"><\/p>\n<div class=\"step-content\">\n<div class=\"step-text\">\n<h3>Curing Preparation<\/h3>\n<p>The tyre is prepared to go into the autoclave.<\/p>\n<\/div>\n<figure class=\"step-illu\"><img decoding=\"async\" src=\"\/img\/retreadfacility\/content\/preparation.jpg\"><\/figure>\n<\/div>\n<\/section>\n<section class=\"step\"><img decoding=\"async\" src=\"\/img\/retreadfacility\/animation\/retreadfacility-enveloping.png\"><\/p>\n<div class=\"step-content\">\n<div class=\"step-text\">\n<h3>Tyre Enveloping<\/h3>\n<p>The tyre is going to be put into a envelope, as preparation for the vulcanization process.<\/p>\n<\/div>\n<figure class=\"step-illu\"><img decoding=\"async\" src=\"\/img\/retreadfacility\/content\/enveloping.jpg\"><\/div>\n<\/section>\n<section class=\"step\"><img decoding=\"async\" src=\"\/img\/retreadfacility\/animation\/retreadfacility-curing.png\"><\/p>\n<div class=\"step-content\">\n<div class=\"step-text\">\n<h3>Tyre Curing<\/h3>\n<p>The tyre is put into a SPR-Waterautoclave and cured with temperatures beneath 100\u00b0C.<\/p>\n<\/div>\n<figure class=\"step-illu\"><img decoding=\"async\" src=\"\/img\/retreadfacility\/content\/curing.jpg\"><\/div>\n<\/section>\n<section class=\"step\"><img decoding=\"async\" src=\"\/img\/retreadfacility\/animation\/retreadfacility-building.png\"><\/p>\n<div class=\"step-content\">\n<div class=\"step-text\">\n<h3>Tyre Building<\/h3>\n<p>The precured tread stripe is put on the casing<\/p>\n<\/div>\n<figure class=\"step-illu\"><img decoding=\"async\" src=\"\/img\/retreadfacility\/content\/building.jpg\"><\/figure>\n<\/div>\n<\/section>\n<section class=\"step\"><img decoding=\"async\" src=\"\/img\/retreadfacility\/animation\/retreadfacility-buffing.png\"><\/p>\n<div class=\"step-content\">\n<div class=\"step-text\">\n<h3>Tyre Buffing<\/h3>\n<p>The remaining tread is beeing buffed off and the casing is put in shape for the retreading process.<\/p>\n<\/div>\n<figure class=\"step-illu\"><img decoding=\"async\" src=\"\/img\/retreadfacility\/content\/buffing.jpg\"><\/figure>\n<\/div>\n<\/section>\n<section class=\"step\"><img decoding=\"async\" src=\"\/img\/retreadfacility\/animation\/retreadfacility-repair.png\"><\/p>\n<div class=\"step-content\">\n<div class=\"step-text\">\n<h3>Repair Department<\/h3>\n<p>After the buffing process, all damages to the tyre casing become visible. In this department each single damage is going to be repaired.\n<\/p>\n<\/div>\n<figure class=\"step-illu\"><img decoding=\"async\" src=\"\/img\/retreadfacility\/content\/repair.jpg\"><\/figure>\n<\/div>\n<\/section>\n<section class=\"step\"><img decoding=\"async\" src=\"\/img\/retreadfacility\/animation\/retreadfacility-finishing.png\"><\/p>\n<div class=\"step-content\">\n<div class=\"step-text\">\n<h3>Tyre Finishing<\/h3>\n<p>In this step the tyre receives a final controlled and gets prepared to be send out to the customer.<\/p>\n<\/div>\n<figure class=\"step-illu\"><img decoding=\"async\" src=\"\/img\/retreadfacility\/content\/finishing.jpg\"><\/figure>\n<\/div>\n<\/section>\n<\/article>\n<\/div>\n<div class=\"row\">\n<div class=\"col-sm-6\">\n<h3>WHAT SEPARATES US FROM THE OTHERS, IS THE FACT THAT WE\u2018RE RETREADING <a href=\"https:\/\/www.roesler-tyres.com\/en\/\">EM-TYRES<\/a> FOR MORE THAN 50 YEARS<\/h3>\n<p>In a climate of volatile commodity prices and shifting demand fundamentals, offers the implementation of a retread program a environmental friendly cost saving potential to any mining company. The R\u00f6sler precured retreading system is a proven process which offers equal performance as new premium brand tyres and hence, is a true alternative. With the establishment of several turn key retreading facilities around the globe, R\u00f6sler is today one of the world\u2018s leading companies when it comes to OTR tyre reteading.<\/p>\n<p>You\u2018re interested to operate a OTR retread facility? Feel free to get in touch with us:<\/p>\n<p><strong>Tel.: +49 (0)231 917078-79<br \/>\n<a href=\"mailto:inquiry@roesler-tyres.com\">inquiry@roesler-tyres.com<\/a><\/strong><\/p>\n<\/div>\n<div class=\"col-sm-6\">\n<br \/>\n<iframe loading=\"lazy\" src=\"\/video\/schelkmann.html\" scrolling=\"no\" style=\"border:0;\" width=\"100%\" height=\"350\"><\/iframe>\n<\/div>\n<\/div>\n<\/div>\n","protected":false},"excerpt":{"rendered":"<p>YOU KNOW TO EXPECT ENGINEERING PERFECTION FROM R\u00d6SLER Innovative solutions and revolutionary engineering have become synonymous with the R\u00f6sler name. To us, every little thing matters. That\u2018s why our patented \u201eSchelkmann Precured Retreading System\u201c (SPR-System) combines the most modern state of the art technology with an efficient and productive method of high quality OTR retreading. <a class=\"moretag\" href=\"https:\/\/www.roesler-tyres.com\/en\/vulcanization-facilities\/\">[&#8230;]<\/a><\/p>\n","protected":false},"author":1,"featured_media":0,"parent":0,"menu_order":0,"comment_status":"closed","ping_status":"closed","template":"","meta":{"footnotes":""},"yoast_head":"<!-- This site is optimized with the Yoast SEO plugin v21.0 - https:\/\/yoast.com\/wordpress\/plugins\/seo\/ -->\n<title>Vulcanization-Facilities :: Retreading Facilities<\/title>\n<meta name=\"robots\" content=\"index, follow, max-snippet:-1, max-image-preview:large, max-video-preview:-1\" \/>\n<link rel=\"canonical\" href=\"https:\/\/www.roesler-tyres.com\/en\/vulcanization-facilities\/\" \/>\n<meta name=\"twitter:label1\" content=\"Est. reading time\" \/>\n\t<meta name=\"twitter:data1\" content=\"1 minute\" \/>\n<script type=\"application\/ld+json\" class=\"yoast-schema-graph\">{\"@context\":\"https:\/\/schema.org\",\"@graph\":[{\"@type\":\"WebPage\",\"@id\":\"https:\/\/www.roesler-tyres.com\/en\/vulcanization-facilities\/\",\"url\":\"https:\/\/www.roesler-tyres.com\/en\/vulcanization-facilities\/\",\"name\":\"Vulcanization-Facilities :: Retreading Facilities\",\"isPartOf\":{\"@id\":\"https:\/\/www.roesler-tyres.com\/#website\"},\"datePublished\":\"2018-07-19T17:33:26+00:00\",\"dateModified\":\"2018-11-23T12:07:48+00:00\",\"breadcrumb\":{\"@id\":\"https:\/\/www.roesler-tyres.com\/en\/vulcanization-facilities\/#breadcrumb\"},\"inLanguage\":\"en-US\",\"potentialAction\":[{\"@type\":\"ReadAction\",\"target\":[\"https:\/\/www.roesler-tyres.com\/en\/vulcanization-facilities\/\"]}]},{\"@type\":\"BreadcrumbList\",\"@id\":\"https:\/\/www.roesler-tyres.com\/en\/vulcanization-facilities\/#breadcrumb\",\"itemListElement\":[{\"@type\":\"ListItem\",\"position\":1,\"name\":\"Home\",\"item\":\"https:\/\/www.roesler-tyres.com\/en\/\"},{\"@type\":\"ListItem\",\"position\":2,\"name\":\"vulcanization-facilities\"}]},{\"@type\":\"WebSite\",\"@id\":\"https:\/\/www.roesler-tyres.com\/#website\",\"url\":\"https:\/\/www.roesler-tyres.com\/\",\"name\":\"R\u00f6sler Tyre Innovators\",\"description\":\"\u00dcber 50 J\u00e4hrige Erfahrung im EM-Reifen Markt\",\"potentialAction\":[{\"@type\":\"SearchAction\",\"target\":{\"@type\":\"EntryPoint\",\"urlTemplate\":\"https:\/\/www.roesler-tyres.com\/?s={search_term_string}\"},\"query-input\":\"required name=search_term_string\"}],\"inLanguage\":\"en-US\"}]}<\/script>\n<!-- \/ Yoast SEO plugin. -->","yoast_head_json":{"title":"Vulcanization-Facilities :: Retreading Facilities","robots":{"index":"index","follow":"follow","max-snippet":"max-snippet:-1","max-image-preview":"max-image-preview:large","max-video-preview":"max-video-preview:-1"},"canonical":"https:\/\/www.roesler-tyres.com\/en\/vulcanization-facilities\/","twitter_misc":{"Est. reading time":"1 minute"},"schema":{"@context":"https:\/\/schema.org","@graph":[{"@type":"WebPage","@id":"https:\/\/www.roesler-tyres.com\/en\/vulcanization-facilities\/","url":"https:\/\/www.roesler-tyres.com\/en\/vulcanization-facilities\/","name":"Vulcanization-Facilities :: Retreading Facilities","isPartOf":{"@id":"https:\/\/www.roesler-tyres.com\/#website"},"datePublished":"2018-07-19T17:33:26+00:00","dateModified":"2018-11-23T12:07:48+00:00","breadcrumb":{"@id":"https:\/\/www.roesler-tyres.com\/en\/vulcanization-facilities\/#breadcrumb"},"inLanguage":"en-US","potentialAction":[{"@type":"ReadAction","target":["https:\/\/www.roesler-tyres.com\/en\/vulcanization-facilities\/"]}]},{"@type":"BreadcrumbList","@id":"https:\/\/www.roesler-tyres.com\/en\/vulcanization-facilities\/#breadcrumb","itemListElement":[{"@type":"ListItem","position":1,"name":"Home","item":"https:\/\/www.roesler-tyres.com\/en\/"},{"@type":"ListItem","position":2,"name":"vulcanization-facilities"}]},{"@type":"WebSite","@id":"https:\/\/www.roesler-tyres.com\/#website","url":"https:\/\/www.roesler-tyres.com\/","name":"R\u00f6sler Tyre Innovators","description":"\u00dcber 50 J\u00e4hrige Erfahrung im EM-Reifen Markt","potentialAction":[{"@type":"SearchAction","target":{"@type":"EntryPoint","urlTemplate":"https:\/\/www.roesler-tyres.com\/?s={search_term_string}"},"query-input":"required name=search_term_string"}],"inLanguage":"en-US"}]}},"_links":{"self":[{"href":"https:\/\/www.roesler-tyres.com\/en\/wp-json\/wp\/v2\/pages\/813"}],"collection":[{"href":"https:\/\/www.roesler-tyres.com\/en\/wp-json\/wp\/v2\/pages"}],"about":[{"href":"https:\/\/www.roesler-tyres.com\/en\/wp-json\/wp\/v2\/types\/page"}],"author":[{"embeddable":true,"href":"https:\/\/www.roesler-tyres.com\/en\/wp-json\/wp\/v2\/users\/1"}],"replies":[{"embeddable":true,"href":"https:\/\/www.roesler-tyres.com\/en\/wp-json\/wp\/v2\/comments?post=813"}],"version-history":[{"count":13,"href":"https:\/\/www.roesler-tyres.com\/en\/wp-json\/wp\/v2\/pages\/813\/revisions"}],"predecessor-version":[{"id":1166,"href":"https:\/\/www.roesler-tyres.com\/en\/wp-json\/wp\/v2\/pages\/813\/revisions\/1166"}],"wp:attachment":[{"href":"https:\/\/www.roesler-tyres.com\/en\/wp-json\/wp\/v2\/media?parent=813"}],"curies":[{"name":"wp","href":"https:\/\/api.w.org\/{rel}","templated":true}]}}