{"id":825,"date":"2018-07-24T12:26:15","date_gmt":"2018-07-24T10:26:15","guid":{"rendered":"http:\/\/i-tread.de\/kontakt\/"},"modified":"2025-06-06T12:51:30","modified_gmt":"2025-06-06T10:51:30","slug":"contact-roesler-tyre-innovators-dortmund-germany","status":"publish","type":"page","link":"https:\/\/www.roesler-tyres.com\/en\/contact-roesler-tyre-innovators-dortmund-germany\/","title":{"rendered":"Contact"},"content":{"rendered":"\r\n\r\n<div class=\"container content-10 bg-verlauf\">\r\n\r\n  <h1>R\u00f6sler Tyre Innovators<\/h1>\r\n  <p>\r\n    Ezzestra\u00dfe 5<br>\r\n    44379 Dortmund<br>\r\n    Germany<br><br>\r\n\r\n    Telefon <a href=\"tel:+4923191707879\">+49 231 917078-79<\/a><br>\r\n    Fax: +49 231 917078-11<br><br>\r\n\r\n<a href=\"mailto:roesler@roesler-tyres.com\">roesler@roesler-tyres.com<\/a>\r\n  <\/p>\r\n\r\n<div class=\"mosaic\">\r\n    <!-- Michael Albrecht -->\r\n    <div class=\"mosaic-item\">\r\n      <a href=\"mailto:m.albrecht@roesler-tyres.com?Subject=Inquiry%20to%20Michael%20Albrecht\" title=\"E-Mail to Michael Albrecht\">\r\n        <div class=\"item-content\">\r\n          <h4>Michael Albrecht<\/h4>\r\n          <p>\r\n            Customer Service<br>\r\n            m.albrecht@roesler-tyres.com\r\n          <\/p>\r\n        <\/div>\r\n        <img src=\"https:\/\/www.roesler-tyres.com\/wp-content\/uploads\/michael_albrecht.jpg\" alt=\"Photo: Michael Albrecht\">\r\n      <\/a>\r\n    <\/div>\r\n    <!-- Norbert Bogun -->\r\n    <div class=\"mosaic-item\">\r\n      <a href=\"mailto:n.bogun@roesler-tyres.com?Subject=Inquiry%20to%20Norbert%20Bogun\" title=\"E-Mail to Norbert Bogun\">\r\n        <div class=\"item-content\">\r\n          <h4>Norbert Bogun<\/h4>\r\n          <p>\r\n            Operations Manager<br>\r\n            n.bogun@roesler-tyres.com\r\n          <\/p>\r\n        <\/div>\r\n        <img src=\"\/img\/kontakt\/Norbert-Bogun.jpg\" alt=\"Photo: Norbert Bogun\">\r\n      <\/a>\r\n    <\/div>\r\n\r\n <!-- Nadine Dorbritz-Dahms -->\r\n    <div class=\"mosaic-item\">\r\n      <a href=\"mailto:n.dorbritz-dahms@roesler-tyres.com?Subject=Inquiry%20to%20Nadine%20Dorbritz-Dahms\" title=\"E-Mail to Nadine Dorbritz-Dahms\">\r\n        <div class=\"item-content\">\r\n          <h4>Nadine Dorbritz-Dahms<\/h4>\r\n          <p>\r\n            n.dorbritz-dahms@roesler-tyres.com\r\n          <\/p>\r\n        <\/div>\r\n        <!--<img src=\"\/img\/kontakt\/Nadine-Dorbritz-Dahms.jpg\" alt=\"Photo: Nadine Dorbritz-Dahms\">-->\r\n        <img src=\"https:\/\/www.roesler-tyres.com\/wp-content\/uploads\/dummy.png\" alt=\"Photo: Nadine Dorbritz-Dahms\">\r\n      <\/a>\r\n    <\/div>\r\n    <!-- Simone Dieterich -->\r\n    <div class=\"mosaic-item\">\r\n      <a href=\"mailto:s.dieterich@roesler-tyres.com?Subject=Inquiry%20to%20Simone%20Dieterich\" title=\"E-Mail to Simone Dieterich\">\r\n        <div class=\"item-content\">\r\n          <h4>Simone Dieterich<\/h4>\r\n          <p>\r\n            s.dieterich@roesler-tyres.com\r\n          <\/p>\r\n        <\/div>\r\n        <img src=\"https:\/\/www.roesler-tyres.com\/wp-content\/uploads\/dummy.png\" alt=\"Photo: Simone Dieterich\">\r\n      <\/a>\r\n    <\/div>\r\n <!-- Stephanie Feller -->\r\n<div class=\"mosaic-item\">\r\n      <a href=\"mailto:s.feller@roesler-tyres.com?Subject=Inquiry%20to%20Stephanie%20Feller\" title=\"E-Mail to Stephanie Feller\">\r\n        <div class=\"item-content\">\r\n          <h4>Stephanie Feller<\/h4>\r\n          <p>\r\n            Customer Service<br>\r\n            s.feller@roesler-tyres.com\r\n          <\/p>\r\n        <\/div>\r\n        <img src=\"https:\/\/www.roesler-tyres.com\/wp-content\/uploads\/s_feller.png\" alt=\"Photo: Stephanie Feller\">\r\n      <\/a>\r\n    <\/div>\r\n\r\n    <!-- Frank Fuhrmann -->\r\n    <div class=\"mosaic-item\">\r\n      <a href=\"mailto:f.fuhrmann@roesler-tyres.com?Subject=Inquiry%20to%20Frank%20Fuhrmann\" title=\"E-Mail to Frank Fuhrmann\">\r\n        <div class=\"item-content\">\r\n          <h4>Frank Fuhrmann<\/h4>\r\n          <p>\r\n            Workshop Manager<br>\r\n            f.fuhrmann@roesler-tyres.com\r\n          <\/p>\r\n        <\/div>\r\n        <img src=\"https:\/\/www.roesler-tyres.com\/wp-content\/uploads\/Frank_Fuhrmann.png\" alt=\"Photo: Frank Fuhrmann\">\r\n      <\/a>\r\n    <\/div>\r\n    <!-- Anna Grilborzer -->\r\n    <div class=\"mosaic-item\">\r\n      <a href=\"mailto:a.grilborzer@roesler-tyres.com?Subject=Inquiry%20to%20Anna%20Grilborzer\" title=\"E-Mail to Anna Grilborzer\">\r\n        <div class=\"item-content\">\r\n          <h4>Anna Grilborzer<\/h4>\r\n          <p>\r\n            Customer Service<br>\r\n            a.grilborzer@roesler-tyres.com\r\n          <\/p>\r\n        <\/div>\r\n        <img src=\"\/img\/kontakt\/anna-grilborzer.jpg\" alt=\"Photo: Anna Grilborzer\">\r\n      <\/a>\r\n    <\/div>\r\n   \r\n<!-- Katharina Kreft -->\r\n    <div class=\"mosaic-item\">\r\n      <a href=\"mailto:k.kreft@roesler-tyres.com?Subject=Inquiry%20to%20Katharina%20Kreft\" title=\"E-Mail to Katharina Kreft\">\r\n        <div class=\"item-content\">\r\n          <h4>Katharina Kreft<\/h4>\r\n          <p>\r\n            k.kreft@roesler-tyres.com\r\n          <\/p>\r\n        <\/div>\r\n        <img src=\"https:\/\/www.roesler-tyres.com\/wp-content\/uploads\/dummy.png\" alt=\"Photo: Katharina Kreft\">\r\n      <\/a>\r\n    <\/div>\r\n    <!-- Uwe K\u00f6ster \r\n    <div class=\"mosaic-item\">\r\n      <a href=\"mailto:u.koester@roesler-tyres.com?Subject=Inquiry%20to%20Uwe%20K\u00f6ster\" title=\"E-Mail to Uwe K\u00f6ster\">\r\n        <div class=\"item-content\">\r\n          <h4>Uwe K\u00f6ster<\/h4>\r\n          <p>\r\n            Sales Manager<br>\r\n            u.koester@roesler-tyres.com\r\n          <\/p>\r\n        <\/div>\r\n        <img src=\"https:\/\/www.roesler-tyres.com\/wp-content\/uploads\/uwe_koester.jpg\" alt=\"Photo: Uwe K\u00f6ster\">\r\n      <\/a>\r\n    <\/div>-->\r\n    <!-- Piotr Koslik -->\r\n    <div class=\"mosaic-item\">\r\n      <a href=\"mailto:p.koslik@roesler-tyres.com?Subject=Inquiry%20to%20Piotr%20Koslik\" title=\"E-Mail to Piotr Koslik\">\r\n        <div class=\"item-content\">\r\n          <h4>Piotr Koslik<\/h4>\r\n          <p>\r\n            Retreader<br>\r\n            p.koslik@roesler-tyres.com\r\n          <\/p>\r\n        <\/div>\r\n        <img src=\"https:\/\/www.roesler-tyres.com\/wp-content\/uploads\/dummy.png\" alt=\"Photo: Piotr Koslik\">\r\n      <\/a>\r\n    <\/div>\r\n    <!-- Stipo Musan \r\n    <div class=\"mosaic-item\">\r\n      <a href=\"mailto:s.musan@roesler-tyres.com?Subject=Inquiry%20to%20Stipo%20Musan\" title=\"E-Mail to Stipo Musan\">\r\n        <div class=\"item-content\">\r\n          <h4>Stipo Musan<\/h4>\r\n          <p>\r\n            Retreader<br>\r\n            s.musan@roesler-tyres.com\r\n          <\/p>\r\n        <\/div>\r\n        <img src=\"https:\/\/www.roesler-tyres.com\/wp-content\/uploads\/Stipo_Musan.png\" alt=\"Photo: Stipo Musan\">\r\n\r\n      <\/a>\r\n    <\/div>-->\r\n\r\n\r\n    <!-- Norbert Puzik -->\r\n    <div class=\"mosaic-item\">\r\n      <a href=\"mailto: n.puzik@roesler-tyres.com?Subject=Inquiry%20to%20Norbert%20Puzik\" title=\"E-Mail to Norbert Puzik\">\r\n        <div class=\"item-content\">\r\n          <h4>Norbert Puzik<\/h4>\r\n          <p>\r\n            Back Office<br>\r\n             n.puzik@roesler-tyres.com\r\n          <\/p>\r\n        <\/div>\r\n        <img src=\"\/img\/kontakt\/Norbert_Puzik.jpg\" alt=\"Photo: Norbert Puzik\">\r\n      <\/a>\r\n    <\/div>\r\n    <!-- Paul R\u00f6sler -->\r\n    <div class=\"mosaic-item\">\r\n      <a href=\"mailto:roesler@roesler-tyres.com?Subject=Inquiry%20to%20Paul%20R\u00f6sler\" title=\"E-Mail to Paul R\u00f6sler\">\r\n        <div class=\"item-content\">\r\n          <h4>Paul R\u00f6sler<\/h4>\r\n          <p>\r\n            Managing Director\r\n            <br><br>\r\n          <\/p>\r\n        <\/div>\r\n        <img src=\"\/img\/kontakt\/Paul-Roesler.jpg\" alt=\"Photo: Paul R\u00f6sler\">\r\n      <\/a>\r\n    <\/div>\r\n    <!-- Martin R\u00f6sler -->\r\n    <div class=\"mosaic-item\">\r\n      <a href=\"mailto:roesler@roesler-tyres.com?Subject=Inquiry%20to%20Martin%20R\u00f6sler\" title=\"E-Mail to Martin R\u00f6sler\">\r\n        <div class=\"item-content\">\r\n          <h4>Martin R\u00f6sler<\/h4>\r\n          <p>\r\n            Partner\r\n            <br><br>\r\n          <\/p>\r\n        <\/div>\r\n        <img src=\"\/img\/kontakt\/Martin-Roesler.jpg\" alt=\"Photo: Martin R\u00f6sler\">\r\n      <\/a>\r\n    <\/div>\r\n    <!-- Fatmir Reka -->\r\n    <div class=\"mosaic-item\">\r\n      <a href=\"mailto:f.reka@roesler-tyres.com?Subject=Inquiry%20to%20Fatmir%20Reka\" title=\"E-Mail to Fatmir Reka\">\r\n        <div class=\"item-content\">\r\n          <h4>Fatmir Reka<\/h4>\r\n          <p>\r\n            Production Manager<br>\r\n            f.reka@roesler-tyres.com\r\n          <\/p>\r\n        <\/div>\r\n        <img src=\"\/img\/kontakt\/Fatmir-Reka.jpg\" alt=\"Photo: Fatmir Reka\">\r\n      <\/a>\r\n    <\/div>\r\n    <!-- Darius Taranowski -->\r\n    <div class=\"mosaic-item\">\r\n      <a href=\"mailto:d.taranowski@roesler-tyres.com?Subject=Inquiry%20to%20Darius%20Taranowski\" title=\"E-Mail to Darius Taranowski\">\r\n        <div class=\"item-content\">\r\n          <h4>Darius Taranowski<\/h4>\r\n          <p>\r\n            Customer Service<br>\r\n            d.taranowski@roesler-tyres.com\r\n          <\/p>\r\n        <\/div>\r\n        <img src=\"\/img\/kontakt\/Darius-Taranowski.jpg\" alt=\"Photo: Darius Taranowski\">\r\n      <\/a>\r\n    <\/div>\r\n    <!-- Sebastiano Tamburello \r\n    <div class=\"mosaic-item\">\r\n      <a href=\"mailto:s.tamburello@roesler-tyres.com?Subject=Inquiry%20to%20Sebastiano%20Tamburello\" title=\"E-Mail to Sebastiano Tamburello\">\r\n        <div class=\"item-content\">\r\n          <h4>Sebastiano Tamburello<\/h4>\r\n          <p>\r\n           Customer Service<br>\r\n           s.tamburello@roesler-tyres.com\r\n          <\/p>\r\n        <\/div>\r\n        <img src=\"https:\/\/www.roesler-tyres.com\/wp-content\/uploads\/s_tamburello.jpg\">\r\n      <\/a>\r\n    <\/div>-->\r\n    <!-- Marc Venhaus -->\r\n    <div class=\"mosaic-item\">\r\n      <a href=\"mailto:m.venhaus@roesler-tyres.com?Subject=Inquiry%20to%20Marc%20Venhaus\" title=\"E-Mail to Marc Venhaus\">\r\n        <div class=\"item-content\">\r\n          <h4>Marc Venhaus<\/h4>\r\n          <p>\r\n            Customer Service<br>\r\n            m.venhaus@roesler-tyres.com\r\n          <\/p>\r\n        <\/div>\r\n        <img src=\"https:\/\/www.roesler-tyres.com\/wp-content\/uploads\/marc_venhaus.png\" alt=\"Photo: Marc Venhaus\">\r\n      <\/a>\r\n    <\/div>\r\n<!-- Rory White -->\r\n    <div class=\"mosaic-item\">\r\n      <a href=\"mailto:r.white@roesler-tyres.com?Subject=Inquiry%20to%20Rory%20White\" title=\"E-Mail to Rory White\">\r\n        <div class=\"item-content\">\r\n          <h4>Rory White<\/h4>\r\n          <p>\r\n            Branch Manager NRW<br>\r\n            r.white@roesler-tyres.com\r\n          <\/p>\r\n        <\/div>\r\n        <img src=\"https:\/\/www.roesler-tyres.com\/wp-content\/uploads\/Rory_White.png\" alt=\"Photo: Rory White\">\r\n      <\/a>\r\n    <\/div>\r\n    <!-- Sarah White -->\r\n    <div class=\"mosaic-item\">\r\n      <a href=\"mailto:s.white@roesler-tyres.com?Subject=Inquiry%20to%20Sarah%20White\" title=\"E-Mail to Sarah White\">\r\n        <div class=\"item-content\">\r\n          <h4>Sarah White<\/h4>\r\n          <p>\r\n            Back Office<br>\r\n            s.white@roesler-tyres.com\r\n          <\/p>\r\n        <\/div>\r\n        <img src=\"https:\/\/www.roesler-tyres.com\/wp-content\/uploads\/Sarah_White.png\" alt=\"Photo: Sarah White\">\r\n      <\/a>\r\n    <\/div>\r\n    <!-- Marcel White -->\r\n    <div class=\"mosaic-item\">\r\n      <a href=\"mailto:m.white@roesler-tyres.com?Subject=Inquiry%20to%20Marcel%20White\" title=\"E-Mail to Marcel White\">\r\n        <div class=\"item-content\">\r\n          <h4>Marcel White<\/h4>\r\n          <p>\r\n            Customer Service<br>\r\n            m.white@roesler-tyres.com\r\n          <\/p>\r\n        <\/div>\r\n        <img src=\"https:\/\/www.roesler-tyres.com\/wp-content\/uploads\/Marcel_White.png\" alt=\"Photo: Marcel White\">\r\n      <\/a>\r\n    <\/div>\r\n    <!-- Oliver Werner -->\r\n    <div class=\"mosaic-item\">\r\n      <a href=\"mailto:o.werner@roesler-tyres.com?Subject=Inquiry%20to%20Oliver%20Werner\" title=\"E-Mail to Oliver Werner\">\r\n        <div class=\"item-content\">\r\n          <h4>Oliver Werner<\/h4>\r\n          <p>\r\n            o.werner@roesler-tyres.com\r\n          <\/p>\r\n        <\/div>\r\n        <img src=\"https:\/\/www.roesler-tyres.com\/wp-content\/uploads\/dummy.png\" alt=\"Photo: Oliver Werner\">\r\n      <\/a>\r\n    <\/div>\r\n<\/div><\/div>\r\n\n","protected":false},"excerpt":{"rendered":"","protected":false},"author":1,"featured_media":0,"parent":0,"menu_order":0,"comment_status":"closed","ping_status":"closed","template":"","meta":{"footnotes":""},"yoast_head":"<!-- This site is optimized with the Yoast SEO plugin v21.0 - https:\/\/yoast.com\/wordpress\/plugins\/seo\/ -->\n<title>Contact: Roesler Tyre Innovators, Dortmund, Germany<\/title>\n<meta name=\"robots\" content=\"index, follow, max-snippet:-1, max-image-preview:large, max-video-preview:-1\" \/>\n<link rel=\"canonical\" href=\"https:\/\/www.roesler-tyres.com\/en\/contact-roesler-tyre-innovators-dortmund-germany\/\" \/>\n<meta name=\"twitter:label1\" content=\"Est. reading time\" \/>\n\t<meta name=\"twitter:data1\" content=\"5 minutes\" \/>\n<script type=\"application\/ld+json\" class=\"yoast-schema-graph\">{\"@context\":\"https:\/\/schema.org\",\"@graph\":[{\"@type\":\"WebPage\",\"@id\":\"https:\/\/www.roesler-tyres.com\/en\/contact-roesler-tyre-innovators-dortmund-germany\/\",\"url\":\"https:\/\/www.roesler-tyres.com\/en\/contact-roesler-tyre-innovators-dortmund-germany\/\",\"name\":\"Contact: Roesler Tyre Innovators, Dortmund, Germany\",\"isPartOf\":{\"@id\":\"https:\/\/www.roesler-tyres.com\/#website\"},\"datePublished\":\"2018-07-24T10:26:15+00:00\",\"dateModified\":\"2025-06-06T10:51:30+00:00\",\"breadcrumb\":{\"@id\":\"https:\/\/www.roesler-tyres.com\/en\/contact-roesler-tyre-innovators-dortmund-germany\/#breadcrumb\"},\"inLanguage\":\"en-US\",\"potentialAction\":[{\"@type\":\"ReadAction\",\"target\":[\"https:\/\/www.roesler-tyres.com\/en\/contact-roesler-tyre-innovators-dortmund-germany\/\"]}]},{\"@type\":\"BreadcrumbList\",\"@id\":\"https:\/\/www.roesler-tyres.com\/en\/contact-roesler-tyre-innovators-dortmund-germany\/#breadcrumb\",\"itemListElement\":[{\"@type\":\"ListItem\",\"position\":1,\"name\":\"Home\",\"item\":\"https:\/\/www.roesler-tyres.com\/en\/\"},{\"@type\":\"ListItem\",\"position\":2,\"name\":\"Contact\"}]},{\"@type\":\"WebSite\",\"@id\":\"https:\/\/www.roesler-tyres.com\/#website\",\"url\":\"https:\/\/www.roesler-tyres.com\/\",\"name\":\"R\u00f6sler Tyre Innovators\",\"description\":\"\u00dcber 50 J\u00e4hrige Erfahrung im EM-Reifen Markt\",\"potentialAction\":[{\"@type\":\"SearchAction\",\"target\":{\"@type\":\"EntryPoint\",\"urlTemplate\":\"https:\/\/www.roesler-tyres.com\/?s={search_term_string}\"},\"query-input\":\"required name=search_term_string\"}],\"inLanguage\":\"en-US\"}]}<\/script>\n<!-- \/ Yoast SEO plugin. -->","yoast_head_json":{"title":"Contact: Roesler Tyre Innovators, Dortmund, Germany","robots":{"index":"index","follow":"follow","max-snippet":"max-snippet:-1","max-image-preview":"max-image-preview:large","max-video-preview":"max-video-preview:-1"},"canonical":"https:\/\/www.roesler-tyres.com\/en\/contact-roesler-tyre-innovators-dortmund-germany\/","twitter_misc":{"Est. reading time":"5 minutes"},"schema":{"@context":"https:\/\/schema.org","@graph":[{"@type":"WebPage","@id":"https:\/\/www.roesler-tyres.com\/en\/contact-roesler-tyre-innovators-dortmund-germany\/","url":"https:\/\/www.roesler-tyres.com\/en\/contact-roesler-tyre-innovators-dortmund-germany\/","name":"Contact: Roesler Tyre Innovators, Dortmund, Germany","isPartOf":{"@id":"https:\/\/www.roesler-tyres.com\/#website"},"datePublished":"2018-07-24T10:26:15+00:00","dateModified":"2025-06-06T10:51:30+00:00","breadcrumb":{"@id":"https:\/\/www.roesler-tyres.com\/en\/contact-roesler-tyre-innovators-dortmund-germany\/#breadcrumb"},"inLanguage":"en-US","potentialAction":[{"@type":"ReadAction","target":["https:\/\/www.roesler-tyres.com\/en\/contact-roesler-tyre-innovators-dortmund-germany\/"]}]},{"@type":"BreadcrumbList","@id":"https:\/\/www.roesler-tyres.com\/en\/contact-roesler-tyre-innovators-dortmund-germany\/#breadcrumb","itemListElement":[{"@type":"ListItem","position":1,"name":"Home","item":"https:\/\/www.roesler-tyres.com\/en\/"},{"@type":"ListItem","position":2,"name":"Contact"}]},{"@type":"WebSite","@id":"https:\/\/www.roesler-tyres.com\/#website","url":"https:\/\/www.roesler-tyres.com\/","name":"R\u00f6sler Tyre Innovators","description":"\u00dcber 50 J\u00e4hrige Erfahrung im EM-Reifen Markt","potentialAction":[{"@type":"SearchAction","target":{"@type":"EntryPoint","urlTemplate":"https:\/\/www.roesler-tyres.com\/?s={search_term_string}"},"query-input":"required name=search_term_string"}],"inLanguage":"en-US"}]}},"_links":{"self":[{"href":"https:\/\/www.roesler-tyres.com\/en\/wp-json\/wp\/v2\/pages\/825"}],"collection":[{"href":"https:\/\/www.roesler-tyres.com\/en\/wp-json\/wp\/v2\/pages"}],"about":[{"href":"https:\/\/www.roesler-tyres.com\/en\/wp-json\/wp\/v2\/types\/page"}],"author":[{"embeddable":true,"href":"https:\/\/www.roesler-tyres.com\/en\/wp-json\/wp\/v2\/users\/1"}],"replies":[{"embeddable":true,"href":"https:\/\/www.roesler-tyres.com\/en\/wp-json\/wp\/v2\/comments?post=825"}],"version-history":[{"count":36,"href":"https:\/\/www.roesler-tyres.com\/en\/wp-json\/wp\/v2\/pages\/825\/revisions"}],"predecessor-version":[{"id":2900,"href":"https:\/\/www.roesler-tyres.com\/en\/wp-json\/wp\/v2\/pages\/825\/revisions\/2900"}],"wp:attachment":[{"href":"https:\/\/www.roesler-tyres.com\/en\/wp-json\/wp\/v2\/media?parent=825"}],"curies":[{"name":"wp","href":"https:\/\/api.w.org\/{rel}","templated":true}]}}