{"id":839,"date":"2018-07-19T14:57:40","date_gmt":"2018-07-19T12:57:40","guid":{"rendered":"http:\/\/i-tread.de\/broschueren\/"},"modified":"2021-03-02T17:57:51","modified_gmt":"2021-03-02T16:57:51","slug":"brochures-otr-tyres","status":"publish","type":"page","link":"https:\/\/www.roesler-tyres.com\/en\/brochures-otr-tyres\/","title":{"rendered":"Brosch\u00fcren"},"content":{"rendered":"<div class=\"container content-10 bg-verlauf\" id=\"eins\">\n<h2>Brochures<\/h2>\n<div style=\"width: 180px; float:left; margin-right: 50px;\">\n<a href=\"\/wp-content\/uploads\/2018\/07\/Brosch\u00fcre-R\u00f6sler-Americas.pdf\"><img decoding=\"async\" loading=\"lazy\" src=\"\/wp-content\/uploads\/2018\/07\/Brosch\u00fcre-R\u00f6sler-Americas.pdf.thumb_.jpg\" width=\"180\" height=\"240\" \/>R\u00f6sler Americas <\/a>\n<\/div>\n<div style=\"width: 180px; float:left; margin-right: 50px;\">\n<a href=\"\/wp-content\/uploads\/2018\/07\/Rodos-Profiluebersicht.pdf\"><img decoding=\"async\" loading=\"lazy\" src=\"\/wp-content\/uploads\/2018\/07\/Rodos-Profiluebersicht.pdf.thumb_.jpg\" width=\"180\" height=\"240\" \/>Rodos Profiluebersicht<\/a>\n<\/div>\n<div style=\"width: 180px; float:left;\">\n<a href=\"\/wp-content\/uploads\/2018\/07\/Schelkmann-Profil\u00fcbersicht_Druckdatei.pdf\"><img decoding=\"async\" loading=\"lazy\" src=\"\/wp-content\/uploads\/2018\/07\/Schelkmann-Profil\u00fcbersicht_Druckdatei.pdf.thumb_-1.jpg\" width=\"180\" height=\"240\" \/> Schelkmann Profil\u00fcbersicht<\/a>\n<\/div>\n<p><br clear=\"all\"><\/p>\n<h2>Griptech \/ Tyre-Handler<\/h2>\n<div style=\"width: 180px; float:left; margin-right: 50px;\">\n<a href=\"\/wp-content\/uploads\/2018\/07\/Griptech-Webfolder-english.pdf\"><img decoding=\"async\" loading=\"lazy\" src=\"\/wp-content\/uploads\/2018\/07\/griptech-webfolder.jpg\" width=\"180\" height=\"127\" \/>Griptech Webfolder (en)<\/a>\n<\/div>\n<div style=\"width: 180px; float:left; margin-right: 50px;\">\n<a href=\"\/wp-content\/uploads\/2018\/07\/Griptech-Webfolder-spanish.pdf\"><img decoding=\"async\" loading=\"lazy\" src=\"\/wp-content\/uploads\/2018\/07\/griptech-webfolder.jpg\" width=\"180\" height=\"127\" \/>Griptech Webfolder (es)<\/a>\n<\/div>\n<div style=\"width: 180px; float:left; margin-right: 50px;\">\n<a href=\"\/wp-content\/uploads\/2018\/07\/Griptech-Webfolder-russian.pdf\"><img decoding=\"async\" loading=\"lazy\" src=\"\/wp-content\/uploads\/2018\/07\/griptech-webfolder.jpg\" width=\"180\" height=\"127\" \/>Griptech Webfolder (ru)<\/a>\n<\/div>\n<p><br clear=\"all\"><\/p>\n<h2>Intread-Sensor<\/h2>\n<div style=\"width: 180px; float:left; margin-right: 50px;\">\n<a href=\"\/wp-content\/uploads\/2018\/07\/Intread-Webfolder-english.pdf\"><img decoding=\"async\" loading=\"lazy\" src=\"\/wp-content\/uploads\/2018\/07\/Intread-Webfolder.jpg\" alt=\"\" width=\"180\" height=\"127\" class=\"alignnone size-full wp-image-659\" \/>Intread Webfolder (en)<\/a>\n<\/div>\n<div style=\"width: 180px; float:left; margin-right: 50px;\">\n<a href=\"\/wp-content\/uploads\/2018\/07\/Intread-Webfolder-spanish.pdf\"><img decoding=\"async\" loading=\"lazy\" src=\"\/wp-content\/uploads\/2018\/07\/Intread-Webfolder.jpg\" alt=\"\" width=\"180\" height=\"127\" class=\"alignnone size-full wp-image-659\" \/>Intread Webfolder (es)<\/a>\n<\/div>\n<div style=\"width: 180px; float:left; margin-right: 50px;\">\n<a href=\"\/wp-content\/uploads\/2018\/07\/Intread-Webfolder-russian.pdf\"><img decoding=\"async\" loading=\"lazy\" src=\"\/wp-content\/uploads\/2018\/07\/Intread-Webfolder.jpg\" alt=\"\" width=\"180\" height=\"127\" class=\"alignnone size-full wp-image-659\" \/>Intread Webfolder (ru)<\/a>\n<\/div>\n<p><br clear=\"all\"><\/p>\n<h2>ReMade in Germany<\/h2>\n<p><a href=\"https:\/\/www.roesler-tyres.com\/en\/re-made-in-germany\/\"><br \/>\n<img decoding=\"async\" loading=\"lazy\" src=\"https:\/\/www.roesler-tyres.com\/wp-content\/uploads\/RE-MADE-IN-GERMANY-R\u00f6sler-Tyre-Innovators-300x257.png\" alt=\"\" width=\"180\" height=\"150\" class=\"alignnone size-medium wp-image-2242\" \/><br \/>\nReMade in Germany (de\/en)<\/a> <\/p>\n<p><!--\n\n<img decoding=\"async\" loading=\"lazy\" src=\"\/wp-content\/uploads\/2018\/07\/zeus-broschuere.jpg\" alt=\"\" width=\"180\" height=\"127\" class=\"alignnone size-full wp-image-657\" \/>\nZeus 8pp Brochure 2010 ENGLISH\n<img decoding=\"async\" loading=\"lazy\" src=\"\/wp-content\/uploads\/2018\/07\/zeus-broschuere.jpg\" alt=\"\" width=\"180\" height=\"127\" class=\"alignnone size-full wp-image-657\" \/>\nZeus 8pp Brochure 2010 GERMAN\n<img decoding=\"async\" loading=\"lazy\" src=\"\/wp-content\/uploads\/2018\/07\/zeus-broschuere.jpg\" alt=\"\" width=\"180\" height=\"127\" class=\"alignnone size-full wp-image-657\" \/>\nZeus 8pp Brochure 2010 FRENCH\n\n\n\/wp-content\/uploads\/2018\/07\/01512-Zeus-8pp-Brochure-2010-FRENCH.pdf\n\/wp-content\/uploads\/2018\/07\/01512-Zeus-8pp-Brochure-2010-GERMAN.pdf\n\/wp-content\/uploads\/2018\/07\/01512-Zeus-8pp-Brochure-2010-ENGLISH.pdf\n\n--><\/p>\n<\/div>\n","protected":false},"excerpt":{"rendered":"<p>Brochures R\u00f6sler Americas Rodos Profiluebersicht Schelkmann Profil\u00fcbersicht Griptech \/ Tyre-Handler Griptech Webfolder (en) Griptech Webfolder (es) Griptech Webfolder (ru) Intread-Sensor Intread Webfolder (en) Intread Webfolder (es) Intread Webfolder (ru) ReMade in Germany ReMade in Germany (de\/en)<\/p>\n","protected":false},"author":1,"featured_media":0,"parent":0,"menu_order":0,"comment_status":"closed","ping_status":"closed","template":"","meta":{"footnotes":""},"yoast_head":"<!-- This site is optimized with the Yoast SEO plugin v21.0 - https:\/\/yoast.com\/wordpress\/plugins\/seo\/ -->\n<title>Brosch\u00fcren - R\u00f6sler Tyre Innovators<\/title>\n<meta name=\"robots\" content=\"index, follow, max-snippet:-1, max-image-preview:large, max-video-preview:-1\" \/>\n<link rel=\"canonical\" href=\"https:\/\/www.roesler-tyres.com\/broschueren\/\" \/>\n<script type=\"application\/ld+json\" class=\"yoast-schema-graph\">{\"@context\":\"https:\/\/schema.org\",\"@graph\":[{\"@type\":\"WebPage\",\"@id\":\"https:\/\/www.roesler-tyres.com\/broschueren\/\",\"url\":\"https:\/\/www.roesler-tyres.com\/broschueren\/\",\"name\":\"Brosch\u00fcren - R\u00f6sler Tyre Innovators\",\"isPartOf\":{\"@id\":\"https:\/\/www.roesler-tyres.com\/#website\"},\"datePublished\":\"2018-07-19T12:57:40+00:00\",\"dateModified\":\"2021-03-02T16:57:51+00:00\",\"breadcrumb\":{\"@id\":\"https:\/\/www.roesler-tyres.com\/broschueren\/#breadcrumb\"},\"inLanguage\":\"en-US\",\"potentialAction\":[{\"@type\":\"ReadAction\",\"target\":[\"https:\/\/www.roesler-tyres.com\/broschueren\/\"]}]},{\"@type\":\"BreadcrumbList\",\"@id\":\"https:\/\/www.roesler-tyres.com\/broschueren\/#breadcrumb\",\"itemListElement\":[{\"@type\":\"ListItem\",\"position\":1,\"name\":\"Home\",\"item\":\"https:\/\/www.roesler-tyres.com\/en\/\"},{\"@type\":\"ListItem\",\"position\":2,\"name\":\"Brosch\u00fcren\"}]},{\"@type\":\"WebSite\",\"@id\":\"https:\/\/www.roesler-tyres.com\/#website\",\"url\":\"https:\/\/www.roesler-tyres.com\/\",\"name\":\"R\u00f6sler Tyre Innovators\",\"description\":\"\u00dcber 50 J\u00e4hrige Erfahrung im EM-Reifen Markt\",\"potentialAction\":[{\"@type\":\"SearchAction\",\"target\":{\"@type\":\"EntryPoint\",\"urlTemplate\":\"https:\/\/www.roesler-tyres.com\/?s={search_term_string}\"},\"query-input\":\"required name=search_term_string\"}],\"inLanguage\":\"en-US\"}]}<\/script>\n<!-- \/ Yoast SEO plugin. -->","yoast_head_json":{"title":"Brosch\u00fcren - R\u00f6sler Tyre Innovators","robots":{"index":"index","follow":"follow","max-snippet":"max-snippet:-1","max-image-preview":"max-image-preview:large","max-video-preview":"max-video-preview:-1"},"canonical":"https:\/\/www.roesler-tyres.com\/broschueren\/","schema":{"@context":"https:\/\/schema.org","@graph":[{"@type":"WebPage","@id":"https:\/\/www.roesler-tyres.com\/broschueren\/","url":"https:\/\/www.roesler-tyres.com\/broschueren\/","name":"Brosch\u00fcren - R\u00f6sler Tyre Innovators","isPartOf":{"@id":"https:\/\/www.roesler-tyres.com\/#website"},"datePublished":"2018-07-19T12:57:40+00:00","dateModified":"2021-03-02T16:57:51+00:00","breadcrumb":{"@id":"https:\/\/www.roesler-tyres.com\/broschueren\/#breadcrumb"},"inLanguage":"en-US","potentialAction":[{"@type":"ReadAction","target":["https:\/\/www.roesler-tyres.com\/broschueren\/"]}]},{"@type":"BreadcrumbList","@id":"https:\/\/www.roesler-tyres.com\/broschueren\/#breadcrumb","itemListElement":[{"@type":"ListItem","position":1,"name":"Home","item":"https:\/\/www.roesler-tyres.com\/en\/"},{"@type":"ListItem","position":2,"name":"Brosch\u00fcren"}]},{"@type":"WebSite","@id":"https:\/\/www.roesler-tyres.com\/#website","url":"https:\/\/www.roesler-tyres.com\/","name":"R\u00f6sler Tyre Innovators","description":"\u00dcber 50 J\u00e4hrige Erfahrung im EM-Reifen Markt","potentialAction":[{"@type":"SearchAction","target":{"@type":"EntryPoint","urlTemplate":"https:\/\/www.roesler-tyres.com\/?s={search_term_string}"},"query-input":"required name=search_term_string"}],"inLanguage":"en-US"}]}},"_links":{"self":[{"href":"https:\/\/www.roesler-tyres.com\/en\/wp-json\/wp\/v2\/pages\/839"}],"collection":[{"href":"https:\/\/www.roesler-tyres.com\/en\/wp-json\/wp\/v2\/pages"}],"about":[{"href":"https:\/\/www.roesler-tyres.com\/en\/wp-json\/wp\/v2\/types\/page"}],"author":[{"embeddable":true,"href":"https:\/\/www.roesler-tyres.com\/en\/wp-json\/wp\/v2\/users\/1"}],"replies":[{"embeddable":true,"href":"https:\/\/www.roesler-tyres.com\/en\/wp-json\/wp\/v2\/comments?post=839"}],"version-history":[{"count":3,"href":"https:\/\/www.roesler-tyres.com\/en\/wp-json\/wp\/v2\/pages\/839\/revisions"}],"predecessor-version":[{"id":2248,"href":"https:\/\/www.roesler-tyres.com\/en\/wp-json\/wp\/v2\/pages\/839\/revisions\/2248"}],"wp:attachment":[{"href":"https:\/\/www.roesler-tyres.com\/en\/wp-json\/wp\/v2\/media?parent=839"}],"curies":[{"name":"wp","href":"https:\/\/api.w.org\/{rel}","templated":true}]}}