{"id":841,"date":"2018-07-19T15:02:06","date_gmt":"2018-07-19T13:02:06","guid":{"rendered":"http:\/\/i-tread.de\/zertifikate\/"},"modified":"2018-08-19T20:26:15","modified_gmt":"2018-08-19T18:26:15","slug":"certificates","status":"publish","type":"page","link":"https:\/\/www.roesler-tyres.com\/en\/certificates\/","title":{"rendered":"Zertifikate"},"content":{"rendered":"<div class=\"container content-10 bg-verlauf\" id=\"eins\">\n<h1>Certificates<\/h1>\n<p>&nbsp;<\/p>\n<p><a class=\"pdf\" href=\"\/wp-content\/uploads\/2018\/07\/Qualit\u00e4t-R\u00f6sler-Tyre-Innovators.pdf\" target=\"_blank\"><img decoding=\"async\" loading=\"lazy\" src=\"\/wp-content\/uploads\/2018\/08\/pdf.png\" width=\"25\" height=\"25\" \/> Qualit\u00e4t R\u00f6sler Tyre Innovators.pdf<\/a><\/p>\n<p><a class=\"pdf\" href=\"\/wp-content\/uploads\/2018\/07\/Umwelt-R\u00f6sler-Tyre-Innovators.pdf\" target=\"_blank\"><img decoding=\"async\" loading=\"lazy\" src=\"\/wp-content\/uploads\/2018\/08\/pdf.png\" width=\"25\" height=\"25\" \/> Umwelt R\u00f6sler Tyre Innovators.pdf<\/a><\/p>\n<p>&nbsp;<\/p>\n<p><\/p>\n<p><a class=\"pdf\" href=\"\/wp-content\/uploads\/2018\/07\/Zertifikat_9001_DE.pdf\" target=\"_blank\"><img decoding=\"async\" loading=\"lazy\" src=\"\/wp-content\/uploads\/2018\/08\/pdf.png\" width=\"25\" height=\"25\" \/> ISO_9001_2015_DE.pdf<\/a><\/p>\n<p><a class=\"pdf\" href=\"\/wp-content\/uploads\/2018\/07\/Zertifikat_9001_EN.pdf\" target=\"_blank\"><img decoding=\"async\" loading=\"lazy\" src=\"\/wp-content\/uploads\/2018\/08\/pdf.png\" width=\"25\" height=\"25\" \/> ISO_9001_2015_EN.pdf<\/a><\/p>\n<p>&nbsp;<\/p>\n<p><\/p>\n<p><a class=\"pdf\" href=\"\/wp-content\/uploads\/2018\/07\/Zertifikat_14001_DE.pdf\" target=\"_blank\"><img decoding=\"async\" loading=\"lazy\" src=\"\/wp-content\/uploads\/2018\/08\/pdf.png\" width=\"25\" height=\"25\" \/> ISO_14001_2015_DE.pdf<\/a><\/p>\n<p><a class=\"pdf\" href=\"\/wp-content\/uploads\/2018\/07\/Zertifikat_14001_EN.pdf\" target=\"_blank\"><img decoding=\"async\" loading=\"lazy\" src=\"\/wp-content\/uploads\/2018\/08\/pdf.png\" width=\"25\" height=\"25\" \/> ISO_14001_2015_EN.pdf<\/a><\/p>\n<p>&nbsp;<\/p>\n<p><\/p>\n<p><a class=\"pdf\" href=\"\/wp-content\/uploads\/2018\/07\/Zertifikat_ISO_9001_DE.pdf\" target=\"_blank\"><img decoding=\"async\" loading=\"lazy\" src=\"\/wp-content\/uploads\/2018\/08\/pdf.png\" width=\"25\" height=\"25\" \/> ISO_9001_2008_DE.pdf<\/a><\/p>\n<p><a class=\"pdf\" href=\"\/wp-content\/uploads\/2018\/07\/Zertifikat_ISO_9001_EN.pdf\" target=\"_blank\"><img decoding=\"async\" loading=\"lazy\" src=\"\/wp-content\/uploads\/2018\/08\/pdf.png\" width=\"25\" height=\"25\" \/> ISO_9001_2008_EN.pdf<\/a><\/p>\n<p><a class=\"pdf\" href=\"\/wp-content\/uploads\/2018\/07\/Zertifikat_ISO_9001_RU.pdf\" target=\"_blank\"><img decoding=\"async\" loading=\"lazy\" src=\"\/wp-content\/uploads\/2018\/08\/pdf.png\" width=\"25\" height=\"25\" \/> ISO_9001_2008_RU.pdf<\/a><\/p>\n<p><a class=\"pdf\" href=\"\/wp-content\/uploads\/2018\/07\/Zertifikat_ISO_9001_ES.pdf\" target=\"_blank\"><img decoding=\"async\" loading=\"lazy\" src=\"\/wp-content\/uploads\/2018\/08\/pdf.png\" width=\"25\" height=\"25\" \/> ISO_9001_2008_ES.pdf<\/a><\/p>\n<p>&nbsp;<\/p>\n<p><\/p>\n<p><a class=\"pdf\" href=\"\/wp-content\/uploads\/2018\/07\/ISO_14001_DE.pdf\" target=\"_blank\"><img decoding=\"async\" loading=\"lazy\" src=\"\/wp-content\/uploads\/2018\/08\/pdf.png\" width=\"25\" height=\"25\" \/> ISO_14001_2004_DE.pdf<\/a><\/p\n\n\n<p><a class=\"pdf\" href=\"\/wp-content\/uploads\/2018\/07\/ISO_14001_E.pdf\" target=\"_blank\"><img decoding=\"async\" loading=\"lazy\" src=\"\/wp-content\/uploads\/2018\/08\/pdf.png\" width=\"25\" height=\"25\" \/> ISO_14001_2004_EN.pdf<\/a><\/p>\n<p><a class=\"pdf\" href=\"\/wp-content\/uploads\/2018\/07\/ISO_14001_RU.pdf\" target=\"_blank\"><img decoding=\"async\" loading=\"lazy\" src=\"\/wp-content\/uploads\/2018\/08\/pdf.png\" width=\"25\" height=\"25\" \/> ISO_14001_2004_RU.pdf<\/a><\/p>\n<p><a class=\"pdf\" href=\"\/wp-content\/uploads\/2018\/07\/ISO_14001_E1.pdf\" target=\"_blank\"><img decoding=\"async\" loading=\"lazy\" src=\"\/wp-content\/uploads\/2018\/08\/pdf.png\" width=\"25\" height=\"25\" \/> ISO_14001_2004_ES.pdf<\/a><\/p>\n<p>&nbsp;<\/p>\n<\/div>\n","protected":false},"excerpt":{"rendered":"<p>Certificates &nbsp; Qualit\u00e4t R\u00f6sler Tyre Innovators.pdf Umwelt R\u00f6sler Tyre Innovators.pdf &nbsp; ISO_9001_2015_DE.pdf ISO_9001_2015_EN.pdf &nbsp; ISO_14001_2015_DE.pdf ISO_14001_2015_EN.pdf &nbsp; ISO_9001_2008_DE.pdf ISO_9001_2008_EN.pdf ISO_9001_2008_RU.pdf ISO_9001_2008_ES.pdf &nbsp; ISO_14001_2004_DE.pdf<\/p>\n","protected":false},"author":1,"featured_media":0,"parent":0,"menu_order":0,"comment_status":"closed","ping_status":"closed","template":"","meta":{"footnotes":""},"yoast_head":"<!-- This site is optimized with the Yoast SEO plugin v21.0 - https:\/\/yoast.com\/wordpress\/plugins\/seo\/ -->\n<title>Zertifikate - R\u00f6sler Tyre Innovators<\/title>\n<meta name=\"robots\" content=\"index, follow, max-snippet:-1, max-image-preview:large, max-video-preview:-1\" \/>\n<link rel=\"canonical\" href=\"https:\/\/www.roesler-tyres.com\/zertifikate\/\" \/>\n<script type=\"application\/ld+json\" class=\"yoast-schema-graph\">{\"@context\":\"https:\/\/schema.org\",\"@graph\":[{\"@type\":\"WebPage\",\"@id\":\"https:\/\/www.roesler-tyres.com\/zertifikate\/\",\"url\":\"https:\/\/www.roesler-tyres.com\/zertifikate\/\",\"name\":\"Zertifikate - R\u00f6sler Tyre Innovators\",\"isPartOf\":{\"@id\":\"https:\/\/www.roesler-tyres.com\/#website\"},\"datePublished\":\"2018-07-19T13:02:06+00:00\",\"dateModified\":\"2018-08-19T18:26:15+00:00\",\"breadcrumb\":{\"@id\":\"https:\/\/www.roesler-tyres.com\/zertifikate\/#breadcrumb\"},\"inLanguage\":\"en-US\",\"potentialAction\":[{\"@type\":\"ReadAction\",\"target\":[\"https:\/\/www.roesler-tyres.com\/zertifikate\/\"]}]},{\"@type\":\"BreadcrumbList\",\"@id\":\"https:\/\/www.roesler-tyres.com\/zertifikate\/#breadcrumb\",\"itemListElement\":[{\"@type\":\"ListItem\",\"position\":1,\"name\":\"Home\",\"item\":\"https:\/\/www.roesler-tyres.com\/en\/\"},{\"@type\":\"ListItem\",\"position\":2,\"name\":\"Zertifikate\"}]},{\"@type\":\"WebSite\",\"@id\":\"https:\/\/www.roesler-tyres.com\/#website\",\"url\":\"https:\/\/www.roesler-tyres.com\/\",\"name\":\"R\u00f6sler Tyre Innovators\",\"description\":\"\u00dcber 50 J\u00e4hrige Erfahrung im EM-Reifen Markt\",\"potentialAction\":[{\"@type\":\"SearchAction\",\"target\":{\"@type\":\"EntryPoint\",\"urlTemplate\":\"https:\/\/www.roesler-tyres.com\/?s={search_term_string}\"},\"query-input\":\"required name=search_term_string\"}],\"inLanguage\":\"en-US\"}]}<\/script>\n<!-- \/ Yoast SEO plugin. -->","yoast_head_json":{"title":"Zertifikate - R\u00f6sler Tyre Innovators","robots":{"index":"index","follow":"follow","max-snippet":"max-snippet:-1","max-image-preview":"max-image-preview:large","max-video-preview":"max-video-preview:-1"},"canonical":"https:\/\/www.roesler-tyres.com\/zertifikate\/","schema":{"@context":"https:\/\/schema.org","@graph":[{"@type":"WebPage","@id":"https:\/\/www.roesler-tyres.com\/zertifikate\/","url":"https:\/\/www.roesler-tyres.com\/zertifikate\/","name":"Zertifikate - R\u00f6sler Tyre Innovators","isPartOf":{"@id":"https:\/\/www.roesler-tyres.com\/#website"},"datePublished":"2018-07-19T13:02:06+00:00","dateModified":"2018-08-19T18:26:15+00:00","breadcrumb":{"@id":"https:\/\/www.roesler-tyres.com\/zertifikate\/#breadcrumb"},"inLanguage":"en-US","potentialAction":[{"@type":"ReadAction","target":["https:\/\/www.roesler-tyres.com\/zertifikate\/"]}]},{"@type":"BreadcrumbList","@id":"https:\/\/www.roesler-tyres.com\/zertifikate\/#breadcrumb","itemListElement":[{"@type":"ListItem","position":1,"name":"Home","item":"https:\/\/www.roesler-tyres.com\/en\/"},{"@type":"ListItem","position":2,"name":"Zertifikate"}]},{"@type":"WebSite","@id":"https:\/\/www.roesler-tyres.com\/#website","url":"https:\/\/www.roesler-tyres.com\/","name":"R\u00f6sler Tyre Innovators","description":"\u00dcber 50 J\u00e4hrige Erfahrung im EM-Reifen Markt","potentialAction":[{"@type":"SearchAction","target":{"@type":"EntryPoint","urlTemplate":"https:\/\/www.roesler-tyres.com\/?s={search_term_string}"},"query-input":"required name=search_term_string"}],"inLanguage":"en-US"}]}},"_links":{"self":[{"href":"https:\/\/www.roesler-tyres.com\/en\/wp-json\/wp\/v2\/pages\/841"}],"collection":[{"href":"https:\/\/www.roesler-tyres.com\/en\/wp-json\/wp\/v2\/pages"}],"about":[{"href":"https:\/\/www.roesler-tyres.com\/en\/wp-json\/wp\/v2\/types\/page"}],"author":[{"embeddable":true,"href":"https:\/\/www.roesler-tyres.com\/en\/wp-json\/wp\/v2\/users\/1"}],"replies":[{"embeddable":true,"href":"https:\/\/www.roesler-tyres.com\/en\/wp-json\/wp\/v2\/comments?post=841"}],"version-history":[{"count":2,"href":"https:\/\/www.roesler-tyres.com\/en\/wp-json\/wp\/v2\/pages\/841\/revisions"}],"predecessor-version":[{"id":854,"href":"https:\/\/www.roesler-tyres.com\/en\/wp-json\/wp\/v2\/pages\/841\/revisions\/854"}],"wp:attachment":[{"href":"https:\/\/www.roesler-tyres.com\/en\/wp-json\/wp\/v2\/media?parent=841"}],"curies":[{"name":"wp","href":"https:\/\/api.w.org\/{rel}","templated":true}]}}