{"id":843,"date":"2018-07-19T15:02:57","date_gmt":"2018-07-19T13:02:57","guid":{"rendered":"http:\/\/i-tread.de\/sicherheitsdatenblaetter\/"},"modified":"2018-08-18T19:04:13","modified_gmt":"2018-08-18T17:04:13","slug":"safety-datasheets","status":"publish","type":"page","link":"https:\/\/www.roesler-tyres.com\/en\/safety-datasheets\/","title":{"rendered":"Safety Datasheets"},"content":{"rendered":"<div class=\"container content-10 bg-verlauf\" id=\"eins\">\n<h2>Safety Datasheets<\/h2>\n<p>&nbsp;<\/p>\n<p><a href=\"\/wp-content\/uploads\/2018\/07\/R\u00f6sler-Tyrefill-Duro-TDI-CAT_11_GB_EN.pdf\"><img decoding=\"async\" loading=\"lazy\" src=\"\/wp-content\/uploads\/2018\/08\/pdf.png\" width=\"25\" height=\"25\" \/> R\u00f6sler Tyrefill Duro TDI CAT 11 (en)<\/a><\/p>\n<p><a href=\"\/wp-content\/uploads\/2018\/07\/R\u00f6sler-Tyrefill-Duro-TDI-ISO_13_GB_EN.pdf\"><img decoding=\"async\" loading=\"lazy\" src=\"\/wp-content\/uploads\/2018\/08\/pdf.png\" width=\"25\" height=\"25\" \/> R\u00f6sler Tyrefill Duro TDI ISO 13 (en)<\/a><\/p>\n<p>&nbsp;<\/p>\n<p><a href=\"\/wp-content\/uploads\/2018\/07\/R\u00f6sler_-ISO_12_DE_DE.pdf\"><img decoding=\"async\" loading=\"lazy\" src=\"\/wp-content\/uploads\/2018\/08\/pdf.png\" width=\"25\" height=\"25\" \/> R\u00f6sler Polyfill ISO (de)<\/a><\/p>\n<p><a href=\"\/wp-content\/uploads\/2018\/07\/R\u00f6sler_-ISO_12_GB_EN.pdf\"><img decoding=\"async\" loading=\"lazy\" src=\"\/wp-content\/uploads\/2018\/08\/pdf.png\" width=\"25\" height=\"25\" \/> R\u00f6sler Polyfill ISO (en)<\/a><\/p>\n<p>&nbsp;<\/p>\n<p><a href=\"\/wp-content\/uploads\/2018\/07\/R\u00f6sler_CAT_12_DE_DE.pdf\"><img decoding=\"async\" loading=\"lazy\" src=\"\/wp-content\/uploads\/2018\/08\/pdf.png\" width=\"25\" height=\"25\" \/> R\u00f6sler Polyfill CAT (de)<\/a><\/p>\n<p><a href=\"\/wp-content\/uploads\/2018\/07\/R\u00f6sler_CAT_12_GB_EN.pdf\"><img decoding=\"async\" loading=\"lazy\" src=\"\/wp-content\/uploads\/2018\/08\/pdf.png\" width=\"25\" height=\"25\" \/> R\u00f6sler Polyfill CAT (en)<\/a><\/p>\n<\/div>\n","protected":false},"excerpt":{"rendered":"<p>Safety Datasheets &nbsp; R\u00f6sler Tyrefill Duro TDI CAT 11 (en) R\u00f6sler Tyrefill Duro TDI ISO 13 (en) &nbsp; R\u00f6sler Polyfill ISO (de) R\u00f6sler Polyfill ISO (en) &nbsp; R\u00f6sler Polyfill CAT (de) R\u00f6sler Polyfill CAT (en)<\/p>\n","protected":false},"author":1,"featured_media":0,"parent":0,"menu_order":0,"comment_status":"closed","ping_status":"closed","template":"","meta":{"footnotes":""},"yoast_head":"<!-- This site is optimized with the Yoast SEO plugin v21.0 - https:\/\/yoast.com\/wordpress\/plugins\/seo\/ -->\n<title>Safety Datasheets - R\u00f6sler Tyre Innovators<\/title>\n<meta name=\"robots\" content=\"index, follow, max-snippet:-1, max-image-preview:large, max-video-preview:-1\" \/>\n<link rel=\"canonical\" href=\"https:\/\/www.roesler-tyres.com\/sicherheitsdatenblaetter\/\" \/>\n<script type=\"application\/ld+json\" class=\"yoast-schema-graph\">{\"@context\":\"https:\/\/schema.org\",\"@graph\":[{\"@type\":\"WebPage\",\"@id\":\"https:\/\/www.roesler-tyres.com\/sicherheitsdatenblaetter\/\",\"url\":\"https:\/\/www.roesler-tyres.com\/sicherheitsdatenblaetter\/\",\"name\":\"Safety Datasheets - R\u00f6sler Tyre Innovators\",\"isPartOf\":{\"@id\":\"https:\/\/www.roesler-tyres.com\/#website\"},\"datePublished\":\"2018-07-19T13:02:57+00:00\",\"dateModified\":\"2018-08-18T17:04:13+00:00\",\"breadcrumb\":{\"@id\":\"https:\/\/www.roesler-tyres.com\/sicherheitsdatenblaetter\/#breadcrumb\"},\"inLanguage\":\"en-US\",\"potentialAction\":[{\"@type\":\"ReadAction\",\"target\":[\"https:\/\/www.roesler-tyres.com\/sicherheitsdatenblaetter\/\"]}]},{\"@type\":\"BreadcrumbList\",\"@id\":\"https:\/\/www.roesler-tyres.com\/sicherheitsdatenblaetter\/#breadcrumb\",\"itemListElement\":[{\"@type\":\"ListItem\",\"position\":1,\"name\":\"Home\",\"item\":\"https:\/\/www.roesler-tyres.com\/en\/\"},{\"@type\":\"ListItem\",\"position\":2,\"name\":\"Safety Datasheets\"}]},{\"@type\":\"WebSite\",\"@id\":\"https:\/\/www.roesler-tyres.com\/#website\",\"url\":\"https:\/\/www.roesler-tyres.com\/\",\"name\":\"R\u00f6sler Tyre Innovators\",\"description\":\"\u00dcber 50 J\u00e4hrige Erfahrung im EM-Reifen Markt\",\"potentialAction\":[{\"@type\":\"SearchAction\",\"target\":{\"@type\":\"EntryPoint\",\"urlTemplate\":\"https:\/\/www.roesler-tyres.com\/?s={search_term_string}\"},\"query-input\":\"required name=search_term_string\"}],\"inLanguage\":\"en-US\"}]}<\/script>\n<!-- \/ Yoast SEO plugin. -->","yoast_head_json":{"title":"Safety Datasheets - R\u00f6sler Tyre Innovators","robots":{"index":"index","follow":"follow","max-snippet":"max-snippet:-1","max-image-preview":"max-image-preview:large","max-video-preview":"max-video-preview:-1"},"canonical":"https:\/\/www.roesler-tyres.com\/sicherheitsdatenblaetter\/","schema":{"@context":"https:\/\/schema.org","@graph":[{"@type":"WebPage","@id":"https:\/\/www.roesler-tyres.com\/sicherheitsdatenblaetter\/","url":"https:\/\/www.roesler-tyres.com\/sicherheitsdatenblaetter\/","name":"Safety Datasheets - R\u00f6sler Tyre Innovators","isPartOf":{"@id":"https:\/\/www.roesler-tyres.com\/#website"},"datePublished":"2018-07-19T13:02:57+00:00","dateModified":"2018-08-18T17:04:13+00:00","breadcrumb":{"@id":"https:\/\/www.roesler-tyres.com\/sicherheitsdatenblaetter\/#breadcrumb"},"inLanguage":"en-US","potentialAction":[{"@type":"ReadAction","target":["https:\/\/www.roesler-tyres.com\/sicherheitsdatenblaetter\/"]}]},{"@type":"BreadcrumbList","@id":"https:\/\/www.roesler-tyres.com\/sicherheitsdatenblaetter\/#breadcrumb","itemListElement":[{"@type":"ListItem","position":1,"name":"Home","item":"https:\/\/www.roesler-tyres.com\/en\/"},{"@type":"ListItem","position":2,"name":"Safety Datasheets"}]},{"@type":"WebSite","@id":"https:\/\/www.roesler-tyres.com\/#website","url":"https:\/\/www.roesler-tyres.com\/","name":"R\u00f6sler Tyre Innovators","description":"\u00dcber 50 J\u00e4hrige Erfahrung im EM-Reifen Markt","potentialAction":[{"@type":"SearchAction","target":{"@type":"EntryPoint","urlTemplate":"https:\/\/www.roesler-tyres.com\/?s={search_term_string}"},"query-input":"required name=search_term_string"}],"inLanguage":"en-US"}]}},"_links":{"self":[{"href":"https:\/\/www.roesler-tyres.com\/en\/wp-json\/wp\/v2\/pages\/843"}],"collection":[{"href":"https:\/\/www.roesler-tyres.com\/en\/wp-json\/wp\/v2\/pages"}],"about":[{"href":"https:\/\/www.roesler-tyres.com\/en\/wp-json\/wp\/v2\/types\/page"}],"author":[{"embeddable":true,"href":"https:\/\/www.roesler-tyres.com\/en\/wp-json\/wp\/v2\/users\/1"}],"replies":[{"embeddable":true,"href":"https:\/\/www.roesler-tyres.com\/en\/wp-json\/wp\/v2\/comments?post=843"}],"version-history":[{"count":2,"href":"https:\/\/www.roesler-tyres.com\/en\/wp-json\/wp\/v2\/pages\/843\/revisions"}],"predecessor-version":[{"id":845,"href":"https:\/\/www.roesler-tyres.com\/en\/wp-json\/wp\/v2\/pages\/843\/revisions\/845"}],"wp:attachment":[{"href":"https:\/\/www.roesler-tyres.com\/en\/wp-json\/wp\/v2\/media?parent=843"}],"curies":[{"name":"wp","href":"https:\/\/api.w.org\/{rel}","templated":true}]}}