{"id":846,"date":"2018-07-19T15:04:04","date_gmt":"2018-07-19T13:04:04","guid":{"rendered":"http:\/\/i-tread.de\/bilder\/"},"modified":"2018-08-18T19:12:57","modified_gmt":"2018-08-18T17:12:57","slug":"images","status":"publish","type":"page","link":"https:\/\/www.roesler-tyres.com\/en\/images\/","title":{"rendered":"Bilder"},"content":{"rendered":"<div class=\"container content-10 bg-verlauf\" id=\"eins\">\n<center><br \/>\n<a href=\"\/wp-content\/uploads\/2018\/07\/RTI-Press_2.jpg\"><img decoding=\"async\" loading=\"lazy\" src=\"\/wp-content\/uploads\/2018\/07\/RTI-Press_2-300x201.jpg\" alt=\"\" width=\"300\" height=\"201\" style=\"float:left; margin: 0 10px 10px 0;\" \/><\/a><\/p>\n<p><a href=\"\/wp-content\/uploads\/2018\/07\/RTI-Press_1.jpg\"><img decoding=\"async\" loading=\"lazy\" src=\"\/wp-content\/uploads\/2018\/07\/RTI-Press_1-300x200.jpg\" alt=\"\" width=\"300\" height=\"200\" style=\"float:left; margin: 0 10px 10px 0;\" \/><\/a><\/p>\n<p><a href=\"\/wp-content\/uploads\/2018\/07\/RTI-Press_3.jpg\"><img decoding=\"async\" loading=\"lazy\" src=\"\/wp-content\/uploads\/2018\/07\/RTI-Press_3-300x200.jpg\" alt=\"\" width=\"300\" height=\"200\" style=\"float:left; margin: 0 10px 10px 0;\" \/><\/a><\/p>\n<p><a href=\"\/wp-content\/uploads\/2018\/07\/RTI-Press_4.jpg\"><img decoding=\"async\" loading=\"lazy\" src=\"\/wp-content\/uploads\/2018\/07\/RTI-Press_4-300x200.jpg\" alt=\"\" width=\"300\" height=\"200\" style=\"float:left; margin: 0 10px 10px 0;\" \/><\/a><\/p>\n<p><a href=\"\/wp-content\/uploads\/2018\/07\/RTI-Press_5.jpg\"><img decoding=\"async\" loading=\"lazy\" src=\"\/wp-content\/uploads\/2018\/07\/RTI-Press_5-300x200.jpg\" alt=\"\" width=\"300\" height=\"200\" style=\"float:left; margin: 0 10px 10px 0;\" \/><\/a><\/p>\n<p><a href=\"\/wp-content\/uploads\/2018\/07\/RTI-Press_6.jpg\"><img decoding=\"async\" loading=\"lazy\" src=\"\/wp-content\/uploads\/2018\/07\/RTI-Press_6-300x200.jpg\" alt=\"\" width=\"300\" height=\"200\" style=\"float:left; margin: 0 10px 10px 0;\" \/><\/a><\/p>\n<p><a href=\"\/wp-content\/uploads\/2018\/07\/RTI-Press_7.jpg\"><img decoding=\"async\" loading=\"lazy\" src=\"\/wp-content\/uploads\/2018\/07\/RTI-Press_7-300x200.jpg\" alt=\"\" width=\"300\" height=\"200\" style=\"float:left; margin: 0 10px 10px 0;\" \/><\/a><\/p>\n<p><a href=\"\/wp-content\/uploads\/2018\/07\/RTI-Press_8.jpg\"><img decoding=\"async\" loading=\"lazy\" src=\"\/wp-content\/uploads\/2018\/07\/RTI-Press_8-300x203.jpg\" alt=\"\" width=\"300\" height=\"200\" style=\"float:left; margin: 0 10px 10px 0;\" \/><\/a><\/p>\n<p><!--\n<a href=\"\/wp-content\/uploads\/2018\/07\/RTI-Press_9.jpg\"><img decoding=\"async\" loading=\"lazy\" src=\"\/wp-content\/uploads\/2018\/07\/RTI-Press_9-300x200.jpg\" alt=\"\" width=\"300\" height=\"200\" style=\"float:left; margin: 0 10px 10px 0;\" \/><\/a>\n--><br \/>\n<a href=\"\/wp-content\/uploads\/2018\/07\/RTI-Press_10.jpg\"><img decoding=\"async\" loading=\"lazy\" src=\"\/wp-content\/uploads\/2018\/07\/RTI-Press_10-300x200.jpg\" alt=\"\" width=\"300\" height=\"200\" style=\"float:left; margin: 0 10px 10px 0;\" \/><\/a><\/p>\n<p><a href=\"\/wp-content\/uploads\/2018\/07\/RTI-Press_11.jpg\"><img decoding=\"async\" loading=\"lazy\" src=\"\/wp-content\/uploads\/2018\/07\/RTI-Press_11-300x200.jpg\" alt=\"\" width=\"300\" height=\"200\" style=\"float:left; margin: 0 10px 10px 0;\" \/><\/a><\/p>\n<p><a href=\"\/wp-content\/uploads\/2018\/07\/RTI-Press_14.jpg\"><img decoding=\"async\" loading=\"lazy\" src=\"\/wp-content\/uploads\/2018\/07\/RTI-Press_14-300x200.jpg\" alt=\"\" width=\"300\" height=\"200\" style=\"float:left; margin: 0 10px 10px 0;\" \/><\/a><\/p>\n<p><a href=\"\/wp-content\/uploads\/2018\/07\/RTI-Press_13.jpg\"><img decoding=\"async\" loading=\"lazy\" src=\"\/wp-content\/uploads\/2018\/07\/RTI-Press_13-300x200.jpg\" alt=\"\" width=\"300\" height=\"200\" style=\"float:left; margin: 0 10px 10px 0;\" \/><\/a><\/p>\n<p><a href=\"\/wp-content\/uploads\/2018\/07\/RTI-Press_15.jpg\"><img decoding=\"async\" loading=\"lazy\" src=\"\/wp-content\/uploads\/2018\/07\/RTI-Press_15-300x200.jpg\" alt=\"\" width=\"300\" height=\"200\" style=\"float:left; margin: 0 10px 10px 0;\" \/><\/a><\/p>\n<p><a href=\"\/wp-content\/uploads\/2018\/07\/RTI-Press_16.jpg\"><img decoding=\"async\" loading=\"lazy\" src=\"\/wp-content\/uploads\/2018\/07\/RTI-Press_16-300x200.jpg\" alt=\"\" width=\"300\" height=\"200\" style=\"float:left; margin: 0 10px 10px 0;\" \/><\/a><\/p>\n<p><a href=\"\/wp-content\/uploads\/2018\/07\/RTI-Press_12.jpg\"><img decoding=\"async\" loading=\"lazy\" src=\"\/wp-content\/uploads\/2018\/07\/RTI-Press_12-300x222.jpg\" alt=\"\" width=\"300\" height=\"200\" style=\"float:left; margin: 0 10px 10px 0;\" \/><\/a><\/p>\n<p><a href=\"\/wp-content\/uploads\/2018\/07\/RTI-Press_17.jpg\"><img decoding=\"async\" loading=\"lazy\" src=\"\/wp-content\/uploads\/2018\/07\/RTI-Press_17-300x200.jpg\" alt=\"\" width=\"300\" height=\"200\" style=\"float:left; margin: 0 10px 10px 0;\" \/><\/a><\/p>\n<p><a href=\"\/wp-content\/uploads\/2018\/07\/RTI-Press_20.jpg\"><img decoding=\"async\" loading=\"lazy\" src=\"\/wp-content\/uploads\/2018\/07\/RTI-Press_20-300x200.jpg\" alt=\"\" width=\"300\" height=\"200\" style=\"float:left; margin: 0 10px 10px 0;\" \/><\/a><\/p>\n<p><a href=\"\/wp-content\/uploads\/2018\/07\/RTI-Press_21.jpg\"><img decoding=\"async\" loading=\"lazy\" src=\"\/wp-content\/uploads\/2018\/07\/RTI-Press_21-300x200.jpg\" alt=\"\" width=\"300\" height=\"200\" style=\"float:left; margin: 0 10px 10px 0;\" \/><\/a><\/p>\n<p><a href=\"\/wp-content\/uploads\/2018\/07\/RTI-Press_22.jpg\"><img decoding=\"async\" loading=\"lazy\" src=\"\/wp-content\/uploads\/2018\/07\/RTI-Press_22-300x200.jpg\" alt=\"\" width=\"300\" height=\"200\" style=\"float:left; margin: 0 10px 10px 0;\" \/><\/a><\/p>\n<p><a href=\"\/wp-content\/uploads\/2018\/07\/RTI-Press_23.jpg\"><img decoding=\"async\" loading=\"lazy\" src=\"\/wp-content\/uploads\/2018\/07\/RTI-Press_23-300x201.jpg\" alt=\"\" width=\"300\" height=\"200\" style=\"float:left; margin: 0 10px 10px 0;\" \/><\/a><\/p>\n<p><a href=\"\/wp-content\/uploads\/2018\/07\/RTI-Press_24.jpg\"><img decoding=\"async\" loading=\"lazy\" src=\"\/wp-content\/uploads\/2018\/07\/RTI-Press_24-300x200.jpg\" alt=\"\" width=\"300\" height=\"200\" style=\"float:left; margin: 0 10px 10px 0;\" \/><\/a><br \/>\n<\/center>\n<\/div>\n","protected":false},"excerpt":{"rendered":"","protected":false},"author":1,"featured_media":0,"parent":0,"menu_order":0,"comment_status":"closed","ping_status":"closed","template":"","meta":{"footnotes":""},"yoast_head":"<!-- This site is optimized with the Yoast SEO plugin v21.0 - https:\/\/yoast.com\/wordpress\/plugins\/seo\/ -->\n<title>Bilder - R\u00f6sler Tyre Innovators<\/title>\n<meta name=\"robots\" content=\"index, follow, max-snippet:-1, max-image-preview:large, max-video-preview:-1\" \/>\n<link rel=\"canonical\" href=\"https:\/\/www.roesler-tyres.com\/bilder\/\" \/>\n<script type=\"application\/ld+json\" class=\"yoast-schema-graph\">{\"@context\":\"https:\/\/schema.org\",\"@graph\":[{\"@type\":\"WebPage\",\"@id\":\"https:\/\/www.roesler-tyres.com\/bilder\/\",\"url\":\"https:\/\/www.roesler-tyres.com\/bilder\/\",\"name\":\"Bilder - R\u00f6sler Tyre Innovators\",\"isPartOf\":{\"@id\":\"https:\/\/www.roesler-tyres.com\/#website\"},\"datePublished\":\"2018-07-19T13:04:04+00:00\",\"dateModified\":\"2018-08-18T17:12:57+00:00\",\"breadcrumb\":{\"@id\":\"https:\/\/www.roesler-tyres.com\/bilder\/#breadcrumb\"},\"inLanguage\":\"en-US\",\"potentialAction\":[{\"@type\":\"ReadAction\",\"target\":[\"https:\/\/www.roesler-tyres.com\/bilder\/\"]}]},{\"@type\":\"BreadcrumbList\",\"@id\":\"https:\/\/www.roesler-tyres.com\/bilder\/#breadcrumb\",\"itemListElement\":[{\"@type\":\"ListItem\",\"position\":1,\"name\":\"Home\",\"item\":\"https:\/\/www.roesler-tyres.com\/en\/\"},{\"@type\":\"ListItem\",\"position\":2,\"name\":\"Bilder\"}]},{\"@type\":\"WebSite\",\"@id\":\"https:\/\/www.roesler-tyres.com\/#website\",\"url\":\"https:\/\/www.roesler-tyres.com\/\",\"name\":\"R\u00f6sler Tyre Innovators\",\"description\":\"\u00dcber 50 J\u00e4hrige Erfahrung im EM-Reifen Markt\",\"potentialAction\":[{\"@type\":\"SearchAction\",\"target\":{\"@type\":\"EntryPoint\",\"urlTemplate\":\"https:\/\/www.roesler-tyres.com\/?s={search_term_string}\"},\"query-input\":\"required name=search_term_string\"}],\"inLanguage\":\"en-US\"}]}<\/script>\n<!-- \/ Yoast SEO plugin. -->","yoast_head_json":{"title":"Bilder - R\u00f6sler Tyre Innovators","robots":{"index":"index","follow":"follow","max-snippet":"max-snippet:-1","max-image-preview":"max-image-preview:large","max-video-preview":"max-video-preview:-1"},"canonical":"https:\/\/www.roesler-tyres.com\/bilder\/","schema":{"@context":"https:\/\/schema.org","@graph":[{"@type":"WebPage","@id":"https:\/\/www.roesler-tyres.com\/bilder\/","url":"https:\/\/www.roesler-tyres.com\/bilder\/","name":"Bilder - R\u00f6sler Tyre Innovators","isPartOf":{"@id":"https:\/\/www.roesler-tyres.com\/#website"},"datePublished":"2018-07-19T13:04:04+00:00","dateModified":"2018-08-18T17:12:57+00:00","breadcrumb":{"@id":"https:\/\/www.roesler-tyres.com\/bilder\/#breadcrumb"},"inLanguage":"en-US","potentialAction":[{"@type":"ReadAction","target":["https:\/\/www.roesler-tyres.com\/bilder\/"]}]},{"@type":"BreadcrumbList","@id":"https:\/\/www.roesler-tyres.com\/bilder\/#breadcrumb","itemListElement":[{"@type":"ListItem","position":1,"name":"Home","item":"https:\/\/www.roesler-tyres.com\/en\/"},{"@type":"ListItem","position":2,"name":"Bilder"}]},{"@type":"WebSite","@id":"https:\/\/www.roesler-tyres.com\/#website","url":"https:\/\/www.roesler-tyres.com\/","name":"R\u00f6sler Tyre Innovators","description":"\u00dcber 50 J\u00e4hrige Erfahrung im EM-Reifen Markt","potentialAction":[{"@type":"SearchAction","target":{"@type":"EntryPoint","urlTemplate":"https:\/\/www.roesler-tyres.com\/?s={search_term_string}"},"query-input":"required name=search_term_string"}],"inLanguage":"en-US"}]}},"_links":{"self":[{"href":"https:\/\/www.roesler-tyres.com\/en\/wp-json\/wp\/v2\/pages\/846"}],"collection":[{"href":"https:\/\/www.roesler-tyres.com\/en\/wp-json\/wp\/v2\/pages"}],"about":[{"href":"https:\/\/www.roesler-tyres.com\/en\/wp-json\/wp\/v2\/types\/page"}],"author":[{"embeddable":true,"href":"https:\/\/www.roesler-tyres.com\/en\/wp-json\/wp\/v2\/users\/1"}],"replies":[{"embeddable":true,"href":"https:\/\/www.roesler-tyres.com\/en\/wp-json\/wp\/v2\/comments?post=846"}],"version-history":[{"count":1,"href":"https:\/\/www.roesler-tyres.com\/en\/wp-json\/wp\/v2\/pages\/846\/revisions"}],"predecessor-version":[{"id":847,"href":"https:\/\/www.roesler-tyres.com\/en\/wp-json\/wp\/v2\/pages\/846\/revisions\/847"}],"wp:attachment":[{"href":"https:\/\/www.roesler-tyres.com\/en\/wp-json\/wp\/v2\/media?parent=846"}],"curies":[{"name":"wp","href":"https:\/\/api.w.org\/{rel}","templated":true}]}}