{"id":867,"date":"2018-07-24T11:28:57","date_gmt":"2018-07-24T09:28:57","guid":{"rendered":"http:\/\/i-tread.de\/moldcured-retreaded-tyres\/crane-1-170f\/"},"modified":"2018-08-18T22:03:20","modified_gmt":"2018-08-18T20:03:20","slug":"crane-1-170f","status":"publish","type":"page","link":"https:\/\/www.roesler-tyres.com\/en\/moldcured-retreaded-tyres\/crane-1-170f\/","title":{"rendered":"Crane 1 170F"},"content":{"rendered":"<div class=\"container content-10 bg-verlauf\">\n<div class=\"nav-local\">\n    <a href=\"\/en\/moldcured-retreaded-tyres\/\">\u00ab back to overview<\/a>\n  <\/div>\n<article class=\"product\">\n<header>\n<div class=\"row\">\n<div class=\"col-sm-5\">\n<h1>Crane 1 170F<\/h1>\n<div class=\"product-type\">\n          <span class=\"icon-type\" title=\"Geeignet f\u00fcr Kr\u00e4ne\"><br \/>\n            <img decoding=\"async\" src=\"\/img\/icons\/crane.png\" alt=\"Icon: Einsatzgebiet des Reifens\" \/><br \/>\n          <\/span>\n        <\/div>\n<\/p><\/div>\n<div class=\"col-sm-7\">\n<div class=\"product-props\">\n<figure>\n            <img decoding=\"async\" src=\"\/img\/icons\/rubbercompounds_icons.gif\" alt=\"Icons: Eigenschaften des Reifens\" \/><figcaption class=\"visuallyhidden\">\n<p lang=\"en\">Rubber Compounds<\/p>\n<\/figcaption><\/figure>\n<\/p><\/div>\n<div class=\"product-brand\">\n          <a href=\"\/en\/moldcured-retreaded-tyres\/\"><img decoding=\"async\" src=\"\/img\/logos\/rodos.gif\" alt=\"Logo: Rodos\" \/><\/a>\n        <\/div>\n<\/p><\/div>\n<\/p><\/div>\n<\/header>\n<div class=\"row\">\n<div class=\"product-data col-md-7\">\n<h3>Tread description<\/h3>\n<p>\n          Crane tyres for building sites and street operations\n        <\/p>\n<h3>Available dimensions<\/h3>\n<table>\n<thead>\n<tr>\n<th>Dimensions<\/th>\n<th>Tread depth<br \/>(32nds)<\/th>\n<th>Rim size<\/th>\n<\/tr>\n<\/thead>\n<tbody>\n<tr>\n<td>385\/95R24 (14.00R24)<\/td>\n<td>\n                22 mm\n              <\/td>\n<td>\n                10.00W\n              <\/td>\n<\/tr>\n<tr>\n<td>385\/95R25 (14.00R25)<\/td>\n<td>\n                22 mm\n              <\/td>\n<td>\n                9.50\/1.7 CR\n              <\/td>\n<\/tr>\n<tr>\n<td>445\/95R25 (16.00R25)<\/td>\n<td>\n                23 mm\n              <\/td>\n<td>\n                11.00\/1.7 CR\n              <\/td>\n<\/tr>\n<\/tbody>\n<\/table>\n<h3>Prices<\/h3>\n<p>\n          <a href=\"\/en\/register-here\/?r=Reifen%2FRodos+Vollformerneuerungen%2FCrane+1+170F\">\u00bb Sign in or Register here <\/a>\n        <\/p>\n<\/p><\/div>\n<figure class=\"product-photo col-md-4 col-md-offset-1\" data-zoom-container=\".product-data\" data-zoom-src=\"\/spezialreifen\/reifen-carne1-170f.jpg\">\n        <img decoding=\"async\" src=\"\/spezialreifen\/reifen-carne1-170f.jpg\" alt=\"\"><br \/>\n      <\/figure>\n<\/p><\/div>\n<\/article>\n<\/div>\n","protected":false},"excerpt":{"rendered":"<p>\u00ab back to overview Crane 1 170F Rubber Compounds Tread description Crane tyres for building sites and street operations Available dimensions Dimensions Tread depth(32nds) Rim size 385\/95R24 (14.00R24) 22 mm 10.00W 385\/95R25 (14.00R25) 22 mm 9.50\/1.7 CR 445\/95R25 (16.00R25) 23 mm 11.00\/1.7 CR Prices \u00bb Sign in or Register here<\/p>\n","protected":false},"author":1,"featured_media":0,"parent":596,"menu_order":0,"comment_status":"closed","ping_status":"closed","template":"","meta":{"footnotes":""},"yoast_head":"<!-- This site is optimized with the Yoast SEO plugin v21.0 - https:\/\/yoast.com\/wordpress\/plugins\/seo\/ -->\n<title>Kranreifen f\u00fcr Baustellen- und Stra\u00dfeneinsatz<\/title>\n<meta name=\"robots\" content=\"index, follow, max-snippet:-1, max-image-preview:large, max-video-preview:-1\" \/>\n<link rel=\"canonical\" href=\"https:\/\/www.roesler-tyres.com\/vollformerneuerung-rodos-reifen\/crane-1-170f\/\" \/>\n<script type=\"application\/ld+json\" class=\"yoast-schema-graph\">{\"@context\":\"https:\/\/schema.org\",\"@graph\":[{\"@type\":\"WebPage\",\"@id\":\"https:\/\/www.roesler-tyres.com\/vollformerneuerung-rodos-reifen\/crane-1-170f\/\",\"url\":\"https:\/\/www.roesler-tyres.com\/vollformerneuerung-rodos-reifen\/crane-1-170f\/\",\"name\":\"Kranreifen f\u00fcr Baustellen- und Stra\u00dfeneinsatz\",\"isPartOf\":{\"@id\":\"https:\/\/www.roesler-tyres.com\/#website\"},\"datePublished\":\"2018-07-24T09:28:57+00:00\",\"dateModified\":\"2018-08-18T20:03:20+00:00\",\"breadcrumb\":{\"@id\":\"https:\/\/www.roesler-tyres.com\/vollformerneuerung-rodos-reifen\/crane-1-170f\/#breadcrumb\"},\"inLanguage\":\"en-US\",\"potentialAction\":[{\"@type\":\"ReadAction\",\"target\":[\"https:\/\/www.roesler-tyres.com\/vollformerneuerung-rodos-reifen\/crane-1-170f\/\"]}]},{\"@type\":\"BreadcrumbList\",\"@id\":\"https:\/\/www.roesler-tyres.com\/vollformerneuerung-rodos-reifen\/crane-1-170f\/#breadcrumb\",\"itemListElement\":[{\"@type\":\"ListItem\",\"position\":1,\"name\":\"Home\",\"item\":\"https:\/\/www.roesler-tyres.com\/en\/\"},{\"@type\":\"ListItem\",\"position\":2,\"name\":\"Moldcured Retreaded Tyres\",\"item\":\"https:\/\/www.roesler-tyres.com\/en\/moldcured-retreaded-tyres\/\"},{\"@type\":\"ListItem\",\"position\":3,\"name\":\"Crane 1 170F\"}]},{\"@type\":\"WebSite\",\"@id\":\"https:\/\/www.roesler-tyres.com\/#website\",\"url\":\"https:\/\/www.roesler-tyres.com\/\",\"name\":\"R\u00f6sler Tyre Innovators\",\"description\":\"\u00dcber 50 J\u00e4hrige Erfahrung im EM-Reifen Markt\",\"potentialAction\":[{\"@type\":\"SearchAction\",\"target\":{\"@type\":\"EntryPoint\",\"urlTemplate\":\"https:\/\/www.roesler-tyres.com\/?s={search_term_string}\"},\"query-input\":\"required name=search_term_string\"}],\"inLanguage\":\"en-US\"}]}<\/script>\n<!-- \/ Yoast SEO plugin. -->","yoast_head_json":{"title":"Kranreifen f\u00fcr Baustellen- und Stra\u00dfeneinsatz","robots":{"index":"index","follow":"follow","max-snippet":"max-snippet:-1","max-image-preview":"max-image-preview:large","max-video-preview":"max-video-preview:-1"},"canonical":"https:\/\/www.roesler-tyres.com\/vollformerneuerung-rodos-reifen\/crane-1-170f\/","schema":{"@context":"https:\/\/schema.org","@graph":[{"@type":"WebPage","@id":"https:\/\/www.roesler-tyres.com\/vollformerneuerung-rodos-reifen\/crane-1-170f\/","url":"https:\/\/www.roesler-tyres.com\/vollformerneuerung-rodos-reifen\/crane-1-170f\/","name":"Kranreifen f\u00fcr Baustellen- und Stra\u00dfeneinsatz","isPartOf":{"@id":"https:\/\/www.roesler-tyres.com\/#website"},"datePublished":"2018-07-24T09:28:57+00:00","dateModified":"2018-08-18T20:03:20+00:00","breadcrumb":{"@id":"https:\/\/www.roesler-tyres.com\/vollformerneuerung-rodos-reifen\/crane-1-170f\/#breadcrumb"},"inLanguage":"en-US","potentialAction":[{"@type":"ReadAction","target":["https:\/\/www.roesler-tyres.com\/vollformerneuerung-rodos-reifen\/crane-1-170f\/"]}]},{"@type":"BreadcrumbList","@id":"https:\/\/www.roesler-tyres.com\/vollformerneuerung-rodos-reifen\/crane-1-170f\/#breadcrumb","itemListElement":[{"@type":"ListItem","position":1,"name":"Home","item":"https:\/\/www.roesler-tyres.com\/en\/"},{"@type":"ListItem","position":2,"name":"Moldcured Retreaded Tyres","item":"https:\/\/www.roesler-tyres.com\/en\/moldcured-retreaded-tyres\/"},{"@type":"ListItem","position":3,"name":"Crane 1 170F"}]},{"@type":"WebSite","@id":"https:\/\/www.roesler-tyres.com\/#website","url":"https:\/\/www.roesler-tyres.com\/","name":"R\u00f6sler Tyre Innovators","description":"\u00dcber 50 J\u00e4hrige Erfahrung im EM-Reifen Markt","potentialAction":[{"@type":"SearchAction","target":{"@type":"EntryPoint","urlTemplate":"https:\/\/www.roesler-tyres.com\/?s={search_term_string}"},"query-input":"required name=search_term_string"}],"inLanguage":"en-US"}]}},"_links":{"self":[{"href":"https:\/\/www.roesler-tyres.com\/en\/wp-json\/wp\/v2\/pages\/867"}],"collection":[{"href":"https:\/\/www.roesler-tyres.com\/en\/wp-json\/wp\/v2\/pages"}],"about":[{"href":"https:\/\/www.roesler-tyres.com\/en\/wp-json\/wp\/v2\/types\/page"}],"author":[{"embeddable":true,"href":"https:\/\/www.roesler-tyres.com\/en\/wp-json\/wp\/v2\/users\/1"}],"replies":[{"embeddable":true,"href":"https:\/\/www.roesler-tyres.com\/en\/wp-json\/wp\/v2\/comments?post=867"}],"version-history":[{"count":6,"href":"https:\/\/www.roesler-tyres.com\/en\/wp-json\/wp\/v2\/pages\/867\/revisions"}],"predecessor-version":[{"id":925,"href":"https:\/\/www.roesler-tyres.com\/en\/wp-json\/wp\/v2\/pages\/867\/revisions\/925"}],"up":[{"embeddable":true,"href":"https:\/\/www.roesler-tyres.com\/en\/wp-json\/wp\/v2\/pages\/596"}],"wp:attachment":[{"href":"https:\/\/www.roesler-tyres.com\/en\/wp-json\/wp\/v2\/media?parent=867"}],"curies":[{"name":"wp","href":"https:\/\/api.w.org\/{rel}","templated":true}]}}