{"id":871,"date":"2018-07-25T17:49:18","date_gmt":"2018-07-25T15:49:18","guid":{"rendered":"http:\/\/i-tread.de\/moldcured-retreaded-tyres\/load-and-carry-l3\/"},"modified":"2020-02-22T20:35:16","modified_gmt":"2020-02-22T19:35:16","slug":"load-and-carry-l3","status":"publish","type":"page","link":"https:\/\/www.roesler-tyres.com\/en\/moldcured-retreaded-tyres\/load-and-carry-l3\/","title":{"rendered":"Load &#038; Carry L3"},"content":{"rendered":"<div class=\"container content-10 bg-verlauf\">\n<div class=\"nav-local\">\n    <a href=\"\/en\/moldcured-retreaded-tyres\/\">\u00ab back to overview<\/a>\n  <\/div>\n<article class=\"product\">\n<header>\n<div class=\"row\">\n<div class=\"col-sm-5\">\n<h1>Load &#038; Carry L3<\/h1>\n<div class=\"product-type\">\n          <span class=\"icon-type\" title=\"Geeignet f\u00fcr Kr\u00e4ne\"><br \/>\n            <img decoding=\"async\" src=\"\/img\/icons\/grader.png\" alt=\"Icon: Einsatzgebiet des Reifens\" \/>&nbsp;&nbsp;&nbsp;&nbsp;&nbsp;<img decoding=\"async\" src=\"\/img\/icons\/loader.png\" alt=\"Icon: Einsatzgebiet des Reifens\" \/><br \/>\n          <\/span>\n        <\/div>\n<\/p><\/div>\n<div class=\"col-sm-7\">\n<div class=\"product-props\">\n<figure>\n            <img decoding=\"async\" src=\"\/img\/icons\/rubbercompounds_icons.gif\" alt=\"Icons: Eigenschaften des Reifens\" \/><figcaption class=\"visuallyhidden\">\n<p lang=\"en\">Rubber Compounds<\/p>\n<\/figcaption><\/figure>\n<\/p><\/div>\n<div class=\"product-brand\">\n          <a href=\"\/en\/moldcured-retreaded-tyres\/\"><img decoding=\"async\" src=\"\/img\/logos\/rodos.gif\" alt=\"Logo: Rodos\" \/><\/a>\n        <\/div>\n<\/p><\/div>\n<\/p><\/div>\n<\/header>\n<div class=\"row\">\n<div class=\"product-data col-md-7\">\n<h3>Tread description<\/h3>\n<p>\n         Allround tyres for loaders and graders. This tire is often used for: Caterpillar 914, CAT 924, CAT 930, Komatsu WA150, Liebherr L524, Liebherr L528, Volvo L50, etc.\n        <\/p>\n<h3>Available dimensions<\/h3>\n<table>\n<thead>\n<tr>\n<th>Dimensions<\/th>\n<th>Tread depth<br \/>(32nds)<\/th>\n<th>Rim size<\/th>\n<\/tr>\n<\/thead>\n<tbody>\n<tr>\n<td>15.5R25<\/td>\n<td>\n                26 mm\n              <\/td>\n<td>\n                12.00\/1.3\n              <\/td>\n<\/tr>\n<tr>\n<td>17.5R25<\/td>\n<td>\n                28 mm\n              <\/td>\n<td>\n                14.00\/1.5\n              <\/td>\n<\/tr>\n<tr>\n<td>20.5R25<\/td>\n<td>\n                31 mm\n              <\/td>\n<td>\n                17.00\/1.7\n              <\/td>\n<\/tr>\n<tr>\n<td>23.5R25<\/td>\n<td>\n                34 mm\n              <\/td>\n<td>\n                19.50\/2.5\n              <\/td>\n<\/tr>\n<tr>\n<td>26.5R25<\/td>\n<td>\n                36 mm\n              <\/td>\n<td>\n                22.00\/3.0\n              <\/td>\n<\/tr>\n<\/tbody>\n<\/table>\n<h3>Prices<\/h3>\n<p>\n          <a href=\"\/en\/register-here\/?r=Reifen%2FRodos+Vollformerneuerungen%2Fload-and-carry-l3\">\u00bb Sign in or Register here <\/a>\n        <\/p>\n<\/p><\/div>\n<figure class=\"product-photo col-md-4 col-md-offset-1\" data-zoom-container=\".product-data\" data-zoom-src=\"\/spezialreifen\/load-and-carry-tyres-l3.jpg\">\n        <img decoding=\"async\" src=\"\/spezialreifen\/load-and-carry-tyres-l3.jpg\" alt=\"\"><br \/>\n      <\/figure>\n<\/p><\/div>\n<\/article>\n<\/div>\n","protected":false},"excerpt":{"rendered":"<p>\u00ab back to overview Load &#038; Carry L3 &nbsp;&nbsp;&nbsp;&nbsp;&nbsp; Rubber Compounds Tread description Allround tyres for loaders and graders. This tire is often used for: Caterpillar 914, CAT 924, CAT 930, Komatsu WA150, Liebherr L524, Liebherr L528, Volvo L50, etc. Available dimensions Dimensions Tread depth(32nds) Rim size 15.5R25 26 mm 12.00\/1.3 17.5R25 28 mm 14.00\/1.5 <a class=\"moretag\" href=\"https:\/\/www.roesler-tyres.com\/en\/moldcured-retreaded-tyres\/load-and-carry-l3\/\">[&#8230;]<\/a><\/p>\n","protected":false},"author":1,"featured_media":0,"parent":596,"menu_order":0,"comment_status":"closed","ping_status":"closed","template":"","meta":{"footnotes":""},"yoast_head":"<!-- This site is optimized with the Yoast SEO plugin v21.0 - https:\/\/yoast.com\/wordpress\/plugins\/seo\/ -->\n<title>Reifen f\u00fcr Radlader und Gradereinsatz<\/title>\n<meta name=\"robots\" content=\"index, follow, max-snippet:-1, max-image-preview:large, max-video-preview:-1\" \/>\n<link rel=\"canonical\" href=\"https:\/\/www.roesler-tyres.com\/en\/moldcured-retreaded-tyres\/load-and-carry-l3\/\" \/>\n<script type=\"application\/ld+json\" class=\"yoast-schema-graph\">{\"@context\":\"https:\/\/schema.org\",\"@graph\":[{\"@type\":\"WebPage\",\"@id\":\"https:\/\/www.roesler-tyres.com\/en\/moldcured-retreaded-tyres\/load-and-carry-l3\/\",\"url\":\"https:\/\/www.roesler-tyres.com\/en\/moldcured-retreaded-tyres\/load-and-carry-l3\/\",\"name\":\"Reifen f\u00fcr Radlader und Gradereinsatz\",\"isPartOf\":{\"@id\":\"https:\/\/www.roesler-tyres.com\/#website\"},\"datePublished\":\"2018-07-25T15:49:18+00:00\",\"dateModified\":\"2020-02-22T19:35:16+00:00\",\"breadcrumb\":{\"@id\":\"https:\/\/www.roesler-tyres.com\/en\/moldcured-retreaded-tyres\/load-and-carry-l3\/#breadcrumb\"},\"inLanguage\":\"en-US\",\"potentialAction\":[{\"@type\":\"ReadAction\",\"target\":[\"https:\/\/www.roesler-tyres.com\/en\/moldcured-retreaded-tyres\/load-and-carry-l3\/\"]}]},{\"@type\":\"BreadcrumbList\",\"@id\":\"https:\/\/www.roesler-tyres.com\/en\/moldcured-retreaded-tyres\/load-and-carry-l3\/#breadcrumb\",\"itemListElement\":[{\"@type\":\"ListItem\",\"position\":1,\"name\":\"Home\",\"item\":\"https:\/\/www.roesler-tyres.com\/en\/\"},{\"@type\":\"ListItem\",\"position\":2,\"name\":\"Moldcured Retreaded Tyres\",\"item\":\"https:\/\/www.roesler-tyres.com\/en\/moldcured-retreaded-tyres\/\"},{\"@type\":\"ListItem\",\"position\":3,\"name\":\"Load &#038; Carry L3\"}]},{\"@type\":\"WebSite\",\"@id\":\"https:\/\/www.roesler-tyres.com\/#website\",\"url\":\"https:\/\/www.roesler-tyres.com\/\",\"name\":\"R\u00f6sler Tyre Innovators\",\"description\":\"\u00dcber 50 J\u00e4hrige Erfahrung im EM-Reifen Markt\",\"potentialAction\":[{\"@type\":\"SearchAction\",\"target\":{\"@type\":\"EntryPoint\",\"urlTemplate\":\"https:\/\/www.roesler-tyres.com\/?s={search_term_string}\"},\"query-input\":\"required name=search_term_string\"}],\"inLanguage\":\"en-US\"}]}<\/script>\n<!-- \/ Yoast SEO plugin. -->","yoast_head_json":{"title":"Reifen f\u00fcr Radlader und Gradereinsatz","robots":{"index":"index","follow":"follow","max-snippet":"max-snippet:-1","max-image-preview":"max-image-preview:large","max-video-preview":"max-video-preview:-1"},"canonical":"https:\/\/www.roesler-tyres.com\/en\/moldcured-retreaded-tyres\/load-and-carry-l3\/","schema":{"@context":"https:\/\/schema.org","@graph":[{"@type":"WebPage","@id":"https:\/\/www.roesler-tyres.com\/en\/moldcured-retreaded-tyres\/load-and-carry-l3\/","url":"https:\/\/www.roesler-tyres.com\/en\/moldcured-retreaded-tyres\/load-and-carry-l3\/","name":"Reifen f\u00fcr Radlader und Gradereinsatz","isPartOf":{"@id":"https:\/\/www.roesler-tyres.com\/#website"},"datePublished":"2018-07-25T15:49:18+00:00","dateModified":"2020-02-22T19:35:16+00:00","breadcrumb":{"@id":"https:\/\/www.roesler-tyres.com\/en\/moldcured-retreaded-tyres\/load-and-carry-l3\/#breadcrumb"},"inLanguage":"en-US","potentialAction":[{"@type":"ReadAction","target":["https:\/\/www.roesler-tyres.com\/en\/moldcured-retreaded-tyres\/load-and-carry-l3\/"]}]},{"@type":"BreadcrumbList","@id":"https:\/\/www.roesler-tyres.com\/en\/moldcured-retreaded-tyres\/load-and-carry-l3\/#breadcrumb","itemListElement":[{"@type":"ListItem","position":1,"name":"Home","item":"https:\/\/www.roesler-tyres.com\/en\/"},{"@type":"ListItem","position":2,"name":"Moldcured Retreaded Tyres","item":"https:\/\/www.roesler-tyres.com\/en\/moldcured-retreaded-tyres\/"},{"@type":"ListItem","position":3,"name":"Load &#038; Carry L3"}]},{"@type":"WebSite","@id":"https:\/\/www.roesler-tyres.com\/#website","url":"https:\/\/www.roesler-tyres.com\/","name":"R\u00f6sler Tyre Innovators","description":"\u00dcber 50 J\u00e4hrige Erfahrung im EM-Reifen Markt","potentialAction":[{"@type":"SearchAction","target":{"@type":"EntryPoint","urlTemplate":"https:\/\/www.roesler-tyres.com\/?s={search_term_string}"},"query-input":"required name=search_term_string"}],"inLanguage":"en-US"}]}},"_links":{"self":[{"href":"https:\/\/www.roesler-tyres.com\/en\/wp-json\/wp\/v2\/pages\/871"}],"collection":[{"href":"https:\/\/www.roesler-tyres.com\/en\/wp-json\/wp\/v2\/pages"}],"about":[{"href":"https:\/\/www.roesler-tyres.com\/en\/wp-json\/wp\/v2\/types\/page"}],"author":[{"embeddable":true,"href":"https:\/\/www.roesler-tyres.com\/en\/wp-json\/wp\/v2\/users\/1"}],"replies":[{"embeddable":true,"href":"https:\/\/www.roesler-tyres.com\/en\/wp-json\/wp\/v2\/comments?post=871"}],"version-history":[{"count":7,"href":"https:\/\/www.roesler-tyres.com\/en\/wp-json\/wp\/v2\/pages\/871\/revisions"}],"predecessor-version":[{"id":1350,"href":"https:\/\/www.roesler-tyres.com\/en\/wp-json\/wp\/v2\/pages\/871\/revisions\/1350"}],"up":[{"embeddable":true,"href":"https:\/\/www.roesler-tyres.com\/en\/wp-json\/wp\/v2\/pages\/596"}],"wp:attachment":[{"href":"https:\/\/www.roesler-tyres.com\/en\/wp-json\/wp\/v2\/media?parent=871"}],"curies":[{"name":"wp","href":"https:\/\/api.w.org\/{rel}","templated":true}]}}