{"id":933,"date":"2018-07-19T11:11:43","date_gmt":"2018-07-19T09:11:43","guid":{"rendered":"http:\/\/i-tread.de\/precured-retreaded-tyres\/sr55d-e4\/"},"modified":"2020-02-22T20:24:39","modified_gmt":"2020-02-22T19:24:39","slug":"sr55d-e4","status":"publish","type":"page","link":"https:\/\/www.roesler-tyres.com\/en\/precured-retreaded-tyres\/sr55d-e4\/","title":{"rendered":"SR55D E4"},"content":{"rendered":"<div class=\"container content-10 bg-verlauf\">\n<div class=\"nav-local\">\n    <a href=\"\/en\/precured-retreaded-tyres\/\">\u00ab back to overview<\/a>\n  <\/div>\n<article class=\"product\">\n<header>\n<div class=\"row\">\n<div class=\"col-sm-5\">\n<h1>SR55D E4<\/h1>\n<div class=\"product-type\">\n          <span class=\"icon-type\" title=\"Geeignet f\u00fcr Kipplader\"><br \/>\n            <img decoding=\"async\" src=\"\/img\/icons\/dumper.png\" alt=\"Icon: Einsatzgebiet des Reifens\" \/><br \/>\n          <\/span>\n        <\/div>\n<\/p><\/div>\n<div class=\"col-sm-7\">\n<div class=\"product-props\">\n<figure>\n            <img decoding=\"async\" src=\"\/img\/icons\/tyres_icons.gif\" alt=\"Icons: Eigenschaften des Reifens\" \/><figcaption class=\"visuallyhidden\">\n<p lang=\"en\">Rubber Compounds, Long Stripe Technology, Patented Bonding Technology, The Intelligent Tread<\/p>\n<\/figcaption><\/figure>\n<\/p><\/div>\n<div class=\"product-brand\">\n          <a href=\"\/en\/precured-retreaded-tyres\/\"><img decoding=\"async\" src=\"\/img\/logos\/schelkmann.gif\" alt=\"Logo: Schelkmann\" \/><\/a>\n        <\/div>\n<\/p><\/div>\n<\/p><\/div>\n<\/header>\n<div class=\"row\">\n<div class=\"product-data col-md-7\">\n<h3>Tread description<\/h3>\n<p>\n150% tread depth, specially designed for dump trucks operating in highly abrasive environment.<br \/>\nThis tire is often used for: Caterpillar 770, Komatsu HD325,Komatsu HD405, Perlini DP 405, Perlini DPT 70, etc.\n        <\/p>\n<h3>Available dimensions<\/h3>\n<table>\n<thead>\n<tr>\n<th>Dimensions<\/th>\n<th>Tread depth<br \/>(32nds)<\/th>\n<th>Rim size<\/th>\n<th class=\"centered\">\n                TKPH<br \/>\n                <img decoding=\"async\" src=\"\/img\/icons\/tkph_icons.png\" alt=\"CUT ALL HEAT\" title=\"CUT ALL HEAT\">\n              <\/th>\n<\/tr>\n<\/thead>\n<tbody>\n<tr>\n<td>18.00R25<\/td>\n<td>\n                50 mm<br \/>\n                (63\/32)\n              <\/td>\n<td>\n                13.00\/2.5<br \/>\n                15.00\/2.5\n              <\/td>\n<td>\n              <\/td>\n<\/tr>\n<tr>\n<td>18.00R33<\/td>\n<td>\n                50 mm<br \/>\n                (63\/32)\n              <\/td>\n<td>13.00\/2.5<\/td>\n<td class=\"centered\">\n                170&nbsp;200&nbsp;240\n              <\/td>\n<\/tr>\n<tr>\n<td>21.00R33<\/td>\n<td>\n                58 mm<br \/>\n                (73\/32)\n              <\/td>\n<td>15.00\/3.0<\/td>\n<td class=\"centered\">\n                220&nbsp;270&nbsp;320\n              <\/td>\n<\/tr>\n<tr>\n<td>21.00R35<\/td>\n<td>\n                58 mm<br \/>\n                (73\/32)\n              <\/td>\n<td>\n                15.00\/3.0<br \/>\n                17.00\/3.0\n              <\/td>\n<td class=\"centered\">\n                220&nbsp;270&nbsp;320\n              <\/td>\n<\/tr>\n<\/tbody>\n<\/table>\n<h3>Prices<\/h3>\n<p>\n          <a href=\"\/en\/register-here\/?r=Reifen%2FSchelkmann+Kalterneuerungen%2FSR55D+E4\">\u00bb Sign in or Register here <\/a>\n        <\/p>\n<\/p><\/div>\n<figure class=\"product-photo col-md-4 col-md-offset-1\" data-zoom-container=\".product-data\" data-zoom-src=\"\/kalterneuerung\/sr55d-e4.jpg\">\n        <img decoding=\"async\" src=\"\/kalterneuerung\/sr55d-e4.jpg\" alt=\"\"><br \/>\n      <\/figure>\n<\/p><\/div>\n<\/article>\n<\/div>\n","protected":false},"excerpt":{"rendered":"<p>\u00ab back to overview SR55D E4 Rubber Compounds, Long Stripe Technology, Patented Bonding Technology, The Intelligent Tread Tread description 150% tread depth, specially designed for dump trucks operating in highly abrasive environment. This tire is often used for: Caterpillar 770, Komatsu HD325,Komatsu HD405, Perlini DP 405, Perlini DPT 70, etc. Available dimensions Dimensions Tread depth(32nds) <a class=\"moretag\" href=\"https:\/\/www.roesler-tyres.com\/en\/precured-retreaded-tyres\/sr55d-e4\/\">[&#8230;]<\/a><\/p>\n","protected":false},"author":1,"featured_media":0,"parent":593,"menu_order":0,"comment_status":"closed","ping_status":"closed","template":"","meta":{"footnotes":""},"yoast_head":"<!-- This site is optimized with the Yoast SEO plugin v21.0 - https:\/\/yoast.com\/wordpress\/plugins\/seo\/ -->\n<title>SR55D E4 - R\u00f6sler Tyre Innovators<\/title>\n<meta name=\"robots\" content=\"index, follow, max-snippet:-1, max-image-preview:large, max-video-preview:-1\" \/>\n<link rel=\"canonical\" href=\"https:\/\/www.roesler-tyres.com\/kalterneuerung-schelkmann-reifen\/sr55d-e4\/\" \/>\n<script type=\"application\/ld+json\" class=\"yoast-schema-graph\">{\"@context\":\"https:\/\/schema.org\",\"@graph\":[{\"@type\":\"WebPage\",\"@id\":\"https:\/\/www.roesler-tyres.com\/kalterneuerung-schelkmann-reifen\/sr55d-e4\/\",\"url\":\"https:\/\/www.roesler-tyres.com\/kalterneuerung-schelkmann-reifen\/sr55d-e4\/\",\"name\":\"SR55D E4 - R\u00f6sler Tyre Innovators\",\"isPartOf\":{\"@id\":\"https:\/\/www.roesler-tyres.com\/#website\"},\"datePublished\":\"2018-07-19T09:11:43+00:00\",\"dateModified\":\"2020-02-22T19:24:39+00:00\",\"breadcrumb\":{\"@id\":\"https:\/\/www.roesler-tyres.com\/kalterneuerung-schelkmann-reifen\/sr55d-e4\/#breadcrumb\"},\"inLanguage\":\"en-US\",\"potentialAction\":[{\"@type\":\"ReadAction\",\"target\":[\"https:\/\/www.roesler-tyres.com\/kalterneuerung-schelkmann-reifen\/sr55d-e4\/\"]}]},{\"@type\":\"BreadcrumbList\",\"@id\":\"https:\/\/www.roesler-tyres.com\/kalterneuerung-schelkmann-reifen\/sr55d-e4\/#breadcrumb\",\"itemListElement\":[{\"@type\":\"ListItem\",\"position\":1,\"name\":\"Home\",\"item\":\"https:\/\/www.roesler-tyres.com\/en\/\"},{\"@type\":\"ListItem\",\"position\":2,\"name\":\"Schelkmann &#8211; Precured Retreaded Tyres\",\"item\":\"https:\/\/www.roesler-tyres.com\/kalterneuerung-schelkmann-reifen\/\"},{\"@type\":\"ListItem\",\"position\":3,\"name\":\"SR55D E4\"}]},{\"@type\":\"WebSite\",\"@id\":\"https:\/\/www.roesler-tyres.com\/#website\",\"url\":\"https:\/\/www.roesler-tyres.com\/\",\"name\":\"R\u00f6sler Tyre Innovators\",\"description\":\"\u00dcber 50 J\u00e4hrige Erfahrung im EM-Reifen Markt\",\"potentialAction\":[{\"@type\":\"SearchAction\",\"target\":{\"@type\":\"EntryPoint\",\"urlTemplate\":\"https:\/\/www.roesler-tyres.com\/?s={search_term_string}\"},\"query-input\":\"required name=search_term_string\"}],\"inLanguage\":\"en-US\"}]}<\/script>\n<!-- \/ Yoast SEO plugin. -->","yoast_head_json":{"title":"SR55D E4 - R\u00f6sler Tyre Innovators","robots":{"index":"index","follow":"follow","max-snippet":"max-snippet:-1","max-image-preview":"max-image-preview:large","max-video-preview":"max-video-preview:-1"},"canonical":"https:\/\/www.roesler-tyres.com\/kalterneuerung-schelkmann-reifen\/sr55d-e4\/","schema":{"@context":"https:\/\/schema.org","@graph":[{"@type":"WebPage","@id":"https:\/\/www.roesler-tyres.com\/kalterneuerung-schelkmann-reifen\/sr55d-e4\/","url":"https:\/\/www.roesler-tyres.com\/kalterneuerung-schelkmann-reifen\/sr55d-e4\/","name":"SR55D E4 - R\u00f6sler Tyre Innovators","isPartOf":{"@id":"https:\/\/www.roesler-tyres.com\/#website"},"datePublished":"2018-07-19T09:11:43+00:00","dateModified":"2020-02-22T19:24:39+00:00","breadcrumb":{"@id":"https:\/\/www.roesler-tyres.com\/kalterneuerung-schelkmann-reifen\/sr55d-e4\/#breadcrumb"},"inLanguage":"en-US","potentialAction":[{"@type":"ReadAction","target":["https:\/\/www.roesler-tyres.com\/kalterneuerung-schelkmann-reifen\/sr55d-e4\/"]}]},{"@type":"BreadcrumbList","@id":"https:\/\/www.roesler-tyres.com\/kalterneuerung-schelkmann-reifen\/sr55d-e4\/#breadcrumb","itemListElement":[{"@type":"ListItem","position":1,"name":"Home","item":"https:\/\/www.roesler-tyres.com\/en\/"},{"@type":"ListItem","position":2,"name":"Schelkmann &#8211; Precured Retreaded Tyres","item":"https:\/\/www.roesler-tyres.com\/kalterneuerung-schelkmann-reifen\/"},{"@type":"ListItem","position":3,"name":"SR55D E4"}]},{"@type":"WebSite","@id":"https:\/\/www.roesler-tyres.com\/#website","url":"https:\/\/www.roesler-tyres.com\/","name":"R\u00f6sler Tyre Innovators","description":"\u00dcber 50 J\u00e4hrige Erfahrung im EM-Reifen Markt","potentialAction":[{"@type":"SearchAction","target":{"@type":"EntryPoint","urlTemplate":"https:\/\/www.roesler-tyres.com\/?s={search_term_string}"},"query-input":"required name=search_term_string"}],"inLanguage":"en-US"}]}},"_links":{"self":[{"href":"https:\/\/www.roesler-tyres.com\/en\/wp-json\/wp\/v2\/pages\/933"}],"collection":[{"href":"https:\/\/www.roesler-tyres.com\/en\/wp-json\/wp\/v2\/pages"}],"about":[{"href":"https:\/\/www.roesler-tyres.com\/en\/wp-json\/wp\/v2\/types\/page"}],"author":[{"embeddable":true,"href":"https:\/\/www.roesler-tyres.com\/en\/wp-json\/wp\/v2\/users\/1"}],"replies":[{"embeddable":true,"href":"https:\/\/www.roesler-tyres.com\/en\/wp-json\/wp\/v2\/comments?post=933"}],"version-history":[{"count":7,"href":"https:\/\/www.roesler-tyres.com\/en\/wp-json\/wp\/v2\/pages\/933\/revisions"}],"predecessor-version":[{"id":1341,"href":"https:\/\/www.roesler-tyres.com\/en\/wp-json\/wp\/v2\/pages\/933\/revisions\/1341"}],"up":[{"embeddable":true,"href":"https:\/\/www.roesler-tyres.com\/en\/wp-json\/wp\/v2\/pages\/593"}],"wp:attachment":[{"href":"https:\/\/www.roesler-tyres.com\/en\/wp-json\/wp\/v2\/media?parent=933"}],"curies":[{"name":"wp","href":"https:\/\/api.w.org\/{rel}","templated":true}]}}