{"id":935,"date":"2018-07-23T17:54:23","date_gmt":"2018-07-23T15:54:23","guid":{"rendered":"http:\/\/i-tread.de\/precured-retreaded-tyres\/sr60n-l4\/"},"modified":"2018-08-18T23:47:35","modified_gmt":"2018-08-18T21:47:35","slug":"sr60n-l4","status":"publish","type":"page","link":"https:\/\/www.roesler-tyres.com\/en\/precured-retreaded-tyres\/sr60n-l4\/","title":{"rendered":"SR60N L4"},"content":{"rendered":"<div class=\"container content-10 bg-verlauf\">\n<div class=\"nav-local\">\n<a href=\"\/en\/precured-retreaded-tyres\/\">\u00ab back to overview<\/a>\n  <\/div>\n<article class=\"product\">\n<header>\n<div class=\"row\">\n<div class=\"col-sm-5\">\n<h1>SR60N L4<\/h1>\n<div class=\"product-type\">\n          <span class=\"icon-type\" title=\"Geeignet f\u00fcr Kipplader\"><br \/>\n            <img decoding=\"async\" src=\"\/img\/icons\/loader.png\" alt=\"Icon: Einsatzgebiet des Reifens\" \/><br \/>\n          <\/span>\n        <\/div>\n<\/p><\/div>\n<div class=\"col-sm-7\">\n<div class=\"product-props\">\n<figure>\n            <img decoding=\"async\" src=\"\/img\/icons\/tyres_icons.gif\" alt=\"Icons: Eigenschaften des Reifens\" \/><figcaption class=\"visuallyhidden\">\n<p lang=\"en\">Rubber Compounds, Long Stripe Technology, Patented Bonding Technology, The Intelligent Tread<\/p>\n<\/figcaption><\/figure>\n<\/p><\/div>\n<div class=\"product-brand\">\n          <a href=\"\/en\/precured-retreaded-tyres\/\"><img decoding=\"async\" src=\"\/img\/logos\/schelkmann.gif\" alt=\"Logo: Schelkmann\" \/><\/a>\n        <\/div>\n<\/p><\/div>\n<\/p><\/div>\n<\/header>\n<div class=\"row\">\n<div class=\"product-data col-md-7\">\n<h3>Tread description<\/h3>\n<p>\n          Non-directional and robus tread design with 150% tread depth, ideal for wear intensive operations\n        <\/p>\n<h3>Available dimensions<\/h3>\n<table>\n<thead>\n<tr>\n<th>Dimensions<\/th>\n<th>Tread depth<br \/>(32nds)<\/th>\n<th>Rim size<\/th>\n<\/tr>\n<\/thead>\n<tbody>\n<tr>\n<td>800\/65R29<\/td>\n<td>50 mm<br \/>\n\t(63\/32)<\/td>\n<td>27.00\/3.0<\/td>\n<\/tr>\n<tr>\n<td>875\/65R29<\/td>\n<td>50 mm<br \/>\n\t(63\/32)<\/td>\n<td>27.00\/3.0<\/td>\n<\/tr>\n<tr>\n<td>45\/65R39<\/td>\n<td>67 mm<br \/>\n\t(84\/32)<\/td>\n<td>32.00\/4.5<br \/>\n36.00\/4.5<\/td>\n<\/tr>\n<tr>\n<td>45\/65R45<\/td>\n<td>67 mm<br \/>\n\t(84\/32)<\/td>\n<td>36.00\/4.5<\/td>\n<\/tr>\n<\/tbody>\n<\/table>\n<h3>Prices<\/h3>\n<p>\n          <a href=\"\/en\/register-here\/?r=Reifen%2FSchelkmann+Kalterneuerungen%2Fsr60n-l4\">\u00bb Sign in or Register here <\/a>\n        <\/p>\n<\/p><\/div>\n<figure class=\"product-photo col-md-4 col-md-offset-1\" data-zoom-container=\".product-data\" data-zoom-src=\"\/kalterneuerung\/sr60n-l4.jpg\">\n        <img decoding=\"async\" src=\"\/kalterneuerung\/sr60n-l4.jpg\" alt=\"sr60n-l4\"><br \/>\n      <\/figure>\n<\/p><\/div>\n<\/article>\n<\/div>\n","protected":false},"excerpt":{"rendered":"<p>\u00ab back to overview SR60N L4 Rubber Compounds, Long Stripe Technology, Patented Bonding Technology, The Intelligent Tread Tread description Non-directional and robus tread design with 150% tread depth, ideal for wear intensive operations Available dimensions Dimensions Tread depth(32nds) Rim size 800\/65R29 50 mm (63\/32) 27.00\/3.0 875\/65R29 50 mm (63\/32) 27.00\/3.0 45\/65R39 67 mm (84\/32) 32.00\/4.5 <a class=\"moretag\" href=\"https:\/\/www.roesler-tyres.com\/en\/precured-retreaded-tyres\/sr60n-l4\/\">[&#8230;]<\/a><\/p>\n","protected":false},"author":1,"featured_media":0,"parent":593,"menu_order":0,"comment_status":"closed","ping_status":"closed","template":"","meta":{"footnotes":""},"yoast_head":"<!-- This site is optimized with the Yoast SEO plugin v21.0 - https:\/\/yoast.com\/wordpress\/plugins\/seo\/ -->\n<title>SR60N L4 - R\u00f6sler Tyre Innovators<\/title>\n<meta name=\"robots\" content=\"index, follow, max-snippet:-1, max-image-preview:large, max-video-preview:-1\" \/>\n<link rel=\"canonical\" href=\"https:\/\/www.roesler-tyres.com\/kalterneuerung-schelkmann-reifen\/sr60n-l4\/\" \/>\n<script type=\"application\/ld+json\" class=\"yoast-schema-graph\">{\"@context\":\"https:\/\/schema.org\",\"@graph\":[{\"@type\":\"WebPage\",\"@id\":\"https:\/\/www.roesler-tyres.com\/kalterneuerung-schelkmann-reifen\/sr60n-l4\/\",\"url\":\"https:\/\/www.roesler-tyres.com\/kalterneuerung-schelkmann-reifen\/sr60n-l4\/\",\"name\":\"SR60N L4 - R\u00f6sler Tyre Innovators\",\"isPartOf\":{\"@id\":\"https:\/\/www.roesler-tyres.com\/#website\"},\"datePublished\":\"2018-07-23T15:54:23+00:00\",\"dateModified\":\"2018-08-18T21:47:35+00:00\",\"breadcrumb\":{\"@id\":\"https:\/\/www.roesler-tyres.com\/kalterneuerung-schelkmann-reifen\/sr60n-l4\/#breadcrumb\"},\"inLanguage\":\"en-US\",\"potentialAction\":[{\"@type\":\"ReadAction\",\"target\":[\"https:\/\/www.roesler-tyres.com\/kalterneuerung-schelkmann-reifen\/sr60n-l4\/\"]}]},{\"@type\":\"BreadcrumbList\",\"@id\":\"https:\/\/www.roesler-tyres.com\/kalterneuerung-schelkmann-reifen\/sr60n-l4\/#breadcrumb\",\"itemListElement\":[{\"@type\":\"ListItem\",\"position\":1,\"name\":\"Home\",\"item\":\"https:\/\/www.roesler-tyres.com\/en\/\"},{\"@type\":\"ListItem\",\"position\":2,\"name\":\"Schelkmann &#8211; Precured Retreaded Tyres\",\"item\":\"https:\/\/www.roesler-tyres.com\/kalterneuerung-schelkmann-reifen\/\"},{\"@type\":\"ListItem\",\"position\":3,\"name\":\"SR60N L4\"}]},{\"@type\":\"WebSite\",\"@id\":\"https:\/\/www.roesler-tyres.com\/#website\",\"url\":\"https:\/\/www.roesler-tyres.com\/\",\"name\":\"R\u00f6sler Tyre Innovators\",\"description\":\"\u00dcber 50 J\u00e4hrige Erfahrung im EM-Reifen Markt\",\"potentialAction\":[{\"@type\":\"SearchAction\",\"target\":{\"@type\":\"EntryPoint\",\"urlTemplate\":\"https:\/\/www.roesler-tyres.com\/?s={search_term_string}\"},\"query-input\":\"required name=search_term_string\"}],\"inLanguage\":\"en-US\"}]}<\/script>\n<!-- \/ Yoast SEO plugin. -->","yoast_head_json":{"title":"SR60N L4 - R\u00f6sler Tyre Innovators","robots":{"index":"index","follow":"follow","max-snippet":"max-snippet:-1","max-image-preview":"max-image-preview:large","max-video-preview":"max-video-preview:-1"},"canonical":"https:\/\/www.roesler-tyres.com\/kalterneuerung-schelkmann-reifen\/sr60n-l4\/","schema":{"@context":"https:\/\/schema.org","@graph":[{"@type":"WebPage","@id":"https:\/\/www.roesler-tyres.com\/kalterneuerung-schelkmann-reifen\/sr60n-l4\/","url":"https:\/\/www.roesler-tyres.com\/kalterneuerung-schelkmann-reifen\/sr60n-l4\/","name":"SR60N L4 - R\u00f6sler Tyre Innovators","isPartOf":{"@id":"https:\/\/www.roesler-tyres.com\/#website"},"datePublished":"2018-07-23T15:54:23+00:00","dateModified":"2018-08-18T21:47:35+00:00","breadcrumb":{"@id":"https:\/\/www.roesler-tyres.com\/kalterneuerung-schelkmann-reifen\/sr60n-l4\/#breadcrumb"},"inLanguage":"en-US","potentialAction":[{"@type":"ReadAction","target":["https:\/\/www.roesler-tyres.com\/kalterneuerung-schelkmann-reifen\/sr60n-l4\/"]}]},{"@type":"BreadcrumbList","@id":"https:\/\/www.roesler-tyres.com\/kalterneuerung-schelkmann-reifen\/sr60n-l4\/#breadcrumb","itemListElement":[{"@type":"ListItem","position":1,"name":"Home","item":"https:\/\/www.roesler-tyres.com\/en\/"},{"@type":"ListItem","position":2,"name":"Schelkmann &#8211; Precured Retreaded Tyres","item":"https:\/\/www.roesler-tyres.com\/kalterneuerung-schelkmann-reifen\/"},{"@type":"ListItem","position":3,"name":"SR60N L4"}]},{"@type":"WebSite","@id":"https:\/\/www.roesler-tyres.com\/#website","url":"https:\/\/www.roesler-tyres.com\/","name":"R\u00f6sler Tyre Innovators","description":"\u00dcber 50 J\u00e4hrige Erfahrung im EM-Reifen Markt","potentialAction":[{"@type":"SearchAction","target":{"@type":"EntryPoint","urlTemplate":"https:\/\/www.roesler-tyres.com\/?s={search_term_string}"},"query-input":"required name=search_term_string"}],"inLanguage":"en-US"}]}},"_links":{"self":[{"href":"https:\/\/www.roesler-tyres.com\/en\/wp-json\/wp\/v2\/pages\/935"}],"collection":[{"href":"https:\/\/www.roesler-tyres.com\/en\/wp-json\/wp\/v2\/pages"}],"about":[{"href":"https:\/\/www.roesler-tyres.com\/en\/wp-json\/wp\/v2\/types\/page"}],"author":[{"embeddable":true,"href":"https:\/\/www.roesler-tyres.com\/en\/wp-json\/wp\/v2\/users\/1"}],"replies":[{"embeddable":true,"href":"https:\/\/www.roesler-tyres.com\/en\/wp-json\/wp\/v2\/comments?post=935"}],"version-history":[{"count":5,"href":"https:\/\/www.roesler-tyres.com\/en\/wp-json\/wp\/v2\/pages\/935\/revisions"}],"predecessor-version":[{"id":986,"href":"https:\/\/www.roesler-tyres.com\/en\/wp-json\/wp\/v2\/pages\/935\/revisions\/986"}],"up":[{"embeddable":true,"href":"https:\/\/www.roesler-tyres.com\/en\/wp-json\/wp\/v2\/pages\/593"}],"wp:attachment":[{"href":"https:\/\/www.roesler-tyres.com\/en\/wp-json\/wp\/v2\/media?parent=935"}],"curies":[{"name":"wp","href":"https:\/\/api.w.org\/{rel}","templated":true}]}}