{"id":995,"date":"2018-07-23T18:01:42","date_gmt":"2018-07-23T16:01:42","guid":{"rendered":"http:\/\/i-tread.de\/precured-retreaded-tyres\/sr75d-l4\/"},"modified":"2020-02-24T10:50:53","modified_gmt":"2020-02-24T09:50:53","slug":"sr75d-l4","status":"publish","type":"page","link":"https:\/\/www.roesler-tyres.com\/en\/precured-retreaded-tyres\/sr75d-l4\/","title":{"rendered":"SR75D L4"},"content":{"rendered":"<div class=\"container content-10 bg-verlauf\">\n<div class=\"nav-local\">\n<a href=\"\/en\/precured-retreaded-tyres\/\">\u00ab back to overview<\/a>\n  <\/div>\n<article class=\"product\">\n<header>\n<div class=\"row\">\n<div class=\"col-sm-5\">\n<h1>SR75D L4<\/h1>\n<div class=\"product-type\">\n          <span class=\"icon-type\" title=\"Geeignet f\u00fcr Kipplader\"><br \/>\n<img decoding=\"async\" src=\"\/img\/icons\/dumper.png\" alt=\"Icon: Einsatzgebiet des Reifens\" \/> <img decoding=\"async\" src=\"\/img\/icons\/articulated-dumptruck.png\" alt=\"Icon: Einsatzgebiet des Reifens\" \/> <img decoding=\"async\" src=\"\/img\/icons\/grader.png\" alt=\"Icon: Einsatzgebiet des Reifens\" \/> <img decoding=\"async\" src=\"\/img\/icons\/loader.png\" alt=\"Icon: Einsatzgebiet des Reifens\" \/><br \/>\n          <\/span>\n        <\/div>\n<\/p><\/div>\n<div class=\"col-sm-7\">\n<div class=\"product-props\">\n<figure>\n            <img decoding=\"async\" src=\"\/img\/icons\/tyres_icons.gif\" alt=\"Icons: Eigenschaften des Reifens\" \/><figcaption class=\"visuallyhidden\">\n<p lang=\"en\">Rubber Compounds, Long Stripe Technology, Patented Bonding Technology, The Intelligent Tread<\/p>\n<\/figcaption><\/figure>\n<\/p><\/div>\n<div class=\"product-brand\">\n          <a href=\"\/en\/precured-retreaded-tyres\/\"><img decoding=\"async\" src=\"\/img\/logos\/schelkmann.gif\" alt=\"Logo: Schelkmann\" \/><\/a>\n        <\/div>\n<\/p><\/div>\n<\/p><\/div>\n<\/header>\n<div class=\"row\">\n<div class=\"product-data col-md-7\">\n<h3>Tread description<\/h3>\n<p>\n          Excellent \u2018All-Round Tyre\u2019 for all general purpose loading and transportation applications. This tire is often used for: Caterpillar CAT 772, Terex TR45, Terex TR60, Terex TR70, etc.\n        <\/p>\n<h3>Available dimensions<\/h3>\n<table>\n<thead>\n<tr>\n<th>Dimensions<\/th>\n<th>Tread depth<br \/>(32nds)<\/th>\n<th>Rim size<\/th>\n<th class=\"centered\">\n                TKPH<br \/>\n                <img decoding=\"async\" src=\"\/img\/icons\/tkph_icons.png\" alt=\"CUT ALL HEAT\" title=\"CUT ALL HEAT\">\n              <\/th>\n<\/tr>\n<\/thead>\n<tbody>\n<tr>\n<td>16.00R25<\/td>\n<td>40 mm<br \/>\n                                (50\/32)<\/td>\n<td>11.25\/2.0<br \/>\n13.00\/2.0<\/td>\n<td><\/td>\n<\/tr>\n<tr>\n<td>18.00R25<\/td>\n<td>48 mm<br \/>\n                                (60\/32)<\/td>\n<td>13.00\/2.5<br \/>\n15.00\/2.5<\/td>\n<td><\/td>\n<\/tr>\n<tr>\n<td>15.5R25<\/td>\n<td>40 mm<br \/>\n                                (50\/32)<\/td>\n<td>12.00\/1.3<br \/>\n12.00\/1.3 DC<br \/>\n13.00\/1.3 DC<\/td>\n<td><\/td>\n<\/tr>\n<tr>\n<td>17.5R25<\/td>\n<td>40 mm<br \/>\n                                (50\/32)<\/td>\n<td>13.00\/1.3 DC<br \/>\n14.00\/1.3 DC<br \/>\n14.00\/1.5<br \/>\n14.00\/1.5 DC<\/td>\n<td><\/td>\n<\/tr>\n<tr>\n<td>20.5R25<\/td>\n<td>48 mm<br \/>\n                                (60\/32)<\/td>\n<td>17.00\/1.7<br \/>\n17.00\/2.0<\/td>\n<td><\/td>\n<\/tr>\n<tr>\n<td>23.5R25<\/td>\n<td>49 mm<br \/>\n                                (62\/32)<\/td>\n<td>19.50\/2.5<\/td>\n<td><\/td>\n<\/tr>\n<tr>\n<td>26.5R25<\/td>\n<td>58 mm<br \/>\n                                (73\/32)<\/td>\n<td>22.00\/3.0<br \/>\n22.00 \/3.0 IF<\/td>\n<td><\/td>\n<\/tr>\n<tr>\n<td>29.5R25<\/td>\n<td>70 mm<br \/>\n                                (88\/32)<\/td>\n<td>25.00\/3.5<\/td>\n<td><\/td>\n<\/tr>\n<tr>\n<td>25\/65R25<\/td>\n<td>49 mm<br \/>\n                                (62\/32)<\/td>\n<td>19.50\/2.0<br \/>\n20.00\/2.0<\/td>\n<td><\/td>\n<\/tr>\n<tr>\n<td>30\/65R25<\/td>\n<td>70 mm<br \/>\n                                (88\/32)<\/td>\n<td>22.00\/3.0<br \/>\n24.00\/3.0<br \/>\n25.00\/3.0<\/td>\n<td><\/td>\n<\/tr>\n<tr>\n<td>705\/70R25<\/td>\n<td>58 mm<br \/>\n                                (73\/32)<\/td>\n<td>22.00\/3.0<\/td>\n<td><\/td>\n<\/tr>\n<tr>\n<td>750\/65R25<\/td>\n<td>70 mm<br \/>\n                                (88\/32)<\/td>\n<td>22.00\/3.0<br \/>\n24.00\/3.0<br \/>\n25.00\/3.0<\/td>\n<td><\/td>\n<\/tr>\n<tr>\n<td>755\/70R25<\/td>\n<td>70 mm<br \/>\n                                (88\/32)<\/td>\n<td>24.00\/3.0<\/td>\n<td><\/td>\n<\/tr>\n<tr>\n<td>775\/65R29<\/td>\n<td>70 mm<br \/>\n                                (88\/32)<\/td>\n<td>24.00\/3.0<br \/>\n24.00\/3.5<br \/>\n25.00\/3.5<\/td>\n<td><\/td>\n<\/tr>\n<tr>\n<td>29.5R29<\/td>\n<td>70 mm<br \/>\n                                (88\/32)<\/td>\n<td>24.00\/3.5<br \/>\n25.00\/3.5<\/td>\n<td><\/td>\n<\/tr>\n<tr>\n<td>30\/65R29<\/td>\n<td>70 mm<br \/>\n                                (88\/32)<\/td>\n<td>22.00\/3.0<br \/>\n24.00\/3.0<\/td>\n<td><\/td>\n<\/tr>\n<tr>\n<td>18.00R33<\/td>\n<td>48 mm<br \/>\n                                (60\/32)<\/td>\n<td>13.00\/2.5<\/td>\n<td class=\"centered\">180 210 240\n                        <\/td>\n<\/tr>\n<tr>\n<td>21.00R33<\/td>\n<td>49 mm<br \/>\n                                (62\/32)<\/td>\n<td>15.00\/3.0<\/td>\n<td class=\"centered\">190 230 260\n                        <\/td>\n<\/tr>\n<tr>\n<td>21.00R35<\/td>\n<td>49 mm<br \/>\n                                (62\/32)<\/td>\n<td>15.00\/3.0<br \/>\n17.00\/3.0<\/td>\n<td class=\"centered\">210 290 350\n                        <\/td>\n<\/tr>\n<tr>\n<td>24.00R35<\/td>\n<td>70 mm<br \/>\n                                (88\/32)<\/td>\n<td>15.00\/3.0<br \/>\n17.00\/3.0<\/td>\n<td><\/td>\n<\/tr>\n<tr>\n<td>24.00R49<\/td>\n<td>70 mm<br \/>\n                                (88\/32)<\/td>\n<td>19.50\/4.0<\/td>\n<td class=\"centered\">350 420 490\n                        <\/td>\n<\/tr>\n<tr>\n<td>27.00R49<\/td>\n<td>70 mm<br \/>\n                                (88\/32)<\/td>\n<td>19.50\/4.0<\/td>\n<td class=\"centered\">390 450 520\n                        <\/td>\n<\/tr>\n<\/tbody>\n<\/table>\n<h3>Prices<\/h3>\n<p>\n          <a href=\"\/en\/register-here\/?r=Reifen%2FSchelkmann+Kalterneuerungen%2Fsr75d-l4\">\u00bb Sign in or Register here <\/a>\n        <\/p>\n<\/p><\/div>\n<figure class=\"product-photo col-md-4 col-md-offset-1\" data-zoom-container=\".product-data\" data-zoom-src=\"\/kalterneuerung\/150-prozent-profiltiefe.jpg\">\n        <img decoding=\"async\" src=\"\/kalterneuerung\/150-prozent-profiltiefe.jpg\" alt=\"Reifen mit 150% Profiltiefe f\u00fcr universelle Lade- und Transporteins\u00e4tze\"><br \/>\n      <\/figure>\n<\/p><\/div>\n<\/article>\n<\/div>\n","protected":false},"excerpt":{"rendered":"<p>\u00ab back to overview SR75D L4 Rubber Compounds, Long Stripe Technology, Patented Bonding Technology, The Intelligent Tread Tread description Excellent \u2018All-Round Tyre\u2019 for all general purpose loading and transportation applications. This tire is often used for: Caterpillar CAT 772, Terex TR45, Terex TR60, Terex TR70, etc. Available dimensions Dimensions Tread depth(32nds) Rim size TKPH 16.00R25 <a class=\"moretag\" href=\"https:\/\/www.roesler-tyres.com\/en\/precured-retreaded-tyres\/sr75d-l4\/\">[&#8230;]<\/a><\/p>\n","protected":false},"author":1,"featured_media":0,"parent":593,"menu_order":0,"comment_status":"closed","ping_status":"closed","template":"","meta":{"footnotes":""},"yoast_head":"<!-- This site is optimized with the Yoast SEO plugin v21.0 - https:\/\/yoast.com\/wordpress\/plugins\/seo\/ -->\n<title>SR75D L4 - R\u00f6sler Tyre Innovators<\/title>\n<meta name=\"robots\" content=\"index, follow, max-snippet:-1, max-image-preview:large, max-video-preview:-1\" \/>\n<link rel=\"canonical\" href=\"https:\/\/www.roesler-tyres.com\/en\/precured-retreaded-tyres\/sr75d-l4\/\" \/>\n<meta name=\"twitter:label1\" content=\"Est. reading time\" \/>\n\t<meta name=\"twitter:data1\" content=\"1 minute\" \/>\n<script type=\"application\/ld+json\" class=\"yoast-schema-graph\">{\"@context\":\"https:\/\/schema.org\",\"@graph\":[{\"@type\":\"WebPage\",\"@id\":\"https:\/\/www.roesler-tyres.com\/en\/precured-retreaded-tyres\/sr75d-l4\/\",\"url\":\"https:\/\/www.roesler-tyres.com\/en\/precured-retreaded-tyres\/sr75d-l4\/\",\"name\":\"SR75D L4 - R\u00f6sler Tyre Innovators\",\"isPartOf\":{\"@id\":\"https:\/\/www.roesler-tyres.com\/#website\"},\"datePublished\":\"2018-07-23T16:01:42+00:00\",\"dateModified\":\"2020-02-24T09:50:53+00:00\",\"breadcrumb\":{\"@id\":\"https:\/\/www.roesler-tyres.com\/en\/precured-retreaded-tyres\/sr75d-l4\/#breadcrumb\"},\"inLanguage\":\"en-US\",\"potentialAction\":[{\"@type\":\"ReadAction\",\"target\":[\"https:\/\/www.roesler-tyres.com\/en\/precured-retreaded-tyres\/sr75d-l4\/\"]}]},{\"@type\":\"BreadcrumbList\",\"@id\":\"https:\/\/www.roesler-tyres.com\/en\/precured-retreaded-tyres\/sr75d-l4\/#breadcrumb\",\"itemListElement\":[{\"@type\":\"ListItem\",\"position\":1,\"name\":\"Home\",\"item\":\"https:\/\/www.roesler-tyres.com\/en\/\"},{\"@type\":\"ListItem\",\"position\":2,\"name\":\"Schelkmann &#8211; Precured Retreaded Tyres\",\"item\":\"https:\/\/www.roesler-tyres.com\/kalterneuerung-schelkmann-reifen\/\"},{\"@type\":\"ListItem\",\"position\":3,\"name\":\"SR75D L4\"}]},{\"@type\":\"WebSite\",\"@id\":\"https:\/\/www.roesler-tyres.com\/#website\",\"url\":\"https:\/\/www.roesler-tyres.com\/\",\"name\":\"R\u00f6sler Tyre Innovators\",\"description\":\"\u00dcber 50 J\u00e4hrige Erfahrung im EM-Reifen Markt\",\"potentialAction\":[{\"@type\":\"SearchAction\",\"target\":{\"@type\":\"EntryPoint\",\"urlTemplate\":\"https:\/\/www.roesler-tyres.com\/?s={search_term_string}\"},\"query-input\":\"required name=search_term_string\"}],\"inLanguage\":\"en-US\"}]}<\/script>\n<!-- \/ Yoast SEO plugin. -->","yoast_head_json":{"title":"SR75D L4 - R\u00f6sler Tyre Innovators","robots":{"index":"index","follow":"follow","max-snippet":"max-snippet:-1","max-image-preview":"max-image-preview:large","max-video-preview":"max-video-preview:-1"},"canonical":"https:\/\/www.roesler-tyres.com\/en\/precured-retreaded-tyres\/sr75d-l4\/","twitter_misc":{"Est. reading time":"1 minute"},"schema":{"@context":"https:\/\/schema.org","@graph":[{"@type":"WebPage","@id":"https:\/\/www.roesler-tyres.com\/en\/precured-retreaded-tyres\/sr75d-l4\/","url":"https:\/\/www.roesler-tyres.com\/en\/precured-retreaded-tyres\/sr75d-l4\/","name":"SR75D L4 - R\u00f6sler Tyre Innovators","isPartOf":{"@id":"https:\/\/www.roesler-tyres.com\/#website"},"datePublished":"2018-07-23T16:01:42+00:00","dateModified":"2020-02-24T09:50:53+00:00","breadcrumb":{"@id":"https:\/\/www.roesler-tyres.com\/en\/precured-retreaded-tyres\/sr75d-l4\/#breadcrumb"},"inLanguage":"en-US","potentialAction":[{"@type":"ReadAction","target":["https:\/\/www.roesler-tyres.com\/en\/precured-retreaded-tyres\/sr75d-l4\/"]}]},{"@type":"BreadcrumbList","@id":"https:\/\/www.roesler-tyres.com\/en\/precured-retreaded-tyres\/sr75d-l4\/#breadcrumb","itemListElement":[{"@type":"ListItem","position":1,"name":"Home","item":"https:\/\/www.roesler-tyres.com\/en\/"},{"@type":"ListItem","position":2,"name":"Schelkmann &#8211; Precured Retreaded Tyres","item":"https:\/\/www.roesler-tyres.com\/kalterneuerung-schelkmann-reifen\/"},{"@type":"ListItem","position":3,"name":"SR75D L4"}]},{"@type":"WebSite","@id":"https:\/\/www.roesler-tyres.com\/#website","url":"https:\/\/www.roesler-tyres.com\/","name":"R\u00f6sler Tyre Innovators","description":"\u00dcber 50 J\u00e4hrige Erfahrung im EM-Reifen Markt","potentialAction":[{"@type":"SearchAction","target":{"@type":"EntryPoint","urlTemplate":"https:\/\/www.roesler-tyres.com\/?s={search_term_string}"},"query-input":"required name=search_term_string"}],"inLanguage":"en-US"}]}},"_links":{"self":[{"href":"https:\/\/www.roesler-tyres.com\/en\/wp-json\/wp\/v2\/pages\/995"}],"collection":[{"href":"https:\/\/www.roesler-tyres.com\/en\/wp-json\/wp\/v2\/pages"}],"about":[{"href":"https:\/\/www.roesler-tyres.com\/en\/wp-json\/wp\/v2\/types\/page"}],"author":[{"embeddable":true,"href":"https:\/\/www.roesler-tyres.com\/en\/wp-json\/wp\/v2\/users\/1"}],"replies":[{"embeddable":true,"href":"https:\/\/www.roesler-tyres.com\/en\/wp-json\/wp\/v2\/comments?post=995"}],"version-history":[{"count":7,"href":"https:\/\/www.roesler-tyres.com\/en\/wp-json\/wp\/v2\/pages\/995\/revisions"}],"predecessor-version":[{"id":1365,"href":"https:\/\/www.roesler-tyres.com\/en\/wp-json\/wp\/v2\/pages\/995\/revisions\/1365"}],"up":[{"embeddable":true,"href":"https:\/\/www.roesler-tyres.com\/en\/wp-json\/wp\/v2\/pages\/593"}],"wp:attachment":[{"href":"https:\/\/www.roesler-tyres.com\/en\/wp-json\/wp\/v2\/media?parent=995"}],"curies":[{"name":"wp","href":"https:\/\/api.w.org\/{rel}","templated":true}]}}