{"id":2356,"date":"2020-04-01T17:51:45","date_gmt":"2020-04-01T15:51:45","guid":{"rendered":"https:\/\/www.roesler-tyres.com\/otr-tires\/"},"modified":"2022-03-11T12:27:35","modified_gmt":"2022-03-11T11:27:35","slug":"otr-tires","status":"publish","type":"page","link":"https:\/\/www.roesler-tyres.com\/ru\/otr-tires\/","title":{"rendered":"OTR Tires"},"content":{"rendered":"<div class=\"container content-10 bg-verlauf\" id=\"eins\">\n<div class=\"col-sm-6\">\n<div>\n<h2 style=\"text-transform: uppercase\"><a href=\"https:\/\/www.roesler-tyres.com\/en\/precured-retreaded-tyres\/\"><img decoding=\"async\" loading=\"lazy\" src=\"https:\/\/www.roesler-tyres.com\/wp-content\/uploads\/2020\/04\/schelkmann.png\" alt=\"\" width=\"58\" height=\"46\" class=\"alignnone size-full wp-image-1624\" \/>Schelkmann<\/a><\/h2>\n<p style=\"font-size: 20px; text-transform: uppercase\"><a href=\"https:\/\/www.roesler-tyres.com\/en\/precured-retreaded-tyres\/\">\u0428\u0438\u043d\u044b \u0441 \u0445\u043e\u043b\u043e\u0434\u043d\u044b\u043c \u0432\u043e\u0441\u0441\u0442\u0430\u043d\u043e\u0432\u043b\u0435\u043d\u0438\u0435\u043c \u043f\u0440\u043e\u0442\u0435\u043a\u0442\u043e\u0440\u0430, \u043e\u0442\u0432\u0435\u0447\u0430\u044e\u0449\u0438\u0435 \u0441\u0430\u043c\u044b\u043c \u0432\u044b\u0441\u043e\u043a\u0438\u043c \u0442\u0440\u0435\u0431\u043e\u0432\u0430\u043d\u0438\u044f\u043c \u043a\u0430\u0447\u0435\u0441\u0442\u0432\u0430.<\/a><\/p>\n<p><a href=\"https:\/\/www.roesler-tyres.com\/en\/precured-retreaded-tyres\/\"><br \/>\n\u041f\u0440\u043e\u0444\u0438\u043b\u0438 \u0438 \u0440\u0435\u0437\u0438\u043d\u043e\u0432\u044b\u0435 \u0441\u043c\u0435\u0441\u0438 \u0448\u0438\u043d \u0434\u043b\u044f \u0441\u0442\u0440\u043e\u0438\u0442\u0435\u043b\u044c\u043d\u043e\u0439 \u0442\u0435\u0445\u043d\u0438\u043a\u0438 \u043c\u043e\u0433\u0443\u0442 \u0431\u044b\u0442\u044c \u0438\u043d\u0434\u0438\u0432\u0438\u0434\u0443\u0430\u043b\u044c\u043d\u043e \u0430\u0434\u0430\u043f\u0442\u0438\u0440\u043e\u0432\u0430\u043d\u044b \u0434\u043b\u044f \u043a\u043b\u0438\u0435\u043d\u0442\u043e\u0432 \u0438 \u043e\u0442\u0434\u0435\u043b\u044c\u043d\u044b\u0445 \u043e\u0431\u043b\u0430\u0441\u0442\u0435\u0439 \u043f\u0440\u0438\u043c\u0435\u043d\u0435\u043d\u0438\u044f.<br \/>\n\u0428\u0438\u043d\u044b Schelkmann \u043e\u0431\u0435\u0441\u043f\u0435\u0447\u0438\u0432\u0430\u044e\u0442 \u043d\u0430\u0438\u043b\u0443\u0447\u0448\u0438\u0435 \u0440\u0435\u0437\u0443\u043b\u044c\u0442\u0430\u0442\u044b \u0438 \u043f\u0440\u043e\u0431\u0435\u0433 \u0432 \u0448\u0430\u0445\u0442\u0430\u0445, \u043a\u0430\u0440\u044c\u0435\u0440\u0430\u0445, \u043f\u0440\u0438 \u0434\u043e\u0431\u044b\u0447\u0435 \u043f\u0440\u0438\u0440\u043e\u0434\u043d\u043e\u0433\u043e \u043a\u0430\u043c\u043d\u044f, \u0443\u0433\u043e\u043b\u044c\u043d\u044b\u0445 \u0438 \u0436\u0435\u043b\u0435\u0437\u043e\u0440\u0443\u0434\u043d\u044b\u0445 \u0448\u0430\u0445\u0442\u0430\u0445, \u043f\u0440\u0438 \u043f\u0435\u0440\u0435\u0440\u0430\u0431\u043e\u0442\u043a\u0435 \u043e\u0442\u0445\u043e\u0434\u043e\u0432, \u0432 \u0433\u0440\u0430\u0432\u0438\u0439\u043d\u043e-\u043f\u0435\u0441\u0447\u0430\u043d\u044b\u0445 \u043a\u0430\u0440\u044c\u0435\u0440\u0430\u0445.<br \/>\n<\/a>\n        <\/p>\n<\/p><\/div>\n<\/p><\/div>\n<div class=\"col-sm-6\">\n<div class=\"thumbs thumb-style thumb-inside\">\n<div class=\"thumb-img\">\n<div class=\"overflow-hidden\">\n              <a href=\"https:\/\/www.roesler-tyres.com\/en\/precured-retreaded-tyres\/\"><img decoding=\"async\" loading=\"lazy\" src=\"https:\/\/www.roesler-tyres.com\/wp-content\/uploads\/2020\/04\/Schelkmann-Baumaschinenreifen-1.png\" alt=\"\" width=\"520\" height=\"300\" class=\"alignnone size-full wp-image-1643\" \/><\/a>\n            <\/div>\n<\/p><\/div>\n<\/p><\/div>\n<\/p><\/div>\n<\/div>\n<div class=\"container content-10 bg-verlauf\" id=\"zwei\">\n<div class=\"col-sm-6\">\n<div>\n<h2 style=\"text-transform: uppercase\"><a href=\"https:\/\/www.roesler-tyres.com\/en\/moldcured-retreaded-tyres\/\"><img decoding=\"async\" loading=\"lazy\" src=\"https:\/\/www.roesler-tyres.com\/wp-content\/uploads\/2020\/04\/rodos.gif\" alt=\"\" width=\"58\" height=\"46\" class=\"alignnone size-full wp-image-1621\" \/>RODOS<\/a><\/h2>\n<p style=\"font-size: 20px; text-transform: uppercase\"><a href=\"https:\/\/www.roesler-tyres.com\/en\/moldcured-retreaded-tyres\/\">\u041f\u0440\u043e\u0447\u043d\u043e\u0441\u0442\u044c, \u043d\u0430\u0434\u0435\u0436\u043d\u043e\u0441\u0442\u044c \u0438 \u044d\u043a\u043e\u043d\u043e\u043c\u0438\u0447\u043d\u043e\u0441\u0442\u044c.<\/a><\/p>\n<p><a href=\"https:\/\/www.roesler-tyres.com\/en\/moldcured-retreaded-tyres\/\">\u041f\u043e\u043b\u043d\u043e\u0441\u0442\u044c\u044e \u0432\u043e\u0441\u0441\u0442\u0430\u043d\u043e\u0432\u043b\u0435\u043d\u043d\u044b\u0435 \u0448\u0438\u043d\u044b \u0434\u043b\u044f \u0441\u0442\u0440\u043e\u0438\u0442\u0435\u043b\u044c\u043d\u043e\u0439 \u0442\u0435\u0445\u043d\u0438\u043a\u0438 \u0441 \u043a\u0430\u0447\u0435\u0441\u0442\u0432\u043e\u043c \u043d\u043e\u0432\u044b\u0445 \u0448\u0438\u043d.<br \/>\n\u041e\u043f\u0442\u0438\u043c\u0438\u0437\u0438\u0440\u043e\u0432\u0430\u043d\u044b \u0434\u043b\u044f \u0432\u0441\u0435\u0445 \u043e\u0431\u043b\u0430\u0441\u0442\u0435\u0439 \u043f\u0440\u0438\u043c\u0435\u043d\u0435\u043d\u0438\u044f.<br \/>\n<\/a><\/p>\n<\/p><\/div>\n<\/p><\/div>\n<div class=\"col-sm-6\">\n<div class=\"thumbs thumb-style thumb-inside\">\n<div class=\"thumb-img\">\n<div class=\"overflow-hidden\">\n             <a href=\"https:\/\/www.roesler-tyres.com\/en\/moldcured-retreaded-tyres\/\"><img decoding=\"async\" loading=\"lazy\" src=\"https:\/\/www.roesler-tyres.com\/wp-content\/uploads\/2020\/04\/Rodos-Baumaschinenreifen.png\" alt=\"\" width=\"520\" height=\"300\" class=\"alignnone size-full wp-image-1645\" \/><\/a>\n            <\/div>\n<\/p><\/div>\n<\/p><\/div>\n<\/p><\/div>\n<\/div>\n<div class=\"container content-10 bg-verlauf\" id=\"vier\">\n<div class=\"col-sm-6\">\n<div>\n<h2 style=\"text-transform: uppercase\"><a href=\"https:\/\/www.roesler-tyres.com\/en\/new-otr-tyres\/\"><img decoding=\"async\" loading=\"lazy\" src=\"https:\/\/www.roesler-tyres.com\/wp-content\/uploads\/2020\/04\/roesler-baumaschinenreifen.png\" alt=\"\" width=\"58\" height=\"46\" class=\"alignnone size-full wp-image-1626\" \/>\u041d\u043e\u0432\u044b\u0435 \u0448\u0438\u043d\u044b<\/a><\/h2>\n<p style=\"font-size: 20px; text-transform: uppercase\">\n<p>\n<a href=\"https:\/\/www.roesler-tyres.com\/en\/new-otr-tyres\/\"><\/p>\n<p>\u0418\u043c\u0435\u044f \u0431\u043e\u043b\u0435\u0435 \u0447\u0435\u043c 60-\u043b\u0435\u0442\u043d\u0438\u0439 \u043e\u043f\u044b\u0442 \u0440\u0430\u0431\u043e\u0442\u044b \u043d\u0430 \u0440\u044b\u043d\u043a\u0435 \u0448\u0438\u043d \u0434\u043b\u044f \u0441\u043f\u0435\u0446\u0442\u0435\u0445\u043d\u0438\u043a\u0438, \u043a\u043e\u043c\u043f\u0430\u043d\u0438\u044f R\u00f6sler \u0438\u0437\u0432\u0435\u0441\u0442\u043d\u0430 \u0432\u043e \u0432\u0441\u0435\u043c\u0443 \u043c\u0438\u0440\u0443 \u043a\u0430\u043a \u043d\u0430\u0434\u0435\u0436\u043d\u044b\u0439 \u043f\u0430\u0440\u0442\u043d\u0435\u0440 \u0434\u043b\u044f \u0442\u043e\u0440\u0433\u043e\u0432\u043b\u0438 \u0448\u0438\u043d\u0430\u043c\u0438 \u0438 \u043a\u0430\u0440\u044c\u0435\u0440\u043d\u043e\u0439 \u043f\u0440\u043e\u043c\u044b\u0448\u043b\u0435\u043d\u043d\u043e\u0441\u0442\u0438.<br \/>\n\u041c\u044b \u043f\u043e\u0434\u0434\u0435\u0440\u0436\u0438\u0432\u0430\u0435\u043c \u0441\u0442\u0440\u0430\u0442\u0435\u0433\u0438\u0447\u0435\u0441\u043a\u0438\u0435 \u0434\u0435\u043b\u043e\u0432\u044b\u0435 \u043e\u0442\u043d\u043e\u0448\u0435\u043d\u0438\u044f \u043a\u0430\u043a \u0441 \u043f\u0440\u0435\u043c\u0438\u0430\u043b\u044c\u043d\u044b\u043c\u0438, \u0442\u0430\u043a \u0438 \u0441 \u0431\u044e\u0434\u0436\u0435\u0442\u043d\u044b\u043c\u0438 \u043f\u0440\u043e\u0438\u0437\u0432\u043e\u0434\u0438\u0442\u0435\u043b\u044f\u043c\u0438 \u0438 \u043c\u043e\u0436\u0435\u043c \u043e\u043f\u0438\u0440\u0430\u0442\u044c\u0441\u044f \u043d\u0430 \u043e\u0431\u0448\u0438\u0440\u043d\u044b\u0439 \u0441\u043a\u043b\u0430\u0434\u0441\u043a\u0438\u0439 \u0437\u0430\u043f\u0430\u0441 \u0438 \u0433\u0430\u0440\u0430\u043d\u0442\u0438\u0440\u043e\u0432\u0430\u0442\u044c \u043a\u0440\u0430\u0442\u043a\u043e\u0441\u0440\u043e\u0447\u043d\u0443\u044e \u0434\u043e\u0441\u0442\u0430\u0432\u043a\u0443 \u043f\u043e \u0432\u0441\u0435\u043c\u0443 \u043c\u0438\u0440\u0443.<\/p>\n<p>\n\u0415\u0441\u043b\u0438 \u0443 \u0432\u0430\u0441 \u0435\u0441\u0442\u044c \u0432\u043e\u043f\u0440\u043e\u0441\u044b \u0438\u043b\u0438 \u0445\u043e\u0442\u0438\u0442\u0435 \u0440\u0430\u0437\u043c\u0435\u0441\u0442\u0438\u0442\u044c \u0437\u0430\u043a\u0430\u0437, \u043f\u043e\u0436\u0430\u043b\u0443\u0439\u0441\u0442\u0430, \u0441\u0432\u044f\u0436\u0438\u0442\u0435\u0441\u044c \u0441 \u043d\u0430\u043c\u0438 \u0432 \u043b\u044e\u0431\u043e\u0435 \u0432\u0440\u0435\u043c\u044f:<br \/>\n<\/a><\/p>\n<p><strong>Tel.: +49 (0)231 917078-79<br \/>\n<a href=\"mailto:inquiry@roesler-tyres.com\">inquiry@roesler-tyres.com<\/a><\/strong><\/p>\n<\/p><\/div>\n<\/p><\/div>\n<div class=\"col-sm-6\">\n<div class=\"thumbs thumb-style thumb-inside\">\n<div class=\"thumb-img\">\n<div class=\"overflow-hidden\">\n              <a href=\"https:\/\/www.roesler-tyres.com\/en\/new-otr-tyres\/\"><img decoding=\"async\" src=\"https:\/\/www.roesler-tyres.com\/wp-content\/uploads\/2018\/05\/otr-reifen.jpg\" \/><\/a>\n            <\/div>\n<\/p><\/div>\n<\/p><\/div>\n<\/p><\/div>\n<\/div>\n","protected":false},"excerpt":{"rendered":"<p>Schelkmann \u0428\u0438\u043d\u044b \u0441 \u0445\u043e\u043b\u043e\u0434\u043d\u044b\u043c \u0432\u043e\u0441\u0441\u0442\u0430\u043d\u043e\u0432\u043b\u0435\u043d\u0438\u0435\u043c \u043f\u0440\u043e\u0442\u0435\u043a\u0442\u043e\u0440\u0430, \u043e\u0442\u0432\u0435\u0447\u0430\u044e\u0449\u0438\u0435 \u0441\u0430\u043c\u044b\u043c \u0432\u044b\u0441\u043e\u043a\u0438\u043c \u0442\u0440\u0435\u0431\u043e\u0432\u0430\u043d\u0438\u044f\u043c \u043a\u0430\u0447\u0435\u0441\u0442\u0432\u0430. \u041f\u0440\u043e\u0444\u0438\u043b\u0438 \u0438 \u0440\u0435\u0437\u0438\u043d\u043e\u0432\u044b\u0435 \u0441\u043c\u0435\u0441\u0438 \u0448\u0438\u043d \u0434\u043b\u044f \u0441\u0442\u0440\u043e\u0438\u0442\u0435\u043b\u044c\u043d\u043e\u0439 \u0442\u0435\u0445\u043d\u0438\u043a\u0438 \u043c\u043e\u0433\u0443\u0442 \u0431\u044b\u0442\u044c \u0438\u043d\u0434\u0438\u0432\u0438\u0434\u0443\u0430\u043b\u044c\u043d\u043e \u0430\u0434\u0430\u043f\u0442\u0438\u0440\u043e\u0432\u0430\u043d\u044b \u0434\u043b\u044f \u043a\u043b\u0438\u0435\u043d\u0442\u043e\u0432 \u0438 \u043e\u0442\u0434\u0435\u043b\u044c\u043d\u044b\u0445 \u043e\u0431\u043b\u0430\u0441\u0442\u0435\u0439 \u043f\u0440\u0438\u043c\u0435\u043d\u0435\u043d\u0438\u044f. \u0428\u0438\u043d\u044b Schelkmann \u043e\u0431\u0435\u0441\u043f\u0435\u0447\u0438\u0432\u0430\u044e\u0442 \u043d\u0430\u0438\u043b\u0443\u0447\u0448\u0438\u0435 \u0440\u0435\u0437\u0443\u043b\u044c\u0442\u0430\u0442\u044b \u0438 \u043f\u0440\u043e\u0431\u0435\u0433 \u0432 \u0448\u0430\u0445\u0442\u0430\u0445, \u043a\u0430\u0440\u044c\u0435\u0440\u0430\u0445, \u043f\u0440\u0438 \u0434\u043e\u0431\u044b\u0447\u0435 \u043f\u0440\u0438\u0440\u043e\u0434\u043d\u043e\u0433\u043e \u043a\u0430\u043c\u043d\u044f, \u0443\u0433\u043e\u043b\u044c\u043d\u044b\u0445 \u0438 \u0436\u0435\u043b\u0435\u0437\u043e\u0440\u0443\u0434\u043d\u044b\u0445 \u0448\u0430\u0445\u0442\u0430\u0445, \u043f\u0440\u0438 \u043f\u0435\u0440\u0435\u0440\u0430\u0431\u043e\u0442\u043a\u0435 \u043e\u0442\u0445\u043e\u0434\u043e\u0432, \u0432 \u0433\u0440\u0430\u0432\u0438\u0439\u043d\u043e-\u043f\u0435\u0441\u0447\u0430\u043d\u044b\u0445 \u043a\u0430\u0440\u044c\u0435\u0440\u0430\u0445. RODOS \u041f\u0440\u043e\u0447\u043d\u043e\u0441\u0442\u044c, <a class=\"moretag\" href=\"https:\/\/www.roesler-tyres.com\/ru\/otr-tires\/\">[&#8230;]<\/a><\/p>\n","protected":false},"author":1,"featured_media":0,"parent":0,"menu_order":0,"comment_status":"closed","ping_status":"closed","template":"","meta":{"footnotes":""},"yoast_head":"<!-- This site is optimized with the Yoast SEO plugin v21.0 - https:\/\/yoast.com\/wordpress\/plugins\/seo\/ -->\n<title>OTR Tyres - R\u00f6sler Tyre Innovators<\/title>\n<meta name=\"robots\" content=\"index, follow, max-snippet:-1, max-image-preview:large, max-video-preview:-1\" \/>\n<link rel=\"canonical\" href=\"https:\/\/www.roesler-tyres.com\/baumaschinenreifen\/\" \/>\n<script type=\"application\/ld+json\" class=\"yoast-schema-graph\">{\"@context\":\"https:\/\/schema.org\",\"@graph\":[{\"@type\":\"WebPage\",\"@id\":\"https:\/\/www.roesler-tyres.com\/baumaschinenreifen\/\",\"url\":\"https:\/\/www.roesler-tyres.com\/baumaschinenreifen\/\",\"name\":\"OTR Tyres - R\u00f6sler Tyre Innovators\",\"isPartOf\":{\"@id\":\"https:\/\/www.roesler-tyres.com\/#website\"},\"datePublished\":\"2020-04-01T15:51:45+00:00\",\"dateModified\":\"2022-03-11T11:27:35+00:00\",\"breadcrumb\":{\"@id\":\"https:\/\/www.roesler-tyres.com\/baumaschinenreifen\/#breadcrumb\"},\"inLanguage\":\"ru-RU\",\"potentialAction\":[{\"@type\":\"ReadAction\",\"target\":[\"https:\/\/www.roesler-tyres.com\/baumaschinenreifen\/\"]}]},{\"@type\":\"BreadcrumbList\",\"@id\":\"https:\/\/www.roesler-tyres.com\/baumaschinenreifen\/#breadcrumb\",\"itemListElement\":[{\"@type\":\"ListItem\",\"position\":1,\"name\":\"Home\",\"item\":\"https:\/\/www.roesler-tyres.com\/\"},{\"@type\":\"ListItem\",\"position\":2,\"name\":\"OTR Tires\"}]},{\"@type\":\"WebSite\",\"@id\":\"https:\/\/www.roesler-tyres.com\/#website\",\"url\":\"https:\/\/www.roesler-tyres.com\/\",\"name\":\"R\u00f6sler Tyre Innovators\",\"description\":\"\u00dcber 50 J\u00e4hrige Erfahrung im EM-Reifen Markt\",\"potentialAction\":[{\"@type\":\"SearchAction\",\"target\":{\"@type\":\"EntryPoint\",\"urlTemplate\":\"https:\/\/www.roesler-tyres.com\/?s={search_term_string}\"},\"query-input\":\"required name=search_term_string\"}],\"inLanguage\":\"ru-RU\"}]}<\/script>\n<!-- \/ Yoast SEO plugin. -->","yoast_head_json":{"title":"OTR Tyres - R\u00f6sler Tyre Innovators","robots":{"index":"index","follow":"follow","max-snippet":"max-snippet:-1","max-image-preview":"max-image-preview:large","max-video-preview":"max-video-preview:-1"},"canonical":"https:\/\/www.roesler-tyres.com\/baumaschinenreifen\/","schema":{"@context":"https:\/\/schema.org","@graph":[{"@type":"WebPage","@id":"https:\/\/www.roesler-tyres.com\/baumaschinenreifen\/","url":"https:\/\/www.roesler-tyres.com\/baumaschinenreifen\/","name":"OTR Tyres - R\u00f6sler Tyre Innovators","isPartOf":{"@id":"https:\/\/www.roesler-tyres.com\/#website"},"datePublished":"2020-04-01T15:51:45+00:00","dateModified":"2022-03-11T11:27:35+00:00","breadcrumb":{"@id":"https:\/\/www.roesler-tyres.com\/baumaschinenreifen\/#breadcrumb"},"inLanguage":"ru-RU","potentialAction":[{"@type":"ReadAction","target":["https:\/\/www.roesler-tyres.com\/baumaschinenreifen\/"]}]},{"@type":"BreadcrumbList","@id":"https:\/\/www.roesler-tyres.com\/baumaschinenreifen\/#breadcrumb","itemListElement":[{"@type":"ListItem","position":1,"name":"Home","item":"https:\/\/www.roesler-tyres.com\/"},{"@type":"ListItem","position":2,"name":"OTR Tires"}]},{"@type":"WebSite","@id":"https:\/\/www.roesler-tyres.com\/#website","url":"https:\/\/www.roesler-tyres.com\/","name":"R\u00f6sler Tyre Innovators","description":"\u00dcber 50 J\u00e4hrige Erfahrung im EM-Reifen Markt","potentialAction":[{"@type":"SearchAction","target":{"@type":"EntryPoint","urlTemplate":"https:\/\/www.roesler-tyres.com\/?s={search_term_string}"},"query-input":"required name=search_term_string"}],"inLanguage":"ru-RU"}]}},"_links":{"self":[{"href":"https:\/\/www.roesler-tyres.com\/ru\/wp-json\/wp\/v2\/pages\/2356"}],"collection":[{"href":"https:\/\/www.roesler-tyres.com\/ru\/wp-json\/wp\/v2\/pages"}],"about":[{"href":"https:\/\/www.roesler-tyres.com\/ru\/wp-json\/wp\/v2\/types\/page"}],"author":[{"embeddable":true,"href":"https:\/\/www.roesler-tyres.com\/ru\/wp-json\/wp\/v2\/users\/1"}],"replies":[{"embeddable":true,"href":"https:\/\/www.roesler-tyres.com\/ru\/wp-json\/wp\/v2\/comments?post=2356"}],"version-history":[{"count":7,"href":"https:\/\/www.roesler-tyres.com\/ru\/wp-json\/wp\/v2\/pages\/2356\/revisions"}],"predecessor-version":[{"id":2480,"href":"https:\/\/www.roesler-tyres.com\/ru\/wp-json\/wp\/v2\/pages\/2356\/revisions\/2480"}],"wp:attachment":[{"href":"https:\/\/www.roesler-tyres.com\/ru\/wp-json\/wp\/v2\/media?parent=2356"}],"curies":[{"name":"wp","href":"https:\/\/api.w.org\/{rel}","templated":true}]}}