{"id":2362,"date":"2018-07-19T19:33:26","date_gmt":"2018-07-19T17:33:26","guid":{"rendered":"https:\/\/www.roesler-tyres.com\/vulcanization-facilities\/"},"modified":"2022-03-11T13:05:08","modified_gmt":"2022-03-11T12:05:08","slug":"vulcanization-facilities","status":"publish","type":"page","link":"https:\/\/www.roesler-tyres.com\/ru\/vulcanization-facilities\/","title":{"rendered":"vulcanization-facilities"},"content":{"rendered":"<div class=\"container content-10 bg-verlauf\">\n<div class=\"row\">\n<div class=\"col-sm-6\">\n<h2>\n\u041e\u0431\u043e\u0440\u0443\u0434\u043e\u0432\u0430\u043d\u0438\u0435 \u0434\u043b\u044f \u0432\u043e\u0441\u0441\u0442\u0430\u043d\u043e\u0432\u043b\u0435\u043d\u0438\u044f \u041a\u0413\u0428<br \/>\n(\u0412\u0443\u043b\u043a\u0430\u043d\u0438\u0437\u0430\u0446\u0438\u043e\u043d\u043d\u044b\u0435 \u0443\u0441\u0442\u0430\u043d\u043e\u0432\u043a\u0438)<\/h2>\n<p><strong>R\u00f6sler &#8211; \u0421\u043e\u0432\u0435\u0440\u0448\u0435\u043d\u0441\u0442\u0432\u043e \u0434\u043e \u043c\u0435\u043b\u044c\u0447\u0430\u0439\u0448\u0438\u0445 \u0434\u0435\u0442\u0430\u043b\u0435\u0439<\/strong><br \/>\n\u0418\u043c\u044f R\u00f6sler \u043e\u0437\u043d\u0430\u0447\u0430\u0435\u0442 \u0438\u043d\u043d\u043e\u0432\u0430\u0446\u0438\u043e\u043d\u043d\u044b\u0435 \u0440\u0435\u0448\u0435\u043d\u0438\u044f \u0438 \u043f\u0435\u0440\u0435\u0434\u043e\u0432\u044b\u0435 \u0440\u0430\u0437\u0440\u0430\u0431\u043e\u0442\u043a\u0438. \u041a\u0430\u0436\u0434\u0430\u044f \u0442\u0430\u043a\u0430\u044f \u043c\u0430\u043b\u0435\u043d\u044c\u043a\u0430\u044f \u0434\u0435\u0442\u0430\u043b\u044c \u0438\u043c\u0435\u0435\u0442 \u0434\u043b\u044f \u043d\u0430\u0441 \u0437\u043d\u0430\u0447\u0435\u043d\u0438\u0435. \u041f\u043e \u044d\u0442\u043e\u0439 \u043f\u0440\u0438\u0447\u0438\u043d\u0435 \u043d\u0430\u0448 \u0437\u0430\u043f\u0430\u0442\u0435\u043d\u0442\u043e\u0432\u0430\u043d\u043d\u044b\u0439 \u043f\u0440\u043e\u0446\u0435\u0441\u0441 \u0445\u043e\u043b\u043e\u0434\u043d\u043e\u0433\u043e \u0432\u043e\u0441\u0441\u0442\u0430\u043d\u043e\u0432\u043b\u0435\u043d\u0438\u044f Schelkmann \u0441\u043e\u0447\u0435\u0442\u0430\u0435\u0442 \u0432 \u0441\u0435\u0431\u0435 \u0441\u0430\u043c\u044b\u0435 \u0441\u043e\u0432\u0440\u0435\u043c\u0435\u043d\u043d\u044b\u0435 \u0442\u0435\u0445\u043d\u043e\u043b\u043e\u0433\u0438\u0438 \u0441 \u044d\u043a\u043e\u043d\u043e\u043c\u0438\u0447\u043d\u044b\u043c \u0438 \u043f\u0440\u043e\u0434\u0443\u043a\u0442\u0438\u0432\u043d\u044b\u043c \u0441\u043f\u043e\u0441\u043e\u0431\u043e\u043c \u0440\u0430\u0431\u043e\u0442\u044b.\n      <\/p>\n<\/div>\n<\/div>\n<div class=\"animation-wrapper row\">\n<article class=\"animation\">\n<section class=\"poster\"><img decoding=\"async\" src=\"\/img\/retreadfacility\/animation\/retreadfacility.png\"><\/section>\n<section class=\"step\"><img decoding=\"async\" src=\"\/img\/retreadfacility\/animation\/retreadfacility-preparation.png\"><\/p>\n<div class=\"step-content\">\n<div class=\"step-text\">\n<h3>\u041f\u043e\u0434\u0433\u043e\u0442\u043e\u0432\u043a\u0430 \u043a \u0432\u0443\u043b\u043a\u0430\u043d\u0438\u0437\u0430\u0446\u0438\u0438<\/h3>\n<p>\u0428\u0438\u043d\u0430 \u043f\u043e\u0434\u0433\u043e\u0442\u043e\u0432\u043b\u044f\u0435\u0442\u0441\u044f \u0434\u043b\u044f \u0442\u043e\u0433\u043e \u0447\u0442\u043e\u0431\u044b \u0431\u044b\u0442\u044c \u043f\u043e\u043c\u0435\u0449\u0435\u043d\u043d\u043e\u0439 \u0432 \u0430\u0432\u0442\u043e\u043a\u043b\u0430\u0432\u0435.<\/p>\n<\/div>\n<figure class=\"step-illu\"><img decoding=\"async\" src=\"\/img\/retreadfacility\/content\/preparation.jpg\"><\/figure>\n<\/div>\n<\/section>\n<section class=\"step\"><img decoding=\"async\" src=\"\/img\/retreadfacility\/animation\/retreadfacility-enveloping.png\"><\/p>\n<div class=\"step-content\">\n<div class=\"step-text\">\n<h3>\u0423\u043f\u0430\u043a\u043e\u0432\u043a\u0430 \u0448\u0438\u043d<\/h3>\n<p>\u0428\u0438\u043d\u0430 \u0443\u043f\u0430\u043a\u043e\u0432\u044b\u0432\u0430\u0435\u0442\u0441\u044f \u0432 \u043e\u0431\u043e\u043b\u043e\u0447\u043a\u0443 \u0432 \u043a\u0430\u0447\u0435\u0441\u0442\u0432\u0435 \u043f\u043e\u0434\u0433\u043e\u0442\u043e\u0432\u043a\u0438 \u043a \u043f\u0440\u043e\u0446\u0435\u0441\u0441\u0443 \u0432\u0443\u043b\u043a\u0430\u043d\u0438\u0437\u0430\u0446\u0438\u0438.<\/p>\n<\/div>\n<figure class=\"step-illu\"><img decoding=\"async\" src=\"\/img\/retreadfacility\/content\/enveloping.jpg\"><\/div>\n<\/section>\n<section class=\"step\"><img decoding=\"async\" src=\"\/img\/retreadfacility\/animation\/retreadfacility-curing.png\"><\/p>\n<div class=\"step-content\">\n<div class=\"step-text\">\n<h3>\u041d\u0430\u0433\u0440\u0435\u0432\u0430\u043d\u0438\u0435<\/h3>\n<p>\u0428\u0438\u043d\u0430 \u043d\u0430\u0433\u0440\u0435\u0432\u0430\u0435\u0442\u0441\u044f \u0432 \u0432\u043e\u0434\u044f\u043d\u043e\u043c \u0430\u0432\u0442\u043e\u043a\u043b\u0430\u0432\u0435 SPR \u043f\u0440\u0438 \u0442\u0435\u043c\u043f\u0435\u0440\u0430\u0442\u0443\u0440\u0435 \u043d\u0438\u0436\u0435 100\u00b0C.<\/p>\n<\/div>\n<figure class=\"step-illu\"><img decoding=\"async\" src=\"\/img\/retreadfacility\/content\/curing.jpg\"><\/div>\n<\/section>\n<section class=\"step\"><img decoding=\"async\" src=\"\/img\/retreadfacility\/animation\/retreadfacility-building.png\"><\/p>\n<div class=\"step-content\">\n<div class=\"step-text\">\n<h3>\u041d\u0430\u043d\u0435\u0441\u0435\u043d\u0438\u0435<\/h3>\n<p>\u041f\u0440\u043e\u0442\u0435\u043a\u0442\u043e\u0440\u043d\u0430\u044f \u043b\u0435\u043d\u0442\u0430 \u043d\u0430\u043a\u043b\u0430\u0434\u044b\u0432\u0430\u0435\u0442\u0441\u044f \u043d\u0430 \u043a\u0430\u0440\u043a\u0430\u0441.<\/p>\n<\/div>\n<figure class=\"step-illu\"><img decoding=\"async\" src=\"\/img\/retreadfacility\/content\/building.jpg\"><\/figure>\n<\/div>\n<\/section>\n<section class=\"step\"><img decoding=\"async\" src=\"\/img\/retreadfacility\/animation\/retreadfacility-buffing.png\"><\/p>\n<div class=\"step-content\">\n<div class=\"step-text\">\n<h3>\u0428\u0435\u0440\u043e\u0445\u043e\u0432\u0430\u043d\u0438\u0435<\/h3>\n<p>\u041e\u0441\u0442\u0430\u0432\u0448\u0438\u0439\u0441\u044f \u043f\u0440\u043e\u0444\u0438\u043b\u044c \u0443\u0434\u0430\u043b\u044f\u0435\u0442\u0441\u044f \u043d\u0430 \u044d\u0442\u043e\u043c \u044d\u0442\u0430\u043f\u0435.<\/p>\n<\/div>\n<figure class=\"step-illu\"><img decoding=\"async\" src=\"\/img\/retreadfacility\/content\/buffing.jpg\"><\/figure>\n<\/div>\n<\/section>\n<section class=\"step\"><img decoding=\"async\" src=\"\/img\/retreadfacility\/animation\/retreadfacility-repair.png\"><\/p>\n<div class=\"step-content\">\n<div class=\"step-text\">\n<h3>\u0420\u0435\u043c\u043e\u043d\u0442<\/h3>\n<p>\u041f\u043e\u0441\u043b\u0435 \u0448\u0435\u0440\u043e\u0445\u043e\u0432\u0430\u043d\u0438\u044f \u0431\u0443\u0434\u0443\u0442 \u0432\u0438\u0434\u043d\u044b \u0432\u0441\u0435 \u043c\u0435\u0441\u0442\u0430 \u0434\u043b\u044f \u0440\u0435\u043c\u043e\u043d\u0442\u0430. \u042d\u0442\u0438 \u043f\u043e\u0432\u0440\u0435\u0436\u0434\u0435\u043d\u0438\u044f \u0443\u0441\u0442\u0440\u0430\u043d\u044f\u044e\u0442\u0441\u044f \u0432 \u0440\u0435\u043c\u043e\u043d\u0442\u043d\u043e\u043c \u043e\u0442\u0434\u0435\u043b\u0435.<\/p>\n<\/div>\n<figure class=\"step-illu\"><img decoding=\"async\" src=\"\/img\/retreadfacility\/content\/repair.jpg\"><\/figure>\n<\/div>\n<\/section>\n<section class=\"step\"><img decoding=\"async\" src=\"\/img\/retreadfacility\/animation\/retreadfacility-finishing.png\"><\/p>\n<div class=\"step-content\">\n<div class=\"step-text\">\n<h3>\u0417\u0430\u043a\u043b\u044e\u0447\u0438\u0442\u0435\u043b\u044c\u043d\u044b\u0439 \u043a\u043e\u043d\u0442\u0440\u043e\u043b\u044c<\/h3>\n<p>\u041d\u0430 \u044d\u0442\u043e\u043c \u0437\u0430\u043a\u043b\u044e\u0447\u0438\u0442\u0435\u043b\u044c\u043d\u043e\u043c \u044d\u0442\u0430\u043f\u0435 \u0448\u0438\u043d\u0430 \u043f\u0440\u043e\u0445\u043e\u0434\u0438\u0442 \u043e\u043a\u043e\u043d\u0447\u0430\u0442\u0435\u043b\u044c\u043d\u0443\u044e \u043f\u0440\u043e\u0432\u0435\u0440\u043a\u0443 \u0438 \u0433\u043e\u0442\u043e\u0432\u0438\u0442\u0441\u044f \u043a \u0434\u043e\u0441\u0442\u0430\u0432\u043a\u0435 \u043a\u043b\u0438\u0435\u043d\u0442\u0443.<\/p>\n<\/div>\n<figure class=\"step-illu\"><img decoding=\"async\" src=\"\/img\/retreadfacility\/content\/finishing.jpg\"><\/figure>\n<\/div>\n<\/section>\n<\/article>\n<\/div>\n<div class=\"row\">\n<div class=\"col-sm-6\">\n<h3>\u0427\u0442\u043e \u043e\u0442\u043b\u0438\u0447\u0430\u0435\u0442 \u043d\u0430\u0441 \u043e\u0442 \u0434\u0440\u0443\u0433\u0438\u0445, \u044d\u0442\u043e \u0442\u043e, \u0447\u0442\u043e \u0431\u043e\u043b\u0435\u0435 60 \u043b\u0435\u0442 <a href=\"https:\/\/www.roesler-tyres.com\/\">\u043c\u044b \u0432\u043e\u0441\u0441\u0442\u0430\u043d\u0430\u0432\u043b\u0438\u0432\u0430\u0435\u043c \u0448\u0438\u043d\u044b \u0434\u043b\u044f \u041a\u0413\u0428 <\/a><\/h3>\n<p>\u0412 \u043f\u0435\u0440\u0438\u043e\u0434\u044b \u043a\u043e\u043b\u0435\u0431\u0430\u043d\u0438\u0439 \u0446\u0435\u043d \u043d\u0430 \u0441\u044b\u0440\u044c\u0435\u0432\u044b\u0435 \u0442\u043e\u0432\u0430\u0440\u044b \u0438 \u043f\u043e\u0441\u0442\u043e\u044f\u043d\u043d\u043e \u043c\u0435\u043d\u044f\u044e\u0449\u0438\u0445\u0441\u044f \u0440\u044b\u043d\u043e\u0447\u043d\u044b\u0445 \u0443\u0441\u043b\u043e\u0432\u0438\u0439 \u0432\u043d\u0435\u0434\u0440\u0435\u043d\u0438\u0435 \u043f\u0440\u043e\u0433\u0440\u0430\u043c\u043c\u044b \u0432\u043e\u0441\u0441\u0442\u0430\u043d\u043e\u0432\u043b\u0435\u043d\u0438\u044f \u043e\u0431\u0435\u0441\u043f\u0435\u0447\u0438\u0432\u0430\u0435\u0442 \u044d\u043a\u043e\u043b\u043e\u0433\u0438\u0447\u0435\u0441\u043a\u0438 \u0447\u0438\u0441\u0442\u044b\u0439 \u0438 \u044d\u043a\u043e\u043d\u043e\u043c\u0438\u0447\u043d\u044b\u0439 \u0432\u0430\u0440\u0438\u0430\u043d\u0442 \u0434\u043b\u044f \u043b\u044e\u0431\u043e\u0433\u043e \u043e\u043f\u0435\u0440\u0430\u0442\u043e\u0440\u0430 \u0448\u0430\u0445\u0442\u044b. \u041f\u0440\u043e\u0432\u0435\u0440\u0435\u043d\u043d\u044b\u0439 \u043c\u0435\u0442\u043e\u0434 \u0445\u043e\u043b\u043e\u0434\u043d\u043e\u0433\u043e \u0432\u043e\u0441\u0441\u0442\u0430\u043d\u043e\u0432\u043b\u0435\u043d\u0438\u044f Schelkmann \u043e\u0431\u0435\u0441\u043f\u0435\u0447\u0438\u0432\u0430\u0435\u0442 \u0430\u043d\u0430\u043b\u043e\u0433\u0438\u0447\u043d\u044b\u0435 \u0445\u0430\u0440\u0430\u043a\u0442\u0435\u0440\u0438\u0441\u0442\u0438\u043a\u0438 \u0445\u043e\u0434\u0430, \u0447\u0435\u043c \u043d\u043e\u0432\u0430\u044f \u0448\u0438\u043d\u0430 \u043f\u0440\u0435\u043c\u0438\u0443\u043c-\u043a\u043b\u0430\u0441\u0441\u0430, \u0447\u0442\u043e \u0434\u0435\u043b\u0430\u0435\u0442 \u0435\u0433\u043e \u0445\u043e\u0440\u043e\u0448\u0435\u0439 \u0430\u043b\u044c\u0442\u0435\u0440\u043d\u0430\u0442\u0438\u0432\u043e\u0439. \u0421 \u0432\u0432\u043e\u0434\u043e\u043c \u0432 \u044d\u043a\u0441\u043f\u043b\u0443\u0430\u0442\u0430\u0446\u0438\u044e \u043d\u0435\u0441\u043a\u043e\u043b\u044c\u043a\u0438\u0445 \u0443\u0441\u0442\u0430\u043d\u043e\u0432\u043e\u043a \u0434\u043b\u044f \u0432\u043e\u0441\u0441\u0442\u0430\u043d\u043e\u0432\u043b\u0435\u043d\u0438\u044f \u0448\u0438\u043d \u043f\u043e\u0434 \u043a\u043b\u044e\u0447 \u043f\u043e \u0432\u0441\u0435\u043c\u0443 \u043c\u0438\u0440\u0443 R\u00f6sler \u0441\u0435\u0433\u043e\u0434\u043d\u044f \u044f\u0432\u043b\u044f\u0435\u0442\u0441\u044f \u043e\u0434\u043d\u043e\u0439 \u0438\u0437 \u0432\u0435\u0434\u0443\u0449\u0438\u0445 \u043c\u0438\u0440\u043e\u0432\u044b\u0445 \u043a\u043e\u043c\u043f\u0430\u043d\u0438\u0439 \u0432 \u043e\u0431\u043b\u0430\u0441\u0442\u0438  <a href=\"https:\/\/www.roesler-tyres.com\/\">\u0432\u043e\u0441\u0441\u0442\u0430\u043d\u043e\u0432\u043b\u0435\u043d\u0438\u044f \u041a\u0413\u0428<\/a>.<\/p>\n<p>\u0415\u0441\u043b\u0438 \u0432\u044b \u0437\u0430\u0438\u043d\u0442\u0435\u0440\u0435\u0441\u043e\u0432\u0430\u043d\u044b \u0432 \u0442\u043e\u043c, \u0447\u0442\u043e\u0431\u044b \u0437\u0430\u043f\u0443\u0441\u0442\u0438\u0442\u044c \u0437\u0430\u0432\u043e\u0434 \u043f\u043e \u0432\u043e\u0441\u0441\u0442\u0430\u043d\u043e\u0432\u043b\u0435\u043d\u0438\u044e \u0448\u0438\u043d \u0434\u043b\u044f \u0441\u043f\u0435\u0446\u0442\u0435\u0445\u043d\u0438\u043a\u0438, \u043c\u044b \u0431\u0443\u0434\u0435\u043c \u0440\u0430\u0434\u044b \u043f\u043e\u043c\u043e\u0447\u044c \u0432\u0430\u043c: <\/p>\n<p><strong>\u0422\u0435\u043b.: +49 (0)231 917078-79<br \/>\n<a href=\"mailto:inquiry@roesler-tyres.com\">inquiry@roesler-tyres.com<\/a><\/strong><\/p>\n<\/div>\n<div class=\"col-sm-6\">\n<br \/>\n<iframe loading=\"lazy\" src=\"\/video\/schelkmann.html\" scrolling=\"no\" style=\"border:0;\" width=\"100%\" height=\"350\"><\/iframe>\n<\/div>\n<\/div>\n<\/div>\n","protected":false},"excerpt":{"rendered":"<p>\u041e\u0431\u043e\u0440\u0443\u0434\u043e\u0432\u0430\u043d\u0438\u0435 \u0434\u043b\u044f \u0432\u043e\u0441\u0441\u0442\u0430\u043d\u043e\u0432\u043b\u0435\u043d\u0438\u044f \u041a\u0413\u0428 (\u0412\u0443\u043b\u043a\u0430\u043d\u0438\u0437\u0430\u0446\u0438\u043e\u043d\u043d\u044b\u0435 \u0443\u0441\u0442\u0430\u043d\u043e\u0432\u043a\u0438) R\u00f6sler &#8211; \u0421\u043e\u0432\u0435\u0440\u0448\u0435\u043d\u0441\u0442\u0432\u043e \u0434\u043e \u043c\u0435\u043b\u044c\u0447\u0430\u0439\u0448\u0438\u0445 \u0434\u0435\u0442\u0430\u043b\u0435\u0439 \u0418\u043c\u044f R\u00f6sler \u043e\u0437\u043d\u0430\u0447\u0430\u0435\u0442 \u0438\u043d\u043d\u043e\u0432\u0430\u0446\u0438\u043e\u043d\u043d\u044b\u0435 \u0440\u0435\u0448\u0435\u043d\u0438\u044f \u0438 \u043f\u0435\u0440\u0435\u0434\u043e\u0432\u044b\u0435 \u0440\u0430\u0437\u0440\u0430\u0431\u043e\u0442\u043a\u0438. \u041a\u0430\u0436\u0434\u0430\u044f \u0442\u0430\u043a\u0430\u044f \u043c\u0430\u043b\u0435\u043d\u044c\u043a\u0430\u044f \u0434\u0435\u0442\u0430\u043b\u044c \u0438\u043c\u0435\u0435\u0442 \u0434\u043b\u044f \u043d\u0430\u0441 \u0437\u043d\u0430\u0447\u0435\u043d\u0438\u0435. \u041f\u043e \u044d\u0442\u043e\u0439 \u043f\u0440\u0438\u0447\u0438\u043d\u0435 \u043d\u0430\u0448 \u0437\u0430\u043f\u0430\u0442\u0435\u043d\u0442\u043e\u0432\u0430\u043d\u043d\u044b\u0439 \u043f\u0440\u043e\u0446\u0435\u0441\u0441 \u0445\u043e\u043b\u043e\u0434\u043d\u043e\u0433\u043e \u0432\u043e\u0441\u0441\u0442\u0430\u043d\u043e\u0432\u043b\u0435\u043d\u0438\u044f Schelkmann \u0441\u043e\u0447\u0435\u0442\u0430\u0435\u0442 \u0432 \u0441\u0435\u0431\u0435 \u0441\u0430\u043c\u044b\u0435 \u0441\u043e\u0432\u0440\u0435\u043c\u0435\u043d\u043d\u044b\u0435 \u0442\u0435\u0445\u043d\u043e\u043b\u043e\u0433\u0438\u0438 \u0441 \u044d\u043a\u043e\u043d\u043e\u043c\u0438\u0447\u043d\u044b\u043c \u0438 \u043f\u0440\u043e\u0434\u0443\u043a\u0442\u0438\u0432\u043d\u044b\u043c \u0441\u043f\u043e\u0441\u043e\u0431\u043e\u043c \u0440\u0430\u0431\u043e\u0442\u044b. \u041f\u043e\u0434\u0433\u043e\u0442\u043e\u0432\u043a\u0430 \u043a \u0432\u0443\u043b\u043a\u0430\u043d\u0438\u0437\u0430\u0446\u0438\u0438 \u0428\u0438\u043d\u0430 \u043f\u043e\u0434\u0433\u043e\u0442\u043e\u0432\u043b\u044f\u0435\u0442\u0441\u044f \u0434\u043b\u044f <a class=\"moretag\" href=\"https:\/\/www.roesler-tyres.com\/ru\/vulcanization-facilities\/\">[&#8230;]<\/a><\/p>\n","protected":false},"author":1,"featured_media":0,"parent":0,"menu_order":0,"comment_status":"closed","ping_status":"closed","template":"","meta":{"footnotes":""},"yoast_head":"<!-- This site is optimized with the Yoast SEO plugin v21.0 - https:\/\/yoast.com\/wordpress\/plugins\/seo\/ -->\n<title>\u0423\u0441\u0442\u0430\u043d\u043e\u0432\u043a\u0438 \u0434\u043b\u044f \u0432\u0443\u043b\u043a\u0430\u043d\u0438\u0437\u0430\u0446\u0438\u0438 - Retreading Facilities<\/title>\n<meta name=\"robots\" content=\"index, follow, max-snippet:-1, max-image-preview:large, max-video-preview:-1\" \/>\n<link rel=\"canonical\" href=\"https:\/\/www.roesler-tyres.com\/vulkanisationsanlagen\/\" \/>\n<script type=\"application\/ld+json\" class=\"yoast-schema-graph\">{\"@context\":\"https:\/\/schema.org\",\"@graph\":[{\"@type\":\"WebPage\",\"@id\":\"https:\/\/www.roesler-tyres.com\/vulkanisationsanlagen\/\",\"url\":\"https:\/\/www.roesler-tyres.com\/vulkanisationsanlagen\/\",\"name\":\"\u0423\u0441\u0442\u0430\u043d\u043e\u0432\u043a\u0438 \u0434\u043b\u044f \u0432\u0443\u043b\u043a\u0430\u043d\u0438\u0437\u0430\u0446\u0438\u0438 - Retreading Facilities\",\"isPartOf\":{\"@id\":\"https:\/\/www.roesler-tyres.com\/#website\"},\"datePublished\":\"2018-07-19T17:33:26+00:00\",\"dateModified\":\"2022-03-11T12:05:08+00:00\",\"breadcrumb\":{\"@id\":\"https:\/\/www.roesler-tyres.com\/vulkanisationsanlagen\/#breadcrumb\"},\"inLanguage\":\"ru-RU\",\"potentialAction\":[{\"@type\":\"ReadAction\",\"target\":[\"https:\/\/www.roesler-tyres.com\/vulkanisationsanlagen\/\"]}]},{\"@type\":\"BreadcrumbList\",\"@id\":\"https:\/\/www.roesler-tyres.com\/vulkanisationsanlagen\/#breadcrumb\",\"itemListElement\":[{\"@type\":\"ListItem\",\"position\":1,\"name\":\"Home\",\"item\":\"https:\/\/www.roesler-tyres.com\/\"},{\"@type\":\"ListItem\",\"position\":2,\"name\":\"vulcanization-facilities\"}]},{\"@type\":\"WebSite\",\"@id\":\"https:\/\/www.roesler-tyres.com\/#website\",\"url\":\"https:\/\/www.roesler-tyres.com\/\",\"name\":\"R\u00f6sler Tyre Innovators\",\"description\":\"\u00dcber 50 J\u00e4hrige Erfahrung im EM-Reifen Markt\",\"potentialAction\":[{\"@type\":\"SearchAction\",\"target\":{\"@type\":\"EntryPoint\",\"urlTemplate\":\"https:\/\/www.roesler-tyres.com\/?s={search_term_string}\"},\"query-input\":\"required name=search_term_string\"}],\"inLanguage\":\"ru-RU\"}]}<\/script>\n<!-- \/ Yoast SEO plugin. -->","yoast_head_json":{"title":"\u0423\u0441\u0442\u0430\u043d\u043e\u0432\u043a\u0438 \u0434\u043b\u044f \u0432\u0443\u043b\u043a\u0430\u043d\u0438\u0437\u0430\u0446\u0438\u0438 - Retreading Facilities","robots":{"index":"index","follow":"follow","max-snippet":"max-snippet:-1","max-image-preview":"max-image-preview:large","max-video-preview":"max-video-preview:-1"},"canonical":"https:\/\/www.roesler-tyres.com\/vulkanisationsanlagen\/","schema":{"@context":"https:\/\/schema.org","@graph":[{"@type":"WebPage","@id":"https:\/\/www.roesler-tyres.com\/vulkanisationsanlagen\/","url":"https:\/\/www.roesler-tyres.com\/vulkanisationsanlagen\/","name":"\u0423\u0441\u0442\u0430\u043d\u043e\u0432\u043a\u0438 \u0434\u043b\u044f \u0432\u0443\u043b\u043a\u0430\u043d\u0438\u0437\u0430\u0446\u0438\u0438 - Retreading Facilities","isPartOf":{"@id":"https:\/\/www.roesler-tyres.com\/#website"},"datePublished":"2018-07-19T17:33:26+00:00","dateModified":"2022-03-11T12:05:08+00:00","breadcrumb":{"@id":"https:\/\/www.roesler-tyres.com\/vulkanisationsanlagen\/#breadcrumb"},"inLanguage":"ru-RU","potentialAction":[{"@type":"ReadAction","target":["https:\/\/www.roesler-tyres.com\/vulkanisationsanlagen\/"]}]},{"@type":"BreadcrumbList","@id":"https:\/\/www.roesler-tyres.com\/vulkanisationsanlagen\/#breadcrumb","itemListElement":[{"@type":"ListItem","position":1,"name":"Home","item":"https:\/\/www.roesler-tyres.com\/"},{"@type":"ListItem","position":2,"name":"vulcanization-facilities"}]},{"@type":"WebSite","@id":"https:\/\/www.roesler-tyres.com\/#website","url":"https:\/\/www.roesler-tyres.com\/","name":"R\u00f6sler Tyre Innovators","description":"\u00dcber 50 J\u00e4hrige Erfahrung im EM-Reifen Markt","potentialAction":[{"@type":"SearchAction","target":{"@type":"EntryPoint","urlTemplate":"https:\/\/www.roesler-tyres.com\/?s={search_term_string}"},"query-input":"required name=search_term_string"}],"inLanguage":"ru-RU"}]}},"_links":{"self":[{"href":"https:\/\/www.roesler-tyres.com\/ru\/wp-json\/wp\/v2\/pages\/2362"}],"collection":[{"href":"https:\/\/www.roesler-tyres.com\/ru\/wp-json\/wp\/v2\/pages"}],"about":[{"href":"https:\/\/www.roesler-tyres.com\/ru\/wp-json\/wp\/v2\/types\/page"}],"author":[{"embeddable":true,"href":"https:\/\/www.roesler-tyres.com\/ru\/wp-json\/wp\/v2\/users\/1"}],"replies":[{"embeddable":true,"href":"https:\/\/www.roesler-tyres.com\/ru\/wp-json\/wp\/v2\/comments?post=2362"}],"version-history":[{"count":3,"href":"https:\/\/www.roesler-tyres.com\/ru\/wp-json\/wp\/v2\/pages\/2362\/revisions"}],"predecessor-version":[{"id":2496,"href":"https:\/\/www.roesler-tyres.com\/ru\/wp-json\/wp\/v2\/pages\/2362\/revisions\/2496"}],"wp:attachment":[{"href":"https:\/\/www.roesler-tyres.com\/ru\/wp-json\/wp\/v2\/media?parent=2362"}],"curies":[{"name":"wp","href":"https:\/\/api.w.org\/{rel}","templated":true}]}}