{"id":2368,"date":"2018-07-19T19:55:46","date_gmt":"2018-07-19T17:55:46","guid":{"rendered":"https:\/\/www.roesler-tyres.com\/otr-tyre-sensor\/"},"modified":"2022-03-11T12:46:32","modified_gmt":"2022-03-11T11:46:32","slug":"otr-tyre-sensor","status":"publish","type":"page","link":"https:\/\/www.roesler-tyres.com\/ru\/otr-tyre-sensor\/","title":{"rendered":"Reifensensor"},"content":{"rendered":"<div class=\"container content-10 bg-verlauf\" id=\"eins\">\n<div class=\"col-sm-6\">\n<div>\n<h2 style=\"text-transform: uppercase\">\u0414\u0430\u0442\u0447\u0438\u043a Intread<\/h2>\n<p style=\"font-size: 20px; text-transform: uppercase\">\u0421\u043e\u0432\u0435\u0440\u0448\u0435\u043d\u043d\u043e \u043d\u043e\u0432\u0430\u044f \u0441\u0438\u0441\u0442\u0435\u043c\u0430 \u043a\u043e\u043d\u0442\u0440\u043e\u043b\u044f \u0434\u0430\u0432\u043b\u0435\u043d\u0438\u044f (RDKS) \u0432 \u0448\u0438\u043d\u0430\u0445, \u0441 \u0431\u0435\u0441\u043f\u0440\u0435\u0446\u0435\u0434\u0435\u043d\u0442\u043d\u044b\u043c\u0438 \u0432\u043e\u0437\u043c\u043e\u0436\u043d\u043e\u0441\u0442\u044f\u043c\u0438<\/p>\n<p>\n\u0414\u0430\u0442\u0447\u0438\u043a \u0448\u0438\u043d\u044b Intread \u043e\u0431\u0435\u0441\u043f\u0435\u0447\u0438\u0432\u0430\u0435\u0442 \u0432\u044b\u0441\u043e\u0447\u0430\u0439\u0448\u0438\u0439 \u0443\u0440\u043e\u0432\u0435\u043d\u044c \u0442\u0435\u0445\u043d\u043e\u043b\u043e\u0433\u0438\u0438, \u0440\u0430\u0437\u043c\u0435\u0449\u0435\u043d\u043d\u044b\u0439 \u0432 \u043c\u0438\u043d\u0438\u043c\u0430\u043b\u044c\u043d\u043e\u043c \u043f\u0440\u043e\u0441\u0442\u0440\u0430\u043d\u0441\u0442\u0432\u0435. \u042d\u0442\u043e \u043f\u0435\u0440\u0432\u0430\u044f \u0441\u0438\u0441\u0442\u0435\u043c\u0430 RDKS \u0434\u043b\u044f \u041a\u0413\u0428, \u043a\u043e\u0442\u043e\u0440\u0430\u044f, \u043f\u043e\u043c\u0438\u043c\u043e \u0442\u0435\u043c\u043f\u0435\u0440\u0430\u0442\u0443\u0440\u044b \u0440\u0435\u043c\u043d\u044f, \u0442\u0430\u043a\u0436\u0435 \u0438\u0437\u043c\u0435\u0440\u044f\u0435\u0442 \u0434\u0430\u0432\u043b\u0435\u043d\u0438\u0435 \u0432\u043e\u0437\u0434\u0443\u0445\u0430 \u0438 \u0433\u043b\u0443\u0431\u0438\u043d\u0443 \u043f\u0440\u043e\u0444\u0438\u043b\u044f. \u0414\u043e \u0441\u0438\u0445 \u043f\u043e\u0440 \u043d\u0438 \u043e\u0434\u043d\u0430 \u0441\u0438\u0441\u0442\u0435\u043c\u0430 RDKS \u043d\u0435 \u0431\u044b\u043b\u0430 \u043f\u043e\u0441\u0442\u0440\u043e\u0435\u043d\u0430 \u0442\u0430\u043a\u0438\u043c \u043e\u0431\u0440\u0430\u0437\u043e\u043c. \u042d\u0442\u043e \u0442\u0440\u0443\u0434\u043d\u043e \u0441\u0435\u0431\u0435 \u043f\u0440\u0435\u0434\u0441\u0442\u0430\u0432\u0438\u0442\u044c &#8211; \u043a\u0430\u043a \u0431\u044b \u0440\u0430\u0437\u0443\u043c\u043d\u043e \u044d\u0442\u043e \u043d\u0438 \u0431\u044b\u043b\u043e.<\/p>\n<ul>\n<li>\u0422\u0415\u041c\u041f\u0415\u0420\u0410\u0422\u0423\u0420\u0410 \u041b\u0415\u041d\u0422\u042b \u0418 \u0412\u041e\u0417\u0414\u0423\u0428\u041d\u041e\u0419 \u041a\u0410\u041c\u0415\u0420\u042b<\/li>\n<li>\u0414\u0410\u0412\u041b\u0415\u041d\u0418\u0415 \u0412\u041e\u0417\u0414\u0423\u0425\u0410<\/li>\n<li>\u0413\u041b\u0423\u0411\u0418\u041d\u0410 \u041f\u0420\u041e\u0422\u0415\u041a\u0422\u041e\u0420\u0410<\/li>\n<li>\u0422\u0415\u0425\u041d\u041e\u041b\u041e\u0413\u0418\u042f 2,4 \u0413\u0413\u0446<\/li>\n<\/ul>\n<p><img decoding=\"async\" loading=\"lazy\" src=\"https:\/\/www.roesler-tyres.com\/wp-content\/uploads\/2018\/07\/reifen-sensor.png\" alt=\"\" width=\"436\" height=\"244\" class=\"alignnone size-full wp-image-293\" srcset=\"https:\/\/www.roesler-tyres.com\/wp-content\/uploads\/2018\/07\/reifen-sensor.png 436w, https:\/\/www.roesler-tyres.com\/wp-content\/uploads\/2018\/07\/reifen-sensor-300x168.png 300w\" sizes=\"(max-width: 436px) 100vw, 436px\" \/><\/p>\n<\/p><\/div>\n<\/p><\/div>\n<div class=\"col-sm-6\">\n<div class=\"thumbs thumb-style thumb-inside\">\n<div class=\"thumb-img\">\n<div class=\"overflow-hidden\">\n              <img decoding=\"async\" loading=\"lazy\" src=\"https:\/\/www.roesler-tyres.com\/wp-content\/uploads\/2018\/07\/reifensensor_querschnitt.gif\" alt=\"\" width=\"521\" height=\"694\" class=\"alignnone size-full wp-image-291\" \/>\n            <\/div>\n<\/p><\/div>\n<\/p><\/div>\n<\/p><\/div>\n<div class=\"col-sm-12\">\n<iframe loading=\"lazy\" src=\"https:\/\/www.roesler-tyres.com\/video\/intread.html\" scrolling=\"no\" style=\"border:0;\" width=\"100%\"  height=\"600\"><\/iframe>\n<\/div>\n<\/div>\n","protected":false},"excerpt":{"rendered":"<p>\u0414\u0430\u0442\u0447\u0438\u043a Intread \u0421\u043e\u0432\u0435\u0440\u0448\u0435\u043d\u043d\u043e \u043d\u043e\u0432\u0430\u044f \u0441\u0438\u0441\u0442\u0435\u043c\u0430 \u043a\u043e\u043d\u0442\u0440\u043e\u043b\u044f \u0434\u0430\u0432\u043b\u0435\u043d\u0438\u044f (RDKS) \u0432 \u0448\u0438\u043d\u0430\u0445, \u0441 \u0431\u0435\u0441\u043f\u0440\u0435\u0446\u0435\u0434\u0435\u043d\u0442\u043d\u044b\u043c\u0438 \u0432\u043e\u0437\u043c\u043e\u0436\u043d\u043e\u0441\u0442\u044f\u043c\u0438 \u0414\u0430\u0442\u0447\u0438\u043a \u0448\u0438\u043d\u044b Intread \u043e\u0431\u0435\u0441\u043f\u0435\u0447\u0438\u0432\u0430\u0435\u0442 \u0432\u044b\u0441\u043e\u0447\u0430\u0439\u0448\u0438\u0439 \u0443\u0440\u043e\u0432\u0435\u043d\u044c \u0442\u0435\u0445\u043d\u043e\u043b\u043e\u0433\u0438\u0438, \u0440\u0430\u0437\u043c\u0435\u0449\u0435\u043d\u043d\u044b\u0439 \u0432 \u043c\u0438\u043d\u0438\u043c\u0430\u043b\u044c\u043d\u043e\u043c \u043f\u0440\u043e\u0441\u0442\u0440\u0430\u043d\u0441\u0442\u0432\u0435. \u042d\u0442\u043e \u043f\u0435\u0440\u0432\u0430\u044f \u0441\u0438\u0441\u0442\u0435\u043c\u0430 RDKS \u0434\u043b\u044f \u041a\u0413\u0428, \u043a\u043e\u0442\u043e\u0440\u0430\u044f, \u043f\u043e\u043c\u0438\u043c\u043e \u0442\u0435\u043c\u043f\u0435\u0440\u0430\u0442\u0443\u0440\u044b \u0440\u0435\u043c\u043d\u044f, \u0442\u0430\u043a\u0436\u0435 \u0438\u0437\u043c\u0435\u0440\u044f\u0435\u0442 \u0434\u0430\u0432\u043b\u0435\u043d\u0438\u0435 \u0432\u043e\u0437\u0434\u0443\u0445\u0430 \u0438 \u0433\u043b\u0443\u0431\u0438\u043d\u0443 \u043f\u0440\u043e\u0444\u0438\u043b\u044f. \u0414\u043e \u0441\u0438\u0445 \u043f\u043e\u0440 \u043d\u0438 \u043e\u0434\u043d\u0430 \u0441\u0438\u0441\u0442\u0435\u043c\u0430 RDKS \u043d\u0435 \u0431\u044b\u043b\u0430 \u043f\u043e\u0441\u0442\u0440\u043e\u0435\u043d\u0430 \u0442\u0430\u043a\u0438\u043c \u043e\u0431\u0440\u0430\u0437\u043e\u043c. \u042d\u0442\u043e \u0442\u0440\u0443\u0434\u043d\u043e <a class=\"moretag\" href=\"https:\/\/www.roesler-tyres.com\/ru\/otr-tyre-sensor\/\">[&#8230;]<\/a><\/p>\n","protected":false},"author":1,"featured_media":0,"parent":0,"menu_order":0,"comment_status":"closed","ping_status":"closed","template":"","meta":{"footnotes":""},"yoast_head":"<!-- This site is optimized with the Yoast SEO plugin v21.0 - https:\/\/yoast.com\/wordpress\/plugins\/seo\/ -->\n<title>\u0414\u0430\u0442\u0447\u0438\u043a \u0448\u0438\u043d - R\u00f6sler Tyre Innovators<\/title>\n<meta name=\"robots\" content=\"index, follow, max-snippet:-1, max-image-preview:large, max-video-preview:-1\" \/>\n<link rel=\"canonical\" href=\"https:\/\/www.roesler-tyres.com\/reifensensor\/\" \/>\n<script type=\"application\/ld+json\" class=\"yoast-schema-graph\">{\"@context\":\"https:\/\/schema.org\",\"@graph\":[{\"@type\":\"WebPage\",\"@id\":\"https:\/\/www.roesler-tyres.com\/reifensensor\/\",\"url\":\"https:\/\/www.roesler-tyres.com\/reifensensor\/\",\"name\":\"\u0414\u0430\u0442\u0447\u0438\u043a \u0448\u0438\u043d - R\u00f6sler Tyre Innovators\",\"isPartOf\":{\"@id\":\"https:\/\/www.roesler-tyres.com\/#website\"},\"datePublished\":\"2018-07-19T17:55:46+00:00\",\"dateModified\":\"2022-03-11T11:46:32+00:00\",\"breadcrumb\":{\"@id\":\"https:\/\/www.roesler-tyres.com\/reifensensor\/#breadcrumb\"},\"inLanguage\":\"ru-RU\",\"potentialAction\":[{\"@type\":\"ReadAction\",\"target\":[\"https:\/\/www.roesler-tyres.com\/reifensensor\/\"]}]},{\"@type\":\"BreadcrumbList\",\"@id\":\"https:\/\/www.roesler-tyres.com\/reifensensor\/#breadcrumb\",\"itemListElement\":[{\"@type\":\"ListItem\",\"position\":1,\"name\":\"Home\",\"item\":\"https:\/\/www.roesler-tyres.com\/\"},{\"@type\":\"ListItem\",\"position\":2,\"name\":\"Reifensensor\"}]},{\"@type\":\"WebSite\",\"@id\":\"https:\/\/www.roesler-tyres.com\/#website\",\"url\":\"https:\/\/www.roesler-tyres.com\/\",\"name\":\"R\u00f6sler Tyre Innovators\",\"description\":\"\u00dcber 50 J\u00e4hrige Erfahrung im EM-Reifen Markt\",\"potentialAction\":[{\"@type\":\"SearchAction\",\"target\":{\"@type\":\"EntryPoint\",\"urlTemplate\":\"https:\/\/www.roesler-tyres.com\/?s={search_term_string}\"},\"query-input\":\"required name=search_term_string\"}],\"inLanguage\":\"ru-RU\"}]}<\/script>\n<!-- \/ Yoast SEO plugin. -->","yoast_head_json":{"title":"\u0414\u0430\u0442\u0447\u0438\u043a \u0448\u0438\u043d - R\u00f6sler Tyre Innovators","robots":{"index":"index","follow":"follow","max-snippet":"max-snippet:-1","max-image-preview":"max-image-preview:large","max-video-preview":"max-video-preview:-1"},"canonical":"https:\/\/www.roesler-tyres.com\/reifensensor\/","schema":{"@context":"https:\/\/schema.org","@graph":[{"@type":"WebPage","@id":"https:\/\/www.roesler-tyres.com\/reifensensor\/","url":"https:\/\/www.roesler-tyres.com\/reifensensor\/","name":"\u0414\u0430\u0442\u0447\u0438\u043a \u0448\u0438\u043d - R\u00f6sler Tyre Innovators","isPartOf":{"@id":"https:\/\/www.roesler-tyres.com\/#website"},"datePublished":"2018-07-19T17:55:46+00:00","dateModified":"2022-03-11T11:46:32+00:00","breadcrumb":{"@id":"https:\/\/www.roesler-tyres.com\/reifensensor\/#breadcrumb"},"inLanguage":"ru-RU","potentialAction":[{"@type":"ReadAction","target":["https:\/\/www.roesler-tyres.com\/reifensensor\/"]}]},{"@type":"BreadcrumbList","@id":"https:\/\/www.roesler-tyres.com\/reifensensor\/#breadcrumb","itemListElement":[{"@type":"ListItem","position":1,"name":"Home","item":"https:\/\/www.roesler-tyres.com\/"},{"@type":"ListItem","position":2,"name":"Reifensensor"}]},{"@type":"WebSite","@id":"https:\/\/www.roesler-tyres.com\/#website","url":"https:\/\/www.roesler-tyres.com\/","name":"R\u00f6sler Tyre Innovators","description":"\u00dcber 50 J\u00e4hrige Erfahrung im EM-Reifen Markt","potentialAction":[{"@type":"SearchAction","target":{"@type":"EntryPoint","urlTemplate":"https:\/\/www.roesler-tyres.com\/?s={search_term_string}"},"query-input":"required name=search_term_string"}],"inLanguage":"ru-RU"}]}},"_links":{"self":[{"href":"https:\/\/www.roesler-tyres.com\/ru\/wp-json\/wp\/v2\/pages\/2368"}],"collection":[{"href":"https:\/\/www.roesler-tyres.com\/ru\/wp-json\/wp\/v2\/pages"}],"about":[{"href":"https:\/\/www.roesler-tyres.com\/ru\/wp-json\/wp\/v2\/types\/page"}],"author":[{"embeddable":true,"href":"https:\/\/www.roesler-tyres.com\/ru\/wp-json\/wp\/v2\/users\/1"}],"replies":[{"embeddable":true,"href":"https:\/\/www.roesler-tyres.com\/ru\/wp-json\/wp\/v2\/comments?post=2368"}],"version-history":[{"count":4,"href":"https:\/\/www.roesler-tyres.com\/ru\/wp-json\/wp\/v2\/pages\/2368\/revisions"}],"predecessor-version":[{"id":2489,"href":"https:\/\/www.roesler-tyres.com\/ru\/wp-json\/wp\/v2\/pages\/2368\/revisions\/2489"}],"wp:attachment":[{"href":"https:\/\/www.roesler-tyres.com\/ru\/wp-json\/wp\/v2\/media?parent=2368"}],"curies":[{"name":"wp","href":"https:\/\/api.w.org\/{rel}","templated":true}]}}