{"id":2371,"date":"2018-07-19T15:31:32","date_gmt":"2018-07-19T13:31:32","guid":{"rendered":"https:\/\/www.roesler-tyres.com\/otr-tyre-fillings\/"},"modified":"2022-03-11T12:24:22","modified_gmt":"2022-03-11T11:24:22","slug":"otr-tyre-fillings","status":"publish","type":"page","link":"https:\/\/www.roesler-tyres.com\/ru\/otr-tyre-fillings\/","title":{"rendered":"Reifenf\u00fcllungen"},"content":{"rendered":"<p><!--\n\n\n<div class=\"container\">\n   \n\n<div class=\"appi_page_nav\">\n    \n\n<ul>\n\t\n\n<li><a href=\"#eins\">Triofill<\/a><\/li>\n\n\n\t\n\n<li><a href=\"#zwei\">Polyfill<\/a><\/li>\n\n\n        \n\n<li><a href=\"#drei\">Liquifill<\/a><\/li>\n\n\n        \n\n<li><a href=\"#vier\">Wheelseal<\/a><\/li>\n\n\n        \n\n<li><\/li>\n\n\n   <\/ul>\n\n\n   <\/div>\n\n\n<\/div>\n\n\n--><\/p>\n<div class=\"container content-10 bg-verlauf\" id=\"eins\">\n<div class=\"col-sm-6\">\n<div>\n<h2 style=\"text-transform: uppercase\">R\u00d6SLER  Triofill <\/h2>\n<p style=\"font-size: 20px; text-transform: uppercase\">C\u043b\u0435\u0434\u0443\u044e\u0449\u0435\u0435 \u043f\u043e\u043a\u043e\u043b\u0435\u043d\u0438\u0435 \u043d\u0430\u043f\u043e\u043b\u043d\u0435\u043d\u0438\u0435 \u0448\u0438\u043d<\/p>\n<p><img decoding=\"async\" loading=\"lazy\" src=\"https:\/\/www.roesler-tyres.com\/img\/3-Komponenten-Reifenf\u044cllung-f\u044cr-Grossreifen.png\" width=\"147\" height=\"199\" style=\"margin: 0px 10px 0px 0px\" align=\"left\" \/> <strong>R\u00f6sler Triofill<\/strong>  &#8211; \u044d\u0442\u043e \u0441\u0430\u043c\u0430\u044f \u0438\u043d\u043d\u043e\u0432\u0430\u0446\u0438\u043e\u043d\u043d\u0430\u044f \u0438 \u044d\u043a\u043e\u043b\u043e\u0433\u0438\u0447\u0435\u0441\u043a\u0438 \u0447\u0438\u0441\u0442\u0430\u044f \u0442\u0435\u0445\u043d\u043e\u043b\u043e\u0433\u0438\u044f \u0448\u0438\u043d, \u043a\u043e\u0442\u043e\u0440\u0430\u044f \u0434\u043e\u0441\u0442\u0443\u043f\u043d\u0430\u044f \u043d\u0430 \u0441\u043e\u0432\u0440\u0435\u043c\u0435\u043d\u043d\u043e\u043c \u0440\u044b\u043d\u043a\u0435.<br \/>\u041d\u043e\u0432\u0430\u044f 3-\u043a\u043e\u043c\u043f\u043e\u043d\u0435\u043d\u0442\u043d\u0430\u044f \u0441\u0438\u0441\u0442\u0435\u043c\u0430, \u043a\u043e\u0442\u043e\u0440\u0430\u044f \u0432\u043a\u043b\u044e\u0447\u0430\u0435\u0442 \u0432 \u0441\u0435\u0431\u044f \u0434\u0432\u0430 \u0436\u0438\u0434\u043a\u0438\u0445 \u043f\u043e\u043b\u0438\u0443\u0440\u0435\u0442\u0430\u043d\u0430 \u0438 \u0442\u0440\u0435\u0442\u0438\u0439 \u0442\u0432\u0435\u0440\u0434\u044b\u0439 \u0433\u0440\u0430\u043d\u0443\u043b\u0438\u0440\u043e\u0432\u0430\u043d\u043d\u044b\u0439 \u043a\u043e\u043c\u043f\u043e\u043d\u0435\u043d\u0442, \u044f\u0432\u043b\u044f\u0435\u0442\u0441\u044f \u0431\u043e\u043b\u0435\u0435 \u044d\u043a\u043e\u043b\u043e\u0433\u0438\u0447\u0435\u0441\u043a\u0438 \u0447\u0438\u0441\u0442\u043e\u0439 \u0438 \u044d\u043a\u043e\u043d\u043e\u043c\u0438\u0447\u043d\u043e\u0439 , \u0447\u0435\u043c \u043b\u044e\u0431\u043e\u0439 \u0434\u0440\u0443\u0433\u043e\u0439 \u0440\u0430\u0441\u043f\u0440\u043e\u0441\u0442\u0440\u0430\u043d\u0435\u043d\u043d\u044b\u0439 \u043c\u0430\u0442\u0435\u0440\u0438\u0430\u043b \u0434\u043b\u044f \u043d\u0430\u043f\u043e\u043b\u043d\u0435\u043d\u0438\u044f \u0448\u0438\u043d.<\/p>\n<p>\u0421\u0442\u0430\u043d\u044c\u0442\u0435 \u0434\u0438\u043b\u0435\u0440\u043e\u043c: <a href=\"mailto:roesler@roesler-tyres.com\">\u041d\u0430\u0436\u043c\u0438\u0442\u0435 \u0437\u0434\u0435\u0441\u044c<\/a>\n        <\/p>\n<\/p><\/div>\n<\/p><\/div>\n<div class=\"col-sm-6\">\n<div class=\"thumbs thumb-style thumb-inside\">\n<div class=\"thumb-img\">\n<div class=\"overflow-hidden\">\n              <iframe loading=\"lazy\" src=\"https:\/\/www.roesler-tyres.com\/video\/triofill.html\" scrolling=\"no\" style=\"border:0;\" width=\"540\" height=\"300\"><\/iframe>\n            <\/div>\n<\/p><\/div>\n<\/p><\/div>\n<\/p><\/div>\n<\/div>\n<div class=\"container content-10 bg-verlauf\" id=\"zwei\">\n<div class=\"col-sm-6\">\n<div>\n<h2 style=\"text-transform: uppercase\">R\u00d6SLER Polyfill<\/h2>\n<p style=\"font-size: 20px; text-transform: uppercase\">\u041f\u0440\u043e\u043c\u044b\u0448\u043b\u0435\u043d\u043d\u044b\u0439 \u0441\u0442\u0430\u043d\u0434\u0430\u0440\u0442 \u0434\u043b\u044f \u0441\u0438\u0441\u0442\u0435\u043c \u043d\u0430\u043a\u0430\u0447\u0438\u0432\u0430\u043d\u0438\u044f \u0448\u0438\u043d<\/p>\n<p><img decoding=\"async\" loading=\"lazy\" src=\"https:\/\/www.roesler-tyres.com\/img\/Reifenf\u044cllung-f\u044cr-maximalen-Reifenschutz.png\" alt=\"\" width=\"147\" height=\"199\"  style=\"margin: 0px 10px 0px 0px\" align=\"left\" \/><br \/>\n<strong>R\u00f6sler Polyfill<\/strong> &#8211; \u044d\u0442\u043e \u0438\u0434\u0435\u0430\u043b\u044c\u043d\u0430\u044f \u0437\u0430\u0449\u0438\u0442\u0430 \u043e\u0442 \u043f\u0440\u043e\u043a\u043e\u043b\u043e\u0432 \u0448\u0438\u043d. 2-\u043a\u043e\u043c\u043f\u043e\u043d\u0435\u043d\u0442\u043d\u044b\u0439 \u043c\u0430\u0442\u0435\u0440\u0438\u0430\u043b \u043d\u0430 \u043e\u0441\u043d\u043e\u0432\u0435 \u043f\u043e\u043b\u0438\u0443\u0440\u0435\u0442\u0430\u043d\u0430 \u0437\u043d\u0430\u0447\u0438\u0442\u0435\u043b\u044c\u043d\u043e \u043f\u0440\u043e\u0434\u043b\u0435\u0432\u0430\u0435\u0442 \u0441\u0440\u043e\u043a \u0441\u043b\u0443\u0436\u0431\u044b \u0448\u0438\u043d &#8211; \u0434\u0430\u0436\u0435 \u0432 \u0441\u0430\u043c\u044b\u0445 \u0442\u044f\u0436\u0435\u043b\u044b\u0445 \u0443\u0441\u043b\u043e\u0432\u0438\u044f\u0445 \u044d\u043a\u0441\u043f\u043b\u0443\u0430\u0442\u0430\u0446\u0438\u0438.<\/p>\n<p>\u0421\u0442\u0430\u043d\u044c\u0442\u0435 \u0434\u0438\u043b\u0435\u0440\u043e\u043c: <a href=\"mailto:roesler@roesler-tyres.com\">\u041d\u0430\u0436\u043c\u0438\u0442\u0435 \u0437\u0434\u0435\u0441\u044c<\/a>\n        <\/p>\n<\/p><\/div>\n<\/p><\/div>\n<div class=\"col-sm-6\">\n<div class=\"thumbs thumb-style thumb-inside\">\n<div class=\"thumb-img\">\n<div class=\"overflow-hidden\">\n              <iframe loading=\"lazy\" src=\"https:\/\/www.roesler-tyres.com\/video\/polyfill.html\" scrolling=\"no\" style=\"border:0;\" width=\"540\" height=\"300\"><\/iframe>\n            <\/div>\n<\/p><\/div>\n<\/p><\/div>\n<\/p><\/div>\n<\/div>\n<div class=\"container content-10 bg-verlauf\" id=\"drei\">\n<div class=\"col-sm-6\">\n<div>\n<h2>R\u00d6SLER Liquifill<\/h2>\n<p style=\"font-size: 20px; text-transform: uppercase\">\u0418\u0441\u043a\u043b\u044e\u0447\u0438\u0442\u0435\u043b\u044c\u043d\u043e\u0435 \u0443\u043f\u043b\u043e\u0442\u043d\u0435\u043d\u0438\u0435 \u0434\u043b\u044f \u0432\u0441\u0435\u0445 \u0442\u0438\u043f\u043e\u0432 \u0448\u0438\u043d \u0434\u043b\u044f \u0441\u0442\u0440\u043e\u0438\u0442\u0435\u043b\u044c\u043d\u043e\u0439 \u0438 \u0441\u0435\u043b\u044c\u0441\u043a\u043e\u0445\u043e\u0437\u044f\u0439\u0441\u0442\u0432\u0435\u043d\u043d\u043e\u0439 \u0442\u0435\u0445\u043d\u0438\u043a\u0438<\/p>\n<p><img decoding=\"async\" loading=\"lazy\" src=\"https:\/\/www.roesler-tyres.com\/img\/leichter-reifenschutz-f\u044cr-kleinere-sch\u0434den.png\" alt=\"\" width=\"147\" height=\"183\"   style=\"margin: 0px 10px 0px 0px\" align=\"left\" \/> \u041d\u0430 \u043e\u0441\u043d\u043e\u0432\u0435 \u0436\u0438\u0434\u043a\u043e\u0441\u0442\u0438-\u043d\u043e\u0441\u0438\u0442\u0435\u043b\u044f \u0441 \u043c\u0435\u043b\u043a\u0438\u043c\u0438 \u0447\u0430\u0441\u0442\u0438\u0446\u0430\u043c\u0438 \u0432\u043e\u043b\u043e\u043a\u043d\u0430 \u0438 \u0440\u0435\u0437\u0438\u043d\u044b, <strong> R\u00d6SLER Liquifill<\/strong> \u0431\u044b\u043b \u0441\u043f\u0435\u0446\u0438\u0430\u043b\u044c\u043d\u043e \u0440\u0430\u0437\u0440\u0430\u0431\u043e\u0442\u0430\u043d \u0434\u043b\u044f \u0443\u0441\u0442\u0440\u0430\u043d\u0435\u043d\u0438\u044f \u043f\u0440\u043e\u0431\u043b\u0435\u043c, \u0432\u044b\u0437\u0432\u0430\u043d\u043d\u044b\u0445 \u043f\u043e\u0432\u0440\u0435\u0436\u0434\u0435\u043d\u0438\u044f\u043c\u0438 \u0438 \u0443\u0442\u0435\u0447\u043a\u0430\u043c\u0438 \u043a\u043b\u0430\u043f\u0430\u043d\u043e\u0432.\n        <\/p>\n<\/p><\/div>\n<\/p><\/div>\n<div class=\"col-sm-6\">\n<div class=\"thumbs thumb-style thumb-inside\">\n<div class=\"thumb-img\">\n<div class=\"overflow-hidden\">\n              <img decoding=\"async\" loading=\"lazy\" src=\"https:\/\/www.roesler-tyres.com\/wp-content\/uploads\/2018\/07\/reifenfuellung-liquifill.jpg\" alt=\"\" width=\"300\" height=\"305\" class=\"alignnone size-full wp-image-230\" srcset=\"https:\/\/www.roesler-tyres.com\/wp-content\/uploads\/2018\/07\/reifenfuellung-liquifill.jpg 300w, https:\/\/www.roesler-tyres.com\/wp-content\/uploads\/2018\/07\/reifenfuellung-liquifill-295x300.jpg 295w\" sizes=\"(max-width: 300px) 100vw, 300px\" \/>\n            <\/div>\n<\/p><\/div>\n<\/p><\/div>\n<\/p><\/div>\n<\/div>\n<div class=\"container content-10 bg-verlauf\" id=\"vier\">\n<div class=\"col-sm-6\">\n<div>\n<h2>R?SLER Wheelseal<\/h2>\n<p style=\"font-size: 20px; text-transform: uppercase\">\u0427\u0438\u0441\u0442\u0430\u044f \u044d\u043d\u0435\u0440\u0433\u0438\u044f \u0434\u043b\u044f \u0432\u0430\u0448\u0438\u0445 \u0448\u0438\u043d<\/p>\n<p><img decoding=\"async\" loading=\"lazy\" src=\"https:\/\/www.roesler-tyres.com\/wp-content\/uploads\/2018\/07\/schutz-und-dichte-f\u044cr-reifen-und-felgen.png\" alt=\"\" width=\"139\" height=\"183\"   style=\"margin: 0px 10px 0px 0px\" align=\"left\" \/> <strong>R\u00d6SLER Wheelseal<\/strong> \u043e\u0431\u0435\u0441\u043f\u0435\u0447\u0438\u0432\u0430\u0435\u0442 \u043e\u0442\u043b\u0438\u0447\u043d\u0443\u044e \u0437\u0430\u0449\u0438\u0442\u0443 \u0448\u0438\u043d \u0438 \u043a\u043e\u043b\u0435\u0441\u043d\u044b\u0445 \u0434\u0438\u0441\u043a\u043e\u0432. \u041e\u0431\u0440\u0430\u0437\u043e\u0432\u0430\u043d\u0438\u0435 \u0440\u0436\u0430\u0432\u0447\u0438\u043d\u044b \u043f\u0440\u0435\u043a\u0440\u0430\u0449\u0430\u0435\u0442\u0441\u044f \u0438 \u0442\u0435\u043c\u043f\u0435\u0440\u0430\u0442\u0443\u0440\u0430 \u0432\u043e\u0437\u0434\u0443\u0445\u0430 \u0432\u043d\u0443\u0442\u0440\u0438 \u0448\u0438\u043d\u044b \u043e\u0445\u043b\u0430\u0436\u0434\u0430\u0435\u0442\u0441\u044f \u0432\u043e \u0432\u0440\u0435\u043c\u044f \u0438\u0441\u043f\u043e\u043b\u044c\u0437\u043e\u0432\u0430\u043d\u0438\u044f.\n        <\/p>\n<\/p><\/div>\n<\/p><\/div>\n<div class=\"col-sm-6\">\n<div class=\"thumbs thumb-style thumb-inside\">\n<div class=\"thumb-img\">\n<div class=\"overflow-hidden\">\n              <img decoding=\"async\" src=\"https:\/\/www.roesler-tyres.com\/wp-content\/uploads\/2018\/05\/otr-reifen.jpg\" \/>\n            <\/div>\n<\/p><\/div>\n<\/p><\/div>\n<\/p><\/div>\n<\/div>\n","protected":false},"excerpt":{"rendered":"<p>R\u00d6SLER Triofill C\u043b\u0435\u0434\u0443\u044e\u0449\u0435\u0435 \u043f\u043e\u043a\u043e\u043b\u0435\u043d\u0438\u0435 \u043d\u0430\u043f\u043e\u043b\u043d\u0435\u043d\u0438\u0435 \u0448\u0438\u043d R\u00f6sler Triofill &#8211; \u044d\u0442\u043e \u0441\u0430\u043c\u0430\u044f \u0438\u043d\u043d\u043e\u0432\u0430\u0446\u0438\u043e\u043d\u043d\u0430\u044f \u0438 \u044d\u043a\u043e\u043b\u043e\u0433\u0438\u0447\u0435\u0441\u043a\u0438 \u0447\u0438\u0441\u0442\u0430\u044f \u0442\u0435\u0445\u043d\u043e\u043b\u043e\u0433\u0438\u044f \u0448\u0438\u043d, \u043a\u043e\u0442\u043e\u0440\u0430\u044f \u0434\u043e\u0441\u0442\u0443\u043f\u043d\u0430\u044f \u043d\u0430 \u0441\u043e\u0432\u0440\u0435\u043c\u0435\u043d\u043d\u043e\u043c \u0440\u044b\u043d\u043a\u0435.\u041d\u043e\u0432\u0430\u044f 3-\u043a\u043e\u043c\u043f\u043e\u043d\u0435\u043d\u0442\u043d\u0430\u044f \u0441\u0438\u0441\u0442\u0435\u043c\u0430, \u043a\u043e\u0442\u043e\u0440\u0430\u044f \u0432\u043a\u043b\u044e\u0447\u0430\u0435\u0442 \u0432 \u0441\u0435\u0431\u044f \u0434\u0432\u0430 \u0436\u0438\u0434\u043a\u0438\u0445 \u043f\u043e\u043b\u0438\u0443\u0440\u0435\u0442\u0430\u043d\u0430 \u0438 \u0442\u0440\u0435\u0442\u0438\u0439 \u0442\u0432\u0435\u0440\u0434\u044b\u0439 \u0433\u0440\u0430\u043d\u0443\u043b\u0438\u0440\u043e\u0432\u0430\u043d\u043d\u044b\u0439 \u043a\u043e\u043c\u043f\u043e\u043d\u0435\u043d\u0442, \u044f\u0432\u043b\u044f\u0435\u0442\u0441\u044f \u0431\u043e\u043b\u0435\u0435 \u044d\u043a\u043e\u043b\u043e\u0433\u0438\u0447\u0435\u0441\u043a\u0438 \u0447\u0438\u0441\u0442\u043e\u0439 \u0438 \u044d\u043a\u043e\u043d\u043e\u043c\u0438\u0447\u043d\u043e\u0439 , \u0447\u0435\u043c \u043b\u044e\u0431\u043e\u0439 \u0434\u0440\u0443\u0433\u043e\u0439 \u0440\u0430\u0441\u043f\u0440\u043e\u0441\u0442\u0440\u0430\u043d\u0435\u043d\u043d\u044b\u0439 \u043c\u0430\u0442\u0435\u0440\u0438\u0430\u043b \u0434\u043b\u044f \u043d\u0430\u043f\u043e\u043b\u043d\u0435\u043d\u0438\u044f \u0448\u0438\u043d. \u0421\u0442\u0430\u043d\u044c\u0442\u0435 \u0434\u0438\u043b\u0435\u0440\u043e\u043c: \u041d\u0430\u0436\u043c\u0438\u0442\u0435 \u0437\u0434\u0435\u0441\u044c <a class=\"moretag\" href=\"https:\/\/www.roesler-tyres.com\/ru\/otr-tyre-fillings\/\">[&#8230;]<\/a><\/p>\n","protected":false},"author":1,"featured_media":0,"parent":0,"menu_order":0,"comment_status":"closed","ping_status":"closed","template":"","meta":{"footnotes":""},"yoast_head":"<!-- This site is optimized with the Yoast SEO plugin v21.0 - https:\/\/yoast.com\/wordpress\/plugins\/seo\/ -->\n<title>\u0417\u0430\u043f\u043e\u043b\u043d\u0435\u043d\u0438\u0435 \u0448\u0438\u043d - R\u00f6sler Tyre Innovators<\/title>\n<meta name=\"robots\" content=\"index, follow, max-snippet:-1, max-image-preview:large, max-video-preview:-1\" \/>\n<link rel=\"canonical\" href=\"https:\/\/www.roesler-tyres.com\/reifenfuellungen\/\" \/>\n<script type=\"application\/ld+json\" class=\"yoast-schema-graph\">{\"@context\":\"https:\/\/schema.org\",\"@graph\":[{\"@type\":\"WebPage\",\"@id\":\"https:\/\/www.roesler-tyres.com\/reifenfuellungen\/\",\"url\":\"https:\/\/www.roesler-tyres.com\/reifenfuellungen\/\",\"name\":\"\u0417\u0430\u043f\u043e\u043b\u043d\u0435\u043d\u0438\u0435 \u0448\u0438\u043d - R\u00f6sler Tyre Innovators\",\"isPartOf\":{\"@id\":\"https:\/\/www.roesler-tyres.com\/#website\"},\"datePublished\":\"2018-07-19T13:31:32+00:00\",\"dateModified\":\"2022-03-11T11:24:22+00:00\",\"breadcrumb\":{\"@id\":\"https:\/\/www.roesler-tyres.com\/reifenfuellungen\/#breadcrumb\"},\"inLanguage\":\"ru-RU\",\"potentialAction\":[{\"@type\":\"ReadAction\",\"target\":[\"https:\/\/www.roesler-tyres.com\/reifenfuellungen\/\"]}]},{\"@type\":\"BreadcrumbList\",\"@id\":\"https:\/\/www.roesler-tyres.com\/reifenfuellungen\/#breadcrumb\",\"itemListElement\":[{\"@type\":\"ListItem\",\"position\":1,\"name\":\"Home\",\"item\":\"https:\/\/www.roesler-tyres.com\/\"},{\"@type\":\"ListItem\",\"position\":2,\"name\":\"Reifenf\u00fcllungen\"}]},{\"@type\":\"WebSite\",\"@id\":\"https:\/\/www.roesler-tyres.com\/#website\",\"url\":\"https:\/\/www.roesler-tyres.com\/\",\"name\":\"R\u00f6sler Tyre Innovators\",\"description\":\"\u00dcber 50 J\u00e4hrige Erfahrung im EM-Reifen Markt\",\"potentialAction\":[{\"@type\":\"SearchAction\",\"target\":{\"@type\":\"EntryPoint\",\"urlTemplate\":\"https:\/\/www.roesler-tyres.com\/?s={search_term_string}\"},\"query-input\":\"required name=search_term_string\"}],\"inLanguage\":\"ru-RU\"}]}<\/script>\n<!-- \/ Yoast SEO plugin. -->","yoast_head_json":{"title":"\u0417\u0430\u043f\u043e\u043b\u043d\u0435\u043d\u0438\u0435 \u0448\u0438\u043d - R\u00f6sler Tyre Innovators","robots":{"index":"index","follow":"follow","max-snippet":"max-snippet:-1","max-image-preview":"max-image-preview:large","max-video-preview":"max-video-preview:-1"},"canonical":"https:\/\/www.roesler-tyres.com\/reifenfuellungen\/","schema":{"@context":"https:\/\/schema.org","@graph":[{"@type":"WebPage","@id":"https:\/\/www.roesler-tyres.com\/reifenfuellungen\/","url":"https:\/\/www.roesler-tyres.com\/reifenfuellungen\/","name":"\u0417\u0430\u043f\u043e\u043b\u043d\u0435\u043d\u0438\u0435 \u0448\u0438\u043d - R\u00f6sler Tyre Innovators","isPartOf":{"@id":"https:\/\/www.roesler-tyres.com\/#website"},"datePublished":"2018-07-19T13:31:32+00:00","dateModified":"2022-03-11T11:24:22+00:00","breadcrumb":{"@id":"https:\/\/www.roesler-tyres.com\/reifenfuellungen\/#breadcrumb"},"inLanguage":"ru-RU","potentialAction":[{"@type":"ReadAction","target":["https:\/\/www.roesler-tyres.com\/reifenfuellungen\/"]}]},{"@type":"BreadcrumbList","@id":"https:\/\/www.roesler-tyres.com\/reifenfuellungen\/#breadcrumb","itemListElement":[{"@type":"ListItem","position":1,"name":"Home","item":"https:\/\/www.roesler-tyres.com\/"},{"@type":"ListItem","position":2,"name":"Reifenf\u00fcllungen"}]},{"@type":"WebSite","@id":"https:\/\/www.roesler-tyres.com\/#website","url":"https:\/\/www.roesler-tyres.com\/","name":"R\u00f6sler Tyre Innovators","description":"\u00dcber 50 J\u00e4hrige Erfahrung im EM-Reifen Markt","potentialAction":[{"@type":"SearchAction","target":{"@type":"EntryPoint","urlTemplate":"https:\/\/www.roesler-tyres.com\/?s={search_term_string}"},"query-input":"required name=search_term_string"}],"inLanguage":"ru-RU"}]}},"_links":{"self":[{"href":"https:\/\/www.roesler-tyres.com\/ru\/wp-json\/wp\/v2\/pages\/2371"}],"collection":[{"href":"https:\/\/www.roesler-tyres.com\/ru\/wp-json\/wp\/v2\/pages"}],"about":[{"href":"https:\/\/www.roesler-tyres.com\/ru\/wp-json\/wp\/v2\/types\/page"}],"author":[{"embeddable":true,"href":"https:\/\/www.roesler-tyres.com\/ru\/wp-json\/wp\/v2\/users\/1"}],"replies":[{"embeddable":true,"href":"https:\/\/www.roesler-tyres.com\/ru\/wp-json\/wp\/v2\/comments?post=2371"}],"version-history":[{"count":8,"href":"https:\/\/www.roesler-tyres.com\/ru\/wp-json\/wp\/v2\/pages\/2371\/revisions"}],"predecessor-version":[{"id":2486,"href":"https:\/\/www.roesler-tyres.com\/ru\/wp-json\/wp\/v2\/pages\/2371\/revisions\/2486"}],"wp:attachment":[{"href":"https:\/\/www.roesler-tyres.com\/ru\/wp-json\/wp\/v2\/media?parent=2371"}],"curies":[{"name":"wp","href":"https:\/\/api.w.org\/{rel}","templated":true}]}}