{"id":2376,"date":"2018-07-19T20:04:20","date_gmt":"2018-07-19T18:04:20","guid":{"rendered":"https:\/\/www.roesler-tyres.com\/otr-tyre-mounting-handler\/"},"modified":"2022-03-11T12:31:53","modified_gmt":"2022-03-11T11:31:53","slug":"otr-tyre-mounting-handler","status":"publish","type":"page","link":"https:\/\/www.roesler-tyres.com\/ru\/otr-tyre-mounting-handler\/","title":{"rendered":"OTR-Tyre Mounting Handler :: Griptec Tyre Mounting Machine"},"content":{"rendered":"<div class=\"container content-10 bg-verlauf\" id=\"eins\">\n<div class=\"col-sm-6\">\n<div>\n<h2 style=\"text-transform: uppercase\">\u041d\u041e\u0412\u041e\u0415 \u041c\u041e\u041d\u0422\u0410\u0416\u041d\u041e\u0415 \u0423\u0421\u0422\u0420\u041e\u0419\u0421\u0422\u0412\u041e GRIPTECH<\/h2>\n<p style=\"font-size: 20px; text-transform: uppercase\">\u0411\u0415\u0417\u041e\u041f\u0410\u0421\u041d\u041e\u0421\u0422\u042c \u0411\u0415\u0417 \u041a\u041e\u041c\u041f\u0420\u041e\u041c\u0418\u0421\u0421\u041e\u0412<\/p>\n<p>\n\u041d\u0435\u0432\u0435\u0440\u043e\u044f\u0442\u043d\u043e\u0435 \u043a\u043e\u043b\u0438\u0447\u0435\u0441\u0442\u0432\u043e \u0438\u043d\u043d\u043e\u0432\u0430\u0446\u0438\u0439 \u0432\u043e\u0448\u043b\u043e \u0432 \u0434\u0438\u0437\u0430\u0439\u043d Griptech. \u041a\u043e\u0433\u0434\u0430 \u043c\u044b \u043d\u0430\u0447\u0430\u043b\u0438 \u0440\u0430\u0437\u0440\u0430\u0431\u043e\u0442\u043a\u0443, \u043c\u044b \u043f\u043e\u0441\u0442\u0430\u0432\u0438\u043b\u0438 \u043f\u043e\u0434 \u0441\u043e\u043c\u043d\u0435\u043d\u0438\u0435 \u0432\u0441\u0435, \u0447\u0442\u043e \u0441\u043e\u0441\u0442\u0430\u0432\u043b\u044f\u0435\u0442 \u043e\u0431\u0440\u0430\u0431\u043e\u0442\u0447\u0438\u043a Tyre Handler, \u0438 \u0441\u043e\u0441\u0440\u0435\u0434\u043e\u0442\u043e\u0447\u0438\u043b\u0438\u0441\u044c \u043d\u0430 \u0431\u0435\u0437\u043e\u043f\u0430\u0441\u043d\u043e\u0441\u0442\u0438. \u041c\u044b \u0440\u0435\u0448\u0438\u043b\u0438 \u0440\u0430\u0437\u0440\u0430\u0431\u043e\u0442\u0430\u0442\u044c \u0432\u0441\u0435 \u043a\u043e\u043c\u043f\u043e\u043d\u0435\u043d\u0442\u044b \u043d\u0430\u0438\u043b\u0443\u0447\u0448\u0438\u043c \u0438 \u0441\u0430\u043c\u044b\u043c \u043f\u0435\u0440\u0435\u0434\u043e\u0432\u044b\u043c \u0441\u043f\u043e\u0441\u043e\u0431\u043e\u043c, \u0447\u0442\u043e\u0431\u044b \u0441\u0434\u0435\u043b\u0430\u0442\u044c, \u0432\u043e\u0437\u043c\u043e\u0436\u043d\u043e, \u043b\u0443\u0447\u0448\u0438\u0439 \u043e\u0431\u0440\u0430\u0431\u043e\u0442\u0447\u0438\u043a Tyre Handler, \u043a\u043e\u0442\u043e\u0440\u044b\u0439 \u0432\u044b \u043c\u043e\u0436\u0435\u0442\u0435 \u0441\u0435\u0431\u0435 \u043f\u0440\u0435\u0434\u0441\u0442\u0430\u0432\u0438\u0442\u044c. \u0418 \u0442\u0435\u043f\u0435\u0440\u044c, \u043a\u043e\u0433\u0434\u0430 \u0440\u0430\u0437\u0440\u0430\u0431\u043e\u0442\u043a\u0430 \u0437\u0430\u0432\u0435\u0440\u0448\u0435\u043d\u0430, \u043c\u044b \u0441\u043a\u043e\u0440\u0435\u0435 \u0445\u043e\u0442\u0438\u043c \u0443\u0432\u0438\u0434\u0435\u0442\u044c, \u043a\u0430\u043a \u043e\u043d \u0438\u0437\u043c\u0435\u043d\u0438\u0442 \u0441\u0431\u043e\u0440\u043a\u0443 \u0448\u0438\u043d \u0432 \u0433\u043e\u0440\u043d\u043e\u0434\u043e\u0431\u044b\u0432\u0430\u044e\u0449\u0435\u0439 \u043f\u0440\u043e\u043c\u044b\u0448\u043b\u0435\u043d\u043d\u043e\u0441\u0442\u0438.\n        <\/p>\n<ul>\n<li>\u041d\u0435\u0442 \u0441\u0436\u0430\u0442\u0438\u044f \u0448\u0438\u043d<\/li>\n<li>\u041a\u043e\u043c\u043f\u0430\u043a\u0442\u043d\u044b\u0439 \u0434\u0438\u0437\u0430\u0439\u043d &#8211; \u043b\u0443\u0447\u0448\u0430\u044f \u0432\u0438\u0434\u0438\u043c\u043e\u0441\u0442\u044c<\/li>\n<li>\u0411\u043e\u043b\u0435\u0435 \u0442\u043e\u0447\u043d\u0430\u044f \u043e\u0431\u0440\u0430\u0431\u043e\u0442\u043a\u0430<\/li>\n<\/ul><\/div>\n<\/p><\/div>\n<div class=\"col-sm-6\">\n<div class=\"thumbs thumb-style thumb-inside\">\n<div class=\"thumb-img\">\n<div class=\"overflow-hidden\">\n              <iframe loading=\"lazy\" src=\"\/video\/handler.html\" scrolling=\"no\" style=\"border:0;\" width=\"540\" height=\"300\"><\/iframe>\n            <\/div>\n<\/p><\/div>\n<\/p><\/div>\n<\/p><\/div>\n<\/div>\n<div class=\"container content-10 bg-verlauf\" id=\"zwei\">\n<div class=\"col-sm-6\">\n<div>\n<p style=\"font-size: 20px; text-transform: uppercase\">\u041f\u0420\u041e\u0414\u0423\u041c\u0410\u041d\u0410 \u041a\u0410\u0416\u0414\u0410\u042f, \u0414\u0410\u0416\u0415 \u0421\u0410\u041c\u0410\u042f \u041c\u0410\u041b\u0415\u041d\u042c\u041a\u0410\u042f \u0414\u0415\u0422\u0410\u041b\u042c. \u0412\u041e\u0422 \u041f\u041e\u0427\u0415\u041c\u0423 \u041d\u0410\u0428\u0415 \u041a\u0410\u0427\u0415\u0421\u0422\u0412\u041e \u0421\u0420\u0410\u0417\u0423 \u0423\u0417\u041d\u0410\u0412\u0410\u0415\u041c\u041e<\/p>\n<p>         <span><br \/>\n\u0423 R\u00f6sler \u043c\u044b \u043f\u043e\u0441\u0442\u043e\u044f\u043d\u043d\u043e \u0441\u0442\u0440\u0435\u043c\u0438\u043c\u0441\u044f \u0441\u043e\u043e\u0442\u0432\u0435\u0442\u0441\u0442\u0432\u043e\u0432\u0430\u0442\u044c \u043d\u0430\u0448\u0438\u043c \u0441\u043e\u0431\u0441\u0442\u0432\u0435\u043d\u043d\u044b\u043c \u0432\u044b\u0441\u043e\u043a\u0438\u043c \u0442\u0440\u0435\u0431\u043e\u0432\u0430\u043d\u0438\u044f\u043c. \u0423 \u043d\u0430\u0441 \u0435\u0441\u0442\u044c \u0447\u0435\u0442\u043a\u0438\u0435 \u043f\u0440\u0435\u0434\u0441\u0442\u0430\u0432\u043b\u0435\u043d\u0438\u044f \u043e \u0442\u043e\u043c, \u043a\u0430\u043a \u043c\u044b \u0445\u043e\u0442\u0438\u043c \u0440\u0430\u0437\u0440\u0430\u0431\u0430\u0442\u044b\u0432\u0430\u0442\u044c \u0438 \u043f\u0440\u043e\u0438\u0437\u0432\u043e\u0434\u0438\u0442\u044c \u043d\u0430\u0448\u0443 \u043f\u0440\u043e\u0434\u0443\u043a\u0446\u0438\u044e. \u041e\u0441\u043d\u043e\u0432\u044b\u0432\u0430\u044f\u0441\u044c \u043d\u0430 \u044d\u0442\u043e\u043c \u043f\u043e\u0434\u0445\u043e\u0434\u0435, \u043c\u044b \u0443\u0441\u0442\u0430\u043d\u0430\u0432\u043b\u0438\u0432\u0430\u0435\u043c \u043e\u0447\u0435\u043d\u044c \u0441\u0442\u0440\u043e\u0433\u0438\u0435 \u0441\u0442\u0430\u043d\u0434\u0430\u0440\u0442\u044b \u043a\u0430\u0447\u0435\u0441\u0442\u0432\u0430, \u044d\u0444\u0444\u0435\u043a\u0442\u0438\u0432\u043d\u043e\u0441\u0442\u0438, \u044d\u043a\u043e\u043b\u043e\u0433\u0438\u0447\u0435\u0441\u043a\u043e\u0439 \u0441\u043e\u0432\u043c\u0435\u0441\u0442\u0438\u043c\u043e\u0441\u0442\u0438 \u0438 \u0431\u0435\u0437\u043e\u043f\u0430\u0441\u043d\u043e\u0441\u0442\u0438. \u041d\u0430\u0448\u0430 \u0442\u0435\u0445\u043d\u043e\u043b\u043e\u0433\u0438\u044f Griptech &#8211; \u044d\u0442\u043e \u043b\u0438\u0448\u044c \u0435\u0449\u0435 \u043e\u0434\u043d\u0430 \u0434\u0435\u043c\u043e\u043d\u0441\u0442\u0440\u0430\u0446\u0438\u044f \u043d\u0430\u0448\u0438\u0445 \u043f\u0440\u0438\u043d\u0446\u0438\u043f\u043e\u0432.<br \/>\n<img decoding=\"async\" loading=\"lazy\" src=\"http:\/\/i-tread.de\/wp-content\/uploads\/2018\/07\/tyre-handler.png\" alt=\"\" width=\"555\" height=\"463\" class=\"alignnone size-full wp-image-285\" srcset=\"https:\/\/www.roesler-tyres.com\/wp-content\/uploads\/2018\/07\/tyre-handler.png 555w, https:\/\/www.roesler-tyres.com\/wp-content\/uploads\/2018\/07\/tyre-handler-300x250.png 300w\" sizes=\"(max-width: 555px) 100vw, 555px\" \/><br \/>\n        <\/span>\n      <\/div>\n<\/p><\/div>\n<div class=\"col-sm-6\">\n<div class=\"thumbs thumb-style thumb-inside\">\n<div class=\"thumb-img\">\n<div class=\"overflow-hidden\">\n           <img decoding=\"async\" loading=\"lazy\" src=\"http:\/\/i-tread.de\/wp-content\/uploads\/2018\/07\/reifenmontagevorrichtung-spezifikationen.png\" alt=\"\" width=\"538\" height=\"305\" class=\"alignnone size-full wp-image-284\" srcset=\"https:\/\/www.roesler-tyres.com\/wp-content\/uploads\/2018\/07\/reifenmontagevorrichtung-spezifikationen.png 538w, https:\/\/www.roesler-tyres.com\/wp-content\/uploads\/2018\/07\/reifenmontagevorrichtung-spezifikationen-300x170.png 300w\" sizes=\"(max-width: 538px) 100vw, 538px\" \/>\n            <\/div>\n<\/p><\/div>\n<\/p><\/div>\n<\/p><\/div>\n<\/div>\n","protected":false},"excerpt":{"rendered":"<p>\u041d\u041e\u0412\u041e\u0415 \u041c\u041e\u041d\u0422\u0410\u0416\u041d\u041e\u0415 \u0423\u0421\u0422\u0420\u041e\u0419\u0421\u0422\u0412\u041e GRIPTECH \u0411\u0415\u0417\u041e\u041f\u0410\u0421\u041d\u041e\u0421\u0422\u042c \u0411\u0415\u0417 \u041a\u041e\u041c\u041f\u0420\u041e\u041c\u0418\u0421\u0421\u041e\u0412 \u041d\u0435\u0432\u0435\u0440\u043e\u044f\u0442\u043d\u043e\u0435 \u043a\u043e\u043b\u0438\u0447\u0435\u0441\u0442\u0432\u043e \u0438\u043d\u043d\u043e\u0432\u0430\u0446\u0438\u0439 \u0432\u043e\u0448\u043b\u043e \u0432 \u0434\u0438\u0437\u0430\u0439\u043d Griptech. \u041a\u043e\u0433\u0434\u0430 \u043c\u044b \u043d\u0430\u0447\u0430\u043b\u0438 \u0440\u0430\u0437\u0440\u0430\u0431\u043e\u0442\u043a\u0443, \u043c\u044b \u043f\u043e\u0441\u0442\u0430\u0432\u0438\u043b\u0438 \u043f\u043e\u0434 \u0441\u043e\u043c\u043d\u0435\u043d\u0438\u0435 \u0432\u0441\u0435, \u0447\u0442\u043e \u0441\u043e\u0441\u0442\u0430\u0432\u043b\u044f\u0435\u0442 \u043e\u0431\u0440\u0430\u0431\u043e\u0442\u0447\u0438\u043a Tyre Handler, \u0438 \u0441\u043e\u0441\u0440\u0435\u0434\u043e\u0442\u043e\u0447\u0438\u043b\u0438\u0441\u044c \u043d\u0430 \u0431\u0435\u0437\u043e\u043f\u0430\u0441\u043d\u043e\u0441\u0442\u0438. \u041c\u044b \u0440\u0435\u0448\u0438\u043b\u0438 \u0440\u0430\u0437\u0440\u0430\u0431\u043e\u0442\u0430\u0442\u044c \u0432\u0441\u0435 \u043a\u043e\u043c\u043f\u043e\u043d\u0435\u043d\u0442\u044b \u043d\u0430\u0438\u043b\u0443\u0447\u0448\u0438\u043c \u0438 \u0441\u0430\u043c\u044b\u043c \u043f\u0435\u0440\u0435\u0434\u043e\u0432\u044b\u043c \u0441\u043f\u043e\u0441\u043e\u0431\u043e\u043c, \u0447\u0442\u043e\u0431\u044b \u0441\u0434\u0435\u043b\u0430\u0442\u044c, \u0432\u043e\u0437\u043c\u043e\u0436\u043d\u043e, \u043b\u0443\u0447\u0448\u0438\u0439 \u043e\u0431\u0440\u0430\u0431\u043e\u0442\u0447\u0438\u043a Tyre Handler, \u043a\u043e\u0442\u043e\u0440\u044b\u0439 \u0432\u044b \u043c\u043e\u0436\u0435\u0442\u0435 \u0441\u0435\u0431\u0435 \u043f\u0440\u0435\u0434\u0441\u0442\u0430\u0432\u0438\u0442\u044c. \u0418 <a class=\"moretag\" href=\"https:\/\/www.roesler-tyres.com\/ru\/otr-tyre-mounting-handler\/\">[&#8230;]<\/a><\/p>\n","protected":false},"author":1,"featured_media":0,"parent":0,"menu_order":0,"comment_status":"closed","ping_status":"closed","template":"","meta":{"footnotes":""},"yoast_head":"<!-- This site is optimized with the Yoast SEO plugin v21.0 - https:\/\/yoast.com\/wordpress\/plugins\/seo\/ -->\n<title>OTR-Tyre Mounting Handler - Griptec Tyre Mounting Machine<\/title>\n<meta name=\"robots\" content=\"index, follow, max-snippet:-1, max-image-preview:large, max-video-preview:-1\" \/>\n<link rel=\"canonical\" href=\"https:\/\/www.roesler-tyres.com\/montagevorrichtungen\/\" \/>\n<script type=\"application\/ld+json\" class=\"yoast-schema-graph\">{\"@context\":\"https:\/\/schema.org\",\"@graph\":[{\"@type\":\"WebPage\",\"@id\":\"https:\/\/www.roesler-tyres.com\/montagevorrichtungen\/\",\"url\":\"https:\/\/www.roesler-tyres.com\/montagevorrichtungen\/\",\"name\":\"OTR-Tyre Mounting Handler - Griptec Tyre Mounting Machine\",\"isPartOf\":{\"@id\":\"https:\/\/www.roesler-tyres.com\/#website\"},\"datePublished\":\"2018-07-19T18:04:20+00:00\",\"dateModified\":\"2022-03-11T11:31:53+00:00\",\"breadcrumb\":{\"@id\":\"https:\/\/www.roesler-tyres.com\/montagevorrichtungen\/#breadcrumb\"},\"inLanguage\":\"ru-RU\",\"potentialAction\":[{\"@type\":\"ReadAction\",\"target\":[\"https:\/\/www.roesler-tyres.com\/montagevorrichtungen\/\"]}]},{\"@type\":\"BreadcrumbList\",\"@id\":\"https:\/\/www.roesler-tyres.com\/montagevorrichtungen\/#breadcrumb\",\"itemListElement\":[{\"@type\":\"ListItem\",\"position\":1,\"name\":\"Home\",\"item\":\"https:\/\/www.roesler-tyres.com\/\"},{\"@type\":\"ListItem\",\"position\":2,\"name\":\"OTR-Tyre Mounting Handler :: Griptec Tyre Mounting Machine\"}]},{\"@type\":\"WebSite\",\"@id\":\"https:\/\/www.roesler-tyres.com\/#website\",\"url\":\"https:\/\/www.roesler-tyres.com\/\",\"name\":\"R\u00f6sler Tyre Innovators\",\"description\":\"\u00dcber 50 J\u00e4hrige Erfahrung im EM-Reifen Markt\",\"potentialAction\":[{\"@type\":\"SearchAction\",\"target\":{\"@type\":\"EntryPoint\",\"urlTemplate\":\"https:\/\/www.roesler-tyres.com\/?s={search_term_string}\"},\"query-input\":\"required name=search_term_string\"}],\"inLanguage\":\"ru-RU\"}]}<\/script>\n<!-- \/ Yoast SEO plugin. -->","yoast_head_json":{"title":"OTR-Tyre Mounting Handler - Griptec Tyre Mounting Machine","robots":{"index":"index","follow":"follow","max-snippet":"max-snippet:-1","max-image-preview":"max-image-preview:large","max-video-preview":"max-video-preview:-1"},"canonical":"https:\/\/www.roesler-tyres.com\/montagevorrichtungen\/","schema":{"@context":"https:\/\/schema.org","@graph":[{"@type":"WebPage","@id":"https:\/\/www.roesler-tyres.com\/montagevorrichtungen\/","url":"https:\/\/www.roesler-tyres.com\/montagevorrichtungen\/","name":"OTR-Tyre Mounting Handler - Griptec Tyre Mounting Machine","isPartOf":{"@id":"https:\/\/www.roesler-tyres.com\/#website"},"datePublished":"2018-07-19T18:04:20+00:00","dateModified":"2022-03-11T11:31:53+00:00","breadcrumb":{"@id":"https:\/\/www.roesler-tyres.com\/montagevorrichtungen\/#breadcrumb"},"inLanguage":"ru-RU","potentialAction":[{"@type":"ReadAction","target":["https:\/\/www.roesler-tyres.com\/montagevorrichtungen\/"]}]},{"@type":"BreadcrumbList","@id":"https:\/\/www.roesler-tyres.com\/montagevorrichtungen\/#breadcrumb","itemListElement":[{"@type":"ListItem","position":1,"name":"Home","item":"https:\/\/www.roesler-tyres.com\/"},{"@type":"ListItem","position":2,"name":"OTR-Tyre Mounting Handler :: Griptec Tyre Mounting Machine"}]},{"@type":"WebSite","@id":"https:\/\/www.roesler-tyres.com\/#website","url":"https:\/\/www.roesler-tyres.com\/","name":"R\u00f6sler Tyre Innovators","description":"\u00dcber 50 J\u00e4hrige Erfahrung im EM-Reifen Markt","potentialAction":[{"@type":"SearchAction","target":{"@type":"EntryPoint","urlTemplate":"https:\/\/www.roesler-tyres.com\/?s={search_term_string}"},"query-input":"required name=search_term_string"}],"inLanguage":"ru-RU"}]}},"_links":{"self":[{"href":"https:\/\/www.roesler-tyres.com\/ru\/wp-json\/wp\/v2\/pages\/2376"}],"collection":[{"href":"https:\/\/www.roesler-tyres.com\/ru\/wp-json\/wp\/v2\/pages"}],"about":[{"href":"https:\/\/www.roesler-tyres.com\/ru\/wp-json\/wp\/v2\/types\/page"}],"author":[{"embeddable":true,"href":"https:\/\/www.roesler-tyres.com\/ru\/wp-json\/wp\/v2\/users\/1"}],"replies":[{"embeddable":true,"href":"https:\/\/www.roesler-tyres.com\/ru\/wp-json\/wp\/v2\/comments?post=2376"}],"version-history":[{"count":4,"href":"https:\/\/www.roesler-tyres.com\/ru\/wp-json\/wp\/v2\/pages\/2376\/revisions"}],"predecessor-version":[{"id":2487,"href":"https:\/\/www.roesler-tyres.com\/ru\/wp-json\/wp\/v2\/pages\/2376\/revisions\/2487"}],"wp:attachment":[{"href":"https:\/\/www.roesler-tyres.com\/ru\/wp-json\/wp\/v2\/media?parent=2376"}],"curies":[{"name":"wp","href":"https:\/\/api.w.org\/{rel}","templated":true}]}}